{"id":21691,"date":"2025-05-11T13:10:55","date_gmt":"2025-05-11T13:10:55","guid":{"rendered":"https:\/\/petworld.ma\/?post_type=product&#038;p=21691"},"modified":"2026-03-12T16:56:09","modified_gmt":"2026-03-12T16:56:09","slug":"pate-articulations-pour-chien-et-chat-flexifit-beaphar-250g","status":"publish","type":"product","link":"https:\/\/petworld.ma\/index.php\/produit\/pate-articulations-pour-chien-et-chat-flexifit-beaphar-250g\/","title":{"rendered":"P\u00e2te Articulations Pour Chien et Chat Flexifit\u00ae Beaphar 250g"},"content":{"rendered":"<div class=\"product-bottom__paragraph active\" data-v-24efc48f=\"\">\n<h3 class=\"product-bottom__paragraph-title\" data-v-24efc48f=\"\"><strong>Description:<\/strong><\/h3>\n<p class=\"product-bottom__paragraph-title\">Le P\u00e2te Beaphar Flexifit\u00ae soutient le m\u00e9tabolisme des articulations en cas d\u2019ost\u00e9oarthrose. Elle contient des acides gras om\u00e9ga 3, de la vitamine C et de la vitamine E, utiles pour les animaux souffrant de raideurs. La P\u00e2te contient \u00e9galement de la glucosamine qui contribue \u00e0 des articulations saines : ce qui aidera votre animal \u00e0 se mouvoir facilement et \u00e0 mener une vie active. La P\u00e2te Beaphar Flexifit\u00ae est recommand\u00e9e pour les chiens et les chats n\u00e9cessitant un soutien articulaire avanc\u00e9 et constitue un compl\u00e9ment essentiel pour les animaux actifs, de travail ou \u00e2g\u00e9s. Ne convient pas aux chiots\/chatons de moins de 12 semaines.<\/p>\n<ul class=\"product-info__usps list-reset\" data-v-d0db36ea=\"\">\n<li data-v-d0db36ea=\"\"><span class=\"product-info__usps-span\" data-v-d0db36ea=\"\">Pour chiens &amp; chats<\/span><\/li>\n<li data-v-d0db36ea=\"\"><span class=\"product-info__usps-span\" data-v-d0db36ea=\"\">Aide \u00e0 maintenir des articulations flexibles<\/span><\/li>\n<li data-v-d0db36ea=\"\"><span class=\"product-info__usps-span\" data-v-d0db36ea=\"\">Formule multi-actions \u00e0 l\u2019hydrolysat de collag\u00e8ne de type II, \u00e0 la glucosamine, aux om\u00e9gas 3, \u00e0 la vitamine C &amp; E et au calcium<\/span><\/li>\n<li data-v-d0db36ea=\"\"><span class=\"product-info__usps-span\" data-v-d0db36ea=\"\">Utile pour les animaux souffrant de raideurs<\/span><\/li>\n<li data-v-d0db36ea=\"\"><span class=\"product-info__usps-span\" data-v-d0db36ea=\"\">Tr\u00e8s app\u00e9tente<\/span><\/li>\n<\/ul>\n<\/div>\n<div class=\"product-bottom__paragraph\" data-v-24efc48f=\"\">\n<h3 class=\"product-bottom__paragraph-title\" data-v-24efc48f=\"\"><strong>Conseils d&rsquo;utilisation:<\/strong><\/h3>\n<p>Peut \u00eatre m\u00e9lang\u00e9e avec de la nourriture ou administr\u00e9e directement \u00e0 partir du tube. Veillez \u00e0 ce que l\u2019animal dispose toujours d\u2019eau potable fra\u00eeche. Pour un r\u00e9sultat optimal, associez l\u2019utilisation de la p\u00e2te Beaphar Flexifit\u00ae \u00e0 une alimentation adapt\u00e9e. Ne pas d\u00e9passer la dose journali\u00e8re recommand\u00e9e.A utiliser initialement sur une p\u00e9riode de 3 mois. Il est recommand\u00e9 de consulter un v\u00e9t\u00e9rinaire avant utilisation ou prolongation de la p\u00e9riode d\u2019utilisation.Quantit\u00e9s recommand\u00e9es par jour :Poids de l\u2019animal \/ Quantit\u00e9s&amp;lt; 5 kg \/ 3,5 g de p\u00e2te5 &#8211; 10 kg \/ 7 g de p\u00e2te10 &#8211; 25 kg \/ 10 g de p\u00e2te&amp;gt; 25 kg \/ 15 g de p\u00e2te<\/p>\n<\/div>\n<div class=\"product-bottom__paragraph\" data-v-24efc48f=\"\">\n<h3 class=\"product-bottom__paragraph-title\" data-v-24efc48f=\"\"><strong>Composition:<\/strong><\/h3>\n<ul class=\"mb-6 list-reset\" data-v-24efc48f=\"\">\n<li data-v-24efc48f=\"\"><strong data-v-24efc48f=\"\">Ingr\u00e9dients<\/strong>:\u00a0<span data-v-24efc48f=\"\">Huiles et graisses, lait et produits de laiterie, mollusques et crustac\u00e9s (glucosamine hydrochloride 9%), algues, poissons et sous-produits de poissons (huile de saumon 1%), substances min\u00e9rales, c\u00e9r\u00e9ales, sous-produits d\u2019origine v\u00e9g\u00e9tale. Constituants analytiques : Prot\u00e9ine brute 13%, Cellulose brute 0%, Mati\u00e8res grasses brutes 60%, Cendres brutes 2,9%, Calcium 0,31%, Phosphore 0,27%, Sodium 0,20 %, Acides gras om\u00e9ga-3 (total) 3,41%, Acide eicosapenta\u00e9no\u00efque (total) 0,047%, Acide docosahexa\u00e9no\u00efque (total) 0,29%, M\u00e9thionine (total) 0,117%, Mangan\u00e8se (total) 0,0036 %, Vitamine E (total) 0,03%.<\/span><\/li>\n<li data-v-24efc48f=\"\"><strong data-v-24efc48f=\"\">Additifs<\/strong>:\u00a0<span data-v-24efc48f=\"\">Additifs Nutritionnels : Vit. A 9750 IU, Vit. B1 2 mg, Vit. B2 1,2 mg, Vit. B6 1,2 mg, Vit. B12 23 \u03bcg, Vit. C 2000 mg, Vit. D3 780 IU, Vit. E 268 IU, Vit. K3 1,1 mg, DL- M\u00e9thionine (3c301) 1200 mg, Fe (3b103) 31,2 mg, I (3b201) 97,15 \u03bcg, Mn (3b503) 11,7 mg, Se (3b801) 78 \u03bcg, Zn (3b605) 19,5 mg. Antioxyg\u00e8nes, Conservateurs.<\/span><\/li>\n<\/ul>\n<\/div>\n<div class=\"product-bottom__paragraph\" data-v-24efc48f=\"\">\n<p class=\"product-bottom__paragraph-title\"><strong>Caract\u00e9ristiques<\/strong><\/p>\n<table class=\"mt-2 mb-6 w-full product-bottom__specifications overflow-auto\" data-v-24efc48f=\"\">\n<tbody data-v-24efc48f=\"\">\n<tr data-v-24efc48f=\"\">\n<th class=\"text-left py-3 px-5 w-1\/4 align-top\" data-v-24efc48f=\"\">Code produit \/ SKU<\/th>\n<td class=\"w-3\/4 py-3 pr-4\" data-v-24efc48f=\"\"><span class=\"product-bottom__spec\" data-v-24efc48f=\"\" data-id=\"sku\">10078<\/span><\/td>\n<\/tr>\n<tr data-v-24efc48f=\"\">\n<th class=\"text-left py-3 px-5 w-1\/4 align-top\" data-v-24efc48f=\"\">Code-barres \/ EAN<\/th>\n<td class=\"w-3\/4 py-3 pr-4\" data-v-24efc48f=\"\"><span class=\"product-bottom__spec\" data-v-24efc48f=\"\" data-id=\"barcode\">8711231100781<\/span><\/td>\n<\/tr>\n<tr data-v-24efc48f=\"\">\n<th class=\"text-left py-3 px-5 w-1\/4 align-top\" data-v-24efc48f=\"\">Formulaire<\/th>\n<td class=\"w-3\/4 py-3 pr-4\" data-v-24efc48f=\"\"><span class=\"product-bottom__spec\" data-v-24efc48f=\"\" data-id=\"form\">P\u00e2te<\/span><\/td>\n<\/tr>\n<tr data-v-24efc48f=\"\">\n<th class=\"text-left py-3 px-5 w-1\/4 align-top\" data-v-24efc48f=\"\">\u00c2ge de l&rsquo;animal<\/th>\n<td class=\"w-3\/4 py-3 pr-4\" data-v-24efc48f=\"\"><span class=\"product-bottom__spec\" data-v-24efc48f=\"\" data-id=\"animal_age\">\u00c0 partir de 12 semaines<\/span><\/td>\n<\/tr>\n<tr data-v-24efc48f=\"\">\n<th class=\"text-left py-3 px-5 w-1\/4 align-top\" data-v-24efc48f=\"\">Type d&rsquo;animal<\/th>\n<td class=\"w-3\/4 py-3 pr-4\" data-v-24efc48f=\"\"><span class=\"product-bottom__spec\" data-v-24efc48f=\"\" data-id=\"animal_type\">Chat, Chien<\/span><\/td>\n<\/tr>\n<tr data-v-24efc48f=\"\">\n<th class=\"text-left py-3 px-5 w-1\/4 align-top\" data-v-24efc48f=\"\">Stockage et s\u00e9curit\u00e9<\/th>\n<td class=\"w-3\/4 py-3 pr-4\" data-v-24efc48f=\"\"><span class=\"product-bottom__spec\" data-v-24efc48f=\"\" data-id=\"storage_and_safety\">Conservation : A conserver dans un endroit frais et sec, \u00e0 l\u2019abri de la lumi\u00e8re. Conserver dans l\u2019emballage d\u2019origine, bien ferm\u00e9. Pour de meilleurs r\u00e9sultats, utiliser dans les 3 mois suivant l\u2019ouverture.<\/span><\/td>\n<\/tr>\n<\/tbody>\n<\/table>\n<\/div>\n","protected":false},"excerpt":{"rendered":"<p>Aide \u00e0 maintenir des articulations flexibles pour les chats et les chiens<\/p>\n","protected":false},"featured_media":21692,"template":"","meta":{"jetpack_publicize_message":"","jetpack_publicize_feature_enabled":true,"jetpack_social_post_already_shared":true,"jetpack_social_options":{"image_generator_settings":{"template":"highway","default_image_id":0,"font":"","enabled":false},"version":2}},"product_brand":[],"product_cat":[24,23,219,39],"product_tag":[],"class_list":{"0":"post-21691","1":"product","2":"type-product","3":"status-publish","4":"has-post-thumbnail","6":"product_cat-aliments-pour-chiens","7":"product_cat-chien","8":"product_cat-complement-alimentaire-hygiene-et-soins-pour-chat","9":"product_cat-friandises-et-pates-pour-chien","11":"first","12":"instock","13":"taxable","14":"shipping-taxable","15":"purchasable","16":"product-type-simple"},"supplier_id":5603,"supplier_sku":"10078","barcode":null,"atum_controlled":true,"out_stock_date":null,"out_stock_threshold":null,"inheritable":false,"inbound_stock":0,"stock_on_hold":0,"sold_today":0,"sales_last_days":0,"reserved_stock":0,"customer_returns":0,"warehouse_damage":0,"lost_in_post":0,"other_logs":0,"out_stock_days":0,"lost_sales":0,"has_location":false,"update_date":"2026-05-11T00:22:18","atum_locations":[],"atum_stock_status":"instock","restock_status":false,"low_stock_amount":2,"sales_update_date":"2026-05-11T00:22:17","calc_backorders":null,"jetpack_publicize_connections":[],"jetpack_sharing_enabled":true,"batches":[{"id":"3381","date_created":"2025-05-11 12:46:36","date_expiry":"2026-07-26 00:00:00","user_id":"2461","batch_number":"P\u00e2teArticulationsPourChienChatFlexifit\u00aeBeaphar250g260726","location":"","quantity":"10.0000","quantity_available":"5.0000","units":"1","status":"active","order_ids":"[26661,34761,35392,36668]","supplier":"HILLS","po":{"id":"3348","date_created":"2025-05-11 12:46:36","batch_id":"3381","po_number":"","supplier":"HILLS","cost":null,"regular_price":null,"sale_price":null,"price_margin":null,"price_discount":null}}],"_links":{"self":[{"href":"https:\/\/petworld.ma\/index.php\/wp-json\/wp\/v2\/product\/21691","targetHints":{"allow":["GET"]}}],"collection":[{"href":"https:\/\/petworld.ma\/index.php\/wp-json\/wp\/v2\/product"}],"about":[{"href":"https:\/\/petworld.ma\/index.php\/wp-json\/wp\/v2\/types\/product"}],"wp:featuredmedia":[{"embeddable":true,"href":"https:\/\/petworld.ma\/index.php\/wp-json\/wp\/v2\/media\/21692"}],"wp:attachment":[{"href":"https:\/\/petworld.ma\/index.php\/wp-json\/wp\/v2\/media?parent=21691"}],"wp:term":[{"taxonomy":"product_brand","embeddable":true,"href":"https:\/\/petworld.ma\/index.php\/wp-json\/wp\/v2\/product_brand?post=21691"},{"taxonomy":"product_cat","embeddable":true,"href":"https:\/\/petworld.ma\/index.php\/wp-json\/wp\/v2\/product_cat?post=21691"},{"taxonomy":"product_tag","embeddable":true,"href":"https:\/\/petworld.ma\/index.php\/wp-json\/wp\/v2\/product_tag?post=21691"}],"curies":[{"name":"wp","href":"https:\/\/api.w.org\/{rel}","templated":true}]}}