{"id":21713,"date":"2025-05-11T13:49:54","date_gmt":"2025-05-11T13:49:54","guid":{"rendered":"https:\/\/petworld.ma\/?post_type=product&#038;p=21713"},"modified":"2026-05-07T11:51:43","modified_gmt":"2026-05-07T11:51:43","slug":"lait-pour-chatons-beaphar-lactol-250g-500g","status":"publish","type":"product","link":"https:\/\/petworld.ma\/index.php\/produit\/lait-pour-chatons-beaphar-lactol-250g-500g\/","title":{"rendered":"Lait Pour Chatons Beaphar Lactol 250g | 500g"},"content":{"rendered":"<div class=\"product-bottom__paragraph\" data-v-24efc48f=\"\">\n<h3 class=\"product-bottom__paragraph-title\" data-v-24efc48f=\"\"><strong>Description:<\/strong><\/h3>\n<p class=\"product-bottom__paragraph-title\">Le Lait pour Chaton Beaphar Lactol est un aliment complet de substitution au lait maternel pour les chatons nouveau-n\u00e9s et orphelins, qui a sauv\u00e9 la vie d&rsquo;innombrables jeunes animaux. Beaphar Lactol pr\u00e9sente une teneur sup\u00e9rieure en acides amin\u00e9s et est enrichi en vitamines et min\u00e9raux essentiels, offrant un aliment complet parfaitement \u00e9quilibr\u00e9. Fabriqu\u00e9 \u00e0 partir de lactos\u00e9rum facile \u00e0 dig\u00e9rer, il est tr\u00e8s proche du lait maternel naturel. L&rsquo;ultrafiltration concentre les prot\u00e9ines et un s\u00e9chage lent pendant la production pr\u00e9serve les mol\u00e9cules prot\u00e9iques, ce qui le rend plus nutritif. Il contient de la taurine et du DHA (acide docosahexa\u00e9no\u00efque) ajout\u00e9s, dont l&rsquo;efficacit\u00e9 a \u00e9t\u00e9 d\u00e9montr\u00e9e pour favoriser le d\u00e9veloppement cognitif et l&rsquo;acuit\u00e9 visuelle. Le Lait pour Chaton Beaphar Lactol peut \u00e9galement \u00eatre utilis\u00e9 pour le sevrage des chatons, des chattes gestantes ou allaitantes, ainsi que des animaux malades ou convalescents.<\/p>\n<ul class=\"product-info__usps list-reset\" data-v-d0db36ea=\"\">\n<li data-v-d0db36ea=\"\"><span class=\"product-info__usps-span\" data-v-d0db36ea=\"\">Lait de remplacement complet\u00a0: Pour les chatons nouveau-n\u00e9s, en sous-poids et orphelins. Beaphar Lactol est riche en vitamines et min\u00e9raux, pour un bon d\u00e9part dans la vie.<\/span><\/li>\n<li data-v-d0db36ea=\"\"><span class=\"product-info__usps-span\" data-v-d0db36ea=\"\">VITAMINES ESSENTIELLES : Enrichi en vitamines et min\u00e9raux essentiels, tels que la taurine et le DHA (acide docosahexa\u00e9no\u00efque), des acides amin\u00e9s de qualit\u00e9 sup\u00e9rieure, dont l&rsquo;efficacit\u00e9 est prouv\u00e9e pour favoriser le d\u00e9veloppement cognitif et l&rsquo;acuit\u00e9 visuelle. Pour une alimentation parfaitement \u00e9quilibr\u00e9e.<\/span><\/li>\n<li data-v-d0db36ea=\"\"><span class=\"product-info__usps-span\" data-v-d0db36ea=\"\">FACILEMENT DIG\u00c9R\u00c9 : Fabriqu\u00e9 \u00e0 partir de lactos\u00e9rum, Beaphar Lactol pour chatons est sp\u00e9cialement formul\u00e9 pour une digestion facile et est une r\u00e9plique du lait maternel en termes de consistance et de go\u00fbt.<\/span><\/li>\n<li data-v-d0db36ea=\"\"><span class=\"product-info__usps-span\" data-v-d0db36ea=\"\">Contient du DHA (dont il a \u00e9t\u00e9 d\u00e9montr\u00e9 qu&rsquo;il contribue au d\u00e9veloppement du cerveau)<\/span><\/li>\n<li data-v-d0db36ea=\"\"><span class=\"product-info__usps-span\" data-v-d0db36ea=\"\">Ressemble beaucoup au lait de reine naturel<\/span><\/li>\n<\/ul>\n<\/div>\n<div class=\"product-bottom__paragraph\" data-v-24efc48f=\"\">\n<h3 class=\"product-bottom__paragraph-title\"><strong>Instructions:<\/strong><\/h3>\n<p class=\"whitespace-pre-line\" data-v-24efc48f=\"\">\u00c0 l&rsquo;aide de la mesurette fournie, ajouter le lait pour chaton Beaphar Lactol \u00e0 de l&rsquo;eau ti\u00e8de (laisser refroidir l&rsquo;eau bouillie avant utilisation) et remuer jusqu&rsquo;\u00e0 dissolution compl\u00e8te. Laisser refroidir jusqu&rsquo;\u00e0 ti\u00e9dir (38 \u00b0C ou temp\u00e9rature du sang). L&rsquo;utilisation d&rsquo;un mat\u00e9riel d&rsquo;alimentation appropri\u00e9 est fortement recommand\u00e9e, comme le kit d&rsquo;alimentation Beaphar ou les seringues d&rsquo;alimentation Beaphar. Ceux-ci doivent toujours \u00eatre propres et st\u00e9riles. Beaphar Lactol peut \u00e9galement \u00eatre m\u00e9lang\u00e9 \u00e0 de l&rsquo;eau froide pour les chats plus \u00e2g\u00e9s. Le lait Beaphar Lactol Chaton pr\u00e9par\u00e9 peut \u00eatre conserv\u00e9 au r\u00e9frig\u00e9rateur pendant 24 heures, mais doit \u00eatre r\u00e9chauff\u00e9 \u00e0 38 \u00b0C ou \u00e0 temp\u00e9rature du sang avant d&rsquo;\u00eatre donn\u00e9 aux jeunes animaux. ALIMENTATION COMPL\u00c8TE : Pour les chatons non sevr\u00e9s. Il est important de peser les jeunes chatons quotidiennement afin de pouvoir comparer leur croissance quotidienne avec les tableaux de croissance de votre \u00e9leveur ou v\u00e9t\u00e9rinaire. Dilution recommand\u00e9e (formats 250\/500 g) : Ajouter 7 mesures rases \u00e0 100 ml d&rsquo;eau ti\u00e8de. 1 litre de lait pour chaton Beaphar Lactol contient environ 1 250 kcal. Consultez le tableau ci-dessous pour obtenir des indications nutritionnelles approximatives. Le volume journalier doit imp\u00e9rativement \u00eatre r\u00e9parti sur le nombre de repas recommand\u00e9s. Poids : 100 g (0,1 kg) Volume par jour : 50 ml \u00c2ge (jours) : 2 \u00e0 7 Nombre de t\u00e9t\u00e9es par jour : 6 \u00e0 12 (y compris la nuit) Poids : 200 g (0,2 g) Volume par jour : 80 ml \u00c2ge (jours) : 8 \u00e0 21 Nombre de t\u00e9t\u00e9es par jour : 8 (y compris la nuit) Poids : 400 g (0,4 kg) Volume par jour : 135 ml \u00c2ge (jours) : 22 \u00e0 28 Nombre de t\u00e9t\u00e9es par jour : 6 \u00e0 8 (y compris une nuit) Poids : 600 g (0,6 kg) Volume par jour : 180 ml \u00c2ge (jours) : 29 \u00e0 35 Nombre de t\u00e9t\u00e9es par jour : 4 \u00e0 6 Poids : 1 000 g (1 kg) Volume par jour : 250 ml \u00c2ge (jours) : 36* \u00e0 42* Nombre de t\u00e9t\u00e9es par jour : 3* Apr\u00e8s le 36e jour, passez progressivement \u00e0 une alimentation plus solide, ie nourriture pour chaton. Beaphar Lactol peut \u00eatre utilis\u00e9 pour faciliter le sevrage. M\u00e9langez le lait pour chaton Beaphar Lactol pr\u00e9par\u00e9 avec une petite quantit\u00e9 de nourriture pour chaton, en diminuant progressivement le volume de lait et en augmentant la quantit\u00e9 d&rsquo;aliments solides chaque jour. Alimentation compl\u00e9mentaire (en plus de leur alimentation habituelle) : Pour les chatons de moins de 6 semaines, Beaphar Lactol Kitten peut \u00eatre donn\u00e9 en compl\u00e9ment, en plus du lait maternel. Volume recommand\u00e9 = jusqu&rsquo;\u00e0 40 ml par kg. Chatons sevr\u00e9s\/en cours de sevrage de plus de 6 semaines, chattes adultes en gestation ou en lactation, malades ou convalescentes : Volume recommand\u00e9 \u00e0 donner = 13 ml par kg.<\/p>\n<\/div>\n<div class=\"product-bottom__paragraph\" data-v-24efc48f=\"\">\n<h3 class=\"product-bottom__paragraph-title\" data-v-24efc48f=\"\"><strong>Caract\u00e9ristiques<\/strong><\/h3>\n<table class=\"mt-2 mb-6 w-full product-bottom__specifications overflow-auto\" data-v-24efc48f=\"\">\n<tbody data-v-24efc48f=\"\">\n<tr data-v-24efc48f=\"\">\n<th class=\"text-left py-3 px-5 w-1\/4 align-top\" data-v-24efc48f=\"\">Contenu<\/th>\n<td class=\"w-3\/4 py-3 pr-4\" data-v-24efc48f=\"\"><span class=\"product-bottom__spec\" data-id=\"contents\" data-v-24efc48f=\"\">Lait de remplacement complet pour chatons nouveau-n\u00e9s et orphelins. Contient du DHA, de la taurine, des vitamines et des min\u00e9raux. Pour les chattes en sevrage, gestantes, allaitantes, malades ou convalescentes.<\/span><\/td>\n<\/tr>\n<tr data-v-24efc48f=\"\">\n<th class=\"text-left py-3 px-5 w-1\/4 align-top\" data-v-24efc48f=\"\">UGS<\/th>\n<td class=\"w-3\/4 py-3 pr-4\" data-v-24efc48f=\"\"><span class=\"product-bottom__spec\" data-id=\"sku\" data-v-24efc48f=\"\">12991<\/span><\/td>\n<\/tr>\n<tr data-v-24efc48f=\"\">\n<th class=\"text-left py-3 px-5 w-1\/4 align-top\" data-v-24efc48f=\"\">Code-barres<\/th>\n<td class=\"w-3\/4 py-3 pr-4\" data-v-24efc48f=\"\"><span class=\"product-bottom__spec\" data-id=\"barcode\" data-v-24efc48f=\"\">8711231129911<\/span><\/td>\n<\/tr>\n<tr data-v-24efc48f=\"\">\n<th class=\"text-left py-3 px-5 w-1\/4 align-top\" data-v-24efc48f=\"\">Formulaire<\/th>\n<td class=\"w-3\/4 py-3 pr-4\" data-v-24efc48f=\"\"><span class=\"product-bottom__spec\" data-id=\"form\" data-v-24efc48f=\"\">Poudre<\/span><\/td>\n<\/tr>\n<tr data-v-24efc48f=\"\">\n<th class=\"text-left py-3 px-5 w-1\/4 align-top\" data-v-24efc48f=\"\">Type d&rsquo;animal<\/th>\n<td class=\"w-3\/4 py-3 pr-4\" data-v-24efc48f=\"\"><span class=\"product-bottom__spec\" data-id=\"animal_type\" data-v-24efc48f=\"\">Chat<\/span><\/td>\n<\/tr>\n<tr data-v-24efc48f=\"\">\n<th class=\"text-left py-3 px-5 w-1\/4 align-top\" data-v-24efc48f=\"\">Ne pas appliquer lorsque<\/th>\n<td class=\"w-3\/4 py-3 pr-4\" data-v-24efc48f=\"\"><span class=\"product-bottom__spec\" data-id=\"do_not_apply_when\" data-v-24efc48f=\"\">Lisez attentivement les instructions de m\u00e9lange avant de commencer \u00e0 pr\u00e9parer le Beaphar Lactol<\/span><\/td>\n<\/tr>\n<tr data-v-24efc48f=\"\">\n<th class=\"text-left py-3 px-5 w-1\/4 align-top\" data-v-24efc48f=\"\">Stockage et s\u00e9curit\u00e9<\/th>\n<td class=\"w-3\/4 py-3 pr-4\" data-v-24efc48f=\"\"><span class=\"product-bottom__spec\" data-id=\"storage_and_safety\" data-v-24efc48f=\"\">Lire attentivement les instructions de pr\u00e9paration avant de commencer la pr\u00e9paration du Beaphar Lactol. Conserver dans l&#8217;emballage d&rsquo;origine, dans un endroit frais et sec, \u00e0 l&rsquo;abri de la lumi\u00e8re. Bien refermer le couvercle. Pour une efficacit\u00e9 optimale, utiliser dans les trois mois suivant l&rsquo;ouverture. Pass\u00e9 ce d\u00e9lai, jeter le produit non utilis\u00e9 et son emballage avec les ordures m\u00e9nag\u00e8res. Les pots vides sont recyclables.<\/span><\/td>\n<\/tr>\n<tr data-v-24efc48f=\"\">\n<th class=\"text-left py-3 px-5 w-1\/4 align-top\" data-v-24efc48f=\"\">Pr\u00e9cautions d&#8217;emploi du produit<\/th>\n<td class=\"w-3\/4 py-3 pr-4\" data-v-24efc48f=\"\"><span class=\"product-bottom__spec\" data-id=\"product_precautions\" data-v-24efc48f=\"\">Lire attentivement l&#8217;emballage avant utilisation. Tenir hors de port\u00e9e des enfants. R\u00e9serv\u00e9 aux animaux.<\/span><\/td>\n<\/tr>\n<\/tbody>\n<\/table>\n<\/div>\n","protected":false},"excerpt":{"rendered":"<p>Pour les chatons nouveau-n\u00e9s ou en sevrage, le lait pour chatons Beaphar Lactol est un compl\u00e9ment de lait entier enrichi d&rsquo;acides amin\u00e9s et de min\u00e9raux de qualit\u00e9 sup\u00e9rieure pour offrir une alimentation parfaitement \u00e9quilibr\u00e9e et le meilleur d\u00e9part dans la vie.<\/p>\n","protected":false},"featured_media":21723,"template":"","meta":{"jetpack_publicize_message":"","jetpack_publicize_feature_enabled":true,"jetpack_social_post_already_shared":true,"jetpack_social_options":{"image_generator_settings":{"template":"highway","default_image_id":0,"font":"","enabled":false},"version":2}},"product_brand":[],"product_cat":[220],"product_tag":[],"class_list":{"0":"post-21713","1":"product","2":"type-product","3":"status-publish","4":"has-post-thumbnail","6":"product_cat-lait-maternel","8":"first","9":"instock","10":"sale","11":"taxable","12":"shipping-taxable","13":"purchasable","14":"product-type-variable"},"supplier_id":5587,"supplier_sku":"","barcode":null,"atum_controlled":true,"out_stock_date":null,"out_stock_threshold":null,"inheritable":true,"inbound_stock":0,"stock_on_hold":0,"sold_today":0,"sales_last_days":2,"reserved_stock":0,"customer_returns":0,"warehouse_damage":0,"lost_in_post":0,"other_logs":0,"out_stock_days":0,"lost_sales":0,"has_location":false,"update_date":"2026-05-07T11:51:44","atum_locations":[],"atum_stock_status":"instock","restock_status":false,"low_stock_amount":"","sales_update_date":"2026-05-07T00:19:07","calc_backorders":null,"jetpack_publicize_connections":[],"jetpack_sharing_enabled":true,"batches":[],"_links":{"self":[{"href":"https:\/\/petworld.ma\/index.php\/wp-json\/wp\/v2\/product\/21713","targetHints":{"allow":["GET"]}}],"collection":[{"href":"https:\/\/petworld.ma\/index.php\/wp-json\/wp\/v2\/product"}],"about":[{"href":"https:\/\/petworld.ma\/index.php\/wp-json\/wp\/v2\/types\/product"}],"wp:featuredmedia":[{"embeddable":true,"href":"https:\/\/petworld.ma\/index.php\/wp-json\/wp\/v2\/media\/21723"}],"wp:attachment":[{"href":"https:\/\/petworld.ma\/index.php\/wp-json\/wp\/v2\/media?parent=21713"}],"wp:term":[{"taxonomy":"product_brand","embeddable":true,"href":"https:\/\/petworld.ma\/index.php\/wp-json\/wp\/v2\/product_brand?post=21713"},{"taxonomy":"product_cat","embeddable":true,"href":"https:\/\/petworld.ma\/index.php\/wp-json\/wp\/v2\/product_cat?post=21713"},{"taxonomy":"product_tag","embeddable":true,"href":"https:\/\/petworld.ma\/index.php\/wp-json\/wp\/v2\/product_tag?post=21713"}],"curies":[{"name":"wp","href":"https:\/\/api.w.org\/{rel}","templated":true}]}}