{"id":21730,"date":"2025-05-11T14:15:04","date_gmt":"2025-05-11T14:15:04","guid":{"rendered":"https:\/\/petworld.ma\/?post_type=product&#038;p=21730"},"modified":"2026-03-25T05:54:12","modified_gmt":"2026-03-25T05:54:12","slug":"brosse-double-face-pour-enlever-les-poils-danimaux","status":"publish","type":"product","link":"https:\/\/petworld.ma\/index.php\/produit\/brosse-double-face-pour-enlever-les-poils-danimaux\/","title":{"rendered":"Brosse double face pour enlever les poils d\u2019animaux"},"content":{"rendered":"<ul>\n<li>\u00c9pilateur r\u00e9utilisable pour poils d\u2019animaux avec base autonettoyante qui sert \u00e9galement de nettoyant pour tissus d\u2019ameublement pour canap\u00e9s.<\/li>\n<li>La brosse \u00e0 peluches double face extra large enl\u00e8ve la fourrure et les peluches deux fois plus rapidement qu\u2019une brosse \u00e0 peluches unilat\u00e9rale.<\/li>\n<li>Un trempage dans la base autonettoyante \u00e9limine les poils d\u2019animaux du dissolvant de peluches.<\/li>\n<li>Aucune recharge requise \u2013 contrairement aux autres rouleaux anti-peluches pour poils d\u2019animaux, il n\u2019y a pas de ruban adh\u00e9sif ni de d\u00e9g\u00e2ts<\/li>\n<li>Brosse de nettoyage de fourrure incluse, base autonettoyante et brosse \u00e0 fourrure de format voyage<\/li>\n<\/ul>\n","protected":false},"excerpt":{"rendered":"<p>Tailles: 30*5.5cm<\/p>\n","protected":false},"featured_media":21734,"template":"","meta":{"jetpack_publicize_message":"","jetpack_publicize_feature_enabled":true,"jetpack_social_post_already_shared":true,"jetpack_social_options":{"image_generator_settings":{"template":"highway","default_image_id":0,"font":"","enabled":false},"version":2}},"product_brand":[],"product_cat":[222,223],"product_tag":[],"class_list":{"0":"post-21730","1":"product","2":"type-product","3":"status-publish","4":"has-post-thumbnail","6":"product_cat-brosses-coupe-griffes","7":"product_cat-brosses-coupe-griffes-hygiene-et-soins","9":"first","10":"instock","11":"taxable","12":"shipping-taxable","13":"purchasable","14":"product-type-simple"},"supplier_id":5592,"supplier_sku":"","barcode":"6919990074745","atum_controlled":true,"out_stock_date":null,"out_stock_threshold":null,"inheritable":false,"inbound_stock":0,"stock_on_hold":0,"sold_today":0,"sales_last_days":0,"reserved_stock":0,"customer_returns":0,"warehouse_damage":0,"lost_in_post":0,"other_logs":0,"out_stock_days":0,"lost_sales":0,"has_location":false,"update_date":"2026-05-14T00:01:42","atum_locations":[],"atum_stock_status":"instock","restock_status":false,"low_stock_amount":2,"sales_update_date":"2026-05-14T00:01:42","calc_backorders":null,"jetpack_publicize_connections":[],"jetpack_sharing_enabled":true,"batches":[],"_links":{"self":[{"href":"https:\/\/petworld.ma\/index.php\/wp-json\/wp\/v2\/product\/21730","targetHints":{"allow":["GET"]}}],"collection":[{"href":"https:\/\/petworld.ma\/index.php\/wp-json\/wp\/v2\/product"}],"about":[{"href":"https:\/\/petworld.ma\/index.php\/wp-json\/wp\/v2\/types\/product"}],"wp:featuredmedia":[{"embeddable":true,"href":"https:\/\/petworld.ma\/index.php\/wp-json\/wp\/v2\/media\/21734"}],"wp:attachment":[{"href":"https:\/\/petworld.ma\/index.php\/wp-json\/wp\/v2\/media?parent=21730"}],"wp:term":[{"taxonomy":"product_brand","embeddable":true,"href":"https:\/\/petworld.ma\/index.php\/wp-json\/wp\/v2\/product_brand?post=21730"},{"taxonomy":"product_cat","embeddable":true,"href":"https:\/\/petworld.ma\/index.php\/wp-json\/wp\/v2\/product_cat?post=21730"},{"taxonomy":"product_tag","embeddable":true,"href":"https:\/\/petworld.ma\/index.php\/wp-json\/wp\/v2\/product_tag?post=21730"}],"curies":[{"name":"wp","href":"https:\/\/api.w.org\/{rel}","templated":true}]}}