{"id":21745,"date":"2025-05-11T20:11:57","date_gmt":"2025-05-11T20:11:57","guid":{"rendered":"https:\/\/petworld.ma\/?post_type=product&#038;p=21745"},"modified":"2026-05-07T09:50:07","modified_gmt":"2026-05-07T09:50:07","slug":"huile-de-saumon-pour-chien-et-chat-beaphar-430-ml","status":"publish","type":"product","link":"https:\/\/petworld.ma\/index.php\/produit\/huile-de-saumon-pour-chien-et-chat-beaphar-430-ml\/","title":{"rendered":"Huile de saumon pour chien et chat Beaphar 430 ml"},"content":{"rendered":"<div class=\"product-bottom__paragraph\" data-v-24efc48f=\"\">\n<h3 class=\"product-bottom__paragraph-title\" data-v-24efc48f=\"\">Description:<\/h3>\n<p class=\"whitespace-pre-line\" data-v-24efc48f=\"\">L\u2019huile de saumon Beaphar apporte \u00e9nergie aux chiens et aux chats. Elle provient de p\u00eacheries durables. Cette huile contient des acides gras essentiels tels que l\u2019EPA et le DHA et c\u2019est une source d\u2019acides gras Om\u00e9ga 3 (16,3%) et Om\u00e9ga 6 (15,7%). Recommand\u00e9e pour un pelage brillant, elle soutient le fonctionnement du syst\u00e8me cardiovasculaire et favorise la mobilit\u00e9 des articulations. Elle est aussi utile pour rendre l\u2019alimentation plus app\u00e9tente.<\/p>\n<\/div>\n<div class=\"product-bottom__paragraph\" data-v-24efc48f=\"\">\n<h3 class=\"product-bottom__paragraph-title\" data-v-24efc48f=\"\">Instructions:<\/h3>\n<p class=\"whitespace-pre-line\" data-v-24efc48f=\"\">Quantit\u00e9s quotidiennes recommand\u00e9es : Chiens et chats &lt; 10kg : 7,5 ml, chiens 10-20kg : 10 ml, chiens &gt; 20kg : 15 ml (1 cuill\u00e8re = +\/- 15 ml). Secouer avant utilisation. Administrer l\u2019huile 1 fois par jour sur la nourriture ou bien directement dans la gueule de l\u2019animal \u00e0 l\u2019aide d\u2019une cuill\u00e8re.<\/p>\n<\/div>\n<div class=\"product-bottom__paragraph\" data-v-24efc48f=\"\">\n<h3 class=\"product-bottom__paragraph-title\" data-v-24efc48f=\"\">Composition:<\/h3>\n<ul class=\"mb-6 list-reset\" data-v-24efc48f=\"\">\n<li data-v-24efc48f=\"\"><strong data-v-24efc48f=\"\">Ingr\u00e9dients<\/strong>:\u00a0<span data-v-24efc48f=\"\">Huile de saumon<\/span><\/li>\n<li data-v-24efc48f=\"\"><strong data-v-24efc48f=\"\">Analyse<\/strong>:\u00a0<span data-v-24efc48f=\"\">Mati\u00e8res grasses brutes 99%, antioxydants naturels.<\/span><\/li>\n<\/ul>\n<\/div>\n<div class=\"product-bottom__paragraph\" data-v-24efc48f=\"\">\n<h3 class=\"product-bottom__paragraph-title\" data-v-24efc48f=\"\">Sp\u00e9cifications:<\/h3>\n<table class=\"mt-2 mb-6 w-full product-bottom__specifications overflow-auto\" data-v-24efc48f=\"\">\n<tbody data-v-24efc48f=\"\">\n<tr data-v-24efc48f=\"\">\n<th class=\"text-left py-3 px-5 w-1\/4 align-top\" data-v-24efc48f=\"\">Saveur<\/th>\n<td class=\"w-3\/4 py-3 pr-4\" data-v-24efc48f=\"\"><span class=\"product-bottom__spec\" data-id=\"flavor\" data-v-24efc48f=\"\">Salmon<\/span><\/td>\n<\/tr>\n<tr data-v-24efc48f=\"\">\n<th class=\"text-left py-3 px-5 w-1\/4 align-top\" data-v-24efc48f=\"\">Contenu<\/th>\n<td class=\"w-3\/4 py-3 pr-4\" data-v-24efc48f=\"\"><span class=\"product-bottom__spec\" data-id=\"contents\" data-v-24efc48f=\"\">430ml<\/span><\/td>\n<\/tr>\n<tr data-v-24efc48f=\"\">\n<th class=\"text-left py-3 px-5 w-1\/4 align-top\" data-v-24efc48f=\"\">Sku<\/th>\n<td class=\"w-3\/4 py-3 pr-4\" data-v-24efc48f=\"\"><span class=\"product-bottom__spec\" data-id=\"sku\" data-v-24efc48f=\"\">17599<\/span><\/td>\n<\/tr>\n<tr data-v-24efc48f=\"\">\n<th class=\"text-left py-3 px-5 w-1\/4 align-top\" data-v-24efc48f=\"\">Code-barres<\/th>\n<td class=\"w-3\/4 py-3 pr-4\" data-v-24efc48f=\"\"><span class=\"product-bottom__spec\" data-id=\"barcode\" data-v-24efc48f=\"\">8711231175994<\/span><\/td>\n<\/tr>\n<tr data-v-24efc48f=\"\">\n<th class=\"text-left py-3 px-5 w-1\/4 align-top\" data-v-24efc48f=\"\">Forme<\/th>\n<td class=\"w-3\/4 py-3 pr-4\" data-v-24efc48f=\"\"><span class=\"product-bottom__spec\" data-id=\"form\" data-v-24efc48f=\"\">Huile<\/span><\/td>\n<\/tr>\n<tr data-v-24efc48f=\"\">\n<th class=\"text-left py-3 px-5 w-1\/4 align-top\" data-v-24efc48f=\"\">Type d&rsquo;animal<\/th>\n<td class=\"w-3\/4 py-3 pr-4\" data-v-24efc48f=\"\"><span class=\"product-bottom__spec\" data-id=\"animal_type\" data-v-24efc48f=\"\">Chat, Chien<\/span><\/td>\n<\/tr>\n<tr data-v-24efc48f=\"\">\n<th class=\"text-left py-3 px-5 w-1\/4 align-top\" data-v-24efc48f=\"\">Pr\u00e9cautions d&rsquo;utilisation du produit<\/th>\n<td class=\"w-3\/4 py-3 pr-4\" data-v-24efc48f=\"\"><span class=\"product-bottom__spec\" data-id=\"product_precautions\" data-v-24efc48f=\"\">S\u2019assurer que l\u2019animal dispose d\u2019eau fra\u00eeche et potable. Tenir hors de port\u00e9e des enfants. Conserver \u00e0 temp\u00e9rature ambiante. Ne pas conserver au r\u00e9frig\u00e9rateur.<\/span><\/td>\n<\/tr>\n<\/tbody>\n<\/table>\n<\/div>\n","protected":false},"excerpt":{"rendered":"<p id=\"title\" class=\"a-size-large a-spacing-none\"><span id=\"productTitle\" class=\"a-size-large product-title-word-break\">B\u00e9n\u00e9fique sur le syst\u00e8me cardio-vasculaire, le pelage et les articulations<\/span><\/p>\n","protected":false},"featured_media":21746,"template":"","meta":{"jetpack_publicize_message":"","jetpack_publicize_feature_enabled":true,"jetpack_social_post_already_shared":true,"jetpack_social_options":{"image_generator_settings":{"template":"highway","default_image_id":0,"font":"","enabled":false},"version":2}},"product_brand":[],"product_cat":[218,219,127],"product_tag":[],"class_list":{"0":"post-21745","1":"product","2":"type-product","3":"status-publish","4":"has-post-thumbnail","6":"product_cat-complement-alimentaire","7":"product_cat-complement-alimentaire-hygiene-et-soins-pour-chat","8":"product_cat-huile-de-saumon","10":"first","11":"instock","12":"sale","13":"taxable","14":"shipping-taxable","15":"purchasable","16":"product-type-simple"},"supplier_id":5603,"supplier_sku":"17598","barcode":"8711231175987","atum_controlled":true,"out_stock_date":null,"out_stock_threshold":null,"inheritable":false,"inbound_stock":0,"stock_on_hold":2,"sold_today":1,"sales_last_days":3,"reserved_stock":0,"customer_returns":0,"warehouse_damage":0,"lost_in_post":0,"other_logs":0,"out_stock_days":0,"lost_sales":0,"has_location":false,"update_date":"2026-05-07T11:16:52","atum_locations":[],"atum_stock_status":"instock","restock_status":false,"low_stock_amount":2,"sales_update_date":"2026-05-07T11:16:52","calc_backorders":null,"jetpack_publicize_connections":[],"jetpack_sharing_enabled":true,"batches":[{"id":"3389","date_created":"2025-05-11 20:23:21","date_expiry":"2027-04-02 00:00:00","user_id":"2461","batch_number":"HuileSaumonBeaphar0427","location":"","quantity":"30.0000","quantity_available":"4.0000","units":"1","status":"active","order_ids":"[22473,24967,25407,25894,26920,27115,27168,27186,37539,38281,38509,38576,38759,39120,39176,40025,40634,41360,41518]","supplier":"Hill&#039;s","po":{"id":"3357","date_created":"2025-05-11 20:23:22","batch_id":"3389","po_number":"","supplier":"Hill&#039;s","cost":null,"regular_price":null,"sale_price":null,"price_margin":null,"price_discount":null}},{"id":"3737","date_created":"2025-06-01 19:05:52","date_expiry":"2027-01-02 00:00:00","user_id":"2461","batch_number":"HuileSaumonBeaphar0127","location":"","quantity":"6.0000","quantity_available":"0.0000","units":"1","status":"archived","order_ids":"[23596,24023,24461,24554,24816]","supplier":"Hill&#039;s","po":{"id":"3703","date_created":"2025-06-01 19:05:52","batch_id":"3737","po_number":"","supplier":"Hill&#039;s","cost":null,"regular_price":null,"sale_price":null,"price_margin":null,"price_discount":null}},{"id":"5383","date_created":"2025-09-19 14:25:18","date_expiry":"2027-01-02 00:00:00","user_id":"2461","batch_number":"HuileSaumonBeaphar0127","location":"","quantity":"18.0000","quantity_available":"0.0000","units":"1","status":"archived","order_ids":"[28245,28352,28434,28604,29058,29125,29164,30470,30483,31022,31159,31631,32346,32642,32805,32997,33508,33961,34546,35383,37014,37339]","supplier":"Hill&#039;s","po":{"id":"5340","date_created":"2025-09-19 14:25:19","batch_id":"5383","po_number":"","supplier":"Hill&#039;s","cost":null,"regular_price":null,"sale_price":null,"price_margin":null,"price_discount":null}}],"_links":{"self":[{"href":"https:\/\/petworld.ma\/index.php\/wp-json\/wp\/v2\/product\/21745","targetHints":{"allow":["GET"]}}],"collection":[{"href":"https:\/\/petworld.ma\/index.php\/wp-json\/wp\/v2\/product"}],"about":[{"href":"https:\/\/petworld.ma\/index.php\/wp-json\/wp\/v2\/types\/product"}],"wp:featuredmedia":[{"embeddable":true,"href":"https:\/\/petworld.ma\/index.php\/wp-json\/wp\/v2\/media\/21746"}],"wp:attachment":[{"href":"https:\/\/petworld.ma\/index.php\/wp-json\/wp\/v2\/media?parent=21745"}],"wp:term":[{"taxonomy":"product_brand","embeddable":true,"href":"https:\/\/petworld.ma\/index.php\/wp-json\/wp\/v2\/product_brand?post=21745"},{"taxonomy":"product_cat","embeddable":true,"href":"https:\/\/petworld.ma\/index.php\/wp-json\/wp\/v2\/product_cat?post=21745"},{"taxonomy":"product_tag","embeddable":true,"href":"https:\/\/petworld.ma\/index.php\/wp-json\/wp\/v2\/product_tag?post=21745"}],"curies":[{"name":"wp","href":"https:\/\/api.w.org\/{rel}","templated":true}]}}