{"id":22136,"date":"2025-05-21T19:28:38","date_gmt":"2025-05-21T19:28:38","guid":{"rendered":"https:\/\/petworld.ma\/?post_type=product&#038;p=22136"},"modified":"2026-03-26T15:34:31","modified_gmt":"2026-03-26T15:34:31","slug":"friandises-de-graisse-de-mouton-saumon-245g","status":"publish","type":"product","link":"https:\/\/petworld.ma\/index.php\/produit\/friandises-de-graisse-de-mouton-saumon-245g\/","title":{"rendered":"Friandises De Graisse De Mouton Saumon 245g"},"content":{"rendered":"<div>\n<div class=\"TabbedAccordion-module_container__ipT5h\" data-qa=\"tabbed-accordion\">\n<div class=\"TabbedAccordion-module_contentContainer__EHRNr\" data-qa=\"tabbed-accordion-content\">\n<div id=\"tabbed-accordion-:Rhiiah6:-section-0\" class=\"TabbedAccordion-module_content__YHr0u TabbedAccordion-module_activeContent__Oh8Ol \" role=\"tabpanel\" aria-labelledby=\"tabbed-accordion-:Rhiiah6:-tab-0\" data-qa=\"tabbed-accordion-section-content\">\n<div class=\"sc-tagGq bpzkSn\" data-qa=\"product-details\">\n<div class=\"sc-esYiGF bzHMvG\">\n<div class=\"ShowMoreLess-module_wrapper__o7OmT ShowMoreLess-module_clamped__MOcCz\">\n<div class=\"product-bottom__paragraph\" data-v-24efc48f=\"\">\n<h3 class=\"product-bottom__paragraph-title\" data-v-24efc48f=\"\"><span style=\"text-decoration: underline\"><strong>Description:<\/strong><\/span><\/h3>\n<p class=\"whitespace-pre-line\" data-v-24efc48f=\"\">Les friandises Beaphar sont un aliment compl\u00e9mentaire 100% naturel pour votre chien. Elles sont constitu\u00e9es d\u2019huile de saumon et de graisse de mouton, riches en Omega 3 et 6. Ces diff\u00e9rents apports procurent un pelage soyeux et brillant \u00e0 votre chien. Ils ont aussi un effet b\u00e9n\u00e9fique sur la flore intestinale.<\/p>\n<\/div>\n<div class=\"product-bottom__paragraph active\" data-v-24efc48f=\"\">\n<h3 class=\"product-bottom__paragraph-title\" data-v-24efc48f=\"\"><span style=\"text-decoration: underline\"><strong>Instructions:<\/strong><\/span><\/h3>\n<p class=\"whitespace-pre-line\" data-v-24efc48f=\"\">Dosage selon le poids du chien: 0-20kg: 1 friandise par jour, 20-40kg: 2 friandises par jour, 40-80kg: 3 friandises par jour<\/p>\n<\/div>\n<div class=\"product-bottom__paragraph\" data-v-24efc48f=\"\">\n<h3 class=\"product-bottom__paragraph-title\" data-v-24efc48f=\"\"><span style=\"text-decoration: underline\"><strong>Composition:<\/strong><\/span><\/h3>\n<ul class=\"mb-6 list-reset\" data-v-24efc48f=\"\">\n<li data-v-24efc48f=\"\"><strong data-v-24efc48f=\"\">Ingr\u00e9dients<\/strong>:\u00a0<span data-v-24efc48f=\"\">Viandes et sous-produits animaux, (graisse de mouton 95%), huiles et graisses (huile de saumon 5%)<\/span><\/li>\n<li data-v-24efc48f=\"\"><strong data-v-24efc48f=\"\">Analyse<\/strong>:\u00a0<span data-v-24efc48f=\"\">Prot\u00e9ine brute 0,8%, Cellulose brute 1,7%, Mati\u00e8res grasses brutes 97,2%, Cendres brutes 0,8%, Omega 3: 1,7%, Omega 6: 2,3%<\/span><\/li>\n<\/ul>\n<\/div>\n<div class=\"product-bottom__paragraph\" data-v-24efc48f=\"\">\n<h3 class=\"product-bottom__paragraph-title\" data-v-24efc48f=\"\"><strong><span style=\"text-decoration: underline\">Sp\u00e9cifications:<\/span><\/strong><\/h3>\n<table class=\"mt-2 mb-6 w-full product-bottom__specifications overflow-auto\" data-v-24efc48f=\"\">\n<tbody data-v-24efc48f=\"\">\n<tr data-v-24efc48f=\"\">\n<th class=\"text-left py-3 px-5 w-1\/4 align-top\" data-v-24efc48f=\"\">Saveur<\/th>\n<td class=\"w-3\/4 py-3 pr-4\" data-v-24efc48f=\"\"><span class=\"product-bottom__spec\" data-id=\"flavor\" data-v-24efc48f=\"\">Saumon<\/span><\/td>\n<\/tr>\n<tr data-v-24efc48f=\"\">\n<th class=\"text-left py-3 px-5 w-1\/4 align-top\" data-v-24efc48f=\"\">Contenu<\/th>\n<td class=\"w-3\/4 py-3 pr-4\" data-v-24efc48f=\"\"><span class=\"product-bottom__spec\" data-id=\"contents\" data-v-24efc48f=\"\">245g<\/span><\/td>\n<\/tr>\n<tr data-v-24efc48f=\"\">\n<th class=\"text-left py-3 px-5 w-1\/4 align-top\" data-v-24efc48f=\"\">Sku<\/th>\n<td class=\"w-3\/4 py-3 pr-4\" data-v-24efc48f=\"\"><span class=\"product-bottom__spec\" data-id=\"sku\" data-v-24efc48f=\"\">11020<\/span><\/td>\n<\/tr>\n<tr data-v-24efc48f=\"\">\n<th class=\"text-left py-3 px-5 w-1\/4 align-top\" data-v-24efc48f=\"\">Code-barres<\/th>\n<td class=\"w-3\/4 py-3 pr-4\" data-v-24efc48f=\"\"><span class=\"product-bottom__spec\" data-id=\"barcode\" data-v-24efc48f=\"\">8711231110209<\/span><\/td>\n<\/tr>\n<tr data-v-24efc48f=\"\">\n<th class=\"text-left py-3 px-5 w-1\/4 align-top\" data-v-24efc48f=\"\">Forme<\/th>\n<td class=\"w-3\/4 py-3 pr-4\" data-v-24efc48f=\"\"><span class=\"product-bottom__spec\" data-id=\"form\" data-v-24efc48f=\"\">Snack<\/span><\/td>\n<\/tr>\n<tr data-v-24efc48f=\"\">\n<th class=\"text-left py-3 px-5 w-1\/4 align-top\" data-v-24efc48f=\"\">\u00c2ge de l&rsquo;animal<\/th>\n<td class=\"w-3\/4 py-3 pr-4\" data-v-24efc48f=\"\"><span class=\"product-bottom__spec\" data-id=\"animal_age\" data-v-24efc48f=\"\">Tous ages<\/span><\/td>\n<\/tr>\n<tr data-v-24efc48f=\"\">\n<th class=\"text-left py-3 px-5 w-1\/4 align-top\" data-v-24efc48f=\"\">Type d&rsquo;animal<\/th>\n<td class=\"w-3\/4 py-3 pr-4\" data-v-24efc48f=\"\"><span class=\"product-bottom__spec\" data-id=\"animal_type\" data-v-24efc48f=\"\">Chien<\/span><\/td>\n<\/tr>\n<tr data-v-24efc48f=\"\">\n<th class=\"text-left py-3 px-5 w-1\/4 align-top\" data-v-24efc48f=\"\">Pr\u00e9cautions d&rsquo;utilisation du produit<\/th>\n<td class=\"w-3\/4 py-3 pr-4\" data-v-24efc48f=\"\"><span class=\"product-bottom__spec\" data-id=\"product_precautions\" data-v-24efc48f=\"\">Ne pas exposer \u00e0 la lumi\u00e8re et maintenir au frais en dessous de 25\u00b0C (sans mettre au r\u00e9frig\u00e9rateur).<\/span><\/td>\n<\/tr>\n<\/tbody>\n<\/table>\n<\/div>\n<\/div>\n<\/div>\n<\/div>\n<\/div>\n<\/div>\n<\/div>\n<\/div>\n","protected":false},"excerpt":{"rendered":"<div class=\"ShowMoreLess-module_wrapper__o7OmT \">\n<p class=\"product-info__description\" data-v-d0db36ea=\"\">Les friandises Beaphar sont un aliment compl\u00e9mentaire 100% naturel pour votre chien. Elles sont constitu\u00e9es d\u2019huile de saumon et de graisse de mouton, riches en Omega 3 et 6.<\/p>\n<div class=\"sale-point-wrapper\" data-v-a1c0e6c0=\"\" data-v-d0db36ea=\"\">\n<ul class=\"product-info__usps list-reset\" data-v-d0db36ea=\"\">\n<li data-v-d0db36ea=\"\"><span class=\"product-info__usps-span\" data-v-d0db36ea=\"\">100% d\u2019ingr\u00e9dients naturels<\/span><\/li>\n<li data-v-d0db36ea=\"\"><span class=\"product-info__usps-span\" data-v-d0db36ea=\"\">Pour un pelage brillant<\/span><\/li>\n<li data-v-d0db36ea=\"\"><span class=\"product-info__usps-span\" data-v-d0db36ea=\"\">Soutient la fonction intestinale<\/span><\/li>\n<\/ul>\n<\/div>\n<\/div>\n","protected":false},"featured_media":22137,"template":"","meta":{"jetpack_publicize_message":"","jetpack_publicize_feature_enabled":true,"jetpack_social_post_already_shared":true,"jetpack_social_options":{"image_generator_settings":{"template":"highway","default_image_id":0,"font":"","enabled":false},"version":2}},"product_brand":[],"product_cat":[26,187,39,106],"product_tag":[],"class_list":{"0":"post-22136","1":"product","2":"type-product","3":"status-publish","4":"has-post-thumbnail","6":"product_cat-croquettes","7":"product_cat-destockage","8":"product_cat-friandises-et-pates-pour-chien","9":"product_cat-jouet-et-dressage","11":"first","12":"instock","13":"sale","14":"taxable","15":"shipping-taxable","16":"purchasable","17":"product-type-simple"},"supplier_id":5603,"supplier_sku":"11020","barcode":"8711231110209","atum_controlled":true,"out_stock_date":null,"out_stock_threshold":null,"inheritable":false,"inbound_stock":0,"stock_on_hold":0,"sold_today":0,"sales_last_days":0,"reserved_stock":0,"customer_returns":0,"warehouse_damage":0,"lost_in_post":0,"other_logs":0,"out_stock_days":0,"lost_sales":0,"has_location":false,"update_date":"2026-04-28T00:15:49","atum_locations":[],"atum_stock_status":"instock","restock_status":false,"low_stock_amount":2,"sales_update_date":"2026-04-28T00:15:49","calc_backorders":null,"jetpack_publicize_connections":[],"jetpack_sharing_enabled":true,"batches":[{"id":"3531","date_created":"2025-05-21 19:34:32","date_expiry":"2026-09-11 00:00:00","user_id":"9","batch_number":"Lot092026","location":"","quantity":"10.0000","quantity_available":"6.0000","units":"1","status":"active","order_ids":"[23222,24342,37583,38350]","supplier":"HILLS","po":{"id":"3499","date_created":"2025-05-21 19:34:33","batch_id":"3531","po_number":"","supplier":"HILLS","cost":null,"regular_price":null,"sale_price":null,"price_margin":null,"price_discount":null}}],"_links":{"self":[{"href":"https:\/\/petworld.ma\/index.php\/wp-json\/wp\/v2\/product\/22136","targetHints":{"allow":["GET"]}}],"collection":[{"href":"https:\/\/petworld.ma\/index.php\/wp-json\/wp\/v2\/product"}],"about":[{"href":"https:\/\/petworld.ma\/index.php\/wp-json\/wp\/v2\/types\/product"}],"wp:featuredmedia":[{"embeddable":true,"href":"https:\/\/petworld.ma\/index.php\/wp-json\/wp\/v2\/media\/22137"}],"wp:attachment":[{"href":"https:\/\/petworld.ma\/index.php\/wp-json\/wp\/v2\/media?parent=22136"}],"wp:term":[{"taxonomy":"product_brand","embeddable":true,"href":"https:\/\/petworld.ma\/index.php\/wp-json\/wp\/v2\/product_brand?post=22136"},{"taxonomy":"product_cat","embeddable":true,"href":"https:\/\/petworld.ma\/index.php\/wp-json\/wp\/v2\/product_cat?post=22136"},{"taxonomy":"product_tag","embeddable":true,"href":"https:\/\/petworld.ma\/index.php\/wp-json\/wp\/v2\/product_tag?post=22136"}],"curies":[{"name":"wp","href":"https:\/\/api.w.org\/{rel}","templated":true}]}}