{"id":22138,"date":"2025-05-21T19:38:20","date_gmt":"2025-05-21T19:38:20","guid":{"rendered":"https:\/\/petworld.ma\/?post_type=product&#038;p=22138"},"modified":"2026-05-04T07:28:37","modified_gmt":"2026-05-04T07:28:37","slug":"litiere-agglomerante-et-absorbante-lindocat-5l-10l","status":"publish","type":"product","link":"https:\/\/petworld.ma\/index.php\/produit\/litiere-agglomerante-et-absorbante-lindocat-5l-10l\/","title":{"rendered":"Liti\u00e8re agglom\u00e9rante et absorbante LindoCat (5L | 10L)"},"content":{"rendered":"<div class=\"product-section description-section\">\n<div class=\"single-description fr-view\">\n<p><strong>Liti\u00e8re pour chat LindoCat Prestige:<\/strong><\/p>\n<p>La liti\u00e8re Lindo Cat Soft est une liti\u00e8re saine au pouvoir absorbant \u00e9lev\u00e9. Ses granul\u00e9s absorbent deux fois plus de liquides que la liti\u00e8re en argile traditionnelle. Cette liti\u00e8re de qualit\u00e9 sup\u00e9rieure offre un environnement sain \u00e0 vos chats, tout en pr\u00e9venant les agents pathog\u00e8nes cutan\u00e9s et les allergies f\u00e9lines. Sp\u00e9cialement formul\u00e9e pour un contr\u00f4le exceptionnel des odeurs et un nettoyage facile, elle est id\u00e9ale pour vos chats. Choisissez des liti\u00e8res saines pour vos chats dans la boutique Panda, o\u00f9 vous trouverez tous les articles pour chats et animaux de compagnie.<\/p>\n<div><strong>Caract\u00e9ristiques du produit :<\/strong><br \/>\nType de produit : Liti\u00e8re pour chat<br \/>\nMarque : Lindo Cat<br \/>\nTaille : 5 litres<\/div>\n<div>Parfum : Poudre pour b\u00e9b\u00e9<\/div>\n<div><\/div>\n<div><strong>Caract\u00e9ristiques de la liti\u00e8re pour chat Lindo:<\/strong><\/div>\n<ul>\n<li>Liti\u00e8re agglom\u00e9rante de haute qualit\u00e9 et r\u00e9sistante, \u00e0 base de bentonite. Sa granulom\u00e9trie est fine, blanche et finement granul\u00e9e.<\/li>\n<li>Sans ingr\u00e9dients nocifs, tous les propri\u00e9taires de chats peuvent avoir l&rsquo;esprit tranquille.<\/li>\n<\/ul>\n<ul>\n<li>Excellentes propri\u00e9t\u00e9s d&rsquo;absorption des liquides qui \u00e9liminent efficacement les odeurs de mani\u00e8re naturelle.<\/li>\n<li>Contr\u00f4le les mauvaises odeurs.<\/li>\n<li>Agglom\u00e9ration rapide<\/li>\n<li>Non toxique et s\u00fbr<\/li>\n<li>Tr\u00e8s l\u00e9ger<\/li>\n<li>Ne laisse pas de trace sur les pieds<\/li>\n<\/ul>\n<p><strong>Mode d&#8217;emploi :<\/strong><\/p>\n<ul>\n<li>Remplissez le bac \u00e0 liti\u00e8re jusqu&rsquo;\u00e0 une profondeur de 5 cm.<\/li>\n<li>D\u00e9barrassez-vous des parties grumeleuses en les dissolvant dans l&rsquo;eau ou en les utilisant comme engrais organique pour les plantes.<\/li>\n<\/ul>\n<\/div>\n<\/div>\n<p>&nbsp;<\/p>\n","protected":false},"excerpt":{"rendered":"<ul class=\"a-unordered-list a-vertical a-spacing-mini\">\n<li class=\"a-spacing-mini\"><span class=\"a-list-item\">Lindocat \u00ab Bentonite \u00bb est un sable pour chat 100 % naturel fabriqu\u00e9 \u00e0 partir de min\u00e9raux<\/span><\/li>\n<li class=\"a-spacing-mini\"><span class=\"a-list-item\">Avec toutes les fonctionnalit\u00e9s qui \u00e9quipent un sable \u00e0 chat id\u00e9al<\/span><\/li>\n<li class=\"a-spacing-mini\"><span class=\"a-list-item\">Ne contient aucune substance pouvant nuire \u00e0 la sant\u00e9 de votre chat<\/span><\/li>\n<\/ul>\n","protected":false},"featured_media":22144,"template":"","meta":{"jetpack_publicize_message":"","jetpack_publicize_feature_enabled":true,"jetpack_social_post_already_shared":true,"jetpack_social_options":{"image_generator_settings":{"template":"highway","default_image_id":0,"font":"","enabled":false},"version":2}},"product_brand":[],"product_cat":[94],"product_tag":[],"class_list":{"0":"post-22138","1":"product","2":"type-product","3":"status-publish","4":"has-post-thumbnail","6":"product_cat-litieres-et-bacs","8":"first","9":"instock","10":"taxable","11":"shipping-taxable","12":"purchasable","13":"product-type-variable"},"supplier_id":null,"supplier_sku":"","barcode":null,"atum_controlled":true,"out_stock_date":null,"out_stock_threshold":null,"inheritable":true,"inbound_stock":0,"stock_on_hold":3,"sold_today":2,"sales_last_days":15,"reserved_stock":0,"customer_returns":0,"warehouse_damage":0,"lost_in_post":0,"other_logs":0,"out_stock_days":0,"lost_sales":0,"has_location":false,"update_date":"2026-05-04T16:38:37","atum_locations":[],"atum_stock_status":"instock","restock_status":false,"low_stock_amount":"","sales_update_date":"2026-04-27T00:15:10","calc_backorders":null,"jetpack_publicize_connections":[],"jetpack_sharing_enabled":true,"batches":[],"_links":{"self":[{"href":"https:\/\/petworld.ma\/index.php\/wp-json\/wp\/v2\/product\/22138","targetHints":{"allow":["GET"]}}],"collection":[{"href":"https:\/\/petworld.ma\/index.php\/wp-json\/wp\/v2\/product"}],"about":[{"href":"https:\/\/petworld.ma\/index.php\/wp-json\/wp\/v2\/types\/product"}],"wp:featuredmedia":[{"embeddable":true,"href":"https:\/\/petworld.ma\/index.php\/wp-json\/wp\/v2\/media\/22144"}],"wp:attachment":[{"href":"https:\/\/petworld.ma\/index.php\/wp-json\/wp\/v2\/media?parent=22138"}],"wp:term":[{"taxonomy":"product_brand","embeddable":true,"href":"https:\/\/petworld.ma\/index.php\/wp-json\/wp\/v2\/product_brand?post=22138"},{"taxonomy":"product_cat","embeddable":true,"href":"https:\/\/petworld.ma\/index.php\/wp-json\/wp\/v2\/product_cat?post=22138"},{"taxonomy":"product_tag","embeddable":true,"href":"https:\/\/petworld.ma\/index.php\/wp-json\/wp\/v2\/product_tag?post=22138"}],"curies":[{"name":"wp","href":"https:\/\/api.w.org\/{rel}","templated":true}]}}