{"id":22150,"date":"2025-05-21T20:24:35","date_gmt":"2025-05-21T20:24:35","guid":{"rendered":"https:\/\/petworld.ma\/?post_type=product&#038;p=22150"},"modified":"2026-04-26T11:47:23","modified_gmt":"2026-04-26T11:47:23","slug":"litiere-agglomerante-et-absorbante-kikikat-activated-carbon-5l-10l","status":"publish","type":"product","link":"https:\/\/petworld.ma\/index.php\/produit\/litiere-agglomerante-et-absorbante-kikikat-activated-carbon-5l-10l\/","title":{"rendered":"Liti\u00e8re agglom\u00e9rante et absorbante KiKiKat Activated Carbon (5L | 10L)"},"content":{"rendered":"<div class=\"product-section description-section\">\n<div class=\"single-description fr-view\">\n<div class=\"wd-negative-gap elementor-element elementor-element-7433a725 e-flex e-con-boxed e-con e-parent e-lazyloaded\" data-id=\"7433a725\" data-element_type=\"container\">\n<div class=\"e-con-inner\">\n<div class=\"elementor-element elementor-element-7c216738 e-con-full e-flex e-con e-child\" data-id=\"7c216738\" data-element_type=\"container\">\n<div class=\"elementor-element elementor-element-1c18b9b4 wd-single-tabs wd-width-100 elementor-widget elementor-widget-wd_single_product_tabs\" data-id=\"1c18b9b4\" data-element_type=\"widget\" data-widget_type=\"wd_single_product_tabs.default\">\n<div class=\"elementor-widget-container\">\n<div class=\"woocommerce-tabs wc-tabs-wrapper\" data-state=\"first\" data-layout=\"tabs\">\n<div id=\"tab-description\" class=\"woocommerce-Tabs-panel panel entry-content wc-tab woocommerce-Tabs-panel--description\" role=\"tabpanel\" aria-labelledby=\"tab-title-description\" data-accordion-index=\"description\">\n<p>Kikikat Active Carbon est une liti\u00e8re agglom\u00e9rante haut de gamme \u00e0 base d&rsquo;argile bentonite blanche naturelle, sp\u00e9cialement con\u00e7ue pour un contr\u00f4le optimal des odeurs. Gr\u00e2ce \u00e0 ses granul\u00e9s de charbon actif naturel, elle offre une excellente r\u00e9tention des odeurs. L&rsquo;association de l&rsquo;argile bentonite blanche naturelle et des granul\u00e9s de charbon actif est 100 % respectueuse des chats.<\/p>\n<p>\u2013 Agglom\u00e9ration rapide et ramassage facile<\/p>\n<p>\u2013 Facile \u00e0 transporter et \u00e0 ranger<\/p>\n<p>\u2013 Contr\u00f4le exceptionnel des odeurs<\/p>\n<p>\u2013 Agglom\u00e9ration serr\u00e9e, faible production de poussi\u00e8re, pattes propres, tr\u00e8s absorbant, faible tra\u00e7age<\/p>\n<p>Fabriqu\u00e9 en Turquie<\/p>\n<\/div>\n<\/div>\n<\/div>\n<\/div>\n<\/div>\n<\/div>\n<\/div>\n<div class=\"wd-negative-gap elementor-element elementor-element-3759c0bf e-flex e-con-boxed e-con e-parent e-lazyloaded\" data-id=\"3759c0bf\" data-element_type=\"container\">\n<div class=\"e-con-inner\">\n<div class=\"elementor-element elementor-element-1f52fbd0 wd-width-100 elementor-widget elementor-widget-wd_products\" data-id=\"1f52fbd0\" data-element_type=\"widget\" data-widget_type=\"wd_products.default\">\n<div class=\"elementor-widget-container\">\n<div id=\"carousel-802\" class=\"wd-carousel-container with-title wd-products-element wd-products products wd-stretch-cont-lg wd-stretch-cont-md wd-stretch-cont-sm wd-quantity-enabled wd-carousel-dis-mb wd-off-md wd-off-sm title-line-one\">\n<h4 class=\"wd-el-title title slider-title element-title\"><\/h4>\n<\/div>\n<\/div>\n<\/div>\n<\/div>\n<\/div>\n<\/div>\n<\/div>\n","protected":false},"excerpt":{"rendered":"<p>Kikikat Active Carbon est une liti\u00e8re agglom\u00e9rante haut de gamme \u00e0 base d&rsquo;argile bentonite blanche naturelle, sp\u00e9cialement con\u00e7ue pour un contr\u00f4le optimal des odeurs. Gr\u00e2ce \u00e0 ses granul\u00e9s de charbon actif naturel, elle offre une excellente r\u00e9tention des odeurs. L&rsquo;association de l&rsquo;argile bentonite blanche naturelle et des granul\u00e9s de charbon actif est 100 % respectueuse [&#8230;]\n","protected":false},"featured_media":22155,"template":"","meta":{"jetpack_publicize_message":"","jetpack_publicize_feature_enabled":true,"jetpack_social_post_already_shared":true,"jetpack_social_options":{"image_generator_settings":{"template":"highway","default_image_id":0,"font":"","enabled":false},"version":2}},"product_brand":[],"product_cat":[94],"product_tag":[],"class_list":{"0":"post-22150","1":"product","2":"type-product","3":"status-publish","4":"has-post-thumbnail","6":"product_cat-litieres-et-bacs","8":"first","9":"instock","10":"taxable","11":"shipping-taxable","12":"purchasable","13":"product-type-variable"},"supplier_id":null,"supplier_sku":"","barcode":null,"atum_controlled":true,"out_stock_date":null,"out_stock_threshold":null,"inheritable":true,"inbound_stock":0,"stock_on_hold":2,"sold_today":0,"sales_last_days":4,"reserved_stock":0,"customer_returns":0,"warehouse_damage":0,"lost_in_post":0,"other_logs":0,"out_stock_days":0,"lost_sales":0,"has_location":false,"update_date":"2026-04-27T09:54:55","atum_locations":[],"atum_stock_status":"instock","restock_status":false,"low_stock_amount":"","sales_update_date":"2026-04-25T08:58:42","calc_backorders":null,"jetpack_publicize_connections":[],"jetpack_sharing_enabled":true,"batches":[],"_links":{"self":[{"href":"https:\/\/petworld.ma\/index.php\/wp-json\/wp\/v2\/product\/22150","targetHints":{"allow":["GET"]}}],"collection":[{"href":"https:\/\/petworld.ma\/index.php\/wp-json\/wp\/v2\/product"}],"about":[{"href":"https:\/\/petworld.ma\/index.php\/wp-json\/wp\/v2\/types\/product"}],"wp:featuredmedia":[{"embeddable":true,"href":"https:\/\/petworld.ma\/index.php\/wp-json\/wp\/v2\/media\/22155"}],"wp:attachment":[{"href":"https:\/\/petworld.ma\/index.php\/wp-json\/wp\/v2\/media?parent=22150"}],"wp:term":[{"taxonomy":"product_brand","embeddable":true,"href":"https:\/\/petworld.ma\/index.php\/wp-json\/wp\/v2\/product_brand?post=22150"},{"taxonomy":"product_cat","embeddable":true,"href":"https:\/\/petworld.ma\/index.php\/wp-json\/wp\/v2\/product_cat?post=22150"},{"taxonomy":"product_tag","embeddable":true,"href":"https:\/\/petworld.ma\/index.php\/wp-json\/wp\/v2\/product_tag?post=22150"}],"curies":[{"name":"wp","href":"https:\/\/api.w.org\/{rel}","templated":true}]}}