{"id":22207,"date":"2025-05-22T21:51:29","date_gmt":"2025-05-22T21:51:29","guid":{"rendered":"https:\/\/petworld.ma\/?post_type=product&#038;p=22207"},"modified":"2026-03-25T18:42:47","modified_gmt":"2026-03-25T18:42:47","slug":"royal-canin-medium-puppy-15-kg-promo","status":"publish","type":"product","link":"https:\/\/petworld.ma\/index.php\/produit\/royal-canin-medium-puppy-15-kg-promo\/","title":{"rendered":"Royal Canin Medium Puppy 15 Kg Promo"},"content":{"rendered":"<div class=\"product-section description-section\">\n<div class=\"single-description fr-view\">\n<div>\n<div>\n<h2>Aliment complet pour chiots de taille moyenne (poids adulte de 11 \u00e0 25 kg) &#8211; Jusqu\u2019\u00e0 12 mois.<\/h2>\n<\/div>\n<\/div>\n<div>ROYAL CANIN\u00ae Medium Puppy est sp\u00e9cialement con\u00e7u pour r\u00e9pondre aux besoins nutritionnels de votre chiot de taille moyenne. Cet aliment convient aux chiots de taille moyenne \u00e2g\u00e9s de 2 \u00e0 12 mois dont le poids \u00e0 l\u2019\u00e2ge adulte se situera entre 11 et 25 kg. \u00a0 La formule ROYAL CANIN\u00ae Medium Puppy contient un complexe d\u2019antioxydants pour renforcer les d\u00e9fenses naturelles de votre chiot afin de favoriser sa phase de croissance. \u00a0 Le m\u00e9lange de nutriments aux prot\u00e9ines de haute qualit\u00e9 (comme la L.I.P., connue pour sa tr\u00e8s haute digestibilit\u00e9) et de pr\u00e9biotiques permettent de renforcer la sant\u00e9 digestive de votre chiot. \u00a0 Dans la mesure o\u00f9 la p\u00e9riode de croissance des chiots de taille moyenne est relativement courte, leur alimentation doit avoir un contenu \u00e9nerg\u00e9tique \u00e9lev\u00e9 et adapt\u00e9 \u00e0 leurs hauts niveaux d\u2019\u00e9nergie. Heureusement, ROYAL CANIN\u00ae Medium Puppy a une teneur accrue en prot\u00e9ines pour favoriser une croissance musculaire et osseuse saine.<\/div>\n<div><\/div>\n<div><strong>\u00a0 \u00a0BENEFICES :<\/strong><\/div>\n<div><\/div>\n<div>\n<ul>\n<li>\n<div>Soutien du syst\u00e8me immunitaire<\/div>\n<div>La croissance est une \u00e9tape essentielle dans la vie de votre chien\u00a0: c\u2019est le moment des grands changements, des d\u00e9couvertes et des nouvelles rencontres. Durant cette p\u00e9riode cl\u00e9, le syst\u00e8me immunitaire du chiot se construit progressivement. ROYAL CANIN\u00ae Medium Puppy aide \u00e0 soutenir les d\u00e9fenses naturelles de votre chiot notamment gr\u00e2ce \u00e0 un complexe d\u2019antioxydants comprenant de la vitamine E.<\/div>\n<\/li>\n<li>\n<div>Sant\u00e9 digestive<\/div>\n<div>Combinaison de nutriments avec des prot\u00e9ines de haute qualit\u00e9 (L.I.P.*) et des pr\u00e9biotiques (FOS) pour favoriser la sant\u00e9 digestive et l\u2019\u00e9quilibre de la flore intestinale, contribuant ainsi \u00e0 la bonne qualit\u00e9 des selles. *Prot\u00e9ine s\u00e9lectionn\u00e9e pour sa tr\u00e8s haute digestibilit\u00e9.<\/div>\n<\/li>\n<li>\n<div>Croissance courte &#8211; contenu \u00e9nerg\u00e9tique \u00e9lev\u00e9<\/div>\n<div>R\u00e9pond aux besoins \u00e9nerg\u00e9tiques \u00e9lev\u00e9s du chiot de race moyenne qui conna\u00eet une croissance courte.<\/div>\n<\/li>\n<\/ul>\n<p><strong>\u00a0 \u00a0INFORMATIONS NUTRITIONELLES :<\/strong><\/p>\n<div>Composition : prot\u00e9ines de volaille d\u00e9shydrat\u00e9es, graisses animales, ma\u00efs, isolat de prot\u00e9ines v\u00e9g\u00e9tales*, pulpe de betterave, gluten de ma\u00efs, riz, farine de bl\u00e9, hydrolysat de prot\u00e9ines animales, bl\u00e9, farine de ma\u00efs, sels min\u00e9raux, huile de poisson, huile de soja, levures et composants de levures, fructo-oligo-saccharides (0,34\u00a0%), hydrolysat de levure (source de manno-oligo-saccharides), extraits de levure (source de b\u00eata-glucans), extrait de rose d\u2019inde (source de lut\u00e9ine).<\/div>\n<p>Additifs (au\u00a0kg)\u00a0: Additifs nutritionnels\u00a0: Vitamine A\u00a0: 16000\u00a0UI, Vitamine D3\u00a0: 1000\u00a0UI, Vitamine E\u00a0: 520\u00a0mg, E1 (Fer)\u00a0: 45\u00a0mg, E2 (Iode)\u00a0: 4,5\u00a0mg, E4 (Cuivre)\u00a0: 14\u00a0mg, E5 (Mangan\u00e8se)\u00a0: 59\u00a0mg, E6 (Zinc)\u00a0: 123\u00a0mg, E8 (S\u00e9l\u00e9nium)\u00a0: 0,08\u00a0mg\u00a0&#8211; Additifs technologiques\u00a0: Clinoptilolite d\u2019origine s\u00e9dimentaire\u00a0: 10\u00a0g\u00a0&#8211; Additifs sensoriels\u00a0: Extrait de yucca\u00a0: 125\u00a0mg\u00a0&#8211; Conservateurs\u00a0&#8211; Antioxyg\u00e8nes.<\/p>\n<p>Constituants analytiques : Prot\u00e9ine : 32 % &#8211; Teneur en mati\u00e8res grasses : 20 % &#8211; Cendres brutes : 8 % &#8211; Cellulose brute : 1,7 %.<\/p>\n<p>*L.I.P. : prot\u00e9ine s\u00e9lectionn\u00e9e pour sa tr\u00e8s haute digestibilit\u00e9.<\/p>\n<p>Mode d\u2019emploi : voir tableau. Num\u00e9ro de lot et d\u2019identifiant usine, \u00e0 utiliser de pr\u00e9f\u00e9rence avant : voir sur l\u2019emballage. \u00c0 conserver dans un endroit sec et frais.<\/p>\n<p><strong>\u00a0 \u00a0RATIONS :<\/strong><\/p>\n<table>\n<thead>\n<tr>\n<th>Poids \u00e0 l&rsquo;\u00e2ge adulte<\/th>\n<th>11 kg<\/th>\n<th>14 kg<\/th>\n<th>18 kg<\/th>\n<th>22 kg<\/th>\n<th>29 kg<\/th>\n<\/tr>\n<\/thead>\n<tbody>\n<tr>\n<td>Age (mois)<\/td>\n<td>Gramme (Dose)<\/td>\n<td>Gramme (Dose)<\/td>\n<td>Gramme (Dose)<\/td>\n<td>Gramme (Dose)<\/td>\n<td>Gramme (Dose)<\/td>\n<\/tr>\n<tr>\n<td>2 m<\/td>\n<td>155 g (1+4\/8)<\/td>\n<td>184 g (1+7\/8)<\/td>\n<td>217 g (2+1\/8)<\/td>\n<td>237 g (2+3\/8)<\/td>\n<td>244 g (2+3\/8)<\/td>\n<\/tr>\n<tr>\n<td>3 m<\/td>\n<td>182 g (1+6\/8)<\/td>\n<td>216 g (2+1\/8)<\/td>\n<td>259 g (2+5\/8)<\/td>\n<td>288 g (2+7\/8)<\/td>\n<td>300 g (3)<\/td>\n<\/tr>\n<tr>\n<td>4 m<\/td>\n<td>194 g (1+7\/8)<\/td>\n<td>232 g (2+2\/8)<\/td>\n<td>279 g (2+6\/8)<\/td>\n<td>311 g (3+1\/8)<\/td>\n<td>325 g (3+2\/8)<\/td>\n<\/tr>\n<tr>\n<td>5 m<\/td>\n<td>197 g (2)<\/td>\n<td>236 g (2+3\/8)<\/td>\n<td>285 g (2+7\/8)<\/td>\n<td>324 g (3+2\/8)<\/td>\n<td>247 g (3+4\/8)<\/td>\n<\/tr>\n<tr>\n<td>6 m<\/td>\n<td>197 g (2)<\/td>\n<td>236 g (2+3\/8)<\/td>\n<td>285 g (2+7\/8)<\/td>\n<td>332 g (3+2\/8)<\/td>\n<td>366 g (3+5\/8)<\/td>\n<\/tr>\n<tr>\n<td>8 m<\/td>\n<td>159 g (1+5\/8)<\/td>\n<td>204 g (2)<\/td>\n<td>247 g (2+4\/8)<\/td>\n<td>298 g (3)<\/td>\n<td>330 g (3+2\/8)<\/td>\n<\/tr>\n<tr>\n<td>10 m<\/td>\n<td>141 g (1+3\/8)<\/td>\n<td>169 g (1+5\/8)<\/td>\n<td>205 g (2)<\/td>\n<td>239 g (2+3\/8)<\/td>\n<td>264 g (2+5\/8)<\/td>\n<\/tr>\n<tr>\n<td>12 m<\/td>\n<td>Medium Adult<\/td>\n<td>Medium Adult<\/td>\n<td>202 g (2)<\/td>\n<td>235 g (2+3\/8)<\/td>\n<td>261 g (2+5\/8)<\/td>\n<\/tr>\n<tr>\n<td>13 m<\/td>\n<td>Medium Adult<\/td>\n<td>Medium Adult<\/td>\n<td>Medium Adult<\/td>\n<td>Medium Adult<\/td>\n<td>259 g (2+5\/8)<\/td>\n<\/tr>\n<\/tbody>\n<\/table>\n<p><a href=\"https:\/\/wa.me\/212708052510\" target=\"_blank\" rel=\"noopener noreferrer\"><img loading=\"lazy\" decoding=\"async\" class=\"fr-fic fr-dib aligncenter\" src=\"https:\/\/cdn.youcan.shop\/stores\/d0742d556df94ddbc7ae4c9810aff04b\/others\/LrBHt89zA6Oj6fARv6DEP61yTgLMpS5GgxZysrKS.png\" width=\"292\" height=\"77\" data-name=\"stores\/d0742d556df94ddbc7ae4c9810aff04b\/others\/LrBHt89zA6Oj6fARv6DEP61yTgLMpS5GgxZysrKS.png\" \/><\/a><\/p>\n<\/div>\n<\/div>\n<\/div>\n<div class=\"product-section add-to-cart-section\">\n<div class=\"quantity\"><\/div>\n<\/div>\n","protected":false},"excerpt":{"rendered":"<p>Aliment complet pour chiots de taille moyenne (poids adulte de 11 \u00e0 25 kg) &#8211; Jusqu\u2019\u00e0 12 mois. ROYAL CANIN\u00ae Medium Puppy est sp\u00e9cialement con\u00e7u pour r\u00e9pondre aux besoins nutritionnels de votre chiot de taille moyenne. Cet aliment convient aux chiots de taille moyenne \u00e2g\u00e9s de 2 \u00e0 12 mois dont le poids \u00e0 l\u2019\u00e2ge [&#8230;]\n","protected":false},"featured_media":22260,"template":"","meta":{"jetpack_publicize_message":"","jetpack_publicize_feature_enabled":true,"jetpack_social_post_already_shared":true,"jetpack_social_options":{"image_generator_settings":{"template":"highway","default_image_id":0,"font":"","enabled":false},"version":2}},"product_brand":[],"product_cat":[26,187],"product_tag":[],"class_list":{"0":"post-22207","1":"product","2":"type-product","3":"status-publish","4":"has-post-thumbnail","6":"product_cat-croquettes","7":"product_cat-destockage","9":"first","10":"instock","11":"sale","12":"taxable","13":"shipping-taxable","14":"purchasable","15":"product-type-simple"},"supplier_id":5587,"supplier_sku":"7121-500","barcode":null,"atum_controlled":true,"out_stock_date":null,"out_stock_threshold":null,"inheritable":false,"inbound_stock":0,"stock_on_hold":0,"sold_today":0,"sales_last_days":0,"reserved_stock":0,"customer_returns":0,"warehouse_damage":0,"lost_in_post":0,"other_logs":0,"out_stock_days":0,"lost_sales":0,"has_location":false,"update_date":"2026-04-04T10:31:56","atum_locations":[],"atum_stock_status":"instock","restock_status":false,"low_stock_amount":2,"sales_update_date":"2026-04-04T10:31:56","calc_backorders":null,"jetpack_publicize_connections":[],"jetpack_sharing_enabled":true,"batches":[{"id":"3566","date_created":"2025-05-22 22:02:26","date_expiry":"2026-04-09 00:00:00","user_id":"2461","batch_number":"Royal Canin Medium Puppy 15 Kg Promo","location":"","quantity":"5.0000","quantity_available":"0.0000","units":"1","status":"archived","order_ids":"[25435,25676,26042,26719,27242]","supplier":"Royal Canin","po":{"id":"3533","date_created":"2025-05-22 22:02:27","batch_id":"3566","po_number":"","supplier":"Royal Canin","cost":null,"regular_price":null,"sale_price":null,"price_margin":null,"price_discount":null}},{"id":"5362","date_created":"2025-09-16 11:52:40","date_expiry":"2026-06-15 00:00:00","user_id":"2461","batch_number":"Royal Canin Medium Puppy 15 Kg Promo150626","location":"","quantity":"2.0000","quantity_available":"0.0000","units":"1","status":"archived","order_ids":"[27335,27443]","supplier":"Royal Canin","po":{"id":"5319","date_created":"2025-09-16 11:52:43","batch_id":"5362","po_number":"","supplier":"Royal Canin","cost":null,"regular_price":null,"sale_price":null,"price_margin":null,"price_discount":null}},{"id":"5420","date_created":"2025-09-20 13:56:47","date_expiry":"2026-06-15 00:00:00","user_id":"2461","batch_number":"Royal Canin Medium Puppy 15 Kg Promo150626","location":"","quantity":"2.0000","quantity_available":"0.0000","units":"1","status":"archived","order_ids":"[28919,30967]","supplier":"Royal Canin","po":{"id":"5377","date_created":"2025-09-20 13:56:48","batch_id":"5420","po_number":"","supplier":"Royal Canin","cost":null,"regular_price":null,"sale_price":null,"price_margin":null,"price_discount":null}},{"id":"6710","date_created":"2025-12-16 08:31:45","date_expiry":"2026-09-02 00:00:00","user_id":"2461","batch_number":"Royal Canin Medium Puppy 15 Kg Promo020926","location":"","quantity":"2.0000","quantity_available":"0.0000","units":"1","status":"archived","order_ids":"[34965,35491]","supplier":"Royal Canin","po":{"id":"6656","date_created":"2025-12-16 08:31:45","batch_id":"6710","po_number":"","supplier":"Royal Canin","cost":null,"regular_price":null,"sale_price":null,"price_margin":null,"price_discount":null}},{"id":"6815","date_created":"2025-12-21 15:48:19","date_expiry":"2026-07-10 00:00:00","user_id":"2461","batch_number":"Royal Canin Medium Puppy 15 Kg Promo100726","location":"","quantity":"1.0000","quantity_available":"0.0000","units":"1","status":"archived","order_ids":"[34054]","supplier":"Royal Canin","po":{"id":"6762","date_created":"2025-12-21 15:48:20","batch_id":"6815","po_number":"","supplier":"Royal Canin","cost":null,"regular_price":null,"sale_price":null,"price_margin":null,"price_discount":null}},{"id":"7130","date_created":"2026-01-10 15:19:13","date_expiry":"2026-09-02 00:00:00","user_id":"2461","batch_number":"Royal Canin Medium Puppy 15 Kg Promo020926","location":"","quantity":"4.0000","quantity_available":"2.0000","units":"1","status":"active","order_ids":"[36176,37133]","supplier":"Royal Canin","po":{"id":"7066","date_created":"2026-01-10 15:19:14","batch_id":"7130","po_number":"","supplier":"Royal Canin","cost":null,"regular_price":null,"sale_price":null,"price_margin":null,"price_discount":null}},{"id":"7177","date_created":"2026-01-14 11:40:48","date_expiry":"2026-09-02 00:00:00","user_id":"2461","batch_number":"Royal Canin Medium Puppy 15 Kg Promo020926","location":"","quantity":"2.0000","quantity_available":"0.0000","units":"1","status":"archived","order_ids":"[35618,35649]","supplier":"Royal Canin","po":{"id":"7113","date_created":"2026-01-14 11:40:49","batch_id":"7177","po_number":"","supplier":"Royal Canin","cost":null,"regular_price":null,"sale_price":null,"price_margin":null,"price_discount":null}},{"id":"7219","date_created":"2026-01-17 17:16:33","date_expiry":"2026-09-02 00:00:00","user_id":"2461","batch_number":"Royal Canin Medium Puppy 15 Kg Promo020926","location":"","quantity":"2.0000","quantity_available":"0.0000","units":"1","status":"archived","order_ids":"[35649,36149]","supplier":"Royal Canin","po":{"id":"7155","date_created":"2026-01-17 17:16:34","batch_id":"7219","po_number":"","supplier":"Royal Canin","cost":null,"regular_price":null,"sale_price":null,"price_margin":null,"price_discount":null}},{"id":"8517","date_created":"2026-03-25 18:42:46","date_expiry":"2026-09-02 00:00:00","user_id":"2461","batch_number":"Royal Canin Medium Puppy 15 Kg Promo020926","location":"","quantity":"1.0000","quantity_available":"1.0000","units":"1","status":"active","order_ids":null,"supplier":"Royal Canin","po":{"id":"8445","date_created":"2026-03-25 18:42:47","batch_id":"8517","po_number":"","supplier":"Royal Canin","cost":null,"regular_price":null,"sale_price":null,"price_margin":null,"price_discount":null}}],"_links":{"self":[{"href":"https:\/\/petworld.ma\/index.php\/wp-json\/wp\/v2\/product\/22207","targetHints":{"allow":["GET"]}}],"collection":[{"href":"https:\/\/petworld.ma\/index.php\/wp-json\/wp\/v2\/product"}],"about":[{"href":"https:\/\/petworld.ma\/index.php\/wp-json\/wp\/v2\/types\/product"}],"wp:featuredmedia":[{"embeddable":true,"href":"https:\/\/petworld.ma\/index.php\/wp-json\/wp\/v2\/media\/22260"}],"wp:attachment":[{"href":"https:\/\/petworld.ma\/index.php\/wp-json\/wp\/v2\/media?parent=22207"}],"wp:term":[{"taxonomy":"product_brand","embeddable":true,"href":"https:\/\/petworld.ma\/index.php\/wp-json\/wp\/v2\/product_brand?post=22207"},{"taxonomy":"product_cat","embeddable":true,"href":"https:\/\/petworld.ma\/index.php\/wp-json\/wp\/v2\/product_cat?post=22207"},{"taxonomy":"product_tag","embeddable":true,"href":"https:\/\/petworld.ma\/index.php\/wp-json\/wp\/v2\/product_tag?post=22207"}],"curies":[{"name":"wp","href":"https:\/\/api.w.org\/{rel}","templated":true}]}}