{"id":22224,"date":"2025-05-23T09:50:25","date_gmt":"2025-05-23T09:50:25","guid":{"rendered":"https:\/\/petworld.ma\/?post_type=product&#038;p=22224"},"modified":"2025-07-19T12:50:31","modified_gmt":"2025-07-19T12:50:31","slug":"sac-a-dos-spacieux-et-aere-pour-chien-et-chat-everest-rose","status":"publish","type":"product","link":"https:\/\/petworld.ma\/index.php\/produit\/sac-a-dos-spacieux-et-aere-pour-chien-et-chat-everest-rose\/","title":{"rendered":"Sac \u00e0 dos Spacieux et a\u00e9r\u00e9 Pour chien et chat jusqu&rsquo;\u00e0 8kg Everest Rose"},"content":{"rendered":"<p>Etes vous pr\u00eat \u00e0 avaler les kilom\u00e8tres et prendre de l&rsquo;altitude ? Avec ce sac, emmener votre compagnon au bout du monde !<\/p>\n<ul>\n<li>Sac \u00e0 dos a\u00e9r\u00e9 et ultra confortable rose pour chien et chat<\/li>\n<li>Sangle rembourr\u00e9 et r\u00e9glable au niveau des \u00e9paules pour un confort optimal<\/li>\n<li>R\u00e9glage et attache \u00e9galement au niveau de la taille pour que le sac reste bien en place sur votre dos<\/li>\n<li>Fond int\u00e9rieur amovible recouvert de faux mouton<\/li>\n<li>Poign\u00e9e sur le dessus pour pourvoir le transporter \u00e9galement \u00e0 la main<\/li>\n<li>Grande ouverture par zip sur le devant avec filet d&rsquo;a\u00e9ration, plus une grande ouverture \u00e0 l&rsquo;arri\u00e8re<\/li>\n<li>Poche de rangement sur le cot\u00e9 pour y mettre une gourde ou une gamelle pliante<\/li>\n<li>Fond rigide pour plus de stabilit\u00e9 et de confort pour votre petit compagnon<\/li>\n<li>Attache de s\u00e9curit\u00e9 int\u00e9rieur<\/li>\n<li>Grande poche de rangement avec fermeture par zip \u00e0 l&rsquo;arri\u00e8re du sac<\/li>\n<li>Dimensions: 43x34x26cm<\/li>\n<\/ul>\n<p>Pouvant contenir j&rsquo;jusqu&rsquo;\u00e0 8kg de poids<\/p>\n<div class=\"attribute-item\"><\/div>\n<p>&nbsp;<\/p>\n","protected":false},"excerpt":{"rendered":"<p>D\u00e9couvrez notre capsule spatiale pour sac \u00e0 dos Cat Carrier ! Id\u00e9ale pour voyager avec votre chat, elle offre confort et s\u00e9curit\u00e9. Fabriqu\u00e9e en mat\u00e9riaux durables et respirants, avec une bulle transparente pour que votre chat puisse observer son environnement. Pratique avec son bol d&rsquo;eau amovible. Parfait pour toutes vos aventures avec votre compagnon f\u00e9lin !<\/p>\n<p>Dimensions: 43x34x26cm<\/p>\n","protected":false},"featured_media":22226,"template":"","meta":{"jetpack_publicize_message":"","jetpack_publicize_feature_enabled":true,"jetpack_social_post_already_shared":true,"jetpack_social_options":{"image_generator_settings":{"template":"highway","default_image_id":0,"font":"","enabled":false},"version":2}},"product_brand":[],"product_cat":[91,90],"product_tag":[],"class_list":{"0":"post-22224","1":"product","2":"type-product","3":"status-publish","4":"has-post-thumbnail","6":"product_cat-sac-de-transport-pour-chat","7":"product_cat-sac-de-transport-pour-chien","9":"first","10":"outofstock","11":"sale","12":"taxable","13":"shipping-taxable","14":"purchasable","15":"product-type-simple"},"supplier_id":null,"supplier_sku":"","barcode":null,"atum_controlled":true,"out_stock_date":"2025-07-19 11:42:40","out_stock_threshold":null,"inheritable":false,"inbound_stock":0,"stock_on_hold":0,"sold_today":0,"sales_last_days":0,"reserved_stock":0,"customer_returns":0,"warehouse_damage":0,"lost_in_post":0,"other_logs":0,"out_stock_days":279,"lost_sales":47828,"has_location":false,"update_date":"2026-04-25T08:58:42","atum_locations":[],"atum_stock_status":"outofstock","restock_status":false,"low_stock_amount":1,"sales_update_date":"2026-04-25T08:58:42","calc_backorders":null,"jetpack_publicize_connections":[],"jetpack_sharing_enabled":true,"batches":[],"_links":{"self":[{"href":"https:\/\/petworld.ma\/index.php\/wp-json\/wp\/v2\/product\/22224","targetHints":{"allow":["GET"]}}],"collection":[{"href":"https:\/\/petworld.ma\/index.php\/wp-json\/wp\/v2\/product"}],"about":[{"href":"https:\/\/petworld.ma\/index.php\/wp-json\/wp\/v2\/types\/product"}],"wp:featuredmedia":[{"embeddable":true,"href":"https:\/\/petworld.ma\/index.php\/wp-json\/wp\/v2\/media\/22226"}],"wp:attachment":[{"href":"https:\/\/petworld.ma\/index.php\/wp-json\/wp\/v2\/media?parent=22224"}],"wp:term":[{"taxonomy":"product_brand","embeddable":true,"href":"https:\/\/petworld.ma\/index.php\/wp-json\/wp\/v2\/product_brand?post=22224"},{"taxonomy":"product_cat","embeddable":true,"href":"https:\/\/petworld.ma\/index.php\/wp-json\/wp\/v2\/product_cat?post=22224"},{"taxonomy":"product_tag","embeddable":true,"href":"https:\/\/petworld.ma\/index.php\/wp-json\/wp\/v2\/product_tag?post=22224"}],"curies":[{"name":"wp","href":"https:\/\/api.w.org\/{rel}","templated":true}]}}