{"id":22232,"date":"2025-05-23T10:03:16","date_gmt":"2025-05-23T10:03:16","guid":{"rendered":"https:\/\/petworld.ma\/?post_type=product&#038;p=22232"},"modified":"2026-04-22T15:24:27","modified_gmt":"2026-04-22T15:24:27","slug":"friskies-pochon-pour-chats-saumon-en-sauce-85-g","status":"publish","type":"product","link":"https:\/\/petworld.ma\/index.php\/produit\/friskies-pochon-pour-chats-saumon-en-sauce-85-g\/","title":{"rendered":"Friskies Pochon pour chats  Saumon en sauce 85 g"},"content":{"rendered":"<div class=\"hidden-xs\">\n<p>Aliment humide complet Premium pour chats st\u00e9rilis\u00e9s.<\/p>\n<p>Une partie int\u00e9grante du quotidien de votre chat est sa portion matinale de viande en sachet pr\u00e9f\u00e9r\u00e9e. Les sachets de viande Brit Premium sont adapt\u00e9s aux pr\u00e9f\u00e9rences naturelles et aux besoins sp\u00e9cifiques de votre chat.<\/p>\n<\/div>\n<p class=\"composition\"><strong>Composition :<\/strong>\u00a080 % de viandes et sous-produits animaux en morceaux (dont 8 % de poulet), sous-produits d&rsquo;origine v\u00e9g\u00e9tale (dont 0,4 % d&rsquo;inuline), min\u00e9raux. Sans colorants, sans conservateurs.<\/p>\n<p><strong>Ingr\u00e9dients analytiques :<\/strong>\u00a0prot\u00e9ines 8,5 %, teneur en mati\u00e8res grasses 3 %, cendres brutes 2,5 %, fibres brutes 1 %, humidit\u00e9 82 %.<\/p>\n<p><strong>Composition nutritionnelle :<\/strong>\u00a0Vitamine D3(E671) 250 UI, Vitamine E(\u03b1-tocoph\u00e9rol) (3a700) 100 mg, Zinc (3b606) 10 mg, Mangan\u00e8se (E5) 2 mg, Iode (3b201) 0,7 mg, Cuivre (E4) 0,2 mg, Taurine 4(3a370) 450 mg, Biotine 0,1 mg.<\/p>\n","protected":false},"excerpt":{"rendered":"<ul>\n<li>Nutrition savoureuse 100% compl\u00e8te et \u00e9quilibr\u00e9e avec des prot\u00e9ines de qualit\u00e9 pour la sant\u00e9 et le bonheur des chats<\/li>\n<li>Sans colorants, sans ar\u00f4mes artificiels ni conservateurs ajout\u00e9s<\/li>\n<li>Produits \u00e9galement adapt\u00e9s aux chats st\u00e9rilis\u00e9s<\/li>\n<li>D\u00e9velopp\u00e9 par les nutritionnistes de Purina<\/li>\n<li>Plus de 1000 contr\u00f4les quotidiens de la qualit\u00e9 des ingr\u00e9dients et de la production<\/li>\n<li>Fabriqu\u00e9 avec des ingr\u00e9dients de haute qualit\u00e9 soigneusement s\u00e9lectionn\u00e9s aupr\u00e8s de fournisseurs connus et de confiance<\/li>\n<\/ul>\n","protected":false},"featured_media":22233,"template":"","meta":{"jetpack_publicize_message":"","jetpack_publicize_feature_enabled":true,"jetpack_social_post_already_shared":true,"jetpack_social_options":{"image_generator_settings":{"template":"highway","default_image_id":0,"font":"","enabled":false},"version":2}},"product_brand":[],"product_cat":[187,41],"product_tag":[],"class_list":{"0":"post-22232","1":"product","2":"type-product","3":"status-publish","4":"has-post-thumbnail","6":"product_cat-destockage","7":"product_cat-friandises-et-pate-pour-chat","9":"first","10":"instock","11":"sale","12":"taxable","13":"shipping-taxable","14":"purchasable","15":"product-type-simple"},"supplier_id":5592,"supplier_sku":"976732","barcode":"7613036976732","atum_controlled":true,"out_stock_date":null,"out_stock_threshold":null,"inheritable":false,"inbound_stock":0,"stock_on_hold":0,"sold_today":0,"sales_last_days":12,"reserved_stock":0,"customer_returns":0,"warehouse_damage":0,"lost_in_post":0,"other_logs":0,"out_stock_days":0,"lost_sales":0,"has_location":false,"update_date":"2026-04-24T13:34:09","atum_locations":[],"atum_stock_status":"instock","restock_status":false,"low_stock_amount":24,"sales_update_date":"2026-04-24T13:34:08","calc_backorders":null,"jetpack_publicize_connections":[],"jetpack_sharing_enabled":true,"batches":[{"id":"3571","date_created":"2025-05-23 10:06:22","date_expiry":"2026-05-31 00:00:00","user_id":"1","batch_number":"friskiessaumon0526","location":"","quantity":"260.0000","quantity_available":"121.0000","units":"1","status":"active","order_ids":"[22271,22471,22811,23299,23485,23670,23774,23923,24867,24905,25234,25306,25620,25670,25818,26101,26551,27861,28270,29616,30061,30250,30265,30479,30866,30899,31000,31023,31970,33851,34621,34821,36165,38420,38662,38643,39280,39544,40040,40543]","supplier":"Casablanca","po":{"id":"3539","date_created":"2025-05-23 10:06:23","batch_id":"3571","po_number":"","supplier":"Casablanca","cost":null,"regular_price":null,"sale_price":null,"price_margin":null,"price_discount":null}}],"_links":{"self":[{"href":"https:\/\/petworld.ma\/index.php\/wp-json\/wp\/v2\/product\/22232","targetHints":{"allow":["GET"]}}],"collection":[{"href":"https:\/\/petworld.ma\/index.php\/wp-json\/wp\/v2\/product"}],"about":[{"href":"https:\/\/petworld.ma\/index.php\/wp-json\/wp\/v2\/types\/product"}],"wp:featuredmedia":[{"embeddable":true,"href":"https:\/\/petworld.ma\/index.php\/wp-json\/wp\/v2\/media\/22233"}],"wp:attachment":[{"href":"https:\/\/petworld.ma\/index.php\/wp-json\/wp\/v2\/media?parent=22232"}],"wp:term":[{"taxonomy":"product_brand","embeddable":true,"href":"https:\/\/petworld.ma\/index.php\/wp-json\/wp\/v2\/product_brand?post=22232"},{"taxonomy":"product_cat","embeddable":true,"href":"https:\/\/petworld.ma\/index.php\/wp-json\/wp\/v2\/product_cat?post=22232"},{"taxonomy":"product_tag","embeddable":true,"href":"https:\/\/petworld.ma\/index.php\/wp-json\/wp\/v2\/product_tag?post=22232"}],"curies":[{"name":"wp","href":"https:\/\/api.w.org\/{rel}","templated":true}]}}