{"id":22326,"date":"2025-05-25T15:11:18","date_gmt":"2025-05-25T15:11:18","guid":{"rendered":"https:\/\/petworld.ma\/?post_type=product&#038;p=22326"},"modified":"2026-05-02T18:52:39","modified_gmt":"2026-05-02T18:52:39","slug":"apres-shampoing-plouf-chien-et-chat-200-ml","status":"publish","type":"product","link":"https:\/\/petworld.ma\/index.php\/produit\/apres-shampoing-plouf-chien-et-chat-200-ml\/","title":{"rendered":"Apr\u00e8s-Shampoing Plouf Chien et Chat 200 ml"},"content":{"rendered":"<p>L&rsquo;apr\u00e8s-shampoing Plouf convient aux chiens et chats de tous types de poil.<\/p>\n<p>Ses actions<\/p>\n<p>\u2013 Nourrit en profondeur<\/p>\n<p>\u2013 Facilite le d\u00e9m\u00ealage<\/p>\n<p>\u2013 Apporte brillance au pelage<\/p>\n<p><strong>Son parfum:<\/strong><\/p>\n<p>Une odeur douce et fruit\u00e9e qui vous conquerra \u00e0 coup s\u00fbr.<\/p>\n<p><strong>Sa texture:\u00a0<\/strong><\/p>\n<p>Cet apr\u00e8s-shampoing Plouf se pr\u00e9sente sous la forme d\u2019un gel, tr\u00e8s facile \u00e0 appliquer sur l\u2019ensemble du pelage de votre animal.<\/p>\n<p><strong>Ingr\u00e9dients:<\/strong><\/p>\n<p>La Framboise est un alli\u00e9 beaut\u00e9 du pelage, apportant croissance et volume au poil,<\/p>\n","protected":false},"excerpt":{"rendered":"<div class=\"c-product__short-description\">\n<div class=\"row row-wrapper\">\n<div id=\"content-wrapper\" class=\"js-content-wrapper col-xs-12\">\n<section id=\"main\">\n<div class=\"row product-container product-layout1\">\n<div class=\"col-md-12\">\n<div class=\"tabs \">\n<div id=\"tab-content\" class=\"tab-content\">\n<div id=\"description\" class=\"tab-pane fade in active\" role=\"tabpanel\">\n<p class=\"product-description\">Cet apr\u00e8s shampooing apporte une brillance extr\u00eame, tout en nourrissant et d\u00e9m\u00ealant le pelage. convient aux chiens et aux chats.<\/p>\n<\/div>\n<\/div>\n<\/div>\n<\/div>\n<\/div>\n<footer class=\"page-footer\"><\/footer>\n<\/section>\n<\/div>\n<\/div>\n<section class=\"categoryproducts section-top slider-arrows-top clearfix\">\n<div class=\"pos_title\"><\/div>\n<\/section>\n<\/div>\n","protected":false},"featured_media":22329,"template":"","meta":{"jetpack_publicize_message":"","jetpack_publicize_feature_enabled":true,"jetpack_social_post_already_shared":true,"jetpack_social_options":{"image_generator_settings":{"template":"highway","default_image_id":0,"font":"","enabled":false},"version":2}},"product_brand":[],"product_cat":[215,214],"product_tag":[],"class_list":{"0":"post-22326","1":"product","2":"type-product","3":"status-publish","4":"has-post-thumbnail","6":"product_cat-parfums-shampoing-hygiene-et-soins-pour-chat","7":"product_cat-parfums-shampoing","9":"first","10":"instock","11":"taxable","12":"shipping-taxable","13":"purchasable","14":"product-type-simple"},"supplier_id":22725,"supplier_sku":"","barcode":"3760225980224","atum_controlled":true,"out_stock_date":null,"out_stock_threshold":null,"inheritable":false,"inbound_stock":0,"stock_on_hold":1,"sold_today":1,"sales_last_days":1,"reserved_stock":0,"customer_returns":0,"warehouse_damage":0,"lost_in_post":0,"other_logs":0,"out_stock_days":0,"lost_sales":0,"has_location":false,"update_date":"2026-05-02T18:52:45","atum_locations":[],"atum_stock_status":"instock","restock_status":true,"low_stock_amount":2,"sales_update_date":"2026-05-02T18:52:45","calc_backorders":null,"jetpack_publicize_connections":[],"jetpack_sharing_enabled":true,"batches":[{"id":"3622","date_created":"2025-05-25 15:25:18","date_expiry":"2028-09-30 00:00:00","user_id":"2760","batch_number":"lot0928","location":"","quantity":"5.0000","quantity_available":"0.0000","units":"1","status":"archived","order_ids":"[23705,24041,24271,24343]","supplier":"PETPLANET","po":{"id":"3590","date_created":"2025-05-25 15:25:19","batch_id":"3622","po_number":"","supplier":"PETPLANET","cost":null,"regular_price":null,"sale_price":null,"price_margin":null,"price_discount":null}},{"id":"6077","date_created":"2025-11-11 16:11:24","date_expiry":"2029-03-30 00:00:00","user_id":"2760","batch_number":"lot0329","location":"","quantity":"10.0000","quantity_available":"0.0000","units":"1","status":"archived","order_ids":"[31623,32650,33368,33755,33828,33991,35200,37581,38560,38804]","supplier":"PETPLANET","po":{"id":"6023","date_created":"2025-11-11 16:11:24","batch_id":"6077","po_number":"","supplier":"PETPLANET","cost":null,"regular_price":null,"sale_price":null,"price_margin":null,"price_discount":null}},{"id":"7854","date_created":"2026-02-22 12:45:40","date_expiry":"2029-03-30 00:00:00","user_id":"2760","batch_number":"lot0329","location":"","quantity":"5.0000","quantity_available":"1.0000","units":"1","status":"active","order_ids":"[39108,39162,41256]","supplier":"PETPLANET","po":{"id":"7789","date_created":"2026-02-22 12:45:40","batch_id":"7854","po_number":"","supplier":"PETPLANET","cost":null,"regular_price":null,"sale_price":null,"price_margin":null,"price_discount":null}}],"_links":{"self":[{"href":"https:\/\/petworld.ma\/index.php\/wp-json\/wp\/v2\/product\/22326","targetHints":{"allow":["GET"]}}],"collection":[{"href":"https:\/\/petworld.ma\/index.php\/wp-json\/wp\/v2\/product"}],"about":[{"href":"https:\/\/petworld.ma\/index.php\/wp-json\/wp\/v2\/types\/product"}],"wp:featuredmedia":[{"embeddable":true,"href":"https:\/\/petworld.ma\/index.php\/wp-json\/wp\/v2\/media\/22329"}],"wp:attachment":[{"href":"https:\/\/petworld.ma\/index.php\/wp-json\/wp\/v2\/media?parent=22326"}],"wp:term":[{"taxonomy":"product_brand","embeddable":true,"href":"https:\/\/petworld.ma\/index.php\/wp-json\/wp\/v2\/product_brand?post=22326"},{"taxonomy":"product_cat","embeddable":true,"href":"https:\/\/petworld.ma\/index.php\/wp-json\/wp\/v2\/product_cat?post=22326"},{"taxonomy":"product_tag","embeddable":true,"href":"https:\/\/petworld.ma\/index.php\/wp-json\/wp\/v2\/product_tag?post=22326"}],"curies":[{"name":"wp","href":"https:\/\/api.w.org\/{rel}","templated":true}]}}