{"id":22420,"date":"2025-05-27T09:39:03","date_gmt":"2025-05-27T09:39:03","guid":{"rendered":"https:\/\/petworld.ma\/?post_type=product&#038;p=22420"},"modified":"2026-05-02T15:35:47","modified_gmt":"2026-05-02T15:35:47","slug":"ownat-ultra-lamb-and-rice-pour-chien-adulte-sensible-12kg","status":"publish","type":"product","link":"https:\/\/petworld.ma\/index.php\/produit\/ownat-ultra-lamb-and-rice-pour-chien-adulte-sensible-12kg\/","title":{"rendered":"Ownat Ultra Lamb and Rice pour Chien Adulte Sensible 12Kg"},"content":{"rendered":"<div class=\"nav-tabs__content\">\n<div class=\"zm-title\"><\/div>\n<div class=\"product-zmstylus mwct2\">\n<div id=\"DESCR_TINY-bloc-2\" class=\"stylusBloc stylusBloc--text\">\n<div class=\"stylusBloc__content\">\n<div class=\"zms-title-div\">\n<div data-size=\"t3\"><\/div>\n<div data-size=\"t3\"><strong>Composition<\/strong><\/div>\n<div data-size=\"t3\"><span style=\"color: #555555; font-size: 14.4px;\">Agneau frais* (30 % min. avant la cuisson), riz complet* (15 %), porc d\u00e9shydrat\u00e9 (11 %), graisse de volaille (pr\u00e9serv\u00e9e avec des antioxydants naturels), racines de manioc* (8 %), pomme de terre d\u00e9shydrat\u00e9e* (6 %), agneau d\u00e9shydrat\u00e9 (6 %), petits pois entiers* (4 %), gousse de caroube* (3 %), l\u00e9gumes et fruits frais avant la cuisson (pomme* 1 %, carotte* 0,5 %, citrouille* 0,5 %), prot\u00e9ines de poulet hydrolys\u00e9es, levure de bi\u00e8re* (1 %), pulpe de betterave, graines de lin* (1 %), huile de saumon (pr\u00e9serv\u00e9e avec des antioxydants naturels), oeuf d\u00e9shydrat\u00e9* (0,5 %), sel gemme*, luzerne d\u00e9shydrat\u00e9e*, racines de chicor\u00e9e (FOS)*, extrait de levure (MOS), algues marines d\u00e9shydrat\u00e9es* (500 mg\/kg), glucosamine (500 mg\/kg), yucca shidigera, chondro\u00eftine sulfate (100 mg\/kg), airelles* (100 mg\/kg), th\u00e9 vert* (80 mg\/kg), \u00e9chinac\u00e9e* (80 mg\/kg), fleur de camomille* (80 mg\/kg), fenouil* (80 mg\/kg).*Ingr\u00e9dients naturels<\/span><\/div>\n<div data-size=\"t3\"><\/div>\n<\/div>\n<\/div>\n<\/div>\n<div id=\"DESCR_TINY-bloc-3\" class=\"stylusBloc stylusBloc--autogen stylusBloc--text\">\n<div class=\"stylusBloc__content\">\n<div class=\"zms-title-div\">\n<div class=\"zms-title\" data-size=\"t1\"><strong>Composants analytiques<\/strong><\/div>\n<\/div>\n<div class=\"zms-title-div\">\n<div class=\"zms-title\" data-size=\"t3\">Prot\u00e9ine : 27 %, teneur en mati\u00e8res grasses : 16 %, cellulose brute : 2,5 %, mati\u00e8re inorganique : 8 %, humidit\u00e9 : 8 %, om\u00e9ga 6 : 2,4 %, om\u00e9ga 3 : 0,5 %, calcium : 1,5 %, phosphore : 1 %.<\/div>\n<div data-size=\"t3\"><\/div>\n<div class=\"zms-title\" data-size=\"t3\"><strong><span style=\"color: #555555; font-size: 14.4px;\">Additifs\/Kg<\/span><\/strong><\/div>\n<div data-size=\"t3\">\n<div class=\"container-fluid\">\n<div class=\"row\">\n<div class=\"col-12 col-lg-7 product-bottom-tabs\">\n<div class=\"tab-content\">\n<div id=\"product-tab-custom-3\" class=\"tab-pane active\" role=\"tabpanel\">\n<div id=\"collap-prod-custom-3\" class=\"product-bottom-tab-content collapse\">\n<div class=\"inset-bottom-tab clearfix\">\n<div class=\"html-output\">Vitamine A 20 000 UI, vitamine D3 1 500 UI, vitamine E 350 UI, taurine 1 000 mg, L-carnitine 40 mg, cuivre (sulfate de cuivre(II) pentahydrat\u00e9) 4 mg, cuivre (ch\u00e9late de cuivre(II) et d&rsquo;acides amin\u00e9s, hydrat\u00e9) 5 mg, mangan\u00e8se (oxyde de mangan\u00e8se (II)) 50 mg, zinc (oxyde de zinc) 100 mg, fer (sulfate de fer (II) monohydrat\u00e9) 40 mg, zinc (ch\u00e9late de zinc d&rsquo;acides amin\u00e9s hydrat\u00e9) 10 mg, iode (iodure de potassium) 4 mg, s\u00e9l\u00e9nium (s\u00e9l\u00e9nite de sodium) 0,2 mg. kcal\/kg 3.850. Avec des antioxydants naturels.<\/div>\n<\/div>\n<\/div>\n<\/div>\n<\/div>\n<\/div>\n<\/div>\n<\/div>\n<div class=\"product-bottom-ct-advantages container-fluid\">\n<div class=\"row\">\n<div class=\"col-12 col-advantages\">\n<div class=\"swiper swiper-initialized swiper-horizontal swiper-pointer-events swiper-backface-hidden\">\n<div class=\"title-inset\">\n<p><strong>Instructions<\/strong><\/p>\n<p>Les quantit\u00e9s indiqu\u00e9es sont les rations journali\u00e8res recommand\u00e9es. Conserver dans un endroit frais et sec. Toujours laisser de l\u2019eau propre et fra\u00eeche \u00e0 la port\u00e9e du chien. \u00c0 utiliser de pr\u00e9f\u00e9rence avant : voir date (18 mois), num\u00e9ro de lot et num\u00e9ro d&rsquo;identification du fabricant (ESP25300123) au dos de l&#8217;emballage.<\/p>\n<p>&nbsp;<\/p>\n<\/div>\n<\/div>\n<\/div>\n<\/div>\n<\/div>\n<\/div>\n<\/div>\n<\/div>\n<\/div>\n<\/div>\n<\/div>\n<div class=\"row\">\n<div id=\"rations\">\n<div class=\"col-md-7 col-sm-12\">\n<div class=\"nav-tabs__content\">\n<div class=\"zm-title\"><strong>TABLEAU DES RATIONS<\/strong><\/div>\n<table class=\"table table-bordered table-striped\">\n<thead>\n<tr>\n<th colspan=\"20\">\u00c2ge : Adulte<\/th>\n<\/tr>\n<\/thead>\n<tbody>\n<tr class=\"hidden-xs\">\n<td class=\"text-center\">1-10 kg<\/td>\n<td class=\"text-center\">10-20 kg<\/td>\n<td class=\"text-center\">20-30 kg<\/td>\n<td class=\"text-center\">30-40 kg<\/td>\n<td class=\"text-center\">40-50 kg<\/td>\n<td class=\"text-center\">50-60 kg<\/td>\n<td class=\"text-center\">60-70 kg<\/td>\n<\/tr>\n<tr>\n<td class=\"text-center\" data-label=\"Poids : 1-10 kg\">30-160 gr\/j<\/td>\n<td class=\"text-center\" data-label=\"Poids : 10-20 kg\">160-245 gr\/j<\/td>\n<td class=\"text-center\" data-label=\"Poids : 20-30 kg\">245-350 gr\/j<\/td>\n<td class=\"text-center\" data-label=\"Poids : 30-40 kg\">350-440 gr\/j<\/td>\n<td class=\"text-center\" data-label=\"Poids : 40-50 kg\">440-530 gr\/j<\/td>\n<td class=\"text-center\" data-label=\"Poids : 50-60 kg\">530-620 gr\/j<\/td>\n<td class=\"text-center\" data-label=\"Poids : 60-70 kg\">620-715 gr\/j<\/td>\n<\/tr>\n<\/tbody>\n<\/table>\n<\/div>\n<\/div>\n<\/div>\n<\/div>\n<div class=\"zac-productdescvideos nav-tabs__content\"><\/div>\n<div class=\"nav-tabs__content\">\n<div class=\"zm-title\">\n<h4 class=\"text-primary\"><strong>Min\u00e9raux et Vitamines<\/strong><\/h4>\n<\/div>\n<p>Sodium (%) 0.33, Acide linol\u00e9ique (%) 2.67, DL-m\u00e9thionine (%) 0.02, Taurine (mg\/kg) 1000, Mangan\u00e8se (mg\/kg) 50, Zinc (mg\/kg) 110, Iode (mg\/kg) 4, Selenium (mg\/kg) 0.3, Cuivre (mg\/kg) 9, L-carnitine (mg\/kg) 40, Magnesium (%) 0.2, Fer (mg\/kg) 40, Vitamine A (UI\/kg ) 22000, Acide folique (mg\/kg) 2, Choline (mg\/kg) 1800, Vitamine B1 (Thiamine) (mg\/kg) 10, Vitamine B2 (Riboflavine) (mg\/kg) 20, Vitamine B5 (Acide pantoth\u00e9nique) (mg\/kg) 25, Vitamine B3 (Niacine) (mg\/kg) 50, Vitamine B6 (Pyridoxine) (mg\/kg) 15, Vitamine D3 (UI\/kg) 1800, Biotine (UI\/kg) 0.5, Vitamine B12 (Cyanocobalamine) (mg\/kg) 0.2, Vitamine C (mg\/kg) 100, Vitamine E (mg\/kg) 400,<\/p>\n<\/div>\n","protected":false},"excerpt":{"rendered":"<p>Alimentation fabriqu\u00e9e \u00e0 base de 30% de viande d\u2019agneau fra\u00eeche. Sp\u00e9cialement indiqu\u00e9e pour les animaux pr\u00e9sentant une sensibilit\u00e9 ou des intol\u00e9rances alimentaires li\u00e9 au poulet.<\/p>\n","protected":false},"featured_media":22422,"template":"","meta":{"jetpack_publicize_message":"","jetpack_publicize_feature_enabled":true,"jetpack_social_post_already_shared":true,"jetpack_social_options":{"image_generator_settings":{"template":"highway","default_image_id":0,"font":"","enabled":false},"version":2}},"product_brand":[],"product_cat":[26],"product_tag":[],"class_list":{"0":"post-22420","1":"product","2":"type-product","3":"status-publish","4":"has-post-thumbnail","6":"product_cat-croquettes","8":"first","9":"instock","10":"taxable","11":"shipping-taxable","12":"purchasable","13":"product-type-simple"},"supplier_id":5595,"supplier_sku":"603","barcode":null,"atum_controlled":true,"out_stock_date":null,"out_stock_threshold":null,"inheritable":false,"inbound_stock":0,"stock_on_hold":0,"sold_today":0,"sales_last_days":1,"reserved_stock":0,"customer_returns":0,"warehouse_damage":0,"lost_in_post":0,"other_logs":0,"out_stock_days":0,"lost_sales":0,"has_location":false,"update_date":"2026-05-09T00:21:08","atum_locations":[],"atum_stock_status":"instock","restock_status":true,"low_stock_amount":2,"sales_update_date":"2026-05-09T00:21:08","calc_backorders":null,"jetpack_publicize_connections":[],"jetpack_sharing_enabled":true,"batches":[{"id":"3628","date_created":"2025-05-27 10:00:54","date_expiry":"2026-08-31 00:00:00","user_id":"2760","batch_number":"OwnatUltraLambandRicepourChienAdulteSensible12Kg310826","location":"","quantity":"1.0000","quantity_available":"0.0000","units":"1","status":"archived","order_ids":"[22427]","supplier":"Ownat","po":{"id":"3595","date_created":"2025-05-27 10:00:54","batch_id":"3628","po_number":"","supplier":"Ownat","cost":null,"regular_price":null,"sale_price":null,"price_margin":null,"price_discount":null}},{"id":"3633","date_created":"2025-05-28 21:40:51","date_expiry":"2026-08-31 00:00:00","user_id":"2760","batch_number":"OwnatUltraLambandRicepourChienAdulteSensible12Kg310826","location":"","quantity":"1.0000","quantity_available":"0.0000","units":"1","status":"archived","order_ids":"[23404]","supplier":"Ownat","po":{"id":"3600","date_created":"2025-05-28 21:40:51","batch_id":"3633","po_number":"","supplier":"Ownat","cost":null,"regular_price":null,"sale_price":null,"price_margin":null,"price_discount":null}},{"id":"4005","date_created":"2025-06-16 22:23:03","date_expiry":"2026-08-31 00:00:00","user_id":"2760","batch_number":"OwnatUltraLambandRicepourChienAdulteSensible12Kg310826","location":"","quantity":"1.0000","quantity_available":"0.0000","units":"1","status":"archived","order_ids":"[24203]","supplier":"Ownat","po":{"id":"3968","date_created":"2025-06-16 22:23:03","batch_id":"4005","po_number":"","supplier":"Ownat","cost":null,"regular_price":null,"sale_price":null,"price_margin":null,"price_discount":null}},{"id":"4116","date_created":"2025-06-26 20:59:51","date_expiry":"2026-08-31 00:00:00","user_id":"2760","batch_number":"OwnatUltraLambandRicepourChienAdulteSensible12Kg310826","location":"","quantity":"1.0000","quantity_available":"0.0000","units":"1","status":"archived","order_ids":"[25066]","supplier":"Ownat","po":{"id":"4080","date_created":"2025-06-26 20:59:52","batch_id":"4116","po_number":"","supplier":"Ownat","cost":null,"regular_price":null,"sale_price":null,"price_margin":null,"price_discount":null}},{"id":"4285","date_created":"2025-07-08 20:34:50","date_expiry":"2026-08-31 00:00:00","user_id":"2760","batch_number":"OwnatUltraLambandRicepourChienAdulteSensible12Kg310826","location":"","quantity":"1.0000","quantity_available":"0.0000","units":"1","status":"archived","order_ids":"[25913]","supplier":"Ownat","po":{"id":"4248","date_created":"2025-07-08 20:34:51","batch_id":"4285","po_number":"","supplier":"Ownat","cost":null,"regular_price":null,"sale_price":null,"price_margin":null,"price_discount":null}},{"id":"4499","date_created":"2025-07-16 18:43:46","date_expiry":"2026-08-31 00:00:00","user_id":"2760","batch_number":"OwnatUltraLambandRicepourChienAdulteSensible12Kg310826","location":"","quantity":"2.0000","quantity_available":"0.0000","units":"1","status":"archived","order_ids":"[28146,28683]","supplier":"Ownat","po":{"id":"4463","date_created":"2025-07-16 18:43:46","batch_id":"4499","po_number":"","supplier":"Ownat","cost":null,"regular_price":null,"sale_price":null,"price_margin":null,"price_discount":null}},{"id":"5634","date_created":"2025-10-03 14:37:24","date_expiry":"2026-12-31 00:00:00","user_id":"2760","batch_number":"OwnatUltraLambandRicepourChienAdulteSensible12Kg1226","location":"","quantity":"1.0000","quantity_available":"0.0000","units":"1","status":"archived","order_ids":"[29024]","supplier":"Ownat","po":{"id":"5588","date_created":"2025-10-03 14:37:25","batch_id":"5634","po_number":"","supplier":"Ownat","cost":null,"regular_price":null,"sale_price":null,"price_margin":null,"price_discount":null}},{"id":"5972","date_created":"2025-11-03 22:40:24","date_expiry":"2026-12-31 00:00:00","user_id":"2760","batch_number":"OwnatUltraLambandRicepourChienAdulteSensible12Kg1226","location":"","quantity":"2.0000","quantity_available":"0.0000","units":"1","status":"archived","order_ids":"[30258,30465]","supplier":"Ownat","po":{"id":"5915","date_created":"2025-11-03 22:40:25","batch_id":"5972","po_number":"","supplier":"Ownat","cost":null,"regular_price":null,"sale_price":null,"price_margin":null,"price_discount":null}},{"id":"6301","date_created":"2025-11-23 23:42:36","date_expiry":"2027-02-28 00:00:00","user_id":"2760","batch_number":"OwnatUltraLambandRicepourChienAdulteSensible12Kg0227","location":"","quantity":"2.0000","quantity_available":"0.0000","units":"1","status":"archived","order_ids":"[31853]","supplier":"Ownat","po":{"id":"6247","date_created":"2025-11-23 23:42:36","batch_id":"6301","po_number":"","supplier":"Ownat","cost":null,"regular_price":null,"sale_price":null,"price_margin":null,"price_discount":null}},{"id":"6760","date_created":"2025-12-18 14:46:20","date_expiry":"2027-02-28 00:00:00","user_id":"2760","batch_number":"OwnatUltraLambandRicepourChienAdulteSensible12Kg0227","location":"","quantity":"1.0000","quantity_available":"0.0000","units":"1","status":"archived","order_ids":"[32282]","supplier":"Ownat","po":{"id":"6706","date_created":"2025-12-18 14:46:21","batch_id":"6760","po_number":"","supplier":"Ownat","cost":null,"regular_price":null,"sale_price":null,"price_margin":null,"price_discount":null}},{"id":"6959","date_created":"2025-12-27 10:03:47","date_expiry":"2027-02-28 00:00:00","user_id":"2760","batch_number":"OwnatUltraLambandRicepourChienAdulteSensible12Kg0227","location":"","quantity":"2.0000","quantity_available":"0.0000","units":"1","status":"archived","order_ids":"[35282,37794]","supplier":"Ownat","po":{"id":"6898","date_created":"2025-12-27 10:03:47","batch_id":"6959","po_number":"","supplier":"Ownat","cost":null,"regular_price":null,"sale_price":null,"price_margin":null,"price_discount":null}},{"id":"7652","date_created":"2026-02-12 11:19:10","date_expiry":"2027-05-30 00:00:00","user_id":"2760","batch_number":"OwnatUltraLambandRicepourChienAdulteSensible12Kg0527","location":"","quantity":"1.0000","quantity_available":"0.0000","units":"1","status":"archived","order_ids":"[38740]","supplier":"Ownat","po":{"id":"7587","date_created":"2026-02-12 11:19:11","batch_id":"7652","po_number":"","supplier":"Ownat","cost":null,"regular_price":null,"sale_price":null,"price_margin":null,"price_discount":null}},{"id":"8382","date_created":"2026-03-19 12:10:58","date_expiry":"2027-05-30 00:00:00","user_id":"2760","batch_number":"OwnatUltraLambandRicepourChienAdulteSensible12Kg0527","location":"","quantity":"1.0000","quantity_available":"0.0000","units":"1","status":"archived","order_ids":"[41246]","supplier":"Ownat","po":{"id":"8310","date_created":"2026-03-19 12:10:58","batch_id":"8382","po_number":"","supplier":"Ownat","cost":null,"regular_price":null,"sale_price":null,"price_margin":null,"price_discount":null}},{"id":"8807","date_created":"2026-04-13 14:58:29","date_expiry":"2026-11-30 00:00:00","user_id":"2760","batch_number":"OwnatUltraLambandRicepourChienAdulteSensible12Kg301126","location":"","quantity":"1.0000","quantity_available":"0.0000","units":"1","status":"archived","order_ids":"[40566]","supplier":"Ownat","po":{"id":"8734","date_created":"2026-04-13 14:58:29","batch_id":"8807","po_number":"","supplier":"Ownat","cost":null,"regular_price":null,"sale_price":null,"price_margin":null,"price_discount":null}},{"id":"9255","date_created":"2026-04-30 14:55:12","date_expiry":"2027-05-30 00:00:00","user_id":"2760","batch_number":"OwnatUltraLambandRicepourChienAdulteSensible12Kg300527","location":"","quantity":"1.0000","quantity_available":"1.0000","units":"1","status":"active","order_ids":null,"supplier":"Ownat","po":{"id":"9178","date_created":"2026-04-30 14:55:13","batch_id":"9255","po_number":"","supplier":"Ownat","cost":null,"regular_price":null,"sale_price":null,"price_margin":null,"price_discount":null}}],"_links":{"self":[{"href":"https:\/\/petworld.ma\/index.php\/wp-json\/wp\/v2\/product\/22420","targetHints":{"allow":["GET"]}}],"collection":[{"href":"https:\/\/petworld.ma\/index.php\/wp-json\/wp\/v2\/product"}],"about":[{"href":"https:\/\/petworld.ma\/index.php\/wp-json\/wp\/v2\/types\/product"}],"wp:featuredmedia":[{"embeddable":true,"href":"https:\/\/petworld.ma\/index.php\/wp-json\/wp\/v2\/media\/22422"}],"wp:attachment":[{"href":"https:\/\/petworld.ma\/index.php\/wp-json\/wp\/v2\/media?parent=22420"}],"wp:term":[{"taxonomy":"product_brand","embeddable":true,"href":"https:\/\/petworld.ma\/index.php\/wp-json\/wp\/v2\/product_brand?post=22420"},{"taxonomy":"product_cat","embeddable":true,"href":"https:\/\/petworld.ma\/index.php\/wp-json\/wp\/v2\/product_cat?post=22420"},{"taxonomy":"product_tag","embeddable":true,"href":"https:\/\/petworld.ma\/index.php\/wp-json\/wp\/v2\/product_tag?post=22420"}],"curies":[{"name":"wp","href":"https:\/\/api.w.org\/{rel}","templated":true}]}}