{"id":22670,"date":"2025-05-31T08:32:27","date_gmt":"2025-05-31T08:32:27","guid":{"rendered":"https:\/\/petworld.ma\/?post_type=product&#038;p=22670"},"modified":"2026-05-07T10:47:41","modified_gmt":"2026-05-07T10:47:41","slug":"purina-gourmet-gold-pate-au-poisson-dans-une-sauce-aux-epinards","status":"publish","type":"product","link":"https:\/\/petworld.ma\/index.php\/produit\/purina-gourmet-gold-pate-au-poisson-dans-une-sauce-aux-epinards\/","title":{"rendered":"Purina Gourmet Gold P\u00e2t\u00e9 au Poisson dans une sauce aux \u00e9pinards"},"content":{"rendered":"<div class=\"field__item\">\n<p>Votre chat est un v\u00e9ritable connaisseur et adore essayer chaque jour des plats aux saveurs diff\u00e9rentes.<\/p>\n<p>C&rsquo;est pourquoi GOURMET\u00ae Gold a cr\u00e9\u00e9 de d\u00e9licieuses recettes pour satisfaire le go\u00fbt sophistiqu\u00e9 de votre chat \u00e0 chaque repas. Des bouch\u00e9es croustillantes associ\u00e9es \u00e0 des morceaux soigneusement cuits : l&rsquo;association id\u00e9ale de deux textures diff\u00e9rentes dans un seul repas pour offrir \u00e0 votre chaton le plaisir d&rsquo;une d\u00e9licate combinaison de saveurs et de textures. Doublez le plaisir de GOURMET\u00ae Gold, une grande vari\u00e9t\u00e9 de recettes d\u00e9licieuses pour des moments d\u00e9licieux diff\u00e9rents chaque jour<\/p>\n<p>Pour un chat de taille moyenne (4 kg), servir jusqu&rsquo;\u00e0 4 bo\u00eetes par jour en au moins 2 repas s\u00e9par\u00e9s.<\/p>\n<p>Les besoins individuels varient et les rations doivent \u00eatre ajust\u00e9es selon les besoins pour maintenir un poids sant\u00e9 pour votre chat. Pour les chattes gestantes ou allaitantes : nourrissez selon le d\u00e9sir et l&rsquo;app\u00e9tit de votre chatte.<\/p>\n<p>Servir \u00e0 temp\u00e9rature ambiante. Donnez toujours \u00e0 votre chat de l\u2019eau potable propre.<\/p>\n<\/div>\n<div class=\"field__item\">\n<p><strong>Composition<\/strong><\/p>\n<ul>\n<li>Viandes et sous-produits animaux (dont b\u0153uf 4 %, poulet 4 %)<\/li>\n<li>extraits de prot\u00e9ines v\u00e9g\u00e9tales<\/li>\n<li>c\u00e9r\u00e9ales<\/li>\n<li>poissons et sous-produits de poissons<\/li>\n<li>min\u00e9raux<\/li>\n<li>sucres<\/li>\n<\/ul>\n<\/div>\n","protected":false},"excerpt":{"rendered":"<div class=\"product__short-description no-load\">\n<ul>\n<li>Aliment complet pour chats adultes.<\/li>\n<li>La combinaison parfaite entre deux textures diff\u00e9rentes sur une m\u00eame table.<\/li>\n<li>Sans colorants, conservateurs ni ar\u00f4mes artificiels.<\/li>\n<\/ul>\n<\/div>\n<div class=\"product__link-description\"><\/div>\n","protected":false},"featured_media":22673,"template":"","meta":{"jetpack_publicize_message":"","jetpack_publicize_feature_enabled":true,"jetpack_social_post_already_shared":true,"jetpack_social_options":{"image_generator_settings":{"template":"highway","default_image_id":0,"font":"","enabled":false},"version":2}},"product_brand":[],"product_cat":[41],"product_tag":[],"class_list":{"0":"post-22670","1":"product","2":"type-product","3":"status-publish","4":"has-post-thumbnail","6":"product_cat-friandises-et-pate-pour-chat","8":"first","9":"instock","10":"taxable","11":"shipping-taxable","12":"purchasable","13":"product-type-simple"},"supplier_id":5598,"supplier_sku":"46791","barcode":"7613032946791","atum_controlled":true,"out_stock_date":null,"out_stock_threshold":null,"inheritable":false,"inbound_stock":0,"stock_on_hold":0,"sold_today":0,"sales_last_days":45,"reserved_stock":0,"customer_returns":0,"warehouse_damage":0,"lost_in_post":0,"other_logs":0,"out_stock_days":0,"lost_sales":0,"has_location":false,"update_date":"2026-05-11T10:07:03","atum_locations":[],"atum_stock_status":"instock","restock_status":true,"low_stock_amount":5,"sales_update_date":"2026-05-11T10:07:03","calc_backorders":null,"jetpack_publicize_connections":[],"jetpack_sharing_enabled":true,"batches":[{"id":"3681","date_created":"2025-05-31 08:55:34","date_expiry":"2026-11-30 00:00:00","user_id":"1","batch_number":"GourmetEpinardPoisson112026","location":"","quantity":"240.0000","quantity_available":"0.0000","units":"1","status":"archived","order_ids":"[22989,23024,23174,23307,23341,23407,23540,23665,23764,23786,23838,23923,23931,24005,24063,24102,24217,24222,24318,24475,24492,24775,24793,24795,24814,25023,25156,25269,25371,25517,25537,25538,25540,25752,25815,25907,26079,26087,26164,26211,26241,26264,26270,26285,26395,26644,26749,26857,26949,26995,27077,27331,27556,27673,27765]","supplier":"Proplan","po":{"id":"3648","date_created":"2025-05-31 08:55:35","batch_id":"3681","po_number":"","supplier":"Proplan","cost":null,"regular_price":null,"sale_price":null,"price_margin":null,"price_discount":null}},{"id":"5427","date_created":"2025-09-20 16:01:24","date_expiry":"2027-01-31 00:00:00","user_id":"1","batch_number":"GourmetEpinardPoisson012027","location":"","quantity":"720.0000","quantity_available":"35.0000","units":"1","status":"active","order_ids":"[27765,27767,27861,28138,28200,28229,28292,28322,28439,28585,28613,28710,28742,29048,29192,29244,29339,29472,29813,29825,29914,30266,30700,30707,30754,30760,31029,31174,31274,31575,31698,31935,32045,32648,32674,32717,32824,33044,33183,33209,33389,33906,34718,34860,34976,35085,35450,35880,36841,36850,36903,37115,37498,37957,38261,38379,38633,38659,38985,39114,39418,39908,40136,40509,40710,40796,41140,41182,41268,41341,41478,41521]","supplier":"Proplan","po":{"id":"5384","date_created":"2025-09-20 16:01:24","batch_id":"5427","po_number":"","supplier":"Proplan","cost":null,"regular_price":null,"sale_price":null,"price_margin":null,"price_discount":null}}],"_links":{"self":[{"href":"https:\/\/petworld.ma\/index.php\/wp-json\/wp\/v2\/product\/22670","targetHints":{"allow":["GET"]}}],"collection":[{"href":"https:\/\/petworld.ma\/index.php\/wp-json\/wp\/v2\/product"}],"about":[{"href":"https:\/\/petworld.ma\/index.php\/wp-json\/wp\/v2\/types\/product"}],"wp:featuredmedia":[{"embeddable":true,"href":"https:\/\/petworld.ma\/index.php\/wp-json\/wp\/v2\/media\/22673"}],"wp:attachment":[{"href":"https:\/\/petworld.ma\/index.php\/wp-json\/wp\/v2\/media?parent=22670"}],"wp:term":[{"taxonomy":"product_brand","embeddable":true,"href":"https:\/\/petworld.ma\/index.php\/wp-json\/wp\/v2\/product_brand?post=22670"},{"taxonomy":"product_cat","embeddable":true,"href":"https:\/\/petworld.ma\/index.php\/wp-json\/wp\/v2\/product_cat?post=22670"},{"taxonomy":"product_tag","embeddable":true,"href":"https:\/\/petworld.ma\/index.php\/wp-json\/wp\/v2\/product_tag?post=22670"}],"curies":[{"name":"wp","href":"https:\/\/api.w.org\/{rel}","templated":true}]}}