{"id":22681,"date":"2025-05-31T10:19:25","date_gmt":"2025-05-31T10:19:25","guid":{"rendered":"https:\/\/petworld.ma\/?post_type=product&#038;p=22681"},"modified":"2026-01-22T13:03:51","modified_gmt":"2026-01-22T13:03:51","slug":"litiere-agglomerante-et-absorbante-neu-cat-lavande-5l-10l","status":"publish","type":"product","link":"https:\/\/petworld.ma\/index.php\/produit\/litiere-agglomerante-et-absorbante-neu-cat-lavande-5l-10l\/","title":{"rendered":"Liti\u00e8re agglom\u00e9rante et absorbante Neu Cat Lavande (10L | 20L)"},"content":{"rendered":"<div class=\"product-section description-section\">\n<div class=\"single-description fr-view\">\n<div class=\"wd-negative-gap elementor-element elementor-element-7433a725 e-flex e-con-boxed e-con e-parent e-lazyloaded\" data-id=\"7433a725\" data-element_type=\"container\">\n<div class=\"e-con-inner\">\n<div class=\"elementor-element elementor-element-7c216738 e-con-full e-flex e-con e-child\" data-id=\"7c216738\" data-element_type=\"container\">\n<div class=\"elementor-element elementor-element-1c18b9b4 wd-single-tabs wd-width-100 elementor-widget elementor-widget-wd_single_product_tabs\" data-id=\"1c18b9b4\" data-element_type=\"widget\" data-widget_type=\"wd_single_product_tabs.default\">\n<div class=\"elementor-widget-container\">\n<div class=\"woocommerce-tabs wc-tabs-wrapper\" data-state=\"first\" data-layout=\"tabs\">\n<div id=\"tab-description\" class=\"woocommerce-Tabs-panel panel entry-content wc-tab woocommerce-Tabs-panel--description\" role=\"tabpanel\" aria-labelledby=\"tab-title-description\" data-accordion-index=\"description\">\n<p><strong><span class=\"\">POUSSI\u00c8RE MINIMALE :<\/span><\/strong><span class=\"\"> La liti\u00e8re pour chats \u00ab\u00a0Neu Cat\u00a0\u00bb est sp\u00e9cialement trait\u00e9e afin de minimiser la formation de poussi\u00e8re.<\/span><\/p>\n<p><strong>CARACT\u00c9RISTIQUE ABSORBANTE:<\/strong> La liti\u00e8re pour chat <span class=\"\">\u00ab\u00a0Neu Cat\u00a0\u00bb<\/span> absorbe le liquide rapidement en formant des grumeaux. Il pr\u00e9vient toutes sortes de contaminations bact\u00e9riennes qui peuvent \u00eatre nocives pour vous ou votre chat<\/p>\n<p><strong>BLOCAGE DES ODEURS :<\/strong> Tout en bloquant les mauvaises odeurs qui se d\u00e9gagent, la liti\u00e8re pour chat <span class=\"\">\u00ab\u00a0Neu Cat\u00a0\u00bb<\/span> donne \u00e9galement une odeur fra\u00eeche lorsqu\u2019elle est en contact avec un liquide.<\/p>\n<p><strong>USAGE DIRECTIONS:<\/strong>.<\/p>\n<ul>\n<li>Versez la liti\u00e8re pour chat dans tout le fond du bac \u00e0 liti\u00e8re de 7 \u00e0 8 cm d\u2019\u00e9paisseur.<\/li>\n<li>Nettoyez les mottes et les d\u00e9chets solides tous les jours avec une pelle appropri\u00e9e.<\/li>\n<li>Compl\u00e9tez la liti\u00e8re pour chat en ajoutant de la liti\u00e8re fra\u00eeche lorsque le niveau diminue.<\/li>\n<\/ul>\n<\/div>\n<\/div>\n<\/div>\n<\/div>\n<\/div>\n<\/div>\n<\/div>\n<\/div>\n<\/div>\n","protected":false},"excerpt":{"rendered":"<p>POUSSI\u00c8RE MINIMALE : La liti\u00e8re pour chats \u00ab\u00a0Neu Cat\u00a0\u00bb est sp\u00e9cialement trait\u00e9e afin de minimiser la formation de poussi\u00e8re. CARACT\u00c9RISTIQUE ABSORBANTE: La liti\u00e8re pour chat \u00ab\u00a0Neu Cat\u00a0\u00bb absorbe le liquide rapidement en formant des grumeaux. Il pr\u00e9vient toutes sortes de contaminations bact\u00e9riennes qui peuvent \u00eatre nocives pour vous ou votre chat BLOCAGE DES ODEURS : [&#8230;]\n","protected":false},"featured_media":22684,"template":"","meta":{"jetpack_publicize_message":"","jetpack_publicize_feature_enabled":true,"jetpack_social_post_already_shared":true,"jetpack_social_options":{"image_generator_settings":{"template":"highway","default_image_id":0,"font":"","enabled":false},"version":2}},"product_brand":[],"product_cat":[94],"product_tag":[],"class_list":{"0":"post-22681","1":"product","2":"type-product","3":"status-publish","4":"has-post-thumbnail","6":"product_cat-litieres-et-bacs","8":"first","9":"outofstock","10":"taxable","11":"shipping-taxable","12":"purchasable","13":"product-type-variable"},"supplier_id":null,"supplier_sku":"","barcode":null,"atum_controlled":true,"out_stock_date":null,"out_stock_threshold":null,"inheritable":true,"inbound_stock":0,"stock_on_hold":0,"sold_today":0,"sales_last_days":0,"reserved_stock":0,"customer_returns":0,"warehouse_damage":0,"lost_in_post":0,"other_logs":0,"out_stock_days":0,"lost_sales":0,"has_location":false,"update_date":"2026-04-03T10:33:57","atum_locations":[],"atum_stock_status":"outofstock","restock_status":false,"low_stock_amount":"","sales_update_date":"2026-04-03T10:33:57","calc_backorders":null,"jetpack_publicize_connections":[],"jetpack_sharing_enabled":true,"batches":[],"_links":{"self":[{"href":"https:\/\/petworld.ma\/index.php\/wp-json\/wp\/v2\/product\/22681","targetHints":{"allow":["GET"]}}],"collection":[{"href":"https:\/\/petworld.ma\/index.php\/wp-json\/wp\/v2\/product"}],"about":[{"href":"https:\/\/petworld.ma\/index.php\/wp-json\/wp\/v2\/types\/product"}],"wp:featuredmedia":[{"embeddable":true,"href":"https:\/\/petworld.ma\/index.php\/wp-json\/wp\/v2\/media\/22684"}],"wp:attachment":[{"href":"https:\/\/petworld.ma\/index.php\/wp-json\/wp\/v2\/media?parent=22681"}],"wp:term":[{"taxonomy":"product_brand","embeddable":true,"href":"https:\/\/petworld.ma\/index.php\/wp-json\/wp\/v2\/product_brand?post=22681"},{"taxonomy":"product_cat","embeddable":true,"href":"https:\/\/petworld.ma\/index.php\/wp-json\/wp\/v2\/product_cat?post=22681"},{"taxonomy":"product_tag","embeddable":true,"href":"https:\/\/petworld.ma\/index.php\/wp-json\/wp\/v2\/product_tag?post=22681"}],"curies":[{"name":"wp","href":"https:\/\/api.w.org\/{rel}","templated":true}]}}