{"id":22688,"date":"2025-05-31T10:45:45","date_gmt":"2025-05-31T10:45:45","guid":{"rendered":"https:\/\/petworld.ma\/?post_type=product&#038;p=22688"},"modified":"2026-03-12T16:57:43","modified_gmt":"2026-03-12T16:57:43","slug":"spray-trentline-contre-les-parasites-chien-chiot-et-chat-chaton-100ml","status":"publish","type":"product","link":"https:\/\/petworld.ma\/index.php\/produit\/spray-trentline-contre-les-parasites-chien-chiot-et-chat-chaton-100ml\/","title":{"rendered":"Spray TrentLine contre les parasites chien\/chiot et chat\/chaton (100ml)"},"content":{"rendered":"<p><strong>Aide instantan\u00e9e contre les puces et les tiques.<\/strong><\/p>\n<p>Ce Spray est une solution anti-puces et anti-tiques pour chiens, chats, chiots et chatons. Le spray permet de d\u00e9barrasser rapidement votre animal des puces et des tiques en couvrant tout le corps de l&rsquo;animal.<\/p>\n<div class=\"text-with-supporting-bullet__headline\">\n<p><strong>Informations g\u00e9n\u00e9rales<\/strong><\/p>\n<\/div>\n<div class=\"text-with-supporting-bullet__wrapper row\">\n<div class=\"text-with-supporting-bullet__left col-md-12 col-lg-6\">\n<ul class=\"field field--name-field-bullet-text-area-1 field--type-entity-reference-revisions field--label-hidden field__items\">\n<li class=\"field__item\">D\u00e9barrassez-vous des puces d\u00e8s que vous remarquez l\u2019infestation.<\/li>\n<li class=\"field__item\">Particuli\u00e8rement adapt\u00e9 aux jeunes animaux d\u00e8s le premier jour de vie et aux petites races de chiens.<\/li>\n<li class=\"field__item\">Profil de s\u00e9curit\u00e9 tr\u00e8s \u00e9lev\u00e9.<\/li>\n<\/ul>\n<p><strong>Dosage<\/strong><br \/>\n\u2022 Utiliser 3 \u00e0 6 ml par kg de poids corporel, selon la longueur des poils.<br \/>\n\u2022 Chaque spray d\u00e9livre 1,5 ml. Par cons\u00e9quent, appliquez 2 \u00e0 4 spray par kg.<\/p>\n<\/div>\n<\/div>\n","protected":false},"excerpt":{"rendered":"<p>Valable pour chien, chiot, chat et chaton<\/p>\n","protected":false},"featured_media":22692,"template":"","meta":{"jetpack_publicize_message":"","jetpack_publicize_feature_enabled":true,"jetpack_social_post_already_shared":true,"jetpack_social_options":{"image_generator_settings":{"template":"highway","default_image_id":0,"font":"","enabled":false},"version":2}},"product_brand":[],"product_cat":[229,228],"product_tag":[],"class_list":{"0":"post-22688","1":"product","2":"type-product","3":"status-publish","4":"has-post-thumbnail","6":"product_cat-antiparasitaires-vermifuges-hygiene-et-soins-pour-chat","7":"product_cat-antiparasitaires-vermifuges","9":"first","10":"outofstock","11":"taxable","12":"shipping-taxable","13":"purchasable","14":"product-type-simple"},"supplier_id":5592,"supplier_sku":"","barcode":null,"atum_controlled":true,"out_stock_date":"2026-03-12 16:57:43","out_stock_threshold":null,"inheritable":false,"inbound_stock":0,"stock_on_hold":0,"sold_today":0,"sales_last_days":0,"reserved_stock":0,"customer_returns":0,"warehouse_damage":0,"lost_in_post":0,"other_logs":0,"out_stock_days":55,"lost_sales":0,"has_location":false,"update_date":"2026-05-07T00:20:02","atum_locations":[],"atum_stock_status":"outofstock","restock_status":false,"low_stock_amount":2,"sales_update_date":"2026-05-07T00:20:02","calc_backorders":null,"jetpack_publicize_connections":[],"jetpack_sharing_enabled":true,"batches":[{"id":"3685","date_created":"2025-05-31 11:02:56","date_expiry":"2027-10-31 00:00:00","user_id":"9","batch_number":"lot1027","location":"","quantity":"10.0000","quantity_available":"0.0000","units":"1","status":"archived","order_ids":"[22734,22961,23386,23829,24323,27201,28010,28645]","supplier":"Casablanca","po":{"id":"3652","date_created":"2025-05-31 11:02:57","batch_id":"3685","po_number":"","supplier":"Casablanca","cost":null,"regular_price":null,"sale_price":null,"price_margin":null,"price_discount":null}}],"_links":{"self":[{"href":"https:\/\/petworld.ma\/index.php\/wp-json\/wp\/v2\/product\/22688","targetHints":{"allow":["GET"]}}],"collection":[{"href":"https:\/\/petworld.ma\/index.php\/wp-json\/wp\/v2\/product"}],"about":[{"href":"https:\/\/petworld.ma\/index.php\/wp-json\/wp\/v2\/types\/product"}],"wp:featuredmedia":[{"embeddable":true,"href":"https:\/\/petworld.ma\/index.php\/wp-json\/wp\/v2\/media\/22692"}],"wp:attachment":[{"href":"https:\/\/petworld.ma\/index.php\/wp-json\/wp\/v2\/media?parent=22688"}],"wp:term":[{"taxonomy":"product_brand","embeddable":true,"href":"https:\/\/petworld.ma\/index.php\/wp-json\/wp\/v2\/product_brand?post=22688"},{"taxonomy":"product_cat","embeddable":true,"href":"https:\/\/petworld.ma\/index.php\/wp-json\/wp\/v2\/product_cat?post=22688"},{"taxonomy":"product_tag","embeddable":true,"href":"https:\/\/petworld.ma\/index.php\/wp-json\/wp\/v2\/product_tag?post=22688"}],"curies":[{"name":"wp","href":"https:\/\/api.w.org\/{rel}","templated":true}]}}