{"id":22693,"date":"2025-05-31T11:09:12","date_gmt":"2025-05-31T11:09:12","guid":{"rendered":"https:\/\/petworld.ma\/?post_type=product&#038;p=22693"},"modified":"2026-03-27T17:43:12","modified_gmt":"2026-03-27T17:43:12","slug":"laisse-retractable-avec-corde-de-25m","status":"publish","type":"product","link":"https:\/\/petworld.ma\/index.php\/produit\/laisse-retractable-avec-corde-de-25m\/","title":{"rendered":"Laisse Retractable avec corde de 2,5m"},"content":{"rendered":"<div>\n<p>1. R\u00c9TRACTIVE AUTOMATIQUEMENT : la laisse pour chien pour animaux de compagnie est con\u00e7ue avec une conception r\u00e9tractable automatique, qui peut \u00eatre ajust\u00e9e en continu en fonction du mouvement de l&rsquo;animal.<br \/>\n2. LONG CORDE: corde r\u00e9tractable pour chien avec corde longue de 2,5 m, forte tension, adapt\u00e9e pour la marche et l&rsquo;entra\u00eenement en plein air, etc.<br \/>\n3. HOOK METAL: Laisse r\u00e9tractable pour chien avec crochet en m\u00e9tal, solide et fiable, peut \u00eatre tourn\u00e9e \u00e0 360 degr\u00e9s, forte flexibilit\u00e9.<br \/>\n4. VERROUILLAGE DE S\u00c9CURIT\u00c9: Laisse r\u00e9tractable pour animaux de compagnie avec verrouillage de s\u00e9curit\u00e9, appuyez simplement sur le verrou de s\u00e9curit\u00e9 peut \u00eatre r\u00e9tract\u00e9 librement ou verrouill\u00e9 ne peut pas \u00eatre r\u00e9tract\u00e9.<br \/>\n5. MANCHE ERGONOMIQUE : laisse r\u00e9tractable automatique pour chien avec poign\u00e9e ergonomique, antid\u00e9rapante et r\u00e9sistante \u00e0 l&rsquo;usure, confortable \u00e0 utiliser.<\/p>\n<\/div>\n","protected":false},"excerpt":{"rendered":"<div class=\"title--wrap--UUHae_g\">\n<p data-pl=\"product-title\" data-tticheck=\"true\" data-spm-anchor-id=\"a2g0o.detail.0.i9.3f789VxK9VxKuc\">\n<p data-pl=\"product-title\" data-tticheck=\"true\" data-spm-anchor-id=\"a2g0o.detail.0.i9.3f789VxK9VxKuc\">Laisse en nylon r\u00e9tractable automatique pour chien, laisse durable pour chat, extension de laisse pour chiot, marche et course, roulette pour chiens<\/p>\n<\/div>\n<div class=\"reviewer--wrap--vGS7G6P\" data-pl=\"product-reviewer\">\n<div>\n<div class=\"reviewer--box--wVguYsD\">\n<div class=\"rating--wrap--jg9uoRp\">\n<p class=\"rating--item--Nt_U0Ff\">\n<p class=\"rating--item--Nt_U0Ff\">\n<p class=\"rating--item--Nt_U0Ff\">\n<p class=\"rating--item--Nt_U0Ff\">\n<p class=\"rating--item--Nt_U0Ff\">\n<\/div>\n<\/div>\n<\/div>\n<\/div>\n","protected":false},"featured_media":22694,"template":"","meta":{"jetpack_publicize_message":"","jetpack_publicize_feature_enabled":true,"jetpack_social_post_already_shared":true,"jetpack_social_options":{"image_generator_settings":{"template":"highway","default_image_id":0,"font":"","enabled":false},"version":2}},"product_brand":[],"product_cat":[92],"product_tag":[],"class_list":{"0":"post-22693","1":"product","2":"type-product","3":"status-publish","4":"has-post-thumbnail","6":"product_cat-harnais-et-laisses-pour-chien","8":"first","9":"instock","10":"taxable","11":"shipping-taxable","12":"purchasable","13":"product-type-variable"},"supplier_id":5587,"supplier_sku":"","barcode":null,"atum_controlled":true,"out_stock_date":null,"out_stock_threshold":null,"inheritable":true,"inbound_stock":0,"stock_on_hold":0,"sold_today":0,"sales_last_days":0,"reserved_stock":0,"customer_returns":0,"warehouse_damage":0,"lost_in_post":0,"other_logs":0,"out_stock_days":0,"lost_sales":0,"has_location":false,"update_date":"2026-05-01T00:17:06","atum_locations":[],"atum_stock_status":"instock","restock_status":false,"low_stock_amount":0,"sales_update_date":"2026-05-01T00:17:06","calc_backorders":null,"jetpack_publicize_connections":[],"jetpack_sharing_enabled":true,"batches":[],"_links":{"self":[{"href":"https:\/\/petworld.ma\/index.php\/wp-json\/wp\/v2\/product\/22693","targetHints":{"allow":["GET"]}}],"collection":[{"href":"https:\/\/petworld.ma\/index.php\/wp-json\/wp\/v2\/product"}],"about":[{"href":"https:\/\/petworld.ma\/index.php\/wp-json\/wp\/v2\/types\/product"}],"wp:featuredmedia":[{"embeddable":true,"href":"https:\/\/petworld.ma\/index.php\/wp-json\/wp\/v2\/media\/22694"}],"wp:attachment":[{"href":"https:\/\/petworld.ma\/index.php\/wp-json\/wp\/v2\/media?parent=22693"}],"wp:term":[{"taxonomy":"product_brand","embeddable":true,"href":"https:\/\/petworld.ma\/index.php\/wp-json\/wp\/v2\/product_brand?post=22693"},{"taxonomy":"product_cat","embeddable":true,"href":"https:\/\/petworld.ma\/index.php\/wp-json\/wp\/v2\/product_cat?post=22693"},{"taxonomy":"product_tag","embeddable":true,"href":"https:\/\/petworld.ma\/index.php\/wp-json\/wp\/v2\/product_tag?post=22693"}],"curies":[{"name":"wp","href":"https:\/\/api.w.org\/{rel}","templated":true}]}}