{"id":22745,"date":"2025-06-01T17:30:24","date_gmt":"2025-06-01T17:30:24","guid":{"rendered":"https:\/\/petworld.ma\/?post_type=product&#038;p=22745"},"modified":"2026-05-06T14:35:35","modified_gmt":"2026-05-06T14:35:35","slug":"laisse-avec-harnais-reflechissant-l120cm","status":"publish","type":"product","link":"https:\/\/petworld.ma\/index.php\/produit\/laisse-avec-harnais-reflechissant-l120cm\/","title":{"rendered":"Laisse avec harnais r\u00e9fl\u00e9chissant L120cm"},"content":{"rendered":"<section id=\"wrapper\">\n<div class=\"container\">\n<div id=\"content-wrapper\" class=\"js-content-wrapper\">\n<section id=\"main\">\n<div class=\"row product-container js-product-container\">\n<div class=\"col-md-6\">\n<div class=\"product-information\">\n<div class=\"tabs\">\n<div id=\"tab-content\" class=\"tab-content\">\n<div id=\"description\" class=\"tab-pane fade in active js-product-tab-active\" role=\"tabpanel\">\n<div class=\"product-description\">\n<p>Cette laisse avec harnais r\u00e9fl\u00e9chissant, vous permettra de vous promener en toute s\u00e9curit\u00e9 et de rendre visible votre animal de compagnie lors de vos balades.<\/p>\n<\/div>\n<\/div>\n<\/div>\n<\/div>\n<\/div>\n<\/div>\n<\/div>\n<\/section>\n<\/div>\n<\/div>\n<\/section>\n<p>Couleur: bleu, noir, rouge, vert et rose<\/p>\n<p>&nbsp;<\/p>\n","protected":false},"excerpt":{"rendered":"<div class=\"title--wrap--UUHae_g\">\n<p data-pl=\"product-title\" data-tticheck=\"true\" data-spm-anchor-id=\"a2g0o.detail.0.i9.3f789VxK9VxKuc\">\n<\/div>\n<div class=\"reviewer--wrap--vGS7G6P\" data-pl=\"product-reviewer\">\n<div>\n<div class=\"reviewer--box--wVguYsD\">\n<div class=\"rating--wrap--jg9uoRp\">\n<p class=\"rating--item--Nt_U0Ff\">\n<\/div>\n<\/div>\n<\/div>\n<\/div>\n","protected":false},"featured_media":22749,"template":"","meta":{"jetpack_publicize_message":"","jetpack_publicize_feature_enabled":true,"jetpack_social_post_already_shared":true,"jetpack_social_options":{"image_generator_settings":{"template":"highway","default_image_id":0,"font":"","enabled":false},"version":2}},"product_brand":[],"product_cat":[92],"product_tag":[],"class_list":{"0":"post-22745","1":"product","2":"type-product","3":"status-publish","4":"has-post-thumbnail","6":"product_cat-harnais-et-laisses-pour-chien","8":"first","9":"instock","10":"taxable","11":"shipping-taxable","12":"purchasable","13":"product-type-variable"},"supplier_id":5587,"supplier_sku":"","barcode":null,"atum_controlled":true,"out_stock_date":null,"out_stock_threshold":null,"inheritable":true,"inbound_stock":0,"stock_on_hold":1,"sold_today":0,"sales_last_days":2,"reserved_stock":0,"customer_returns":0,"warehouse_damage":0,"lost_in_post":0,"other_logs":0,"out_stock_days":0,"lost_sales":0,"has_location":false,"update_date":"2026-05-10T00:22:20","atum_locations":[],"atum_stock_status":"instock","restock_status":false,"low_stock_amount":0,"sales_update_date":"2026-05-10T00:22:20","calc_backorders":null,"jetpack_publicize_connections":[],"jetpack_sharing_enabled":true,"batches":[],"_links":{"self":[{"href":"https:\/\/petworld.ma\/index.php\/wp-json\/wp\/v2\/product\/22745","targetHints":{"allow":["GET"]}}],"collection":[{"href":"https:\/\/petworld.ma\/index.php\/wp-json\/wp\/v2\/product"}],"about":[{"href":"https:\/\/petworld.ma\/index.php\/wp-json\/wp\/v2\/types\/product"}],"wp:featuredmedia":[{"embeddable":true,"href":"https:\/\/petworld.ma\/index.php\/wp-json\/wp\/v2\/media\/22749"}],"wp:attachment":[{"href":"https:\/\/petworld.ma\/index.php\/wp-json\/wp\/v2\/media?parent=22745"}],"wp:term":[{"taxonomy":"product_brand","embeddable":true,"href":"https:\/\/petworld.ma\/index.php\/wp-json\/wp\/v2\/product_brand?post=22745"},{"taxonomy":"product_cat","embeddable":true,"href":"https:\/\/petworld.ma\/index.php\/wp-json\/wp\/v2\/product_cat?post=22745"},{"taxonomy":"product_tag","embeddable":true,"href":"https:\/\/petworld.ma\/index.php\/wp-json\/wp\/v2\/product_tag?post=22745"}],"curies":[{"name":"wp","href":"https:\/\/api.w.org\/{rel}","templated":true}]}}