{"id":22763,"date":"2025-06-01T18:15:02","date_gmt":"2025-06-01T18:15:02","guid":{"rendered":"https:\/\/petworld.ma\/?post_type=product&#038;p=22763"},"modified":"2026-02-11T16:02:29","modified_gmt":"2026-02-11T16:02:29","slug":"tetine-puppyfier-verte-tailles-s-ou-l","status":"publish","type":"product","link":"https:\/\/petworld.ma\/index.php\/produit\/tetine-puppyfier-verte-tailles-s-ou-l\/","title":{"rendered":"T\u00e9tine Puppyfier Verte (Tailles: S ou L)"},"content":{"rendered":"<div class=\"mb-2\">\n<p>Lorsqu&rsquo;il fait ses dents, votre chiot commence \u00e0 mordiller tout ce qui se trouve sur son passage. Pour \u00e9viter qu&rsquo;il ne s&rsquo;attaque \u00e0 vos paires de chaussures pr\u00e9f\u00e9r\u00e9es ou encore \u00e0 vos mobiliers, offrez-lui donc le jouet Puppyfier AFP . Ce mod\u00e8le ludique en forme de t\u00e9tine est le must des jouets \u00e0 m\u00e2chouiller. Il poss\u00e8de une texture \u00e0 reliefs permettant \u00e0 votre petit compagnon une prise plus agr\u00e9able. R\u00e9alis\u00e9 \u00e0 partir d&rsquo;une mati\u00e8re en plastique, le Puppyfier est \u00e0 la fois souple et r\u00e9sistant. Ce jouet r\u00e9pond aux besoins des chiots de petite race en pleine pouss\u00e9e dentaire. Vous pouvez \u00e9galement le choisir pour divertir un chien adulte. Pour assurer une bonne hygi\u00e8ne bucco-dentaire \u00e0 votre chiot, il est recommand\u00e9 de nettoyer r\u00e9guli\u00e8rement le jouet.<\/p>\n<\/div>\n<p>&nbsp;<\/p>\n<p>&nbsp;<\/p>\n","protected":false},"excerpt":{"rendered":"<ul>\n<li><strong>Sucette pour chien<\/strong><\/li>\n<li><strong>Aide \u00e0 la pouss\u00e9e dentaire de votre chiot<\/strong><\/li>\n<li><strong>Fabriqu\u00e9 \u00e0 partir de mat\u00e9riaux haut de gamme<\/strong><\/li>\n<\/ul>\n","protected":false},"featured_media":22770,"template":"","meta":{"jetpack_publicize_message":"","jetpack_publicize_feature_enabled":true,"jetpack_social_post_already_shared":true,"jetpack_social_options":{"image_generator_settings":{"template":"highway","default_image_id":0,"font":"","enabled":false},"version":2}},"product_brand":[],"product_cat":[106],"product_tag":[],"class_list":{"0":"post-22763","1":"product","2":"type-product","3":"status-publish","4":"has-post-thumbnail","6":"product_cat-jouet-et-dressage","8":"first","9":"instock","10":"taxable","11":"shipping-taxable","12":"purchasable","13":"product-type-variable"},"supplier_id":5592,"supplier_sku":"","barcode":null,"atum_controlled":true,"out_stock_date":null,"out_stock_threshold":null,"inheritable":true,"inbound_stock":0,"stock_on_hold":0,"sold_today":0,"sales_last_days":0,"reserved_stock":0,"customer_returns":0,"warehouse_damage":0,"lost_in_post":0,"other_logs":0,"out_stock_days":0,"lost_sales":0,"has_location":false,"update_date":"2026-05-06T00:15:58","atum_locations":[],"atum_stock_status":"instock","restock_status":false,"low_stock_amount":1,"sales_update_date":"2026-05-06T00:15:58","calc_backorders":null,"jetpack_publicize_connections":[],"jetpack_sharing_enabled":true,"batches":[],"_links":{"self":[{"href":"https:\/\/petworld.ma\/index.php\/wp-json\/wp\/v2\/product\/22763","targetHints":{"allow":["GET"]}}],"collection":[{"href":"https:\/\/petworld.ma\/index.php\/wp-json\/wp\/v2\/product"}],"about":[{"href":"https:\/\/petworld.ma\/index.php\/wp-json\/wp\/v2\/types\/product"}],"wp:featuredmedia":[{"embeddable":true,"href":"https:\/\/petworld.ma\/index.php\/wp-json\/wp\/v2\/media\/22770"}],"wp:attachment":[{"href":"https:\/\/petworld.ma\/index.php\/wp-json\/wp\/v2\/media?parent=22763"}],"wp:term":[{"taxonomy":"product_brand","embeddable":true,"href":"https:\/\/petworld.ma\/index.php\/wp-json\/wp\/v2\/product_brand?post=22763"},{"taxonomy":"product_cat","embeddable":true,"href":"https:\/\/petworld.ma\/index.php\/wp-json\/wp\/v2\/product_cat?post=22763"},{"taxonomy":"product_tag","embeddable":true,"href":"https:\/\/petworld.ma\/index.php\/wp-json\/wp\/v2\/product_tag?post=22763"}],"curies":[{"name":"wp","href":"https:\/\/api.w.org\/{rel}","templated":true}]}}