{"id":22786,"date":"2025-06-02T09:19:11","date_gmt":"2025-06-02T09:19:11","guid":{"rendered":"https:\/\/petworld.ma\/?post_type=product&#038;p=22786"},"modified":"2026-03-12T16:57:48","modified_gmt":"2026-03-12T16:57:48","slug":"melange-pour-perroquets-2kg-manitoba","status":"publish","type":"product","link":"https:\/\/petworld.ma\/index.php\/produit\/melange-pour-perroquets-2kg-manitoba\/","title":{"rendered":"M\u00e9lange pour perroquets 800g \u2013 Manitoba"},"content":{"rendered":"<p><span class=\"VIpgJd-yAWNEb-VIpgJd-fmcmS-sn54Q\">M\u00e9lange de graines pour perroquets universel pour perroquets de taille moyenne et grande 800g Manitoba<\/span><\/p>\n<h3><strong>Composition:<\/strong><\/h3>\n<p><span class=\"VIpgJd-yAWNEb-VIpgJd-fmcmS-sn54Q\">Tournesol iregi, Carthame (Cardon Blanc), Petit pois en flocons, Sarrasin, Mais \u00e9cras\u00e9, Sorgho blanc, Av\u00e8ne d\u00e9cortiqu\u00e9e, Mais blanc, Tournesol blanc Egypte, Mais extrud\u00e9, Arachides avec coquilles, Arachides pel\u00e9es, Noix d\u00e9cortiqu\u00e9es<\/span><\/p>\n<div id=\"jp-relatedposts\" class=\"jp-relatedposts\"><\/div>\n","protected":false},"excerpt":{"rendered":"<p><span class=\"VIpgJd-yAWNEb-VIpgJd-fmcmS-sn54Q\">M\u00e9lange de graines pour perroquets universel pour perroquets de taille moyenne et grande 800g Manitoba<\/span><\/p>\n","protected":false},"featured_media":22788,"template":"","meta":{"jetpack_publicize_message":"","jetpack_publicize_feature_enabled":true,"jetpack_social_post_already_shared":true,"jetpack_social_options":{"image_generator_settings":{"template":"highway","default_image_id":0,"font":"","enabled":false},"version":2}},"product_brand":[],"product_cat":[141],"product_tag":[],"class_list":{"0":"post-22786","1":"product","2":"type-product","3":"status-publish","4":"has-post-thumbnail","6":"product_cat-oiseaux","8":"first","9":"outofstock","10":"taxable","11":"shipping-taxable","12":"purchasable","13":"product-type-simple"},"supplier_id":5592,"supplier_sku":"","barcode":null,"atum_controlled":true,"out_stock_date":"2026-03-12 16:57:48","out_stock_threshold":null,"inheritable":false,"inbound_stock":0,"stock_on_hold":0,"sold_today":0,"sales_last_days":0,"reserved_stock":0,"customer_returns":0,"warehouse_damage":0,"lost_in_post":0,"other_logs":0,"out_stock_days":45,"lost_sales":0,"has_location":false,"update_date":"2026-04-27T00:14:33","atum_locations":[],"atum_stock_status":"outofstock","restock_status":false,"low_stock_amount":1,"sales_update_date":"2026-04-27T00:14:33","calc_backorders":null,"jetpack_publicize_connections":[],"jetpack_sharing_enabled":true,"batches":[{"id":"3755","date_created":"2025-06-02 17:21:22","date_expiry":"2026-02-28 00:00:00","user_id":"2461","batch_number":"lot022026","location":"","quantity":"3.0000","quantity_available":"0.0000","units":"1","status":"archived","order_ids":"[23733,24355,24445]","supplier":"Casablanca","po":{"id":"3721","date_created":"2025-06-02 17:21:23","batch_id":"3755","po_number":"","supplier":"Casablanca","cost":null,"regular_price":null,"sale_price":null,"price_margin":null,"price_discount":null}}],"_links":{"self":[{"href":"https:\/\/petworld.ma\/index.php\/wp-json\/wp\/v2\/product\/22786","targetHints":{"allow":["GET"]}}],"collection":[{"href":"https:\/\/petworld.ma\/index.php\/wp-json\/wp\/v2\/product"}],"about":[{"href":"https:\/\/petworld.ma\/index.php\/wp-json\/wp\/v2\/types\/product"}],"wp:featuredmedia":[{"embeddable":true,"href":"https:\/\/petworld.ma\/index.php\/wp-json\/wp\/v2\/media\/22788"}],"wp:attachment":[{"href":"https:\/\/petworld.ma\/index.php\/wp-json\/wp\/v2\/media?parent=22786"}],"wp:term":[{"taxonomy":"product_brand","embeddable":true,"href":"https:\/\/petworld.ma\/index.php\/wp-json\/wp\/v2\/product_brand?post=22786"},{"taxonomy":"product_cat","embeddable":true,"href":"https:\/\/petworld.ma\/index.php\/wp-json\/wp\/v2\/product_cat?post=22786"},{"taxonomy":"product_tag","embeddable":true,"href":"https:\/\/petworld.ma\/index.php\/wp-json\/wp\/v2\/product_tag?post=22786"}],"curies":[{"name":"wp","href":"https:\/\/api.w.org\/{rel}","templated":true}]}}