{"id":22836,"date":"2025-06-02T22:02:48","date_gmt":"2025-06-02T22:02:48","guid":{"rendered":"https:\/\/petworld.ma\/?post_type=product&#038;p=22836"},"modified":"2026-05-06T17:25:59","modified_gmt":"2026-05-06T17:25:59","slug":"shampoing-pour-chien-bio-petactive-aloe-vera-400-ml","status":"publish","type":"product","link":"https:\/\/petworld.ma\/index.php\/produit\/shampoing-pour-chien-bio-petactive-aloe-vera-400-ml\/","title":{"rendered":"Shampoing pour chien Bio PetActive Aloe Vera 400 ml"},"content":{"rendered":"<p>Shampoing \u00e0 l&rsquo;extrait d&rsquo;aloe vera pour chiens &#8211; Soin nettoyant et hydratant pour peaux sensibles et normales, sans parab\u00e8ne, pH \u00e9quilibr\u00e9 et ingr\u00e9dients naturels &#8211; 400 ml. Shampoing pour chiens Bio PetActive. Sans parab\u00e8ne, pH \u00e9quilibr\u00e9 et ingr\u00e9dients naturels. 400 ml.<\/p>\n<p>Soulage la peau s\u00e8che et irrit\u00e9e, laissant le pelage propre, brillant et soyeux. Ces feuilles riches en eau, combin\u00e9es \u00e0 des compos\u00e9s sp\u00e9cifiques appel\u00e9s glucides complexes, en font un hydratant et un analg\u00e9sique efficace et appr\u00e9ci\u00e9.<\/p>\n<p>Le shampoing pour chien de qualit\u00e9 sup\u00e9rieure apaise les peaux s\u00e8ches et irrit\u00e9es, les peaux irrit\u00e9es et les peaux sensibles. Pr\u00e9serve la fra\u00eecheur de la peau et du pelage. Renforce les cellules et la texture de la peau. Aide \u00e0 \u00e9liminer les rougeurs et les probl\u00e8mes de mue sur les peaux s\u00e8ches.<\/p>\n<p>Formule nettoyante et nourrissante enti\u00e8rement naturelle, adapt\u00e9e \u00e0 la peau sensible de votre animal de compagnie. Articles de toilettage pour chiens, gel douche pour chiens, shampoing pour chiens, shampoing pour animaux de compagnie, shampoing anti-d\u00e9mangeaisons canines.<\/p>\n","protected":false},"excerpt":{"rendered":"<ul>\n<li><strong>Nettoyage Efficace :<\/strong>\u00a0\u00c9limine les impuret\u00e9s tout en hydratant la peau.<\/li>\n<li><strong>Respectueux de l\u2019Environnement :<\/strong>\u00a0Sans paraben, avec des ingr\u00e9dients naturels.<\/li>\n<li><strong>Exp\u00e9rience Sensorielle :<\/strong>\u00a0Une senteur agr\u00e9able pour votre chien et vous.<\/li>\n<\/ul>\n","protected":false},"featured_media":22837,"template":"","meta":{"jetpack_publicize_message":"","jetpack_publicize_feature_enabled":true,"jetpack_social_post_already_shared":true,"jetpack_social_options":{"image_generator_settings":{"template":"highway","default_image_id":0,"font":"","enabled":false},"version":2}},"product_brand":[],"product_cat":[214],"product_tag":[],"class_list":{"0":"post-22836","1":"product","2":"type-product","3":"status-publish","4":"has-post-thumbnail","6":"product_cat-parfums-shampoing","8":"first","9":"instock","10":"taxable","11":"shipping-taxable","12":"purchasable","13":"product-type-simple"},"supplier_id":5592,"supplier_sku":"","barcode":"8698931093042","atum_controlled":true,"out_stock_date":null,"out_stock_threshold":null,"inheritable":false,"inbound_stock":0,"stock_on_hold":0,"sold_today":0,"sales_last_days":0,"reserved_stock":0,"customer_returns":0,"warehouse_damage":0,"lost_in_post":0,"other_logs":0,"out_stock_days":0,"lost_sales":0,"has_location":false,"update_date":"2026-05-06T17:26:01","atum_locations":[],"atum_stock_status":"instock","restock_status":false,"low_stock_amount":1,"sales_update_date":"2026-05-05T00:18:14","calc_backorders":null,"jetpack_publicize_connections":[],"jetpack_sharing_enabled":true,"batches":[{"id":"3758","date_created":"2025-06-02 22:08:38","date_expiry":"2026-12-11 00:00:00","user_id":"1","batch_number":"lot111226","location":"","quantity":"6.0000","quantity_available":"0.0000","units":"1","status":"archived","order_ids":"[29364,29764,32763,36025,37756,37778]","supplier":"Casablanca","po":{"id":"3724","date_created":"2025-06-02 22:08:39","batch_id":"3758","po_number":"","supplier":"Casablanca","cost":null,"regular_price":null,"sale_price":null,"price_margin":null,"price_discount":null}}],"_links":{"self":[{"href":"https:\/\/petworld.ma\/index.php\/wp-json\/wp\/v2\/product\/22836","targetHints":{"allow":["GET"]}}],"collection":[{"href":"https:\/\/petworld.ma\/index.php\/wp-json\/wp\/v2\/product"}],"about":[{"href":"https:\/\/petworld.ma\/index.php\/wp-json\/wp\/v2\/types\/product"}],"wp:featuredmedia":[{"embeddable":true,"href":"https:\/\/petworld.ma\/index.php\/wp-json\/wp\/v2\/media\/22837"}],"wp:attachment":[{"href":"https:\/\/petworld.ma\/index.php\/wp-json\/wp\/v2\/media?parent=22836"}],"wp:term":[{"taxonomy":"product_brand","embeddable":true,"href":"https:\/\/petworld.ma\/index.php\/wp-json\/wp\/v2\/product_brand?post=22836"},{"taxonomy":"product_cat","embeddable":true,"href":"https:\/\/petworld.ma\/index.php\/wp-json\/wp\/v2\/product_cat?post=22836"},{"taxonomy":"product_tag","embeddable":true,"href":"https:\/\/petworld.ma\/index.php\/wp-json\/wp\/v2\/product_tag?post=22836"}],"curies":[{"name":"wp","href":"https:\/\/api.w.org\/{rel}","templated":true}]}}