{"id":23015,"date":"2025-06-06T10:13:05","date_gmt":"2025-06-06T10:13:05","guid":{"rendered":"https:\/\/petworld.ma\/?post_type=product&#038;p=23015"},"modified":"2026-03-12T16:58:19","modified_gmt":"2026-03-12T16:58:19","slug":"brit-mono-protein-lamb-rice-400g","status":"publish","type":"product","link":"https:\/\/petworld.ma\/index.php\/produit\/brit-mono-protein-lamb-rice-400g\/","title":{"rendered":"Brit Mono Protein &#8211; Lamb &amp; Rice 400g"},"content":{"rendered":"<div class=\"hidden-xs\">\n<div class=\"hidden-xs\">\n<p>100 % PROT\u00c9INES D&rsquo;AGNEAU PURES AVEC RIZ. Brit Mono Protein offre une nutrition compl\u00e8te et \u00e9quilibr\u00e9e. Sa formule, \u00e0 base d&rsquo;un seul type de prot\u00e9ine, est id\u00e9ale pour r\u00e9duire les risques d&rsquo;allergies et d&rsquo;intol\u00e9rances alimentaires.<\/p>\n<\/div>\n<ul>\n<li>Id\u00e9al pour les chiens ayant une digestion sensible, des allergies alimentaires ou une intol\u00e9rance alimentaire.<\/li>\n<li>Une teneur \u00e9lev\u00e9e en viande de qualit\u00e9 et un traitement soign\u00e9 garantissent une saveur et un ar\u00f4me excellents.<\/li>\n<li>Compl\u00e9ment id\u00e9al aux granul\u00e9s, il contribue \u00e0 am\u00e9liorer la prise alimentaire et l&rsquo;hydratation.<\/li>\n<li>SANS GLUTEN \/ SANS SOJA \/ SANS OGM<\/li>\n<\/ul>\n<\/div>\n<p class=\"composition\"><strong>Composition :<\/strong>\u00a070 % agneau (viande &amp; abats), 4 % riz, 3 % amidon de pois, 1 % fibre de pois.<\/p>\n<p><strong>Ingr\u00e9dients analytiques :<\/strong>\u00a0prot\u00e9ines brutes 9 %, mati\u00e8res grasses brutes 7 %, cendres brutes 2 %, humidit\u00e9 78 %, fibres brutes 0,7 %, calcium 0,2 %, phosphore 0,3 %, sodium 0,4 %.<\/p>\n<p><strong>Composition nutritionnelle :<\/strong>\u00a0vitamine D3 (3a671) 250 UI, vitamine E (3a700) 100 mg, zinc (3b606) 15 mg, fer (3b106) 10 mg, mangan\u00e8se (3b504) 3 mg, iode de potassium (3b201) 0,75 mg, cuivre (3b406) 0,5 mg, biotine (3a880) 0,2 mg. Additifs technologiques pour 1 kg : Gomme de caroube (E410) 5 000 mg.<\/p>\n<p><strong>\u00c9nergie m\u00e9tabolisable :<\/strong>\u00a01 110 kcal\/kg<\/p>\n","protected":false},"excerpt":{"rendered":"<p>100 % PROT\u00c9INES D&rsquo;AGNEAU PURES AVEC RIZ. Brit Mono Protein offre une nutrition compl\u00e8te et \u00e9quilibr\u00e9e. Sa formule, \u00e0 base d&rsquo;un seul type de prot\u00e9ine, est id\u00e9ale pour r\u00e9duire les risques d&rsquo;allergies et d&rsquo;intol\u00e9rances alimentaires. Id\u00e9al pour les chiens ayant une digestion sensible, des allergies alimentaires ou une intol\u00e9rance alimentaire. Une teneur \u00e9lev\u00e9e en viande [&#8230;]\n","protected":false},"featured_media":23016,"template":"","meta":{"jetpack_publicize_message":"","jetpack_publicize_feature_enabled":true,"jetpack_social_post_already_shared":true,"jetpack_social_options":{"image_generator_settings":{"template":"highway","default_image_id":0,"font":"","enabled":false},"version":2}},"product_brand":[],"product_cat":[26,39],"product_tag":[],"class_list":{"0":"post-23015","1":"product","2":"type-product","3":"status-publish","4":"has-post-thumbnail","6":"product_cat-croquettes","7":"product_cat-friandises-et-pates-pour-chien","9":"first","10":"outofstock","11":"taxable","12":"shipping-taxable","13":"purchasable","14":"product-type-simple"},"supplier_id":5590,"supplier_sku":"555352","barcode":"8595602555352","atum_controlled":true,"out_stock_date":"2026-03-12 16:58:19","out_stock_threshold":null,"inheritable":false,"inbound_stock":0,"stock_on_hold":0,"sold_today":0,"sales_last_days":0,"reserved_stock":0,"customer_returns":0,"warehouse_damage":0,"lost_in_post":0,"other_logs":0,"out_stock_days":55,"lost_sales":0,"has_location":false,"update_date":"2026-05-07T00:18:09","atum_locations":[],"atum_stock_status":"outofstock","restock_status":false,"low_stock_amount":2,"sales_update_date":"2026-05-07T00:18:09","calc_backorders":null,"jetpack_publicize_connections":[],"jetpack_sharing_enabled":true,"batches":[{"id":"3924","date_created":"2025-06-06 10:16:52","date_expiry":"2027-12-12 00:00:00","user_id":"2461","batch_number":"lot121227","location":"","quantity":"6.0000","quantity_available":"0.0000","units":"1","status":"archived","order_ids":"[24008,25769]","supplier":"Brit","po":{"id":"3889","date_created":"2025-06-06 10:16:55","batch_id":"3924","po_number":"","supplier":"Brit","cost":null,"regular_price":null,"sale_price":null,"price_margin":null,"price_discount":null}},{"id":"4764","date_created":"2025-08-08 14:28:04","date_expiry":"2027-12-12 00:00:00","user_id":"2461","batch_number":"lot121227","location":"","quantity":"6.0000","quantity_available":"0.0000","units":"1","status":"archived","order_ids":"[31256,32118,33596,33630,36746]","supplier":"Brit","po":{"id":"4728","date_created":"2025-08-08 14:28:05","batch_id":"4764","po_number":"","supplier":"Brit","cost":null,"regular_price":null,"sale_price":null,"price_margin":null,"price_discount":null}}],"_links":{"self":[{"href":"https:\/\/petworld.ma\/index.php\/wp-json\/wp\/v2\/product\/23015","targetHints":{"allow":["GET"]}}],"collection":[{"href":"https:\/\/petworld.ma\/index.php\/wp-json\/wp\/v2\/product"}],"about":[{"href":"https:\/\/petworld.ma\/index.php\/wp-json\/wp\/v2\/types\/product"}],"wp:featuredmedia":[{"embeddable":true,"href":"https:\/\/petworld.ma\/index.php\/wp-json\/wp\/v2\/media\/23016"}],"wp:attachment":[{"href":"https:\/\/petworld.ma\/index.php\/wp-json\/wp\/v2\/media?parent=23015"}],"wp:term":[{"taxonomy":"product_brand","embeddable":true,"href":"https:\/\/petworld.ma\/index.php\/wp-json\/wp\/v2\/product_brand?post=23015"},{"taxonomy":"product_cat","embeddable":true,"href":"https:\/\/petworld.ma\/index.php\/wp-json\/wp\/v2\/product_cat?post=23015"},{"taxonomy":"product_tag","embeddable":true,"href":"https:\/\/petworld.ma\/index.php\/wp-json\/wp\/v2\/product_tag?post=23015"}],"curies":[{"name":"wp","href":"https:\/\/api.w.org\/{rel}","templated":true}]}}