{"id":23034,"date":"2025-06-06T15:41:31","date_gmt":"2025-06-06T15:41:31","guid":{"rendered":"https:\/\/petworld.ma\/?post_type=product&#038;p=23034"},"modified":"2026-03-31T09:37:15","modified_gmt":"2026-03-31T09:37:15","slug":"brit-pate-and-meat-lamb-agneau-400g","status":"publish","type":"product","link":"https:\/\/petworld.ma\/index.php\/produit\/brit-pate-and-meat-lamb-agneau-400g\/","title":{"rendered":"Brit Pat\u00e9 and Meat &#8211; Lamb (Agneau) 400g"},"content":{"rendered":"<div class=\"hidden-xs\">\n<div class=\"hidden-xs\">\n<p>P\u00e2t\u00e9 pur avec morceaux entiers d&rsquo;abats et de viande. Aliment complet pour chiens.<\/p>\n<\/div>\n<ul>\n<li>De vrais morceaux de viande avec des morceaux entiers d&rsquo;abats en p\u00e2t\u00e9.<\/li>\n<li>Une teneur \u00e9lev\u00e9e en viande de qualit\u00e9 et une transformation soign\u00e9e garantissent une saveur et un ar\u00f4me exceptionnels. Un d\u00e9licieux m\u00e9lange de v\u00e9ritables morceaux de viande et d&rsquo;abats dans un p\u00e2t\u00e9 qui satisfera parfaitement les gourmands canins les plus exigeants.<\/li>\n<li>Brit P\u00e2t\u00e9 &amp; Viande est un compl\u00e9ment id\u00e9al aux granul\u00e9s. Il contribue \u00e0 am\u00e9liorer l&rsquo;apport alimentaire et l&rsquo;hydratation.<\/li>\n<li>SANS C\u00c9R\u00c9ALES \/ SANS SOJA \/ SANS OGM<\/li>\n<\/ul>\n<p class=\"composition\"><strong>Composition :<\/strong>\u00a044% poulet (viande et abats), 26% agneau (viande et abats), 3% amidon de pois, 1% fibre de pois, 0,5% huile de saumon.<\/p>\n<p><strong>Ingr\u00e9dients analytiques :<\/strong>\u00a0prot\u00e9ines brutes 8 %, mati\u00e8res grasses brutes 6 %, cendres brutes 3 %, humidit\u00e9 78 %, fibres brutes 0,5 %, calcium 0,1 %, phosphore 0,3 %, sodium 0,2 %.<\/p>\n<p><strong>Composition nutritionnelle :<\/strong>\u00a0vitamine D3 (3a671) 250 UI, vitamine E (3a700) 100 mg, zinc (3b606) 15 mg, fer (3b106) 10 mg, mangan\u00e8se (3b504) 3 mg, iode de potassium (3b201) 0,75 mg, cuivre (3b406) 0,5 mg, biotine (3a880) 0,2 mg. Additifs technologiques pour 1 kg : Gomme de caroube (E410) 5 000 mg.<\/p>\n<p><strong>\u00c9nergie m\u00e9tabolisable :<\/strong>\u00a01 025 kcal\/kg<\/p>\n<\/div>\n","protected":false},"excerpt":{"rendered":"<p>P\u00e2t\u00e9 pur avec morceaux entiers d&rsquo;abats et de viande. Aliment complet pour chiens. De vrais morceaux de viande avec des morceaux entiers d&rsquo;abats en p\u00e2t\u00e9. Une teneur \u00e9lev\u00e9e en viande de qualit\u00e9 et une transformation soign\u00e9e garantissent une saveur et un ar\u00f4me exceptionnels. Un d\u00e9licieux m\u00e9lange de v\u00e9ritables morceaux de viande et d&rsquo;abats dans un [&#8230;]\n","protected":false},"featured_media":23035,"template":"","meta":{"jetpack_publicize_message":"","jetpack_publicize_feature_enabled":true,"jetpack_social_post_already_shared":true,"jetpack_social_options":{"image_generator_settings":{"template":"highway","default_image_id":0,"font":"","enabled":false},"version":2}},"product_brand":[],"product_cat":[26,39],"product_tag":[],"class_list":{"0":"post-23034","1":"product","2":"type-product","3":"status-publish","4":"has-post-thumbnail","6":"product_cat-croquettes","7":"product_cat-friandises-et-pates-pour-chien","9":"first","10":"instock","11":"taxable","12":"shipping-taxable","13":"purchasable","14":"product-type-simple"},"supplier_id":5590,"supplier_sku":"557431","barcode":null,"atum_controlled":true,"out_stock_date":null,"out_stock_threshold":null,"inheritable":false,"inbound_stock":0,"stock_on_hold":0,"sold_today":0,"sales_last_days":0,"reserved_stock":0,"customer_returns":0,"warehouse_damage":0,"lost_in_post":0,"other_logs":0,"out_stock_days":0,"lost_sales":0,"has_location":false,"update_date":"2026-05-07T00:18:09","atum_locations":[],"atum_stock_status":"instock","restock_status":false,"low_stock_amount":2,"sales_update_date":"2026-05-07T00:18:09","calc_backorders":0,"jetpack_publicize_connections":[],"jetpack_sharing_enabled":true,"batches":[{"id":"3926","date_created":"2025-06-06 15:43:31","date_expiry":"2027-12-16 00:00:00","user_id":"2461","batch_number":"lot161227","location":"","quantity":"6.0000","quantity_available":"0.0000","units":"1","status":"archived","order_ids":"[24141,25432]","supplier":"Brit","po":{"id":"3891","date_created":"2025-06-06 15:43:32","batch_id":"3926","po_number":"","supplier":"Brit","cost":null,"regular_price":null,"sale_price":null,"price_margin":null,"price_discount":null}},{"id":"4570","date_created":"2025-07-24 19:58:44","date_expiry":"2027-12-16 00:00:00","user_id":"2461","batch_number":"lot161227","location":"","quantity":"6.0000","quantity_available":"0.0000","units":"1","status":"archived","order_ids":"[25267,25873,26584]","supplier":"Brit","po":{"id":"4534","date_created":"2025-07-24 19:58:44","batch_id":"4570","po_number":"","supplier":"Brit","cost":null,"regular_price":null,"sale_price":null,"price_margin":null,"price_discount":null}},{"id":"5439","date_created":"2025-09-20 19:49:22","date_expiry":"2027-12-16 00:00:00","user_id":"2461","batch_number":"britmeatlamb61227","location":"","quantity":"6.0000","quantity_available":"0.0000","units":"1","status":"archived","order_ids":"[28605,30891]","supplier":" BRIT","po":{"id":"5396","date_created":"2025-09-20 19:49:25","batch_id":"5439","po_number":"","supplier":" BRIT","cost":null,"regular_price":null,"sale_price":null,"price_margin":null,"price_discount":null}},{"id":"8447","date_created":"2026-03-23 15:56:01","date_expiry":"2028-11-16 00:00:00","user_id":"2461","batch_number":"britmeatlamb1128","location":"","quantity":"12.0000","quantity_available":"8.0000","units":"1","status":"active","order_ids":"[38582]","supplier":"Brit","po":{"id":"8375","date_created":"2026-03-23 15:56:02","batch_id":"8447","po_number":"","supplier":"Brit","cost":null,"regular_price":null,"sale_price":null,"price_margin":null,"price_discount":null}}],"_links":{"self":[{"href":"https:\/\/petworld.ma\/index.php\/wp-json\/wp\/v2\/product\/23034","targetHints":{"allow":["GET"]}}],"collection":[{"href":"https:\/\/petworld.ma\/index.php\/wp-json\/wp\/v2\/product"}],"about":[{"href":"https:\/\/petworld.ma\/index.php\/wp-json\/wp\/v2\/types\/product"}],"wp:featuredmedia":[{"embeddable":true,"href":"https:\/\/petworld.ma\/index.php\/wp-json\/wp\/v2\/media\/23035"}],"wp:attachment":[{"href":"https:\/\/petworld.ma\/index.php\/wp-json\/wp\/v2\/media?parent=23034"}],"wp:term":[{"taxonomy":"product_brand","embeddable":true,"href":"https:\/\/petworld.ma\/index.php\/wp-json\/wp\/v2\/product_brand?post=23034"},{"taxonomy":"product_cat","embeddable":true,"href":"https:\/\/petworld.ma\/index.php\/wp-json\/wp\/v2\/product_cat?post=23034"},{"taxonomy":"product_tag","embeddable":true,"href":"https:\/\/petworld.ma\/index.php\/wp-json\/wp\/v2\/product_tag?post=23034"}],"curies":[{"name":"wp","href":"https:\/\/api.w.org\/{rel}","templated":true}]}}