{"id":23068,"date":"2025-06-07T13:20:28","date_gmt":"2025-06-07T13:20:28","guid":{"rendered":"https:\/\/petworld.ma\/?post_type=product&#038;p=23068"},"modified":"2026-02-14T10:31:39","modified_gmt":"2026-02-14T10:31:39","slug":"bac-a-litiere-ferme-pour-chat-rose-vert","status":"publish","type":"product","link":"https:\/\/petworld.ma\/index.php\/produit\/bac-a-litiere-ferme-pour-chat-rose-vert\/","title":{"rendered":"Bac \u00e0 liti\u00e8re Ferm\u00e9 pour Chat avec Sortie vers le haut (Rose | Vert)"},"content":{"rendered":"<div id=\"Desktop-Detailed-Evaluation-Zone\" class=\"celwidget\" data-feature-name=\"Desktop-Detailed-Evaluation-Zone\" data-csa-c-type=\"widget\" data-csa-c-content-id=\"Desktop-Detailed-Evaluation-Zone\" data-csa-c-slot-id=\"Desktop-Detailed-Evaluation-Zone\" data-csa-c-asin=\"\" data-csa-c-is-in-initial-active-row=\"false\" data-csa-c-id=\"cfblk2-ur8028-prtuf1-96ohew\" data-cel-widget=\"Desktop-Detailed-Evaluation-Zone\">\n<div id=\"productDescription_feature_div\" class=\"celwidget pd_rd_w-zSEv5 pd_rd_r-H2KVGTV8NB2KHZBJ04NH pd_rd_wg-OLHmr\" data-feature-name=\"productDescription-3\" data-csa-c-type=\"widget\" data-csa-c-content-id=\"productDescription-3\" data-csa-c-slot-id=\"productDescription_feature_div\" data-csa-c-asin=\"\" data-csa-c-is-in-initial-active-row=\"false\" data-csa-c-id=\"38b9zu-l12kvz-jg7qj0-tvv6sy\" data-cel-widget=\"productDescription_feature_div\">\n<div id=\"productDescription_feature_div\" class=\"a-row feature\" data-feature-name=\"productDescription\" data-template-name=\"productDescription\" data-cel-widget=\"productDescription_feature_div\">\n<div id=\"productDescription\" class=\"a-section a-spacing-small\">\n<div id=\"Desktop-Detailed-Evaluation-Zone\" class=\"celwidget\" data-feature-name=\"Desktop-Detailed-Evaluation-Zone\" data-csa-c-type=\"widget\" data-csa-c-content-id=\"Desktop-Detailed-Evaluation-Zone\" data-csa-c-slot-id=\"Desktop-Detailed-Evaluation-Zone\" data-csa-c-asin=\"\" data-csa-c-is-in-initial-active-row=\"false\" data-csa-c-id=\"umnlre-1olzqu-csi451-fuysnm\" data-cel-widget=\"Desktop-Detailed-Evaluation-Zone\">\n<div id=\"productDescription_feature_div\" class=\"celwidget pd_rd_w-QE8KH pd_rd_r-08CFSTA8VNZHNFG1MTWX pd_rd_wg-LMYRh\" data-feature-name=\"productDescription-3\" data-csa-c-type=\"widget\" data-csa-c-content-id=\"productDescription-3\" data-csa-c-slot-id=\"productDescription_feature_div\" data-csa-c-asin=\"\" data-csa-c-is-in-initial-active-row=\"false\" data-csa-c-id=\"s2i44a-s3aka6-kn6ve2-9dsvmk\" data-cel-widget=\"productDescription_feature_div\">\n<div>\n<div id=\"productDescription_feature_div\" class=\"a-row feature\" data-feature-name=\"productDescription\" data-template-name=\"productDescription\" data-cel-widget=\"productDescription_feature_div\">\n<div id=\"productDescription\" class=\"a-section a-spacing-small\">\n<p>Le bac \u00e0 liti\u00e8re Ultimate Cat est la solution par excellence pour les propri\u00e9taires de chats \u00e0 la recherche d&rsquo;un m\u00e9lange de style, de fonctionnalit\u00e9 et d&rsquo;hygi\u00e8ne. B\u00e9n\u00e9ficiant d&rsquo;un design \u00e9l\u00e9gant et moderne qui s&rsquo;int\u00e8gre parfaitement \u00e0 votre d\u00e9coration int\u00e9rieure, ce bac \u00e0 liti\u00e8re est dot\u00e9 d&rsquo;une entr\u00e9e par le haut qui r\u00e9duit le suivi des d\u00e9chets et assure l&rsquo;intimit\u00e9 de votre animal de compagnie. Il est fabriqu\u00e9 en plastique de haute qualit\u00e9 sans BPA, robuste et facile \u00e0 nettoyer. L&rsquo;int\u00e9rieur spacieux est parfait pour les chats de toutes tailles, tandis que le couvercle rainur\u00e9 aide \u00e0 \u00e9liminer les particules de liti\u00e8re des pattes de votre chat lors de leur sortie. Avec sa combinaison d&rsquo;\u00e9l\u00e9gance et de praticit\u00e9, le bac \u00e0 liti\u00e8re pour chat offre une exp\u00e9rience in\u00e9gal\u00e9e tant aux chats qu&rsquo;\u00e0 leurs propri\u00e9taires, garantissant un environnement propre, sans odeur et esth\u00e9tique.<\/p>\n<p>Dimensions: 47\u00d734,5\u00d736,5cm<\/p>\n<\/div>\n<\/div>\n<\/div>\n<\/div>\n<\/div>\n<div id=\"promotions_feature_div\" class=\"celwidget\" data-feature-name=\"promotions_US\" data-csa-c-type=\"widget\" data-csa-c-content-id=\"promotions_US\" data-csa-c-slot-id=\"promotions_feature_div\" data-csa-c-asin=\"\" data-csa-c-is-in-initial-active-row=\"false\" data-csa-c-id=\"swf08m-s9r6w8-h4uq8x-eijroa\" data-cel-widget=\"promotions_feature_div\"><\/div>\n<div id=\"cpsiaProductSafetyWarning-1_feature_div\" class=\"celwidget\" data-feature-name=\"cpsiaProductSafetyWarning-1\" data-csa-c-type=\"widget\" data-csa-c-content-id=\"cpsiaProductSafetyWarning-1\" data-csa-c-slot-id=\"cpsiaProductSafetyWarning-1_feature_div\" data-csa-c-asin=\"\" data-csa-c-is-in-initial-active-row=\"false\" data-csa-c-id=\"da29u4-p9tg1q-4q4ff-s5md8j\" data-cel-widget=\"cpsiaProductSafetyWarning-1_feature_div\">\n<div class=\"celwidget c-f\" data-csa-op-log-render=\"\" data-csa-c-content-id=\"DsUnknown\" data-csa-c-slot-id=\"DsUnknown-5\" data-csa-c-type=\"widget\" data-csa-c-painter=\"dp-cpsia-product-safety-warning-cards\" data-csa-c-id=\"bfxpbd-t69n7a-fcumsu-jmucb4\" data-cel-widget=\"dp-cpsia-product-safety-warning_DetailPage_4\">\n<div id=\"CardInstance3b8r3_Zvbo1qXdIR2j_wWw\" data-card-metrics-id=\"dp-cpsia-product-safety-warning_DetailPage_4\"><\/div>\n<\/div>\n<\/div>\n<div id=\"buffetServiceCard_feature_div\" class=\"celwidget\" data-feature-name=\"buffetServiceCard\" data-csa-c-type=\"widget\" data-csa-c-content-id=\"buffetServiceCard\" data-csa-c-slot-id=\"buffetServiceCard_feature_div\" data-csa-c-asin=\"\" data-csa-c-is-in-initial-active-row=\"false\" data-csa-c-id=\"iuhwoc-qdyr44-5yni8l-kydb7f\" data-cel-widget=\"buffetServiceCard_feature_div\">\n<div class=\"celwidget c-f\" data-csa-op-log-render=\"\" data-csa-c-content-id=\"DsUnknown\" data-csa-c-slot-id=\"DsUnknown-4\" data-csa-c-type=\"widget\" data-csa-c-painter=\"buffet-disclaimers-card-cards\" data-csa-c-id=\"2bg0gi-5e8o83-n9hk6n-vlq0ys\" data-cel-widget=\"buffet-disclaimers-card_DetailPage_3\"><\/div>\n<\/div>\n<\/div>\n<\/div>\n<\/div>\n<\/div>\n<h3><a href=\"https:\/\/wa.me\/212708052510\" target=\"_blank\" rel=\"noopener noreferrer\"><img loading=\"lazy\" decoding=\"async\" class=\"fr-fic fr-dib aligncenter\" src=\"https:\/\/cdn.youcan.shop\/stores\/d0742d556df94ddbc7ae4c9810aff04b\/others\/HdcGYt7bNsf4TYGHsW4Nx5V9dkk4xoEfEt56QwMQ.png\" width=\"288\" height=\"76\" data-name=\"stores\/d0742d556df94ddbc7ae4c9810aff04b\/others\/HdcGYt7bNsf4TYGHsW4Nx5V9dkk4xoEfEt56QwMQ.png\" \/><\/a><\/h3>\n","protected":false},"excerpt":{"rendered":"<p>Le bac \u00e0 liti\u00e8re Ultimate Cat est la solution par excellence pour les propri\u00e9taires de chats \u00e0 la recherche d&rsquo;un m\u00e9lange de style, de fonctionnalit\u00e9 et d&rsquo;hygi\u00e8ne. B\u00e9n\u00e9ficiant d&rsquo;un design \u00e9l\u00e9gant et moderne qui s&rsquo;int\u00e8gre parfaitement \u00e0 votre d\u00e9coration int\u00e9rieure, ce bac \u00e0 liti\u00e8re est dot\u00e9 d&rsquo;une entr\u00e9e par le haut qui r\u00e9duit le suivi [&#8230;]\n","protected":false},"featured_media":23066,"template":"","meta":{"jetpack_publicize_message":"","jetpack_publicize_feature_enabled":true,"jetpack_social_post_already_shared":true,"jetpack_social_options":{"image_generator_settings":{"template":"highway","default_image_id":0,"font":"","enabled":false},"version":2}},"product_brand":[],"product_cat":[94],"product_tag":[],"class_list":{"0":"post-23068","1":"product","2":"type-product","3":"status-publish","4":"has-post-thumbnail","6":"product_cat-litieres-et-bacs","8":"first","9":"outofstock","10":"sale","11":"taxable","12":"shipping-taxable","13":"purchasable","14":"product-type-variable"},"supplier_id":5587,"supplier_sku":"","barcode":null,"atum_controlled":true,"out_stock_date":"2025-06-07 13:32:44","out_stock_threshold":null,"inheritable":true,"inbound_stock":0,"stock_on_hold":0,"sold_today":0,"sales_last_days":0,"reserved_stock":0,"customer_returns":0,"warehouse_damage":0,"lost_in_post":0,"other_logs":0,"out_stock_days":300,"lost_sales":0,"has_location":false,"update_date":"2026-04-04T10:34:09","atum_locations":[],"atum_stock_status":"outofstock","restock_status":false,"low_stock_amount":"","sales_update_date":"2026-04-04T10:34:09","calc_backorders":null,"jetpack_publicize_connections":[],"jetpack_sharing_enabled":true,"batches":[],"_links":{"self":[{"href":"https:\/\/petworld.ma\/index.php\/wp-json\/wp\/v2\/product\/23068","targetHints":{"allow":["GET"]}}],"collection":[{"href":"https:\/\/petworld.ma\/index.php\/wp-json\/wp\/v2\/product"}],"about":[{"href":"https:\/\/petworld.ma\/index.php\/wp-json\/wp\/v2\/types\/product"}],"wp:featuredmedia":[{"embeddable":true,"href":"https:\/\/petworld.ma\/index.php\/wp-json\/wp\/v2\/media\/23066"}],"wp:attachment":[{"href":"https:\/\/petworld.ma\/index.php\/wp-json\/wp\/v2\/media?parent=23068"}],"wp:term":[{"taxonomy":"product_brand","embeddable":true,"href":"https:\/\/petworld.ma\/index.php\/wp-json\/wp\/v2\/product_brand?post=23068"},{"taxonomy":"product_cat","embeddable":true,"href":"https:\/\/petworld.ma\/index.php\/wp-json\/wp\/v2\/product_cat?post=23068"},{"taxonomy":"product_tag","embeddable":true,"href":"https:\/\/petworld.ma\/index.php\/wp-json\/wp\/v2\/product_tag?post=23068"}],"curies":[{"name":"wp","href":"https:\/\/api.w.org\/{rel}","templated":true}]}}