{"id":23076,"date":"2025-06-07T13:54:00","date_gmt":"2025-06-07T13:54:00","guid":{"rendered":"https:\/\/petworld.ma\/?post_type=product&#038;p=23076"},"modified":"2026-04-27T10:48:44","modified_gmt":"2026-04-27T10:48:44","slug":"bac-a-litiere-ferme-pour-chat-georplast-galaxy-deluxe-bleu-ciel-rose-gris","status":"publish","type":"product","link":"https:\/\/petworld.ma\/index.php\/produit\/bac-a-litiere-ferme-pour-chat-georplast-galaxy-deluxe-bleu-ciel-rose-gris\/","title":{"rendered":"Bac \u00e0 liti\u00e8re Ferm\u00e9 pour Chat Georplast Galaxy Deluxe (Bleu Ciel | Rose | Gris)"},"content":{"rendered":"<div id=\"Desktop-Detailed-Evaluation-Zone\" class=\"celwidget\" data-feature-name=\"Desktop-Detailed-Evaluation-Zone\" data-csa-c-type=\"widget\" data-csa-c-content-id=\"Desktop-Detailed-Evaluation-Zone\" data-csa-c-slot-id=\"Desktop-Detailed-Evaluation-Zone\" data-csa-c-asin=\"\" data-csa-c-is-in-initial-active-row=\"false\" data-csa-c-id=\"cfblk2-ur8028-prtuf1-96ohew\" data-cel-widget=\"Desktop-Detailed-Evaluation-Zone\">\n<div id=\"productDescription_feature_div\" class=\"celwidget pd_rd_w-zSEv5 pd_rd_r-H2KVGTV8NB2KHZBJ04NH pd_rd_wg-OLHmr\" data-feature-name=\"productDescription-3\" data-csa-c-type=\"widget\" data-csa-c-content-id=\"productDescription-3\" data-csa-c-slot-id=\"productDescription_feature_div\" data-csa-c-asin=\"\" data-csa-c-is-in-initial-active-row=\"false\" data-csa-c-id=\"38b9zu-l12kvz-jg7qj0-tvv6sy\" data-cel-widget=\"productDescription_feature_div\">\n<div id=\"productDescription_feature_div\" class=\"a-row feature\" data-feature-name=\"productDescription\" data-template-name=\"productDescription\" data-cel-widget=\"productDescription_feature_div\">\n<div id=\"productDescription\" class=\"a-section a-spacing-small\">\n<div id=\"Desktop-Detailed-Evaluation-Zone\" class=\"celwidget\" data-feature-name=\"Desktop-Detailed-Evaluation-Zone\" data-csa-c-type=\"widget\" data-csa-c-content-id=\"Desktop-Detailed-Evaluation-Zone\" data-csa-c-slot-id=\"Desktop-Detailed-Evaluation-Zone\" data-csa-c-asin=\"\" data-csa-c-is-in-initial-active-row=\"false\" data-csa-c-id=\"umnlre-1olzqu-csi451-fuysnm\" data-cel-widget=\"Desktop-Detailed-Evaluation-Zone\">\n<div id=\"productDescription_feature_div\" class=\"celwidget pd_rd_w-QE8KH pd_rd_r-08CFSTA8VNZHNFG1MTWX pd_rd_wg-LMYRh\" data-feature-name=\"productDescription-3\" data-csa-c-type=\"widget\" data-csa-c-content-id=\"productDescription-3\" data-csa-c-slot-id=\"productDescription_feature_div\" data-csa-c-asin=\"\" data-csa-c-is-in-initial-active-row=\"false\" data-csa-c-id=\"s2i44a-s3aka6-kn6ve2-9dsvmk\" data-cel-widget=\"productDescription_feature_div\">\n<div id=\"productDescription_feature_div\" class=\"a-row feature\" data-feature-name=\"productDescription\" data-template-name=\"productDescription\" data-cel-widget=\"productDescription_feature_div\">\n<div id=\"productDescription\" class=\"a-section a-spacing-small\">\n<div class=\"ProductDescription_productFeatures__8UhdC\">\n<p><strong>Description du produit:<\/strong><\/p>\n<div class=\"ProductDescription_productFeatures__8UhdC\">\n<ul class=\"ProductDescription_productFeatureList__FFH8R\">\n<li class=\"ProductDescription_productFeatureItem__RxgCK\">Dispose d&rsquo;une poign\u00e9e de transport.<\/li>\n<li class=\"ProductDescription_productFeatureItem__RxgCK\">Conception discr\u00e8te et hygi\u00e9nique.<\/li>\n<li class=\"ProductDescription_productFeatureItem__RxgCK\">Disponible en bleu ciel, gris et rose<\/li>\n<li class=\"ProductDescription_productFeatureItem__RxgCK\">Arr\u00eate les odeurs d\u00e9sagr\u00e9ables.<\/li>\n<li class=\"ProductDescription_productFeatureItem__RxgCK\">Design \u00e9l\u00e9gant et \u00e9pur\u00e9.<\/li>\n<\/ul>\n<\/div>\n<\/div>\n<p class=\"ProductDescription_description___fjoh\">Offrez \u00e0 votre chat un endroit discret pour faire ses besoins gr\u00e2ce \u00e0 ce bac \u00e0 liti\u00e8re innovant ! Contrairement au bac \u00e0 liti\u00e8re standard, il est dot\u00e9 d&rsquo;un couvercle avec porte int\u00e9gr\u00e9e que votre chat peut facilement franchir en cas de besoin. En plus d&rsquo;\u00eatre discret et priv\u00e9, un bac \u00e0 liti\u00e8re ferm\u00e9 emp\u00eache efficacement les mauvaises odeurs de s&rsquo;\u00e9chapper et offre un environnement plus propre et plus agr\u00e9able. Son design rouge attrayant ajoute une touche d&rsquo;\u00e9l\u00e9gance qui manque au bac \u00e0 liti\u00e8re standard, tandis que la poign\u00e9e de transport ergonomique permet de retirer et de nettoyer facilement le bac.<\/p>\n<p><strong>Dimensions :<\/strong> 45 x 36 x 32 cm<\/p>\n<\/div>\n<\/div>\n<\/div>\n<\/div>\n<div id=\"promotions_feature_div\" class=\"celwidget\" data-feature-name=\"promotions_US\" data-csa-c-type=\"widget\" data-csa-c-content-id=\"promotions_US\" data-csa-c-slot-id=\"promotions_feature_div\" data-csa-c-asin=\"\" data-csa-c-is-in-initial-active-row=\"false\" data-csa-c-id=\"swf08m-s9r6w8-h4uq8x-eijroa\" data-cel-widget=\"promotions_feature_div\"><\/div>\n<div id=\"cpsiaProductSafetyWarning-1_feature_div\" class=\"celwidget\" data-feature-name=\"cpsiaProductSafetyWarning-1\" data-csa-c-type=\"widget\" data-csa-c-content-id=\"cpsiaProductSafetyWarning-1\" data-csa-c-slot-id=\"cpsiaProductSafetyWarning-1_feature_div\" data-csa-c-asin=\"\" data-csa-c-is-in-initial-active-row=\"false\" data-csa-c-id=\"da29u4-p9tg1q-4q4ff-s5md8j\" data-cel-widget=\"cpsiaProductSafetyWarning-1_feature_div\">\n<div class=\"celwidget c-f\" data-csa-op-log-render=\"\" data-csa-c-content-id=\"DsUnknown\" data-csa-c-slot-id=\"DsUnknown-5\" data-csa-c-type=\"widget\" data-csa-c-painter=\"dp-cpsia-product-safety-warning-cards\" data-csa-c-id=\"bfxpbd-t69n7a-fcumsu-jmucb4\" data-cel-widget=\"dp-cpsia-product-safety-warning_DetailPage_4\">\n<div id=\"CardInstance3b8r3_Zvbo1qXdIR2j_wWw\" data-card-metrics-id=\"dp-cpsia-product-safety-warning_DetailPage_4\"><\/div>\n<\/div>\n<\/div>\n<div id=\"buffetServiceCard_feature_div\" class=\"celwidget\" data-feature-name=\"buffetServiceCard\" data-csa-c-type=\"widget\" data-csa-c-content-id=\"buffetServiceCard\" data-csa-c-slot-id=\"buffetServiceCard_feature_div\" data-csa-c-asin=\"\" data-csa-c-is-in-initial-active-row=\"false\" data-csa-c-id=\"iuhwoc-qdyr44-5yni8l-kydb7f\" data-cel-widget=\"buffetServiceCard_feature_div\">\n<div class=\"celwidget c-f\" data-csa-op-log-render=\"\" data-csa-c-content-id=\"DsUnknown\" data-csa-c-slot-id=\"DsUnknown-4\" data-csa-c-type=\"widget\" data-csa-c-painter=\"buffet-disclaimers-card-cards\" data-csa-c-id=\"2bg0gi-5e8o83-n9hk6n-vlq0ys\" data-cel-widget=\"buffet-disclaimers-card_DetailPage_3\"><\/div>\n<\/div>\n<\/div>\n<\/div>\n<\/div>\n<\/div>\n<h3><a href=\"https:\/\/wa.me\/212708052510\" target=\"_blank\" rel=\"noopener noreferrer\"><img decoding=\"async\" class=\"fr-fic fr-dib aligncenter\" src=\"https:\/\/cdn.youcan.shop\/stores\/d0742d556df94ddbc7ae4c9810aff04b\/others\/HdcGYt7bNsf4TYGHsW4Nx5V9dkk4xoEfEt56QwMQ.png\" width=\"288\" height=\"76\" data-name=\"stores\/d0742d556df94ddbc7ae4c9810aff04b\/others\/HdcGYt7bNsf4TYGHsW4Nx5V9dkk4xoEfEt56QwMQ.png\" \/><\/a><\/h3>\n","protected":false},"excerpt":{"rendered":"<p>Description du produit: Dispose d&rsquo;une poign\u00e9e de transport. Conception discr\u00e8te et hygi\u00e9nique. Disponible en bleu ciel, gris et rose Arr\u00eate les odeurs d\u00e9sagr\u00e9ables. Design \u00e9l\u00e9gant et \u00e9pur\u00e9. Offrez \u00e0 votre chat un endroit discret pour faire ses besoins gr\u00e2ce \u00e0 ce bac \u00e0 liti\u00e8re innovant ! Contrairement au bac \u00e0 liti\u00e8re standard, il est dot\u00e9 [&#8230;]\n","protected":false},"featured_media":23079,"template":"","meta":{"jetpack_publicize_message":"","jetpack_publicize_feature_enabled":true,"jetpack_social_post_already_shared":true,"jetpack_social_options":{"image_generator_settings":{"template":"highway","default_image_id":0,"font":"","enabled":false},"version":2}},"product_brand":[],"product_cat":[94],"product_tag":[],"class_list":{"0":"post-23076","1":"product","2":"type-product","3":"status-publish","4":"has-post-thumbnail","6":"product_cat-litieres-et-bacs","8":"first","9":"instock","10":"taxable","11":"shipping-taxable","12":"purchasable","13":"product-type-variable"},"supplier_id":5587,"supplier_sku":"","barcode":null,"atum_controlled":true,"out_stock_date":"2025-06-07 13:54:00","out_stock_threshold":null,"inheritable":true,"inbound_stock":0,"stock_on_hold":0,"sold_today":0,"sales_last_days":1,"reserved_stock":0,"customer_returns":0,"warehouse_damage":0,"lost_in_post":0,"other_logs":0,"out_stock_days":328,"lost_sales":0,"has_location":false,"update_date":"2026-05-02T00:15:07","atum_locations":[],"atum_stock_status":"instock","restock_status":false,"low_stock_amount":"","sales_update_date":"2026-05-02T00:15:07","calc_backorders":null,"jetpack_publicize_connections":[],"jetpack_sharing_enabled":true,"batches":[],"_links":{"self":[{"href":"https:\/\/petworld.ma\/index.php\/wp-json\/wp\/v2\/product\/23076","targetHints":{"allow":["GET"]}}],"collection":[{"href":"https:\/\/petworld.ma\/index.php\/wp-json\/wp\/v2\/product"}],"about":[{"href":"https:\/\/petworld.ma\/index.php\/wp-json\/wp\/v2\/types\/product"}],"wp:featuredmedia":[{"embeddable":true,"href":"https:\/\/petworld.ma\/index.php\/wp-json\/wp\/v2\/media\/23079"}],"wp:attachment":[{"href":"https:\/\/petworld.ma\/index.php\/wp-json\/wp\/v2\/media?parent=23076"}],"wp:term":[{"taxonomy":"product_brand","embeddable":true,"href":"https:\/\/petworld.ma\/index.php\/wp-json\/wp\/v2\/product_brand?post=23076"},{"taxonomy":"product_cat","embeddable":true,"href":"https:\/\/petworld.ma\/index.php\/wp-json\/wp\/v2\/product_cat?post=23076"},{"taxonomy":"product_tag","embeddable":true,"href":"https:\/\/petworld.ma\/index.php\/wp-json\/wp\/v2\/product_tag?post=23076"}],"curies":[{"name":"wp","href":"https:\/\/api.w.org\/{rel}","templated":true}]}}