{"id":23108,"date":"2025-06-08T10:51:45","date_gmt":"2025-06-08T10:51:45","guid":{"rendered":"https:\/\/petworld.ma\/?post_type=product&#038;p=23108"},"modified":"2026-05-12T00:48:32","modified_gmt":"2026-05-12T00:48:32","slug":"brit-premium-pochon-cabilllaud-pour-chat-adult-100g","status":"publish","type":"product","link":"https:\/\/petworld.ma\/index.php\/produit\/brit-premium-pochon-cabilllaud-pour-chat-adult-100g\/","title":{"rendered":"Brit Premium Pochon Cabilllaud pour chat adult 100g"},"content":{"rendered":"<p>Aliment humide complet Premium pour chats adultes.<\/p>\n<p>Une partie int\u00e9grante du quotidien de votre chat est sa portion matinale de viande en sachet pr\u00e9f\u00e9r\u00e9e. Les sachets de viande Brit Premium sont adapt\u00e9s aux pr\u00e9f\u00e9rences naturelles et aux besoins sp\u00e9cifiques de votre chat.<\/p>\n<p class=\"composition\"><strong>Composition :<\/strong>\u00a060 % de viandes et sous-produits animaux en morceaux, 16 % de poissons et sous-produits de poissons en morceaux (dont 8 % de cabillaud), sous-produits d&rsquo;origine v\u00e9g\u00e9tale (0,4 % d&rsquo;inuline), min\u00e9raux. Sans colorants, sans conservateurs.<\/p>\n<p><strong>Ingr\u00e9dients analytiques :<\/strong>\u00a0prot\u00e9ines brutes 8,5 %, teneur en mati\u00e8res grasses 4,5 %, cendres brutes 2,5 %, fibres brutes 0,4 %, humidit\u00e9 82 %.<\/p>\n<p><strong>Composition nutritionnelle :<\/strong>\u00a0Vitamine D3 (E671) 250 UI, Vitamine E 100 mg, Zinc (3b606) 10 mg, Mangan\u00e8se (E5) 2 mg, Iode (3b201) 0,7 mg, Cuivre (E4) 0,2 mg, Taurine (3a370) 450 mg, Biotine 0,1 mg.<\/p>\n","protected":false},"excerpt":{"rendered":"<p>Aliment humide complet Premium pour chats adultes. Une partie int\u00e9grante du quotidien de votre chat est sa portion matinale de viande en sachet pr\u00e9f\u00e9r\u00e9e. Les sachets de viande Brit Premium sont adapt\u00e9s aux pr\u00e9f\u00e9rences naturelles et aux besoins sp\u00e9cifiques de votre chat. Composition :\u00a060 % de viandes et sous-produits animaux en morceaux, 16 % de [&#8230;]\n","protected":false},"featured_media":23109,"template":"","meta":{"jetpack_publicize_message":"","jetpack_publicize_feature_enabled":true,"jetpack_social_post_already_shared":true,"jetpack_social_options":{"image_generator_settings":{"template":"highway","default_image_id":0,"font":"","enabled":false},"version":2}},"product_brand":[],"product_cat":[41],"product_tag":[],"class_list":{"0":"post-23108","1":"product","2":"type-product","3":"status-publish","4":"has-post-thumbnail","6":"product_cat-friandises-et-pate-pour-chat","8":"first","9":"instock","10":"taxable","11":"shipping-taxable","12":"purchasable","13":"product-type-simple"},"supplier_id":5590,"supplier_sku":"506002","barcode":"8595602506002","atum_controlled":true,"out_stock_date":null,"out_stock_threshold":null,"inheritable":false,"inbound_stock":0,"stock_on_hold":0,"sold_today":0,"sales_last_days":7,"reserved_stock":0,"customer_returns":0,"warehouse_damage":0,"lost_in_post":0,"other_logs":0,"out_stock_days":0,"lost_sales":0,"has_location":false,"update_date":"2026-05-14T09:00:21","atum_locations":[],"atum_stock_status":"instock","restock_status":false,"low_stock_amount":24,"sales_update_date":"2026-05-14T09:00:21","calc_backorders":null,"jetpack_publicize_connections":[],"jetpack_sharing_enabled":true,"batches":[{"id":"3935","date_created":"2025-06-08 10:55:11","date_expiry":"2026-10-28 00:00:00","user_id":"2760","batch_number":"lot281026","location":"","quantity":"96.0000","quantity_available":"62.0000","units":"1","status":"active","order_ids":"[23869,24894,25540,25703,26460,26472,26946,27023,27573,27767,28314,29825,30092,30352,30508,30634,30881,31090,31096,31122,31397,31845,31892,32033,32213,32363,32580,32627,33011,33374,33892,34899,35004,35156,35450,35476,35627,36430,37418,38034,38322,38395,38575,38633,40903,40943,41347,41774]","supplier":"Brit","po":{"id":"3900","date_created":"2025-06-08 10:55:12","batch_id":"3935","po_number":"","supplier":"Brit","cost":null,"regular_price":null,"sale_price":null,"price_margin":null,"price_discount":null}},{"id":"4730","date_created":"2025-08-08 10:23:56","date_expiry":"2026-10-28 00:00:00","user_id":"2760","batch_number":"lot281026","location":"","quantity":"0.0000","quantity_available":"0.0000","units":"1","status":"archived","order_ids":null,"supplier":" BRIT","po":{"id":"4694","date_created":"2025-08-08 10:23:56","batch_id":"4730","po_number":"","supplier":" BRIT","cost":null,"regular_price":null,"sale_price":null,"price_margin":null,"price_discount":null}},{"id":"6556","date_created":"2025-12-09 12:54:05","date_expiry":"2027-05-30 00:00:00","user_id":"2760","batch_number":"lot300527","location":"","quantity":"48.0000","quantity_available":"48.0000","units":"1","status":"active","order_ids":null,"supplier":"Brit","po":{"id":"6501","date_created":"2025-12-09 12:54:06","batch_id":"6556","po_number":"","supplier":"Brit","cost":null,"regular_price":null,"sale_price":null,"price_margin":null,"price_discount":null}},{"id":"7455","date_created":"2026-02-02 16:21:02","date_expiry":"2027-10-30 00:00:00","user_id":"2760","batch_number":"lot301027","location":"","quantity":"24.0000","quantity_available":"24.0000","units":"1","status":"active","order_ids":null,"supplier":"Brit","po":{"id":"7390","date_created":"2026-02-02 16:21:02","batch_id":"7455","po_number":"","supplier":"Brit","cost":null,"regular_price":null,"sale_price":null,"price_margin":null,"price_discount":null}}],"_links":{"self":[{"href":"https:\/\/petworld.ma\/index.php\/wp-json\/wp\/v2\/product\/23108","targetHints":{"allow":["GET"]}}],"collection":[{"href":"https:\/\/petworld.ma\/index.php\/wp-json\/wp\/v2\/product"}],"about":[{"href":"https:\/\/petworld.ma\/index.php\/wp-json\/wp\/v2\/types\/product"}],"wp:featuredmedia":[{"embeddable":true,"href":"https:\/\/petworld.ma\/index.php\/wp-json\/wp\/v2\/media\/23109"}],"wp:attachment":[{"href":"https:\/\/petworld.ma\/index.php\/wp-json\/wp\/v2\/media?parent=23108"}],"wp:term":[{"taxonomy":"product_brand","embeddable":true,"href":"https:\/\/petworld.ma\/index.php\/wp-json\/wp\/v2\/product_brand?post=23108"},{"taxonomy":"product_cat","embeddable":true,"href":"https:\/\/petworld.ma\/index.php\/wp-json\/wp\/v2\/product_cat?post=23108"},{"taxonomy":"product_tag","embeddable":true,"href":"https:\/\/petworld.ma\/index.php\/wp-json\/wp\/v2\/product_tag?post=23108"}],"curies":[{"name":"wp","href":"https:\/\/api.w.org\/{rel}","templated":true}]}}