{"id":23110,"date":"2025-06-08T10:59:06","date_gmt":"2025-06-08T10:59:06","guid":{"rendered":"https:\/\/petworld.ma\/?post_type=product&#038;p=23110"},"modified":"2026-04-26T12:05:22","modified_gmt":"2026-04-26T12:05:22","slug":"brit-premium-pochon-poisson-pour-chaton-100g","status":"publish","type":"product","link":"https:\/\/petworld.ma\/index.php\/produit\/brit-premium-pochon-poisson-pour-chaton-100g\/","title":{"rendered":"Brit Premium Pochon Poisson pour chaton 100g"},"content":{"rendered":"<p>Nourriture humide compl\u00e8te de qualit\u00e9 sup\u00e9rieure pour chatons.<\/p>\n<p>Une partie int\u00e9grante du quotidien de votre chat est sa portion matinale de viande en sachet pr\u00e9f\u00e9r\u00e9e. Les sachets de viande Brit Premium sont adapt\u00e9s aux pr\u00e9f\u00e9rences naturelles et aux besoins sp\u00e9cifiques de votre chat.<\/p>\n<div class=\"box-detail product-wrap\" data-eec-key=\"event\" data-eec-value=\"eec.detail\" data-eec-active=\"\">\n<div data-eec-key=\"ecommerce.detail.actionField.list\" data-eec-value=\"Product detail\" data-eec-active=\"\">\n<div class=\"row\" data-eec-key=\"ecommerce.detail.products[&quot;649536&quot;]\" data-eec-value=\"{&quot;id&quot;:&quot;649536&quot;,&quot;name&quot;:&quot;Chunks with White Fish in Gravy for Kittens&quot;,&quot;category&quot;:&quot;Cats\\\/Pouches&quot;,&quot;brand&quot;:&quot;Brit Premium&quot;}\" data-eec-type=\"json\" data-eec-active=\"\">\n<div class=\"col-sm-8\">\n<p class=\"composition\"><strong>Composition:<\/strong><\/p>\n<p>Viandes et sous-produits animaux (75 % en morceaux), poissons et sous-produits de poissons (9,3 % de poisson blanc en morceaux), sous-produits d&rsquo;origine v\u00e9g\u00e9tale, substances min\u00e9rales. Sans colorants, sans conservateurs.<\/p>\n<p><strong>Ingr\u00e9dients analytiques :<\/strong><\/p>\n<p>prot\u00e9ines brutes 9,5 %, mati\u00e8res grasses brutes 5 %, cendres brutes 2,5 %, fibres brutes 0,4 %, humidit\u00e9 81 %.<\/p>\n<p><strong>Composition nutritionnelle :<\/strong><\/p>\n<p>Vitamine D3 (3a671) 160 UI, Vitamine E (3a700) 100 mg, Zinc (3b605) 10 mg, Mangan\u00e8se (3b502) 2 mg, Cuivre (3b405) 1,2 mg, Iode (3b202) 0,2 mg, Taurine (3a370) 520 mg, Biotine 0,1 mg.<\/p>\n<p>&nbsp;<\/p>\n<\/div>\n<\/div>\n<\/div>\n<\/div>\n","protected":false},"excerpt":{"rendered":"<p>Nourriture humide compl\u00e8te de qualit\u00e9 sup\u00e9rieure pour chatons. Une partie int\u00e9grante du quotidien de votre chat est sa portion matinale de viande en sachet pr\u00e9f\u00e9r\u00e9e. Les sachets de viande Brit Premium sont adapt\u00e9s aux pr\u00e9f\u00e9rences naturelles et aux besoins sp\u00e9cifiques de votre chat. Composition: Viandes et sous-produits animaux (75 % en morceaux), poissons et sous-produits [&#8230;]\n","protected":false},"featured_media":23111,"template":"","meta":{"jetpack_publicize_message":"","jetpack_publicize_feature_enabled":true,"jetpack_social_post_already_shared":true,"jetpack_social_options":{"image_generator_settings":{"template":"highway","default_image_id":0,"font":"","enabled":false},"version":2}},"product_brand":[],"product_cat":[41],"product_tag":[],"class_list":{"0":"post-23110","1":"product","2":"type-product","3":"status-publish","4":"has-post-thumbnail","6":"product_cat-friandises-et-pate-pour-chat","8":"first","9":"instock","10":"taxable","11":"shipping-taxable","12":"purchasable","13":"product-type-simple"},"supplier_id":5590,"supplier_sku":"548637","barcode":"8595602548637","atum_controlled":true,"out_stock_date":null,"out_stock_threshold":null,"inheritable":false,"inbound_stock":0,"stock_on_hold":0,"sold_today":0,"sales_last_days":7,"reserved_stock":0,"customer_returns":0,"warehouse_damage":0,"lost_in_post":0,"other_logs":0,"out_stock_days":0,"lost_sales":0,"has_location":false,"update_date":"2026-05-09T00:20:13","atum_locations":[],"atum_stock_status":"instock","restock_status":false,"low_stock_amount":24,"sales_update_date":"2026-05-09T00:20:13","calc_backorders":null,"jetpack_publicize_connections":[],"jetpack_sharing_enabled":true,"batches":[{"id":"3937","date_created":"2025-06-08 11:01:16","date_expiry":"2026-12-02 00:00:00","user_id":"2461","batch_number":"lot021226","location":"","quantity":"144.0000","quantity_available":"0.0000","units":"1","status":"archived","order_ids":"[23219,23237,23333,23492,23593,23676,23727,23772,23914,23942,23955,24063,24067,24162,24249,24502,24881,24918,25209,25226,25450,25816,25859,25899,26033,26347,26570,26671,27101,28232,28400,28636,29374,29667,29777,29779]","supplier":"Brit","po":{"id":"3902","date_created":"2025-06-08 11:01:18","batch_id":"3937","po_number":"","supplier":"Brit","cost":null,"regular_price":null,"sale_price":null,"price_margin":null,"price_discount":null}},{"id":"5822","date_created":"2025-10-21 08:31:36","date_expiry":"2027-05-09 00:00:00","user_id":"2461","batch_number":"lot090527","location":"","quantity":"120.0000","quantity_available":"0.0000","units":"1","status":"archived","order_ids":"[29707,29865,29891,29966,29983,30039,30084,30187,30265,30512,30620,30818,31203,31440,31463,31591,31599,31869,32026,32096,32122,32580,33004,34275,34468,34747,34754,34792,34936,35004,35467]","supplier":"Brit","po":{"id":"5771","date_created":"2025-10-21 08:31:36","batch_id":"5822","po_number":"","supplier":"Brit","cost":null,"regular_price":null,"sale_price":null,"price_margin":null,"price_discount":null}},{"id":"7467","date_created":"2026-02-03 00:16:54","date_expiry":"2027-11-30 00:00:00","user_id":"2461","batch_number":"lot301127","location":"","quantity":"24.0000","quantity_available":"0.0000","units":"1","status":"archived","order_ids":"[35666,35703,36070,36331,36368,36770,37434]","supplier":"Brit","po":{"id":"7402","date_created":"2026-02-03 00:16:54","batch_id":"7467","po_number":"","supplier":"Brit","cost":null,"regular_price":null,"sale_price":null,"price_margin":null,"price_discount":null}},{"id":"8449","date_created":"2026-03-23 15:58:21","date_expiry":"2027-11-30 00:00:00","user_id":"2461","batch_number":"lot301127","location":"","quantity":"240.0000","quantity_available":"194.0000","units":"1","status":"active","order_ids":"[38181,38189,38373,38483,38747,40011,40082,40390,40608,40705,40749]","supplier":"Brit","po":{"id":"8377","date_created":"2026-03-23 15:58:22","batch_id":"8449","po_number":"","supplier":"Brit","cost":null,"regular_price":null,"sale_price":null,"price_margin":null,"price_discount":null}}],"_links":{"self":[{"href":"https:\/\/petworld.ma\/index.php\/wp-json\/wp\/v2\/product\/23110","targetHints":{"allow":["GET"]}}],"collection":[{"href":"https:\/\/petworld.ma\/index.php\/wp-json\/wp\/v2\/product"}],"about":[{"href":"https:\/\/petworld.ma\/index.php\/wp-json\/wp\/v2\/types\/product"}],"wp:featuredmedia":[{"embeddable":true,"href":"https:\/\/petworld.ma\/index.php\/wp-json\/wp\/v2\/media\/23111"}],"wp:attachment":[{"href":"https:\/\/petworld.ma\/index.php\/wp-json\/wp\/v2\/media?parent=23110"}],"wp:term":[{"taxonomy":"product_brand","embeddable":true,"href":"https:\/\/petworld.ma\/index.php\/wp-json\/wp\/v2\/product_brand?post=23110"},{"taxonomy":"product_cat","embeddable":true,"href":"https:\/\/petworld.ma\/index.php\/wp-json\/wp\/v2\/product_cat?post=23110"},{"taxonomy":"product_tag","embeddable":true,"href":"https:\/\/petworld.ma\/index.php\/wp-json\/wp\/v2\/product_tag?post=23110"}],"curies":[{"name":"wp","href":"https:\/\/api.w.org\/{rel}","templated":true}]}}