{"id":23112,"date":"2025-06-08T11:03:38","date_gmt":"2025-06-08T11:03:38","guid":{"rendered":"https:\/\/petworld.ma\/?post_type=product&#038;p=23112"},"modified":"2026-04-28T17:43:40","modified_gmt":"2026-04-28T17:43:40","slug":"brit-premium-by-nature-dog-fillets-in-gravy-lamp-green-peas-agneau-et-petits-pois-85-g","status":"publish","type":"product","link":"https:\/\/petworld.ma\/index.php\/produit\/brit-premium-by-nature-dog-fillets-in-gravy-lamp-green-peas-agneau-et-petits-pois-85-g\/","title":{"rendered":"Brit Premium by Nature Fillets in Gravy Lamp and Green Peas Dog (Agneau et Petits Pois) 85 g"},"content":{"rendered":"<div class=\"hidden-xs\">\n<p><img decoding=\"async\" class=\"\" src=\"https:\/\/brit-petfood.com\/file\/nodes\/icon-made-in-eu.png\" width=\"88\" height=\"87\" \/><\/p>\n<div class=\"hidden-xs\">\n<div class=\"hidden-xs\">\n<div class=\"hidden-xs\">\n<div class=\"col-md-7\">\n<div class=\"col-md-7\">\n<div class=\"col-md-7\">\n<div class=\"hidden-xs\">\n<p>Nourriture humide compl\u00e8te de qualit\u00e9 sup\u00e9rieure pour chiens adultes.<\/p>\n<p><strong>Agneau:<\/strong><\/p>\n<p>Prot\u00e9ines hypoallerg\u00e9niques et digestes, id\u00e9ales pour les chiens sensibles aux autres viandes. Riches en acides amin\u00e9s essentiels, elles sont id\u00e9ales pour la nutrition musculaire et la r\u00e9g\u00e9n\u00e9ration tissulaire.<\/p>\n<p><strong>Petits pois :<\/strong><\/p>\n<p>Riche en vitamines A, K et C, en min\u00e9raux et en fibres. Favorise une digestion saine, renforce le syst\u00e8me immunitaire et fournit de l&rsquo;\u00e9nergie.<\/p>\n<\/div>\n<p class=\"composition\"><strong>Composition:<\/strong><\/p>\n<p>85% de viandes et sous-produits animaux dans les filets (5% d&rsquo;agneau), sous-produits d&rsquo;origine v\u00e9g\u00e9tale (4% de petits pois), min\u00e9raux.<\/p>\n<p><strong>Ingr\u00e9dients analytiques :<\/strong><\/p>\n<p>prot\u00e9ines brutes 7,5 %, mati\u00e8res grasses brutes 3,5 %, cendres brutes 1,5 %, fibres brutes 0,8 %, humidit\u00e9 82,0 %, calcium 0,2 %, phosphore 0,15 %, sodium 0,3 %.<\/p>\n<p><strong>Composition nutritionnelle :<\/strong><\/p>\n<p>vitamine A (3a672a) 500 UI, vitamine D3 (3a671) 100 UI, vitamine E (3a700) 50 mg, chlorure de choline (3a890) 600 mg, vitamine B1 (3a821) 0,3 mg, biotine (3a880) 0,15 mg, acide folique (3a316) 0,08 mg, calcium-D-pantoth\u00e9nate (3a841) 1,2 mg, zinc (3b612) 3,5 mg, mangan\u00e8se (3b505) 0,7 mg, iodure de potassium (3b201) 0,15 mg, fer (3b107) 2,4 mg, cuivre (3b407) 0,5 mg.<\/p>\n<p><strong>\u00c9nergie m\u00e9tabolisable :<\/strong><\/p>\n<p>755 kcal\/kg<\/p>\n<\/div>\n<\/div>\n<\/div>\n<\/div>\n<\/div>\n<\/div>\n<\/div>\n","protected":false},"excerpt":{"rendered":"<p><img decoding=\"async\" class=\"\" src=\"https:\/\/brit-petfood.com\/file\/nodes\/icon-made-in-eu.png\" width=\"88\" height=\"87\" \/><\/p>\n<div class=\"hidden-xs\">\n<div class=\"hidden-xs\">Aliment complet premium pour chiens adultes au poulet et aux petits pois<\/div>\n<\/div>\n","protected":false},"featured_media":23113,"template":"","meta":{"jetpack_publicize_message":"","jetpack_publicize_feature_enabled":true,"jetpack_social_post_already_shared":true,"jetpack_social_options":{"image_generator_settings":{"template":"highway","default_image_id":0,"font":"","enabled":false},"version":2}},"product_brand":[],"product_cat":[26,39],"product_tag":[],"class_list":{"0":"post-23112","1":"product","2":"type-product","3":"status-publish","4":"has-post-thumbnail","6":"product_cat-croquettes","7":"product_cat-friandises-et-pates-pour-chien","9":"first","10":"instock","11":"taxable","12":"shipping-taxable","13":"purchasable","14":"product-type-simple"},"supplier_id":5590,"supplier_sku":"572465","barcode":"8595602572465","atum_controlled":true,"out_stock_date":null,"out_stock_threshold":null,"inheritable":false,"inbound_stock":0,"stock_on_hold":0,"sold_today":0,"sales_last_days":2,"reserved_stock":0,"customer_returns":0,"warehouse_damage":0,"lost_in_post":0,"other_logs":0,"out_stock_days":0,"lost_sales":0,"has_location":false,"update_date":"2026-05-09T00:20:26","atum_locations":[],"atum_stock_status":"instock","restock_status":false,"low_stock_amount":8,"sales_update_date":"2026-05-09T00:20:26","calc_backorders":null,"jetpack_publicize_connections":[],"jetpack_sharing_enabled":true,"batches":[{"id":"3939","date_created":"2025-06-08 11:06:42","date_expiry":"2027-02-18 00:00:00","user_id":"2760","batch_number":"lot180227","location":"","quantity":"24.0000","quantity_available":"0.0000","units":"1","status":"archived","order_ids":"[23305,23378,23591,23703,23799,23856]","supplier":"Brit","po":{"id":"3904","date_created":"2025-06-08 11:06:43","batch_id":"3939","po_number":"","supplier":"Brit","cost":null,"regular_price":null,"sale_price":null,"price_margin":null,"price_discount":null}},{"id":"5442","date_created":"2025-09-20 19:53:31","date_expiry":"2027-02-18 00:00:00","user_id":"2760","batch_number":"britgravylamb180227","location":"","quantity":"24.0000","quantity_available":"0.0000","units":"1","status":"archived","order_ids":"[28043,29045,29220,29744,30818]","supplier":"Brit","po":{"id":"5399","date_created":"2025-09-20 19:53:37","batch_id":"5442","po_number":"","supplier":"Brit","cost":null,"regular_price":null,"sale_price":null,"price_margin":null,"price_discount":null}},{"id":"6048","date_created":"2025-11-07 09:09:57","date_expiry":"2027-02-18 00:00:00","user_id":"2760","batch_number":"britgravylamb180227","location":"","quantity":"48.0000","quantity_available":"0.0000","units":"1","status":"archived","order_ids":"[30818,30977,30995,31663,31730,31883,32787,33178,33589,33922,34662,34663,35236]","supplier":"Brit","po":{"id":"5994","date_created":"2025-11-07 09:09:58","batch_id":"6048","po_number":"","supplier":"Brit","cost":null,"regular_price":null,"sale_price":null,"price_margin":null,"price_discount":null}},{"id":"7501","date_created":"2026-02-03 23:24:04","date_expiry":"2027-02-18 00:00:00","user_id":"2760","batch_number":"britgravylamb180227","location":"","quantity":"24.0000","quantity_available":"0.0000","units":"1","status":"archived","order_ids":"[35236,35314,36226,37413,37717,37918,38402]","supplier":"Brit","po":{"id":"7436","date_created":"2026-02-03 23:24:09","batch_id":"7501","po_number":"","supplier":"Brit","cost":null,"regular_price":null,"sale_price":null,"price_margin":null,"price_discount":null}},{"id":"8098","date_created":"2026-03-06 09:48:10","date_expiry":"2027-11-30 00:00:00","user_id":"2760","batch_number":"britgravylamb301127","location":"","quantity":"48.0000","quantity_available":"32.0000","units":"1","status":"active","order_ids":"[38402,39846,40036,40370,40925]","supplier":"Brit","po":{"id":"8036","date_created":"2026-03-06 09:48:10","batch_id":"8098","po_number":"","supplier":"Brit","cost":null,"regular_price":null,"sale_price":null,"price_margin":null,"price_discount":null}}],"_links":{"self":[{"href":"https:\/\/petworld.ma\/index.php\/wp-json\/wp\/v2\/product\/23112","targetHints":{"allow":["GET"]}}],"collection":[{"href":"https:\/\/petworld.ma\/index.php\/wp-json\/wp\/v2\/product"}],"about":[{"href":"https:\/\/petworld.ma\/index.php\/wp-json\/wp\/v2\/types\/product"}],"wp:featuredmedia":[{"embeddable":true,"href":"https:\/\/petworld.ma\/index.php\/wp-json\/wp\/v2\/media\/23113"}],"wp:attachment":[{"href":"https:\/\/petworld.ma\/index.php\/wp-json\/wp\/v2\/media?parent=23112"}],"wp:term":[{"taxonomy":"product_brand","embeddable":true,"href":"https:\/\/petworld.ma\/index.php\/wp-json\/wp\/v2\/product_brand?post=23112"},{"taxonomy":"product_cat","embeddable":true,"href":"https:\/\/petworld.ma\/index.php\/wp-json\/wp\/v2\/product_cat?post=23112"},{"taxonomy":"product_tag","embeddable":true,"href":"https:\/\/petworld.ma\/index.php\/wp-json\/wp\/v2\/product_tag?post=23112"}],"curies":[{"name":"wp","href":"https:\/\/api.w.org\/{rel}","templated":true}]}}