{"id":23115,"date":"2025-06-08T11:08:54","date_gmt":"2025-06-08T11:08:54","guid":{"rendered":"https:\/\/petworld.ma\/?post_type=product&#038;p=23115"},"modified":"2026-04-03T10:53:00","modified_gmt":"2026-04-03T10:53:00","slug":"lait-pour-chaton-brit-care-250g","status":"publish","type":"product","link":"https:\/\/petworld.ma\/index.php\/produit\/lait-pour-chaton-brit-care-250g\/","title":{"rendered":"Lait pour chaton Brit Care 250g"},"content":{"rendered":"<div class=\"hidden-xs\">\n<p><strong>Lait de remplacement pour chatons nouveau-n\u00e9s et chattes gestantes, allaitantes et convalescentes.<\/strong><\/p>\n<\/div>\n<p>Aliment complet pour chatons nouveau-n\u00e9s d\u00e8s le premier jour.<\/p>\n<ul>\n<li>Fournit aux chatons orphelins une nutrition suffisante<\/li>\n<li>Fournit des nutriments pour une croissance et une sant\u00e9 optimales<\/li>\n<li>Haute digestibilit\u00e9<\/li>\n<li>Haute app\u00e9tence<\/li>\n<li>Convient aux chatons en croissance et aux chats en convalescence<\/li>\n<li>Sans huile de palme<\/li>\n<\/ul>\n<p class=\"composition\"><strong>Ingr\u00e9dients:<\/strong><\/p>\n<p>Lait \u00e9cr\u00e9m\u00e9 en poudre, lactos\u00e9rum en poudre, huile de coco, colostrum, dextrose<\/p>\n<p><strong>Composantes analytiques :<\/strong><\/p>\n<p>Prot\u00e9ines brutes 28,0 %, teneur en mati\u00e8res grasses 28,0 %, fibres brutes 0,0 %, cendres brutes 6,5 %<\/p>\n<p><strong>Composition nutritionnelle :<\/strong><\/p>\n<p>vitamine A (3a672a) 20 000 UI, vitamine D3 (E671) 2 000 UI, taurine (3a370) 750 mg, vitamine E (3a700) 125 mg, vitamine C (3a312) 70 mg, D-pantoth\u00e9nate de calcium (3a841) 12,5 mg, vitamine B2 10 mg, vitamine B1 (3a821) 7,5 mg, vitamine B6 (3a831) 6 mg, vitamine K3 1,5 mg, zinc (3b606) 108 mg, fer (E1) 70 mg, mangan\u00e8se (E5) 25 mg, cuivre (E4) 10 mg, s\u00e9l\u00e9nium (E8) 0,2 mg, biotine (3a880) 300 \u03bcg, vitamine B12 100 \u03bcg.<\/p>\n<p><strong>\u00c9nergie m\u00e9tabolisable :<\/strong><\/p>\n<p>4 700 kcal\/kg.<\/p>\n<p><strong>Additifs zootechniques :<\/strong>\u00a0Enterococcus faecium (NCIMB 10415) 2,2&#215;108 UFC\/g.<\/p>\n<div class=\"benefits\"><\/div>\n<div class=\"catalog-wrap\"><\/div>\n","protected":false},"excerpt":{"rendered":"<p>Lait de remplacement pour chatons nouveau-n\u00e9s et chattes gestantes, allaitantes et convalescentes. Aliment complet pour chatons nouveau-n\u00e9s d\u00e8s le premier jour. Fournit aux chatons orphelins une nutrition suffisante Fournit des nutriments pour une croissance et une sant\u00e9 optimales Haute digestibilit\u00e9 Haute app\u00e9tence Convient aux chatons en croissance et aux chats en convalescence Sans huile de [&#8230;]\n","protected":false},"featured_media":23116,"template":"","meta":{"jetpack_publicize_message":"","jetpack_publicize_feature_enabled":true,"jetpack_social_post_already_shared":true,"jetpack_social_options":{"image_generator_settings":{"template":"highway","default_image_id":0,"font":"","enabled":false},"version":2}},"product_brand":[],"product_cat":[220],"product_tag":[],"class_list":{"0":"post-23115","1":"product","2":"type-product","3":"status-publish","4":"has-post-thumbnail","6":"product_cat-lait-maternel","8":"first","9":"onbackorder","10":"taxable","11":"shipping-taxable","12":"purchasable","13":"product-type-simple"},"supplier_id":5590,"supplier_sku":"525065","barcode":null,"atum_controlled":true,"out_stock_date":"2026-04-03 10:53:00","out_stock_threshold":null,"inheritable":false,"inbound_stock":0,"stock_on_hold":0,"sold_today":0,"sales_last_days":0,"reserved_stock":0,"customer_returns":0,"warehouse_damage":0,"lost_in_post":0,"other_logs":0,"out_stock_days":0,"lost_sales":0,"has_location":false,"update_date":"2026-04-03T10:53:02","atum_locations":[],"atum_stock_status":"onbackorder","restock_status":false,"low_stock_amount":2,"sales_update_date":"2026-04-03T10:53:02","calc_backorders":0,"jetpack_publicize_connections":[],"jetpack_sharing_enabled":true,"batches":[{"id":"3941","date_created":"2025-06-09 11:27:16","date_expiry":"2026-03-18 00:00:00","user_id":"2461","batch_number":"lot180326","location":"","quantity":"10.0000","quantity_available":"0.0000","units":"1","status":"archived","order_ids":"[25372,25570,26570,29374,36397,36708,37836]","supplier":"Brit","po":{"id":"3905","date_created":"2025-06-09 11:27:16","batch_id":"3941","po_number":"","supplier":"Brit","cost":null,"regular_price":null,"sale_price":null,"price_margin":null,"price_discount":null}}],"_links":{"self":[{"href":"https:\/\/petworld.ma\/index.php\/wp-json\/wp\/v2\/product\/23115","targetHints":{"allow":["GET"]}}],"collection":[{"href":"https:\/\/petworld.ma\/index.php\/wp-json\/wp\/v2\/product"}],"about":[{"href":"https:\/\/petworld.ma\/index.php\/wp-json\/wp\/v2\/types\/product"}],"wp:featuredmedia":[{"embeddable":true,"href":"https:\/\/petworld.ma\/index.php\/wp-json\/wp\/v2\/media\/23116"}],"wp:attachment":[{"href":"https:\/\/petworld.ma\/index.php\/wp-json\/wp\/v2\/media?parent=23115"}],"wp:term":[{"taxonomy":"product_brand","embeddable":true,"href":"https:\/\/petworld.ma\/index.php\/wp-json\/wp\/v2\/product_brand?post=23115"},{"taxonomy":"product_cat","embeddable":true,"href":"https:\/\/petworld.ma\/index.php\/wp-json\/wp\/v2\/product_cat?post=23115"},{"taxonomy":"product_tag","embeddable":true,"href":"https:\/\/petworld.ma\/index.php\/wp-json\/wp\/v2\/product_tag?post=23115"}],"curies":[{"name":"wp","href":"https:\/\/api.w.org\/{rel}","templated":true}]}}