{"id":23132,"date":"2025-06-09T11:35:32","date_gmt":"2025-06-09T11:35:32","guid":{"rendered":"https:\/\/petworld.ma\/?post_type=product&#038;p=23132"},"modified":"2026-05-12T12:28:52","modified_gmt":"2026-05-12T12:28:52","slug":"whiskas-repas-tastymix-poulet-agneau-et-carrotte-en-sauce-4x85g","status":"publish","type":"product","link":"https:\/\/petworld.ma\/index.php\/produit\/whiskas-repas-tastymix-poulet-agneau-et-carrotte-en-sauce-4x85g\/","title":{"rendered":"Whiskas Repas TastyMix Poulet, Agneau et Carrotte en sauce 4x85g"},"content":{"rendered":"<h3 class=\"freeform-story__subheading\"><strong>Description:<\/strong><\/h3>\n<p>En sauce. Avec de l&rsquo;agneau, du poulet et des carottes. Avec du b\u0153uf et de la volaille.<\/p>\n<p>D\u00e9gust\u00e9 et approuv\u00e9 par les chats.<\/p>\n<p>100% des besoins quotidiens de votre chat.<\/p>\n<p>Contribue \u00e0 une vitalit\u00e9 saine.<\/p>\n<p>Aliment humide complet pour chats adultes.<\/p>\n<p>Disponible en format 4x85g<\/p>\n<h3 class=\"freeform-story__subheading\"><strong>Composition:<\/strong><\/h3>\n<div class=\"freeform-story__paragraph\">Viandes et d\u00e9riv\u00e9s (34%), c\u00e9r\u00e9ales, sous-produits d&rsquo;origine v\u00e9g\u00e9tale, l\u00e9gumes (dont carottes 4%), min\u00e9raux, extraits de prot\u00e9ines v\u00e9g\u00e9tales, sucres.<\/div>\n","protected":false},"excerpt":{"rendered":"<p class=\"ProductDescription-Subtitle\"><strong>Nourriture humide pour chats adultes sous forme de morceaux avec du poulet, agneau et carotte en sauce.<\/strong><\/p>\n","protected":false},"featured_media":23134,"template":"","meta":{"jetpack_publicize_message":"","jetpack_publicize_feature_enabled":true,"jetpack_social_post_already_shared":true,"jetpack_social_options":{"image_generator_settings":{"template":"highway","default_image_id":0,"font":"","enabled":false},"version":2}},"product_brand":[],"product_cat":[41],"product_tag":[],"class_list":{"0":"post-23132","1":"product","2":"type-product","3":"status-publish","4":"has-post-thumbnail","6":"product_cat-friandises-et-pate-pour-chat","8":"first","9":"outofstock","10":"taxable","11":"shipping-taxable","12":"purchasable","13":"product-type-simple"},"supplier_id":5592,"supplier_sku":"","barcode":null,"atum_controlled":true,"out_stock_date":null,"out_stock_threshold":null,"inheritable":false,"inbound_stock":0,"stock_on_hold":1,"sold_today":0,"sales_last_days":1,"reserved_stock":0,"customer_returns":0,"warehouse_damage":0,"lost_in_post":0,"other_logs":0,"out_stock_days":0,"lost_sales":0,"has_location":false,"update_date":"2026-05-14T00:03:22","atum_locations":[],"atum_stock_status":"outofstock","restock_status":false,"low_stock_amount":5,"sales_update_date":"2026-05-14T00:03:22","calc_backorders":null,"jetpack_publicize_connections":[],"jetpack_sharing_enabled":true,"batches":[{"id":"3942","date_created":"2025-06-09 11:39:54","date_expiry":"2027-03-15 00:00:00","user_id":"2461","batch_number":"lot150327","location":"","quantity":"26.0000","quantity_available":"0.0000","units":"1","status":"archived","order_ids":"[23312,23581,23786,23860,24042,24217,24436,24489,24775,24848,25230,25664,26079,26316,26635,26702]","supplier":"Casablanca","po":{"id":"3907","date_created":"2025-06-09 11:39:55","batch_id":"3942","po_number":"","supplier":"Casablanca","cost":null,"regular_price":null,"sale_price":null,"price_margin":null,"price_discount":null}},{"id":"4360","date_created":"2025-07-14 09:36:21","date_expiry":"2027-03-15 00:00:00","user_id":"2461","batch_number":"lot150327","location":"","quantity":"26.0000","quantity_available":"0.0000","units":"1","status":"archived","order_ids":"[27046,27321,28115,28773,28823,29310,29673,29868,29881,30021,30608,31011,31087,31100,31575]","supplier":"Casablanca","po":{"id":"4324","date_created":"2025-07-14 09:36:22","batch_id":"4360","po_number":"","supplier":"Casablanca","cost":null,"regular_price":null,"sale_price":null,"price_margin":null,"price_discount":null}},{"id":"7596","date_created":"2026-02-09 16:06:33","date_expiry":"2027-04-22 00:00:00","user_id":"2461","batch_number":"lot220427","location":"","quantity":"36.0000","quantity_available":"5.0000","units":"1","status":"active","order_ids":"[35476,36850,36860,36867,37422,37494,37973,38068,38158,38196,40550,41794]","supplier":"Casablanca","po":{"id":"7531","date_created":"2026-02-09 16:06:34","batch_id":"7596","po_number":"","supplier":"Casablanca","cost":null,"regular_price":null,"sale_price":null,"price_margin":null,"price_discount":null}}],"_links":{"self":[{"href":"https:\/\/petworld.ma\/index.php\/wp-json\/wp\/v2\/product\/23132","targetHints":{"allow":["GET"]}}],"collection":[{"href":"https:\/\/petworld.ma\/index.php\/wp-json\/wp\/v2\/product"}],"about":[{"href":"https:\/\/petworld.ma\/index.php\/wp-json\/wp\/v2\/types\/product"}],"wp:featuredmedia":[{"embeddable":true,"href":"https:\/\/petworld.ma\/index.php\/wp-json\/wp\/v2\/media\/23134"}],"wp:attachment":[{"href":"https:\/\/petworld.ma\/index.php\/wp-json\/wp\/v2\/media?parent=23132"}],"wp:term":[{"taxonomy":"product_brand","embeddable":true,"href":"https:\/\/petworld.ma\/index.php\/wp-json\/wp\/v2\/product_brand?post=23132"},{"taxonomy":"product_cat","embeddable":true,"href":"https:\/\/petworld.ma\/index.php\/wp-json\/wp\/v2\/product_cat?post=23132"},{"taxonomy":"product_tag","embeddable":true,"href":"https:\/\/petworld.ma\/index.php\/wp-json\/wp\/v2\/product_tag?post=23132"}],"curies":[{"name":"wp","href":"https:\/\/api.w.org\/{rel}","templated":true}]}}