{"id":23227,"date":"2025-06-11T22:01:20","date_gmt":"2025-06-11T22:01:20","guid":{"rendered":"https:\/\/petworld.ma\/?post_type=product&#038;p=23227"},"modified":"2026-04-05T09:07:35","modified_gmt":"2026-04-05T09:07:35","slug":"royal-canin-hair-and-skin-care-2-kg-400g-gratuit","status":"publish","type":"product","link":"https:\/\/petworld.ma\/index.php\/produit\/royal-canin-hair-and-skin-care-2-kg-400g-gratuit\/","title":{"rendered":"Royal Canin Hair and Skin Care 2 Kg +400g Gratuit"},"content":{"rendered":"<div>\n<div>\n<h2>Aliment complet et \u00e9quilibr\u00e9 pour chats adultes de 1 \u00e0 7 ans \u2014 Aide \u00e0 maintenir une peau saine et un poil brillant \u2014 Peut se donner occasionnellement de 7 \u00e0 12 ans<\/h2>\n<\/div>\n<\/div>\n<div>ROYAL CANIN\u00ae Hair &amp; Skin Care est un complexe exclusif de nutriments qui aide \u00e0 renforcer la fonction de barri\u00e8re protectrice de la peau. Riche en prot\u00e9ines de haute qualit\u00e9, dont des acides amin\u00e9s sp\u00e9cifiques, il contribue \u00e0 soutenir la croissance saine du poil et le renouvellement de la peau. \u00a0 ROYAL CANIN\u00ae Hair &amp; Skin Care est formul\u00e9 \u00e0 partir d\u2019un m\u00e9lange essentiel d\u2019acides gras om\u00e9ga-3 et om\u00e9ga-6 pour am\u00e9liorer la sant\u00e9 de la peau et du pelage. Cette formule contient \u00e9galement de l\u2019huile de soja et de bourrache (riches en acides gamma linol\u00e9iques) ainsi que de l\u2019huile de poisson pour aider votre chat \u00e0 conserver un pelage sain et luisant. \u00a0 De plus, ROYAL CANIN\u00ae Hair &amp; Skin Care inclut un certain nombre d\u2019autres nutriments cl\u00e9s, comme la vitamine B, les acides amin\u00e9s, le zinc et le cuivre. Ensemble, ils nourrissent la peau et le pelage de votre chat en renfor\u00e7ant la fonction de \u00ab barri\u00e8re \u00bb de la peau afin de pr\u00e9server sa beaut\u00e9 optimale ainsi que la force et la densit\u00e9 du poil. \u00a0 L\u2019utilisation exclusive de ROYAL CANIN\u00ae Hair &amp; Skin Care a \u00e9t\u00e9 cliniquement prouv\u00e9e : apr\u00e8s seulement 21 jours d\u2019utilisation, la brillance du pelage peut significativement augmenter. \u00a0 Pour r\u00e9pondre aux pr\u00e9f\u00e9rences individuelles de chaque chat, ROYAL CANIN\u00ae Hair &amp; Skin Care est \u00e9galement disponible sous forme d&rsquo;aliment humide en \u00e9minc\u00e9 en sauce. Si vous envisagez une alimentation mixte, il vous suffit de suivre nos instructions pour vous assurer que votre chat re\u00e7oit la quantit\u00e9 de nourriture s\u00e8che et humide n\u00e9cessaire pour un b\u00e9n\u00e9fice optimal.<\/div>\n<div><\/div>\n<div><strong>\u00a0 \u00a0BENEFICES :<\/strong><\/div>\n<div>\n<ul>\n<li>\n<div>Hair &amp; Skin Care<\/div>\n<div>ROYAL CANIN\u00ae Hair &amp; Skin Care est une formule nutritionnelle pr\u00e9cis\u00e9ment \u00e9quilibr\u00e9e qui aide \u00e0 maintenir la sant\u00e9 de la peau et du pelage.<\/div>\n<\/li>\n<li>\n<div>Formul\u00e9 avec<\/div>\n<div>Un complexe exclusif de nutriments qui aide \u00e0 renforcer le r\u00f4le de barri\u00e8re de la peau. Des prot\u00e9ines de haute qualit\u00e9 avec des acides amin\u00e9s sp\u00e9cifiques pour aider \u00e0 favoriser la croissance du poil et le renouvellement des cellules. Des acides gras om\u00e9ga-3 et om\u00e9ga-6, connus pour leurs effets b\u00e9n\u00e9fiques sur la sant\u00e9 de la peau et sur la qualit\u00e9 du pelage.<\/div>\n<\/li>\n<li>\n<div>R\u00e9sultats prouv\u00e9s<\/div>\n<div>L&rsquo;utilisation exclusive de ROYAL CANIN\u00ae Hair &amp; Skin Care am\u00e9liore sensiblement la brillance du pelage au bout de 21 jours*. *\u00c9tude interne Royal Canin.<\/div>\n<\/li>\n<li>\n<div>Sant\u00e9 urinaire<\/div>\n<div>Formul\u00e9 avec un \u00e9quilibre de min\u00e9raux pour contribuer \u00e0 la sant\u00e9 du syst\u00e8me urinaire du chat adulte.<\/div>\n<\/li>\n<\/ul>\n<p><strong>\u00a0 \u00a0INFORMATIONS NUTRITIONELLES :<\/strong><\/p>\n<p>Composition : prot\u00e9ines de volaille d\u00e9shydrat\u00e9es, graisses animales, isolat de prot\u00e9ines v\u00e9g\u00e9tales*, riz, fibres v\u00e9g\u00e9tales, ma\u00efs, hydrolysat de prot\u00e9ines animales, bl\u00e9, levures et composants de levures, farine de ma\u00efs, gluten de ma\u00efs, pulpe de betterave, huile de soja, huile de poisson, sels min\u00e9raux, huile de bourrache, extrait de rose d\u2019Inde (source de lut\u00e9ine).<\/p>\n<p>Additifs (au kg) : Additifs nutritionnels : Vitamine A : 26000 UI, Vitamine D3 : 700 UI, E1 (Fer) : 37 mg, E2 (Iode) : 3,7 mg, E4 (Cuivre) : 11 mg, E5 (Mangan\u00e8se) : 48 mg, E6 (Zinc) : 102 mg, E8 (S\u00e9l\u00e9nium) : 0,06 mg &#8211; Conservateurs &#8211; Antioxyg\u00e8nes.<\/p>\n<p>Constituants analytiques : Prot\u00e9ine : 33 % &#8211; Mati\u00e8res grasses brutes : 22 % &#8211; Cendres brutes : 6,9 % &#8211; Cellulose brute : 5 % &#8211; Au kg : Acides gras om\u00e9ga 3 : 1,15 g &#8211; Acides gras om\u00e9ga 6 : 5,29 g.<\/p>\n<p>*L.I.P. : prot\u00e9ine s\u00e9lectionn\u00e9e pour sa tr\u00e8s haute digestibilit\u00e9.<\/p>\n<p>Mode d\u2019emploi : voir tableau. Num\u00e9ro de lot et d\u2019identifiant usine, \u00e0 utiliser de pr\u00e9f\u00e9rence avant : voir sur l\u2019emballage. \u00c0 conserver dans un endroit sec et frais.<\/p>\n<p><strong>\u00a0 \u00a0RATIONS :<\/strong><\/p>\n<table>\n<thead>\n<tr>\n<th>Poids du chat<\/th>\n<th>Poids id\u00e9al (g\/jour)<\/th>\n<th>Embonpoint (g\/jour)<\/th>\n<\/tr>\n<\/thead>\n<tbody>\n<tr>\n<td>3 kg<\/td>\n<td>41 g<\/td>\n<td>33 g<\/td>\n<\/tr>\n<tr>\n<td>4 kg<\/td>\n<td>50 g<\/td>\n<td>40g<\/td>\n<\/tr>\n<tr>\n<td>5 kg<\/td>\n<td>59 g<\/td>\n<td>47 g<\/td>\n<\/tr>\n<tr>\n<td>6 kg<\/td>\n<td>67 g<\/td>\n<td>53 g<\/td>\n<\/tr>\n<\/tbody>\n<\/table>\n<p><a href=\"https:\/\/wa.me\/212708052510\" target=\"_blank\" rel=\"noopener noreferrer\"><img loading=\"lazy\" decoding=\"async\" class=\"fr-fic fr-dib aligncenter\" src=\"https:\/\/cdn.youcan.shop\/stores\/d0742d556df94ddbc7ae4c9810aff04b\/others\/4rdqGdOmAnhS63bJ7YPEWTLrtAPRuWPf9hvvOxcV.png\" width=\"292\" height=\"77\" data-name=\"stores\/d0742d556df94ddbc7ae4c9810aff04b\/others\/4rdqGdOmAnhS63bJ7YPEWTLrtAPRuWPf9hvvOxcV.png\" \/><\/a><\/p>\n<\/div>\n","protected":false},"excerpt":{"rendered":"<p>Aliment complet et \u00e9quilibr\u00e9 pour chats adultes de 1 \u00e0 7 ans \u2014 Aide \u00e0 maintenir une peau saine et un poil brillant \u2014 Peut se donner occasionnellement de 7 \u00e0 12 ans ROYAL CANIN\u00ae Hair &amp; Skin Care est un complexe exclusif de nutriments qui aide \u00e0 renforcer la fonction de barri\u00e8re protectrice de [&#8230;]\n","protected":false},"featured_media":23402,"template":"","meta":{"jetpack_publicize_message":"","jetpack_publicize_feature_enabled":true,"jetpack_social_post_already_shared":true,"jetpack_social_options":{"image_generator_settings":{"template":"highway","default_image_id":0,"font":"","enabled":false},"version":2}},"product_brand":[],"product_cat":[40],"product_tag":[],"class_list":{"0":"post-23227","1":"product","2":"type-product","3":"status-publish","4":"has-post-thumbnail","6":"product_cat-coquettes-pour-chat","8":"first","9":"instock","10":"taxable","11":"shipping-taxable","12":"purchasable","13":"product-type-simple"},"supplier_id":5587,"supplier_sku":"70311","barcode":null,"atum_controlled":true,"out_stock_date":null,"out_stock_threshold":null,"inheritable":false,"inbound_stock":0,"stock_on_hold":2,"sold_today":2,"sales_last_days":3,"reserved_stock":0,"customer_returns":0,"warehouse_damage":0,"lost_in_post":0,"other_logs":0,"out_stock_days":0,"lost_sales":0,"has_location":false,"update_date":"2026-04-05T22:10:31","atum_locations":[],"atum_stock_status":"instock","restock_status":false,"low_stock_amount":5,"sales_update_date":"2026-04-05T22:10:30","calc_backorders":null,"jetpack_publicize_connections":[],"jetpack_sharing_enabled":true,"batches":[{"id":"3946","date_created":"2025-06-11 22:04:58","date_expiry":"2026-08-28 00:00:00","user_id":"2760","batch_number":"Royal Canin Hair and Skin Care 2 Kg +400g Gratuit 280826","location":"","quantity":"2.0000","quantity_available":"0.0000","units":"1","status":"archived","order_ids":"[23436,23611]","supplier":"Royal Canin","po":{"id":"3912","date_created":"2025-06-11 22:04:59","batch_id":"3946","po_number":"","supplier":"Royal Canin","cost":null,"regular_price":null,"sale_price":null,"price_margin":null,"price_discount":null}},{"id":"3949","date_created":"2025-06-11 22:04:59","date_expiry":"2026-08-28 00:00:00","user_id":"2760","batch_number":"Royal Canin Hair and Skin Care 2 Kg +400g Gratuit","location":"","quantity":"6.0000","quantity_available":"0.0000","units":"1","status":"archived","order_ids":"[23620,23786,24172,24214]","supplier":"Royal Canin","po":{"id":"3913","date_created":"2025-06-11 22:04:59","batch_id":"3949","po_number":"","supplier":"Royal Canin","cost":null,"regular_price":null,"sale_price":null,"price_margin":null,"price_discount":null}},{"id":"4818","date_created":"2025-08-10 15:35:50","date_expiry":"2026-10-19 00:00:00","user_id":"2760","batch_number":"Royal Canin Hair and Skin Care 2 Kg +400g Gratuit191026","location":"","quantity":"6.0000","quantity_available":"0.0000","units":"1","status":"archived","order_ids":"[26019,26309,26311,26787,26827,27419]","supplier":"Royal Canin","po":{"id":"4782","date_created":"2025-08-10 15:35:50","batch_id":"4818","po_number":"","supplier":"Royal Canin","cost":null,"regular_price":null,"sale_price":null,"price_margin":null,"price_discount":null}},{"id":"4880","date_created":"2025-08-14 09:09:55","date_expiry":"2026-10-19 00:00:00","user_id":"2760","batch_number":"Royal Canin Hair and Skin Care 2 Kg +400g Gratuit191026","location":"","quantity":"2.0000","quantity_available":"0.0000","units":"1","status":"archived","order_ids":"[26019]","supplier":"Royal Canin","po":{"id":"4844","date_created":"2025-08-14 09:09:56","batch_id":"4880","po_number":"","supplier":"Royal Canin","cost":null,"regular_price":null,"sale_price":null,"price_margin":null,"price_discount":null}},{"id":"7629","date_created":"2026-02-12 09:53:52","date_expiry":"2027-05-30 00:00:00","user_id":"2760","batch_number":"Royal Canin Hair and Skin Care 2 Kg +400g Gratuit300527","location":"","quantity":"12.0000","quantity_available":"11.0000","units":"1","status":"active","order_ids":"[35680]","supplier":"Royal Canin","po":{"id":"7564","date_created":"2026-02-12 09:53:53","batch_id":"7629","po_number":"","supplier":"Royal Canin","cost":null,"regular_price":null,"sale_price":null,"price_margin":null,"price_discount":null}},{"id":"7690","date_created":"2026-02-14 10:56:41","date_expiry":"2027-05-30 00:00:00","user_id":"2760","batch_number":"Royal Canin Hair and Skin Care 2 Kg +400g Gratuit300527","location":"","quantity":"6.0000","quantity_available":"0.0000","units":"1","status":"archived","order_ids":"[35811,35872,36830,36915,37766]","supplier":"Royal Canin","po":{"id":"7625","date_created":"2026-02-14 10:56:42","batch_id":"7690","po_number":"","supplier":"Royal Canin","cost":null,"regular_price":null,"sale_price":null,"price_margin":null,"price_discount":null}},{"id":"7924","date_created":"2026-02-24 20:50:04","date_expiry":"2027-05-30 00:00:00","user_id":"2760","batch_number":"Royal Canin Hair and Skin Care 2 Kg +400g Gratuit300527","location":"","quantity":"3.0000","quantity_available":"0.0000","units":"1","status":"archived","order_ids":"[37977,38447,38957]","supplier":"Royal Canin","po":{"id":"7862","date_created":"2026-02-24 20:50:04","batch_id":"7924","po_number":"","supplier":"Royal Canin","cost":null,"regular_price":null,"sale_price":null,"price_margin":null,"price_discount":null}},{"id":"8040","date_created":"2026-02-28 21:41:19","date_expiry":"2027-05-30 00:00:00","user_id":"2760","batch_number":"Royal Canin Hair and Skin Care 2 Kg +400g Gratuit300527","location":"","quantity":"3.0000","quantity_available":"2.0000","units":"1","status":"active","order_ids":"[38957]","supplier":"Royal Canin","po":{"id":"7978","date_created":"2026-02-28 21:41:19","batch_id":"8040","po_number":"","supplier":"Royal Canin","cost":null,"regular_price":null,"sale_price":null,"price_margin":null,"price_discount":null}}],"_links":{"self":[{"href":"https:\/\/petworld.ma\/index.php\/wp-json\/wp\/v2\/product\/23227","targetHints":{"allow":["GET"]}}],"collection":[{"href":"https:\/\/petworld.ma\/index.php\/wp-json\/wp\/v2\/product"}],"about":[{"href":"https:\/\/petworld.ma\/index.php\/wp-json\/wp\/v2\/types\/product"}],"wp:featuredmedia":[{"embeddable":true,"href":"https:\/\/petworld.ma\/index.php\/wp-json\/wp\/v2\/media\/23402"}],"wp:attachment":[{"href":"https:\/\/petworld.ma\/index.php\/wp-json\/wp\/v2\/media?parent=23227"}],"wp:term":[{"taxonomy":"product_brand","embeddable":true,"href":"https:\/\/petworld.ma\/index.php\/wp-json\/wp\/v2\/product_brand?post=23227"},{"taxonomy":"product_cat","embeddable":true,"href":"https:\/\/petworld.ma\/index.php\/wp-json\/wp\/v2\/product_cat?post=23227"},{"taxonomy":"product_tag","embeddable":true,"href":"https:\/\/petworld.ma\/index.php\/wp-json\/wp\/v2\/product_tag?post=23227"}],"curies":[{"name":"wp","href":"https:\/\/api.w.org\/{rel}","templated":true}]}}