{"id":23228,"date":"2025-06-11T22:16:03","date_gmt":"2025-06-11T22:16:03","guid":{"rendered":"https:\/\/petworld.ma\/?post_type=product&#038;p=23228"},"modified":"2026-03-25T18:24:58","modified_gmt":"2026-03-25T18:24:58","slug":"royal-canin-mini-adult-2-kg-pochon-85g-gratuit","status":"publish","type":"product","link":"https:\/\/petworld.ma\/index.php\/produit\/royal-canin-mini-adult-2-kg-pochon-85g-gratuit\/","title":{"rendered":"Royal Canin Mini Adult 2 Kg +Pochon 85g Gratuit"},"content":{"rendered":"<div>\n<div>\n<div>\n<div>\n<h2>Aliment complet pour chiens adultes de petites races (poids de 1 \u00e0 10 kg) &#8211; \u00c0 partir de 10 mois.<\/h2>\n<\/div>\n<\/div>\n<\/div>\n<\/div>\n<div>\n<div>\n<p>ROYAL CANIN\u00ae Mini Adult est sp\u00e9cialement formul\u00e9e pour r\u00e9pondre \u00e0 tous les besoins nutritionnels de votre petit chien adulte et convient aux chiens de petite taille de plus de 10 mois pesant jusqu\u2019\u00e0 10 kg. \u00a0 Parce que les chiens de petite taille comme le v\u00f4tre ont souvent des besoins \u00e9nerg\u00e9tiques \u00e9lev\u00e9s, ROYAL CANIN\u00ae Mini Adult est \u00e9labor\u00e9 \u00e0 partir de nutriments qui contribuent \u00e0 combler ces besoins, tout en aidant votre chien \u00e0 conserver son poids de forme. \u00a0 Certains chiens de petite taille ont un app\u00e9tit plus capricieux que d\u2019autres, c\u2019est pourquoi la formule ROYAL CANIN\u00ae Mini Adult contient une s\u00e9lection d\u2019ar\u00f4mes exclusifs. C\u2019est cette palatabilit\u00e9 am\u00e9lior\u00e9e qui pla\u00eet aux chiens, m\u00eame aux plus difficiles d\u2019entre eux. \u00a0 ROYAL CANIN\u00ae Mini Adult inclut \u00e9galement une vari\u00e9t\u00e9 de nutriments qui aident \u00e0 renforcer la sant\u00e9 de la peau et du pelage de votre chien. \u00a0 Pour r\u00e9pondre aux pr\u00e9f\u00e9rences individuelles de chaque chien, ROYAL CANIN\u00ae Mini Adult est \u00e9galement disponible sous forme d&rsquo;aliment humide en bouch\u00e9es en sauce. \u00a0 Si vous envisagez une alimentation mixte, il vous suffit de suivre nos instructions pour vous assurer que votre chien re\u00e7oit la quantit\u00e9 de nourriture s\u00e8che et humide n\u00e9cessaire pour un b\u00e9n\u00e9fice optimal.<\/p>\n<p><strong>\u00a0 \u00a0BENEFICES :<\/strong><\/p>\n<ul>\n<li>\n<div>\u00c9nergie adapt\u00e9e<\/div>\n<div>Aide \u00e0 maintenir un poids sain chez les chiens de petites races en r\u00e9pondant parfaitement \u00e0 leurs besoins \u00e9nerg\u00e9tiques \u00e9lev\u00e9s. Contient de la L-carnitine.<\/div>\n<\/li>\n<li>\n<div>App\u00e9tence renforc\u00e9e<\/div>\n<div>Satisfait l\u2019app\u00e9tit difficile des chiens de petites races gr\u00e2ce \u00e0 sa formulation et \u00e0 une s\u00e9lection d\u2019ar\u00f4mes exclusifs.<\/div>\n<\/li>\n<li>\n<div>Qualit\u00e9 du pelage<\/div>\n<div>Cette formule contient des nutriments qui aident \u00e0 maintenir la sant\u00e9 de la peau. Enrichi en EPA-DHA<\/div>\n<\/li>\n<\/ul>\n<p><strong>\u00a0 \u00a0INFORMATIONS NUTRITIONELLE :<\/strong><\/p>\n<div data-gtm-vis-first-on-screen-40760133_376=\"320233\" data-gtm-vis-first-on-screen-40760133_379=\"320232\" data-gtm-vis-has-fired-40760133_376=\"1\" data-gtm-vis-has-fired-40760133_379=\"1\" data-gtm-vis-total-visible-time-40760133_376=\"500\" data-gtm-vis-total-visible-time-40760133_379=\"500\" data-tms=\"Product description\">\n<div>\n<div>\n<div>\n<div>\n<div>\n<div>Composition : prot\u00e9ines de volaille d\u00e9shydrat\u00e9es, ma\u00efs, farine de ma\u00efs, graisses animales, gluten de ma\u00efs, isolat de prot\u00e9ines v\u00e9g\u00e9tales*, bl\u00e9, hydrolysat de prot\u00e9ines animales, riz, pulpe de betterave, sels min\u00e9raux, huile de poisson, huile de soja, levures et composants de levures, fructo-oligo-saccharides.<\/div>\n<p>Additifs (au kg)\u00a0: Additifs nutritionnels\u00a0: Vitamine A\u00a0: 22000\u00a0UI, Vitamine D3\u00a0: 1000\u00a0UI, E1 (Fer)\u00a0: 41\u00a0mg, E2 (Iode)\u00a0: 4,1\u00a0mg, E4 (Cuivre)\u00a0: 13\u00a0mg, E5 (Mangan\u00e8se)\u00a0: 54\u00a0mg, E6 (Zinc)\u00a0: 133\u00a0mg, E8 (S\u00e9l\u00e9nium)\u00a0: 0,1\u00a0mg, L-carnitine\u00a0: 50,0\u00a0mg\u00a0&#8211; Conservateurs\u00a0&#8211; Antioxyg\u00e8nes.<\/p>\n<p>Constituants analytiques : Prot\u00e9ine : 27,0 % &#8211; Mati\u00e8res grasses brutes : 16,0 % &#8211; Cendres brutes : 5,7 % &#8211; Cellulose brute : 1,3 % &#8211; EPA\/DHA : 2,5 g\/kg.<\/p>\n<p>*L.I.P. : prot\u00e9ine s\u00e9lectionn\u00e9e pour sa tr\u00e8s haute digestibilit\u00e9.<\/p>\n<p>Mode d\u2019emploi : voir tableau. Num\u00e9ro de lot et d\u2019identifiant usine, \u00e0 utiliser de pr\u00e9f\u00e9rence avant : voir sur l\u2019emballage. \u00c0 conserver dans un endroit sec et frais.<\/p>\n<p><strong>\u00a0 \u00a0\u00a0<\/strong><a href=\"https:\/\/wa.me\/212708052510\" target=\"_blank\" rel=\"noopener noreferrer\"><img loading=\"lazy\" decoding=\"async\" class=\"fr-fic fr-dib aligncenter\" src=\"https:\/\/cdn.youcan.shop\/stores\/d0742d556df94ddbc7ae4c9810aff04b\/others\/0KeQfTAQSoIDz0FgpZAndGZdKVR0LGzf81inunCn.png\" width=\"319\" height=\"84\" data-name=\"stores\/d0742d556df94ddbc7ae4c9810aff04b\/others\/0KeQfTAQSoIDz0FgpZAndGZdKVR0LGzf81inunCn.png\" \/><\/a><\/p>\n<div data-gtm-vis-first-on-screen-40760133_376=\"320233\" data-gtm-vis-first-on-screen-40760133_379=\"320232\" data-gtm-vis-has-fired-40760133_376=\"1\" data-gtm-vis-has-fired-40760133_379=\"1\" data-gtm-vis-total-visible-time-40760133_376=\"500\" data-gtm-vis-total-visible-time-40760133_379=\"500\" data-tms=\"Product description\">\n<div>\n<div>\n<div>\n<div><\/div>\n<\/div>\n<\/div>\n<\/div>\n<\/div>\n<\/div>\n<\/div>\n<\/div>\n<\/div>\n<\/div>\n<\/div>\n<\/div>\n<\/div>\n","protected":false},"excerpt":{"rendered":"<p>Aliment complet pour chiens adultes de petites races (poids de 1 \u00e0 10 kg) &#8211; \u00c0 partir de 10 mois. ROYAL CANIN\u00ae Mini Adult est sp\u00e9cialement formul\u00e9e pour r\u00e9pondre \u00e0 tous les besoins nutritionnels de votre petit chien adulte et convient aux chiens de petite taille de plus de 10 mois pesant jusqu\u2019\u00e0 10 kg. [&#8230;]\n","protected":false},"featured_media":23403,"template":"","meta":{"jetpack_publicize_message":"","jetpack_publicize_feature_enabled":true,"jetpack_social_post_already_shared":true,"jetpack_social_options":{"image_generator_settings":{"template":"highway","default_image_id":0,"font":"","enabled":false},"version":2}},"product_brand":[],"product_cat":[26],"product_tag":[],"class_list":{"0":"post-23228","1":"product","2":"type-product","3":"status-publish","4":"has-post-thumbnail","6":"product_cat-croquettes","8":"first","9":"instock","10":"taxable","11":"shipping-taxable","12":"purchasable","13":"product-type-simple"},"supplier_id":5587,"supplier_sku":"","barcode":null,"atum_controlled":true,"out_stock_date":null,"out_stock_threshold":null,"inheritable":false,"inbound_stock":0,"stock_on_hold":0,"sold_today":0,"sales_last_days":0,"reserved_stock":0,"customer_returns":0,"warehouse_damage":0,"lost_in_post":0,"other_logs":0,"out_stock_days":0,"lost_sales":0,"has_location":false,"update_date":"2026-04-14T00:04:54","atum_locations":[],"atum_stock_status":"instock","restock_status":false,"low_stock_amount":2,"sales_update_date":"2026-04-14T00:04:54","calc_backorders":null,"jetpack_publicize_connections":[],"jetpack_sharing_enabled":true,"batches":[{"id":"3954","date_created":"2025-06-11 22:20:51","date_expiry":"2026-09-10 00:00:00","user_id":"2461","batch_number":"Royal Canin Mini Adult 2 Kg +Pochon 85g Gratuit100926","location":"","quantity":"2.0000","quantity_available":"0.0000","units":"1","status":"archived","order_ids":"[23713,23776]","supplier":"Royal Canin","po":{"id":"3918","date_created":"2025-06-11 22:20:51","batch_id":"3954","po_number":"","supplier":"Royal Canin","cost":null,"regular_price":null,"sale_price":null,"price_margin":null,"price_discount":null}},{"id":"3955","date_created":"2025-06-11 22:20:51","date_expiry":"2026-09-10 00:00:00","user_id":"2461","batch_number":"Royal Canin Mini Adult 2 Kg +Pochon 85g Gratuit100926","location":"","quantity":"6.0000","quantity_available":"0.0000","units":"1","status":"archived","order_ids":"[25245,26118,26392,26630,26755,26971]","supplier":"Royal Canin","po":{"id":"3919","date_created":"2025-06-11 22:20:51","batch_id":"3955","po_number":"","supplier":"Royal Canin","cost":null,"regular_price":null,"sale_price":null,"price_margin":null,"price_discount":null}},{"id":"4251","date_created":"2025-07-06 15:21:06","date_expiry":"2026-09-10 00:00:00","user_id":"2461","batch_number":"Royal Canin Mini Adult 2 Kg +Pochon 85g Gratuit100926","location":"","quantity":"3.0000","quantity_available":"0.0000","units":"1","status":"archived","order_ids":"[24155,24300,24341]","supplier":"Royal Canin","po":{"id":"4214","date_created":"2025-07-06 15:21:07","batch_id":"4251","po_number":"","supplier":"Royal Canin","cost":null,"regular_price":null,"sale_price":null,"price_margin":null,"price_discount":null}},{"id":"4312","date_created":"2025-07-11 16:59:40","date_expiry":"2026-09-10 00:00:00","user_id":"2461","batch_number":"Royal Canin Mini Adult 2 Kg +Pochon 85g Gratuit100926","location":"","quantity":"3.0000","quantity_available":"0.0000","units":"1","status":"archived","order_ids":"[24984,25245,36793]","supplier":"Royal Canin","po":{"id":"4275","date_created":"2025-07-11 16:59:41","batch_id":"4312","po_number":"","supplier":"Royal Canin","cost":null,"regular_price":null,"sale_price":null,"price_margin":null,"price_discount":null}},{"id":"4620","date_created":"2025-07-31 21:30:14","date_expiry":"2026-10-02 00:00:00","user_id":"2461","batch_number":"Royal Canin Mini Adult 2 Kg +Pochon 85g Gratuit021026","location":"","quantity":"2.0000","quantity_available":"0.0000","units":"1","status":"archived","order_ids":"[27131,28473]","supplier":"Royal Canin","po":{"id":"4584","date_created":"2025-07-31 21:30:15","batch_id":"4620","po_number":"","supplier":"Royal Canin","cost":null,"regular_price":null,"sale_price":null,"price_margin":null,"price_discount":null}},{"id":"4829","date_created":"2025-08-10 16:12:57","date_expiry":"2026-10-02 00:00:00","user_id":"2461","batch_number":"Royal Canin Mini Adult 2 Kg +Pochon 85g Gratuit021026","location":"","quantity":"4.0000","quantity_available":"0.0000","units":"1","status":"archived","order_ids":"[29893,30283,31543]","supplier":"Royal Canin","po":{"id":"4793","date_created":"2025-08-10 16:12:58","batch_id":"4829","po_number":"","supplier":"Royal Canin","cost":null,"regular_price":null,"sale_price":null,"price_margin":null,"price_discount":null}},{"id":"4884","date_created":"2025-08-14 09:17:25","date_expiry":"2026-10-02 00:00:00","user_id":"2461","batch_number":"Royal Canin Mini Adult 2 Kg +Pochon 85g Gratuit021026","location":"","quantity":"2.0000","quantity_available":"1.0000","units":"1","status":"active","order_ids":"[29537,29880]","supplier":"Royal Canin","po":{"id":"4848","date_created":"2025-08-14 09:17:25","batch_id":"4884","po_number":"","supplier":"Royal Canin","cost":null,"regular_price":null,"sale_price":null,"price_margin":null,"price_discount":null}},{"id":"7699","date_created":"2026-02-14 13:18:01","date_expiry":"2027-03-30 00:00:00","user_id":"2461","batch_number":"Royal Canin Mini Adult 2 Kg +Pochon 85g Gratuit300327","location":"","quantity":"9.0000","quantity_available":"9.0000","units":"1","status":"active","order_ids":null,"supplier":"Royal Canin","po":{"id":"7634","date_created":"2026-02-14 13:18:01","batch_id":"7699","po_number":"","supplier":"Royal Canin","cost":null,"regular_price":null,"sale_price":null,"price_margin":null,"price_discount":null}},{"id":"7772","date_created":"2026-02-18 12:43:32","date_expiry":"2027-03-30 00:00:00","user_id":"2461","batch_number":"Royal Canin Mini Adult 2 Kg +Pochon 85g Gratuit300327","location":"","quantity":"3.0000","quantity_available":"3.0000","units":"1","status":"active","order_ids":null,"supplier":"Royal Canin","po":{"id":"7707","date_created":"2026-02-18 12:43:32","batch_id":"7772","po_number":"","supplier":"Royal Canin","cost":null,"regular_price":null,"sale_price":null,"price_margin":null,"price_discount":null}},{"id":"7930","date_created":"2026-02-24 20:54:42","date_expiry":"2027-03-30 00:00:00","user_id":"2461","batch_number":"Royal Canin Mini Adult 2 Kg +Pochon 85g Gratuit300327","location":"","quantity":"1.0000","quantity_available":"1.0000","units":"1","status":"active","order_ids":null,"supplier":"Royal Canin","po":{"id":"7868","date_created":"2026-02-24 20:54:42","batch_id":"7930","po_number":"","supplier":"Royal Canin","cost":null,"regular_price":null,"sale_price":null,"price_margin":null,"price_discount":null}},{"id":"8055","date_created":"2026-02-28 21:53:00","date_expiry":"2027-03-30 00:00:00","user_id":"2461","batch_number":"Royal Canin Mini Adult 2 Kg +Pochon 85g Gratuit300327","location":"","quantity":"3.0000","quantity_available":"3.0000","units":"1","status":"active","order_ids":null,"supplier":"Royal Canin","po":{"id":"7993","date_created":"2026-02-28 21:53:01","batch_id":"8055","po_number":"","supplier":"Royal Canin","cost":null,"regular_price":null,"sale_price":null,"price_margin":null,"price_discount":null}},{"id":"8507","date_created":"2026-03-25 18:24:57","date_expiry":"2027-03-30 00:00:00","user_id":"2461","batch_number":"Royal Canin Mini Adult 2 Kg +Pochon 85g Gratuit300327","location":"","quantity":"5.0000","quantity_available":"5.0000","units":"1","status":"active","order_ids":null,"supplier":"Royal Canin","po":{"id":"8435","date_created":"2026-03-25 18:24:58","batch_id":"8507","po_number":"","supplier":"Royal Canin","cost":null,"regular_price":null,"sale_price":null,"price_margin":null,"price_discount":null}}],"_links":{"self":[{"href":"https:\/\/petworld.ma\/index.php\/wp-json\/wp\/v2\/product\/23228","targetHints":{"allow":["GET"]}}],"collection":[{"href":"https:\/\/petworld.ma\/index.php\/wp-json\/wp\/v2\/product"}],"about":[{"href":"https:\/\/petworld.ma\/index.php\/wp-json\/wp\/v2\/types\/product"}],"wp:featuredmedia":[{"embeddable":true,"href":"https:\/\/petworld.ma\/index.php\/wp-json\/wp\/v2\/media\/23403"}],"wp:attachment":[{"href":"https:\/\/petworld.ma\/index.php\/wp-json\/wp\/v2\/media?parent=23228"}],"wp:term":[{"taxonomy":"product_brand","embeddable":true,"href":"https:\/\/petworld.ma\/index.php\/wp-json\/wp\/v2\/product_brand?post=23228"},{"taxonomy":"product_cat","embeddable":true,"href":"https:\/\/petworld.ma\/index.php\/wp-json\/wp\/v2\/product_cat?post=23228"},{"taxonomy":"product_tag","embeddable":true,"href":"https:\/\/petworld.ma\/index.php\/wp-json\/wp\/v2\/product_tag?post=23228"}],"curies":[{"name":"wp","href":"https:\/\/api.w.org\/{rel}","templated":true}]}}