{"id":23255,"date":"2025-06-12T09:55:01","date_gmt":"2025-06-12T09:55:01","guid":{"rendered":"https:\/\/petworld.ma\/?post_type=product&#038;p=23255"},"modified":"2026-03-12T16:59:37","modified_gmt":"2026-03-12T16:59:37","slug":"royal-canin-savour-exigent-2-kg-400g-gratuit","status":"publish","type":"product","link":"https:\/\/petworld.ma\/index.php\/produit\/royal-canin-savour-exigent-2-kg-400g-gratuit\/","title":{"rendered":"Royal Canin Fussy Exigent 2 Kg +400g GRATUIT"},"content":{"rendered":"<div class=\"product-section description-section\">\n<div class=\"single-description fr-view\">\n<div>\n<div>\n<h2>Aliment complet et \u00e9quilibr\u00e9 pour chats adultes de plus de 1 an tr\u00e8s difficiles.<\/h2>\n<\/div>\n<\/div>\n<div>Certains chats ont un app\u00e9tit capricieux et refusent parfois la nourriture que vous leur donnez. Cependant, ce comportement n\u2019est pas sp\u00e9cifique aux chats et peut donc \u00eatre rectifi\u00e9 si vous choisissez des aliments contenant des nutriments sains qui peuvent \u00e9galement satisfaire l\u2019app\u00e9tit particulier de votre chat. \u00a0 Certains chats difficiles sont attir\u00e9s par la diversit\u00e9 dans leur gamelle. Afin de stimuler les pr\u00e9f\u00e9rences naturelles de votre chat, ROYAL CANIN\u00ae Savour Exigent contient deux types de croquettes synergiques, de composition et de textures diff\u00e9rentes pour am\u00e9liorer la double sensation gustative, m\u00eame chez les chats les plus difficiles. \u00a0 De plus, le contenu \u00e9nerg\u00e9tique sp\u00e9cialement adapt\u00e9 de ROYAL CANIN\u00ae Savour Exigent aide \u00e0 maintenir le poids id\u00e9al d\u2019un chat adulte comme le v\u00f4tre. \u00a0 ROYAL CANIN\u00ae Savour Exigent stimulera l\u2019app\u00e9tit de votre chat et lui fournira tous les nutriments dont il a besoin pour rester actif et en bonne sant\u00e9, et convient aux chats d\u2019int\u00e9rieur et d\u2019ext\u00e9rieur. \u00a0 \u00a0ROYAL CANIN\u00ae a d\u00e9velopp\u00e9 3 formules diff\u00e9rentes pour satisfaire m\u00eame les chats les plus exigeants ! Ces produits font tous partie de notre gamme Feline Preference, qui comprend \u00e9galement les formules ROYAL CANIN\u00ae Aroma Exigent et ROYAL CANIN\u00ae Protein Exigent.<\/div>\n<div><\/div>\n<div><strong>\u00a0 \u00a0BENEFICES :<\/strong><\/div>\n<div>\n<ul>\n<li>\n<div>Double sensation gustative<\/div>\n<div>Certains chats difficiles sont davantage attir\u00e9s par la vari\u00e9t\u00e9 et pr\u00e9f\u00e8rent une nourriture aux saveurs diverses. Gr\u00e2ce \u00e0 deux croquettes synergiques, de forme, de composition et de texture diff\u00e9rentes, ROYAL CANIN\u00ae Savour Exigent stimule la pr\u00e9f\u00e9rence naturelle de ces chats.<\/div>\n<\/li>\n<li>\n<div>Poids optimal<\/div>\n<div>Contenu \u00e9nerg\u00e9tique adapt\u00e9 pour aider le chat difficile \u00e0 maintenir son poids id\u00e9al.<\/div>\n<\/li>\n<li>\n<div>Pr\u00e9f\u00e9rence individuelle<\/div>\n<div>Chaque chat choisit sa nourriture en fonction d\u2019une pr\u00e9f\u00e9rence naturelle\u00a0: profil aromatique, diversit\u00e9 des saveurs ou niveau de prot\u00e9ines. Pour y r\u00e9pondre, Royal Canin a d\u00e9velopp\u00e9 trois formules diff\u00e9rentes pour satisfaire les chats les plus difficiles.<\/div>\n<\/li>\n<li>\n<div>Sant\u00e9 urinaire<\/div>\n<div>Formul\u00e9 pour contribuer \u00e0 la bonne sant\u00e9 du syst\u00e8me urinaire du chat adulte.<\/div>\n<\/li>\n<\/ul>\n<p><strong>\u00a0 \u00a0INFORMATIONS NUTRITIONELLES :<\/strong><\/p>\n<div>Composition : ma\u00efs, prot\u00e9ines de volaille d\u00e9shydrat\u00e9es, riz, isolat de prot\u00e9ines v\u00e9g\u00e9tales*, graisses animales, gluten de ma\u00efs, hydrolysat de prot\u00e9ines animales, fibres v\u00e9g\u00e9tales, levures et composants de levures, sels min\u00e9raux, pulpe de betterave, huile de soja, fructo-oligo-saccharides, huile de bourrache.<\/div>\n<p>&nbsp;<\/p>\n<p>Additifs (au kg)\u00a0: Additifs nutritionnels\u00a0: Vitamine A\u00a0: 14500\u00a0UI, Vitamine D3\u00a0: 800\u00a0UI, E1 (Fer)\u00a0: 37\u00a0mg, E2 (Iode)\u00a0: 3,7\u00a0mg, E4 (Cuivre)\u00a0: 11\u00a0mg, E5 (Mangan\u00e8se)\u00a0: 48\u00a0mg, E6 (Zinc)\u00a0: 143\u00a0mg, E8 (S\u00e9l\u00e9nium)\u00a0: 0,08\u00a0mg\u00a0&#8211; Additifs technologiques\u00a0: Clinoptilolite d\u2019origine s\u00e9dimentaire\u00a0: 5\u00a0g\u00a0&#8211; Additifs zootechniques\u00a0: Chlorure d\u2019ammonium\u00a0: 5\u00a0g\u00a0&#8211; Conservateurs\u00a0&#8211; Antioxyg\u00e8nes.<\/p>\n<p>Constituants analytiques : Prot\u00e9ine : 33 % &#8211; Teneur en mati\u00e8res grasses : 16 % &#8211; Cendres brutes : 7,2 % &#8211; Cellulose brute : 3,1 %.<\/p>\n<p>*L.I.P. : prot\u00e9ine s\u00e9lectionn\u00e9e pour sa tr\u00e8s haute digestibilit\u00e9.<\/p>\n<p>Mode d\u2019emploi : voir tableau. Num\u00e9ro de lot et d\u2019identifiant usine, \u00e0 utiliser de pr\u00e9f\u00e9rence avant : voir sur l\u2019emballage. \u00c0 conserver dans un endroit sec et frais.<\/p>\n<p><strong>\u00a0 \u00a0RATIONS :<\/strong><\/p>\n<table>\n<thead>\n<tr>\n<th>Poids du chat<\/th>\n<th>Inf\u00e9rieur au poids id\u00e9al<\/th>\n<th>Poids id\u00e9al<\/th>\n<th>Sup\u00e9rieur au poids id\u00e9al<\/th>\n<\/tr>\n<\/thead>\n<tbody>\n<tr>\n<td>3 kg<\/td>\n<td>51 g<\/td>\n<td>43 g<\/td>\n<td>&#8211;<\/td>\n<\/tr>\n<tr>\n<td>4 kg<\/td>\n<td>63 g<\/td>\n<td>53 g<\/td>\n<td>42 g<\/td>\n<\/tr>\n<tr>\n<td>5 kg<\/td>\n<td>74 g<\/td>\n<td>62 g<\/td>\n<td>49 g<\/td>\n<\/tr>\n<tr>\n<td>6 kg<\/td>\n<td>&#8211;<\/td>\n<td>70 g<\/td>\n<td>56 g<\/td>\n<\/tr>\n<\/tbody>\n<\/table>\n<p><a href=\"https:\/\/wa.me\/212708052510\" target=\"_blank\" rel=\"noopener noreferrer\"><img loading=\"lazy\" decoding=\"async\" class=\"fr-fic fr-dib aligncenter\" src=\"https:\/\/cdn.youcan.shop\/stores\/d0742d556df94ddbc7ae4c9810aff04b\/others\/xQzaKaYPjCKi8gARuXFEc44jurmWbofqAI6N9An6.png\" width=\"296\" height=\"78\" data-fr-image-pasted=\"true\" data-name=\"stores\/d0742d556df94ddbc7ae4c9810aff04b\/others\/xQzaKaYPjCKi8gARuXFEc44jurmWbofqAI6N9An6.png\" \/><\/a><\/p>\n<\/div>\n<\/div>\n<\/div>\n<div class=\"product-section add-to-cart-section\">\n<div class=\"quantity\"><\/div>\n<\/div>\n","protected":false},"excerpt":{"rendered":"<p>Aliment complet et \u00e9quilibr\u00e9 pour chats adultes de plus de 1 an tr\u00e8s difficiles. Certains chats ont un app\u00e9tit capricieux et refusent parfois la nourriture que vous leur donnez. Cependant, ce comportement n\u2019est pas sp\u00e9cifique aux chats et peut donc \u00eatre rectifi\u00e9 si vous choisissez des aliments contenant des nutriments sains qui peuvent \u00e9galement satisfaire [&#8230;]\n","protected":false},"featured_media":23529,"template":"","meta":{"jetpack_publicize_message":"","jetpack_publicize_feature_enabled":true,"jetpack_social_post_already_shared":true,"jetpack_social_options":{"image_generator_settings":{"template":"highway","default_image_id":0,"font":"","enabled":false},"version":2}},"product_brand":[],"product_cat":[40],"product_tag":[],"class_list":{"0":"post-23255","1":"product","2":"type-product","3":"status-publish","4":"has-post-thumbnail","6":"product_cat-coquettes-pour-chat","8":"first","9":"outofstock","10":"taxable","11":"shipping-taxable","12":"purchasable","13":"product-type-simple"},"supplier_id":5587,"supplier_sku":"703131","barcode":null,"atum_controlled":true,"out_stock_date":"2026-03-12 16:59:36","out_stock_threshold":null,"inheritable":false,"inbound_stock":0,"stock_on_hold":0,"sold_today":0,"sales_last_days":0,"reserved_stock":0,"customer_returns":0,"warehouse_damage":0,"lost_in_post":0,"other_logs":0,"out_stock_days":23,"lost_sales":903,"has_location":false,"update_date":"2026-04-05T13:09:22","atum_locations":[],"atum_stock_status":"outofstock","restock_status":false,"low_stock_amount":4,"sales_update_date":"2026-04-05T13:09:22","calc_backorders":null,"jetpack_publicize_connections":[],"jetpack_sharing_enabled":true,"batches":[{"id":"3985","date_created":"2025-06-12 09:56:50","date_expiry":"2026-09-22 00:00:00","user_id":"2760","batch_number":"Royal Canin Savour Exigent 2 Kg +400g GRATUIT220926","location":"","quantity":"6.0000","quantity_available":"0.0000","units":"1","status":"archived","order_ids":"[23945,24074,24118,24394,24439,24846]","supplier":"Royal Canin","po":{"id":"3948","date_created":"2025-06-12 09:56:51","batch_id":"3985","po_number":"","supplier":"Royal Canin","cost":null,"regular_price":null,"sale_price":null,"price_margin":null,"price_discount":null}},{"id":"4820","date_created":"2025-08-10 15:42:01","date_expiry":"2026-10-26 00:00:00","user_id":"2760","batch_number":"Royal Canin Savour Exigent 2 Kg +400g GRATUIT261026","location":"","quantity":"6.0000","quantity_available":"0.0000","units":"1","status":"archived","order_ids":"[27440,27680,30748]","supplier":"Royal Canin","po":{"id":"4784","date_created":"2025-08-10 15:42:02","batch_id":"4820","po_number":"","supplier":"Royal Canin","cost":null,"regular_price":null,"sale_price":null,"price_margin":null,"price_discount":null}},{"id":"4888","date_created":"2025-08-14 09:24:21","date_expiry":"2026-10-26 00:00:00","user_id":"2760","batch_number":"Royal Canin Savour Exigent 2 Kg +400g GRATUIT261026","location":"","quantity":"3.0000","quantity_available":"0.0000","units":"1","status":"archived","order_ids":"[25874,26131,26459]","supplier":"Royal Canin","po":{"id":"4852","date_created":"2025-08-14 09:24:22","batch_id":"4888","po_number":"","supplier":"Royal Canin","cost":null,"regular_price":null,"sale_price":null,"price_margin":null,"price_discount":null}},{"id":"6261","date_created":"2025-11-20 15:23:35","date_expiry":"2027-01-20 00:00:00","user_id":"2760","batch_number":"Royal Canin Savour Exigent 2 Kg +400g GRATUIT200127","location":"","quantity":"6.0000","quantity_available":"0.0000","units":"1","status":"archived","order_ids":"[30918,30929,31007,31185]","supplier":"Royal Canin","po":{"id":"6208","date_created":"2025-11-20 15:23:39","batch_id":"6261","po_number":"","supplier":"Royal Canin","cost":null,"regular_price":null,"sale_price":null,"price_margin":null,"price_discount":null}},{"id":"7686","date_created":"2026-02-14 10:40:50","date_expiry":"2027-01-20 00:00:00","user_id":"2760","batch_number":"Royal Canin Savour Exigent 2 Kg +400g GRATUIT200127","location":"","quantity":"6.0000","quantity_available":"0.0000","units":"1","status":"archived","order_ids":"[35885,36172,36187,36347,36694,36844,36850,36905]","supplier":"Canin","po":{"id":"7621","date_created":"2026-02-14 10:40:50","batch_id":"7686","po_number":"","supplier":"Canin","cost":null,"regular_price":null,"sale_price":null,"price_margin":null,"price_discount":null}}],"_links":{"self":[{"href":"https:\/\/petworld.ma\/index.php\/wp-json\/wp\/v2\/product\/23255","targetHints":{"allow":["GET"]}}],"collection":[{"href":"https:\/\/petworld.ma\/index.php\/wp-json\/wp\/v2\/product"}],"about":[{"href":"https:\/\/petworld.ma\/index.php\/wp-json\/wp\/v2\/types\/product"}],"wp:featuredmedia":[{"embeddable":true,"href":"https:\/\/petworld.ma\/index.php\/wp-json\/wp\/v2\/media\/23529"}],"wp:attachment":[{"href":"https:\/\/petworld.ma\/index.php\/wp-json\/wp\/v2\/media?parent=23255"}],"wp:term":[{"taxonomy":"product_brand","embeddable":true,"href":"https:\/\/petworld.ma\/index.php\/wp-json\/wp\/v2\/product_brand?post=23255"},{"taxonomy":"product_cat","embeddable":true,"href":"https:\/\/petworld.ma\/index.php\/wp-json\/wp\/v2\/product_cat?post=23255"},{"taxonomy":"product_tag","embeddable":true,"href":"https:\/\/petworld.ma\/index.php\/wp-json\/wp\/v2\/product_tag?post=23255"}],"curies":[{"name":"wp","href":"https:\/\/api.w.org\/{rel}","templated":true}]}}