{"id":2376,"date":"2023-05-06T17:49:13","date_gmt":"2023-05-06T17:49:13","guid":{"rendered":"https:\/\/petworld.ma\/?post_type=product&#038;p=2376"},"modified":"2026-04-27T13:24:46","modified_gmt":"2026-04-27T13:24:46","slug":"barquette-100g-de-pate-au-thon-convient-pour-chat-sterilise","status":"publish","type":"product","link":"https:\/\/petworld.ma\/index.php\/produit\/barquette-100g-de-pate-au-thon-convient-pour-chat-sterilise\/","title":{"rendered":"Plaisir Barquette 100g de p\u00e2t\u00e9 au THON (convient pour chat st\u00e9rilis\u00e9)"},"content":{"rendered":"<div class=\"product-section description-section\">\n<div class=\"single-description fr-view\">\n<p>Les p\u00e2t\u00e9s Les Repas Plaisir au Thon sont parfaites pour les chats qui adorent le poisson. De plus, leur texture fondante contient des morceaux et est tr\u00e8s app\u00e9tente. Nos pat\u00e9s sont des repas complets sans colorants et sans c\u00e9r\u00e9ales ajout\u00e9es.<\/p>\n<p><u><strong>Compositions :<\/strong><\/u><\/p>\n<p>Viandes et sous-produits animaux 50%, Poissons et sous-produits de poissons (dont thon 4%), Substances min\u00e9rales, Sucres.<\/p>\n<p><strong><u>Mode d\u2019emploi :<\/u><\/strong><\/p>\n<p>Servir \u00e0 temp\u00e9rature ambiante. Pour un chat adulte en activit\u00e9 normale, donner en plusieurs repas par jour les quantit\u00e9s indiqu\u00e9es. Il est recommand\u00e9 d&rsquo;adapter la quantit\u00e9 selon l&rsquo;activit\u00e9, et l\u2019\u00e2ge de votre chat. Apr\u00e8s ouverture, conserver au r\u00e9frig\u00e9rateur (+4\u00b0C).<\/p>\n<table>\n<tbody>\n<tr>\n<td><u>poids du chat<\/u><\/td>\n<td>3kg<\/td>\n<td>4kg<\/td>\n<td>5kg<\/td>\n<\/tr>\n<tr>\n<td>chat adulte (12 mois +)<\/td>\n<td>260g<\/td>\n<td>320g<\/td>\n<td>370g<\/td>\n<\/tr>\n<tr>\n<td>chat st\u00e9rilis\u00e9<\/td>\n<td>200g<\/td>\n<td>240g<\/td>\n<td>280g<\/td>\n<\/tr>\n<\/tbody>\n<\/table>\n<p><strong><u>\u00a0<\/u><\/strong><\/p>\n<\/div>\n<\/div>\n<div class=\"product-section add-to-cart-section\">\n<div class=\"quantity\">\n<p><a href=\"https:\/\/wa.me\/212708052510\" target=\"_blank\" rel=\"noopener noreferrer\"><img decoding=\"async\" class=\"fr-fic fr-dib aligncenter\" src=\"https:\/\/cdn.youcan.shop\/stores\/d0742d556df94ddbc7ae4c9810aff04b\/others\/P0007J0SoWqjZeG2Sg9d301ALLEgyf3naMrDHM4I.png\" width=\"262\" height=\"69\" data-name=\"stores\/d0742d556df94ddbc7ae4c9810aff04b\/others\/P0007J0SoWqjZeG2Sg9d301ALLEgyf3naMrDHM4I.png\" \/><\/a><\/p>\n<\/div>\n<\/div>\n","protected":false},"excerpt":{"rendered":"<p>Les p\u00e2t\u00e9s Les Repas Plaisir au Thon sont parfaites pour les chats qui adorent le poisson. De plus, leur texture fondante contient des morceaux et est tr\u00e8s app\u00e9tente. Nos pat\u00e9s sont des repas complets sans colorants et sans c\u00e9r\u00e9ales ajout\u00e9es. Compositions : Viandes et sous-produits animaux 50%, Poissons et sous-produits de poissons (dont thon 4%), [&#8230;]\n","protected":false},"featured_media":2377,"template":"","meta":{"jetpack_publicize_message":"","jetpack_publicize_feature_enabled":true,"jetpack_social_post_already_shared":false,"jetpack_social_options":{"image_generator_settings":{"template":"highway","default_image_id":0,"font":"","enabled":false},"version":2}},"product_brand":[],"product_cat":[41],"product_tag":[],"class_list":{"0":"post-2376","1":"product","2":"type-product","3":"status-publish","4":"has-post-thumbnail","6":"product_cat-friandises-et-pate-pour-chat","8":"first","9":"instock","10":"taxable","11":"shipping-taxable","12":"purchasable","13":"product-type-simple"},"supplier_id":5587,"supplier_sku":"6777","barcode":null,"atum_controlled":true,"out_stock_date":null,"out_stock_threshold":null,"inheritable":false,"inbound_stock":0,"stock_on_hold":10,"sold_today":14,"sales_last_days":51,"reserved_stock":0,"customer_returns":0,"warehouse_damage":0,"lost_in_post":0,"other_logs":0,"out_stock_days":0,"lost_sales":0,"has_location":false,"update_date":"2026-04-27T13:24:49","atum_locations":[],"atum_stock_status":"instock","restock_status":false,"low_stock_amount":320,"sales_update_date":"2026-04-27T13:24:49","calc_backorders":null,"jetpack_publicize_connections":[],"jetpack_sharing_enabled":true,"batches":[{"id":"778","date_created":"2024-11-08 20:51:42","date_expiry":"2026-06-30 00:00:00","user_id":"2760","batch_number":"RCPATEPlaisirThon300626","location":"","quantity":"42.0000","quantity_available":"0.0000","units":"1","status":"archived","order_ids":"[14211,14277]","supplier":"Royal Canin","po":{"id":"755","date_created":"2024-11-08 20:51:43","batch_id":"778","po_number":"","supplier":"Royal Canin","cost":null,"regular_price":null,"sale_price":null,"price_margin":null,"price_discount":null}},{"id":"779","date_created":"2024-11-08 20:51:43","date_expiry":"2026-08-07 00:00:00","user_id":"2760","batch_number":"RCPATEPlaisirThon070826","location":"","quantity":"256.0000","quantity_available":"0.0000","units":"1","status":"archived","order_ids":"[14277,14297,14300,14321,14357,14408,14429,14467,14661,14713,14799,14882,14940,14941,14946,14958,15020,15035,15063,15097,15133,15149,15434,15465,15531,15595,15663,15679,15768,15819,15911,15918,15944,15965,15995,16024,16026,16061,16298,16329,16397,16549,16604,16668]","supplier":"Royal Canin","po":{"id":"756","date_created":"2024-11-08 20:51:43","batch_id":"779","po_number":"","supplier":"Royal Canin","cost":null,"regular_price":null,"sale_price":null,"price_margin":null,"price_discount":null}},{"id":"977","date_created":"2024-11-29 12:57:35","date_expiry":"2026-09-02 00:00:00","user_id":"2760","batch_number":"RCPATEPlaisirThon020926","location":"","quantity":"64.0000","quantity_available":"0.0000","units":"1","status":"archived","order_ids":"[16668,16686,16688,16691,16722,16761,16810,16834,16982,17001,17035]","supplier":"Royal Canin","po":{"id":"955","date_created":"2024-11-29 12:57:36","batch_id":"977","po_number":"","supplier":"Royal Canin","cost":null,"regular_price":null,"sale_price":null,"price_margin":null,"price_discount":null}},{"id":"1017","date_created":"2024-12-04 23:12:53","date_expiry":"2026-09-02 00:00:00","user_id":"2760","batch_number":"RCPATEPlaisirThon020926","location":"","quantity":"64.0000","quantity_available":"0.0000","units":"1","status":"archived","order_ids":"[17035,17087,17231,17278,17346,17364,17423,17442,18098,18201,18345,18402,18420,18440,18444,18454,18532,18998]","supplier":"Royal Canin","po":{"id":"995","date_created":"2024-12-04 23:12:55","batch_id":"1017","po_number":"","supplier":"Royal Canin","cost":null,"regular_price":null,"sale_price":null,"price_margin":null,"price_discount":null}},{"id":"1603","date_created":"2025-01-10 21:27:55","date_expiry":"2026-10-25 00:00:00","user_id":"2760","batch_number":"RCPATEPlaisirThon251026","location":"","quantity":"160.0000","quantity_available":"0.0000","units":"1","status":"archived","order_ids":"[17449,17575,17580,17632,17661,17800,17820,17824,17883,17892,17956,17957]","supplier":"Royal Canin","po":{"id":"1577","date_created":"2025-01-10 21:27:58","batch_id":"1603","po_number":"","supplier":"Royal Canin","cost":null,"regular_price":null,"sale_price":null,"price_margin":null,"price_discount":null}},{"id":"2383","date_created":"2025-03-17 21:21:43","date_expiry":"2026-12-16 00:00:00","user_id":"2760","batch_number":"RCPATEPlaisirThon161226","location":"","quantity":"64.0000","quantity_available":"0.0000","units":"1","status":"archived","order_ids":"[24171,24203,24283,24319,24322,24346,24356,24365,24463]","supplier":"Royal Canin","po":{"id":"2352","date_created":"2025-03-17 21:21:46","batch_id":"2383","po_number":"","supplier":"Royal Canin","cost":null,"regular_price":null,"sale_price":null,"price_margin":null,"price_discount":null}},{"id":"2384","date_created":"2025-03-17 21:21:47","date_expiry":"2026-12-15 00:00:00","user_id":"2760","batch_number":"RCPATEPlaisirThon151226","location":"","quantity":"288.0000","quantity_available":"0.0000","units":"1","status":"archived","order_ids":"[19191,19213,19246,19471,19731,19761,20086,20214,20221,20276,20371,20514,20515,20530,20539,20614,20642,20732,20777,20895,20911,21094,21251,21269,21358,21459,21773,21980,22011,22031,22059,22092,22165,22303,22603,22608,22961,22963,22989,23045,23136,23146,23189,23278,23280,23336,23445,23453,23470,23476,23488,23493,23516,23553,23593,23603,23626,23666,23668,23711,23759,23838,23911,23945,23956,24166,24171]","supplier":"Royal Canin","po":{"id":"2353","date_created":"2025-03-17 21:21:50","batch_id":"2384","po_number":"","supplier":"Royal Canin","cost":null,"regular_price":null,"sale_price":null,"price_margin":null,"price_discount":null}},{"id":"2793","date_created":"2025-04-06 02:05:54","date_expiry":"2026-12-16 00:00:00","user_id":"2760","batch_number":"RCPATEPlaisirThon161226","location":"","quantity":"320.0000","quantity_available":"0.0000","units":"1","status":"archived","order_ids":"[24489,24721,24775,24779,24792,24865,24892,24964,24994,25006,25024,25027,25044,25051,25047,25062,25182,25271,25276,25316,25371,25398,25459,25496,25506,25522,25523,25537,25555,25562,25566,25623,25658,25704,25743,25889,25980,26019,26025,26033,26079,26162,26264,26294,26297,26303,26316,26472,26480,26481,26504,26627,26699,26742]","supplier":"Royal Canin","po":{"id":"2762","date_created":"2025-04-06 02:06:01","batch_id":"2793","po_number":"","supplier":"Royal Canin","cost":null,"regular_price":null,"sale_price":null,"price_margin":null,"price_discount":null}},{"id":"3784","date_created":"2025-06-04 20:03:30","date_expiry":"2027-01-26 00:00:00","user_id":"2760","batch_number":"RCPATEPlaisirThon260127","location":"","quantity":"64.0000","quantity_available":"0.0000","units":"1","status":"archived","order_ids":"[26742,26758,26921,26937,26965,27007,27180,27197,27321,27460,27519,27579,27767,27974,28047,28048,28146,28182,28226,28461]","supplier":"Royal Canin","po":{"id":"3749","date_created":"2025-06-04 20:04:29","batch_id":"3784","po_number":"","supplier":"Royal Canin","cost":null,"regular_price":null,"sale_price":null,"price_margin":null,"price_discount":null}},{"id":"4301","date_created":"2025-07-09 15:10:43","date_expiry":"2027-02-14 00:00:00","user_id":"2760","batch_number":"RCPATEPlaisirThon140227","location":"","quantity":"320.0000","quantity_available":"0.0000","units":"1","status":"archived","order_ids":"[28579,28678,28742,28957,28989,29012,29166,29186,29258,29365,29388,29458,29501,29544,29578,29585,29602,29767,29768,29777,29822,29825,30003,30015,30052,30084,30117,30126,30166,30251,30572,30607,30663,30671,30706,30802,30886,30984,31023,31051,31161,31169,31174,31189,31242,31270,31316,31374,31455,31476,31596,31607,31703,31829,31918,31953,32004,32066,32094,32179,33119,33165,33168,33173,33349,33444,33450,33627,33664,33732,33868,33974,34652,34693,34715,34764,34769,34781,34863,34911,34947,35005,35227,35418,35518,35635,35691,35756,35881,35998,37433]","supplier":"GROWMANIA","po":{"id":"4264","date_created":"2025-07-09 15:10:43","batch_id":"4301","po_number":"","supplier":"GROWMANIA","cost":null,"regular_price":null,"sale_price":null,"price_margin":null,"price_discount":null}},{"id":"5339","date_created":"2025-09-16 10:48:38","date_expiry":"2027-05-10 00:00:00","user_id":"2760","batch_number":"RCPATEPlaisirThon100527","location":"","quantity":"1466.0000","quantity_available":"1282.0000","units":"1","status":"active","order_ids":"[36012,36194,36233,36347,36425,36455,36836,37157,37171,37201,37433,37728,37973,37985,38162,38331,38362,38373,38427,38450,38506,38553,38943,38998,39233,39297,39755,40051,40128,40334,40665,40672,40783,40792]","supplier":"Royal Canin","po":{"id":"5296","date_created":"2025-09-16 10:48:39","batch_id":"5339","po_number":"","supplier":"Royal Canin","cost":null,"regular_price":null,"sale_price":null,"price_margin":null,"price_discount":null}},{"id":"6789","date_created":"2025-12-21 10:52:20","date_expiry":"2027-01-28 00:00:00","user_id":"2760","batch_number":"RCPATEPlaisirThon280127","location":"","quantity":"29.0000","quantity_available":"0.0000","units":"1","status":"archived","order_ids":"[32373,32421,32664,32891,33070]","supplier":"Royal Canin","po":{"id":"6735","date_created":"2025-12-21 10:52:21","batch_id":"6789","po_number":"","supplier":"Royal Canin","cost":null,"regular_price":null,"sale_price":null,"price_margin":null,"price_discount":null}}],"_links":{"self":[{"href":"https:\/\/petworld.ma\/index.php\/wp-json\/wp\/v2\/product\/2376","targetHints":{"allow":["GET"]}}],"collection":[{"href":"https:\/\/petworld.ma\/index.php\/wp-json\/wp\/v2\/product"}],"about":[{"href":"https:\/\/petworld.ma\/index.php\/wp-json\/wp\/v2\/types\/product"}],"wp:featuredmedia":[{"embeddable":true,"href":"https:\/\/petworld.ma\/index.php\/wp-json\/wp\/v2\/media\/2377"}],"wp:attachment":[{"href":"https:\/\/petworld.ma\/index.php\/wp-json\/wp\/v2\/media?parent=2376"}],"wp:term":[{"taxonomy":"product_brand","embeddable":true,"href":"https:\/\/petworld.ma\/index.php\/wp-json\/wp\/v2\/product_brand?post=2376"},{"taxonomy":"product_cat","embeddable":true,"href":"https:\/\/petworld.ma\/index.php\/wp-json\/wp\/v2\/product_cat?post=2376"},{"taxonomy":"product_tag","embeddable":true,"href":"https:\/\/petworld.ma\/index.php\/wp-json\/wp\/v2\/product_tag?post=2376"}],"curies":[{"name":"wp","href":"https:\/\/api.w.org\/{rel}","templated":true}]}}