{"id":23804,"date":"2025-06-26T20:11:51","date_gmt":"2025-06-26T20:11:51","guid":{"rendered":"https:\/\/petworld.ma\/?post_type=product&#038;p=23804"},"modified":"2026-05-11T15:18:04","modified_gmt":"2026-05-11T15:18:04","slug":"brit-meat-jerky-snack-poulet-en-fillets-seches-80g","status":"publish","type":"product","link":"https:\/\/petworld.ma\/index.php\/produit\/brit-meat-jerky-snack-poulet-en-fillets-seches-80g\/","title":{"rendered":"Brit Meat Jerky Snack\u2013 Poulet en Fillets S\u00e9ch\u00e9s (80g)"},"content":{"rendered":"<div class=\"hidden-xs\">\n<p><img loading=\"lazy\" decoding=\"async\" class=\"\" src=\"https:\/\/brit-petfood.com\/file\/nodes\/icon-made-in-eu.png\" width=\"88\" height=\"87\" \/><\/p>\n<div class=\"hidden-xs\">\n<div class=\"hidden-xs\">\n<div class=\"hidden-xs\">\n<div class=\"hidden-xs\">Aliment compl\u00e9mentaire pour chiens adultes.<\/div>\n<ul>\n<li>85 % de vrai poulet &#8211; une excellente source de prot\u00e9ines de haute qualit\u00e9<\/li>\n<li>Uniquement des antioxydants naturels : extrait de romarin<\/li>\n<li>Sans c\u00e9r\u00e9ales &#8211; Sans colorant &#8211; Sans sucre &#8211; Sans OGM &#8211; Fabriqu\u00e9 dans l&rsquo;UE<\/li>\n<li>Fabriqu\u00e9 dans l&rsquo;UE \u2192 Je souhaite obtenir plus d&rsquo;informations sur cette initiative.<\/li>\n<\/ul>\n<\/div>\n<p class=\"composition\"><strong>Composition:<\/strong><\/p>\n<p>Viande de poulet (85%), glyc\u00e9rine v\u00e9g\u00e9tale, lignocellulose, chlorure de sodium.<\/p>\n<p><strong>Constituants analytiques :<\/strong>\u00a0Prot\u00e9ines brutes 33 %, mati\u00e8res grasses brutes 26 %, humidit\u00e9 18 %, cendres brutes 6 %, fibres brutes 2 %. Antioxydants naturels : Extrait de romarin et extraits de tocoph\u00e9rols d&rsquo;huiles v\u00e9g\u00e9tales (1b306(i)).<\/p>\n<p><strong>\u00c9nergie m\u00e9tabolisable :<\/strong>\u00a04 100 kcal\/kg.<\/p>\n<\/div>\n<\/div>\n<\/div>\n","protected":false},"excerpt":{"rendered":"<p><img loading=\"lazy\" decoding=\"async\" class=\"\" src=\"https:\/\/brit-petfood.com\/file\/nodes\/icon-made-in-eu.png\" width=\"88\" height=\"87\" \/><\/p>\n<div class=\"hidden-xs\">\n<div class=\"hidden-xs\">Compl\u00e9ment alimentaire pour chiens adultes.<\/div>\n<\/div>\n","protected":false},"featured_media":23805,"template":"","meta":{"jetpack_publicize_message":"","jetpack_publicize_feature_enabled":true,"jetpack_social_post_already_shared":true,"jetpack_social_options":{"image_generator_settings":{"template":"highway","default_image_id":0,"font":"","enabled":false},"version":2}},"product_brand":[],"product_cat":[26,39],"product_tag":[],"class_list":{"0":"post-23804","1":"product","2":"type-product","3":"status-publish","4":"has-post-thumbnail","6":"product_cat-croquettes","7":"product_cat-friandises-et-pates-pour-chien","9":"first","10":"instock","11":"taxable","12":"shipping-taxable","13":"purchasable","14":"product-type-simple"},"supplier_id":5590,"supplier_sku":"","barcode":null,"atum_controlled":true,"out_stock_date":null,"out_stock_threshold":null,"inheritable":false,"inbound_stock":0,"stock_on_hold":1,"sold_today":0,"sales_last_days":3,"reserved_stock":0,"customer_returns":0,"warehouse_damage":0,"lost_in_post":0,"other_logs":0,"out_stock_days":0,"lost_sales":0,"has_location":false,"update_date":"2026-05-12T14:40:42","atum_locations":[],"atum_stock_status":"instock","restock_status":false,"low_stock_amount":12,"sales_update_date":"2026-05-12T14:40:42","calc_backorders":null,"jetpack_publicize_connections":[],"jetpack_sharing_enabled":true,"batches":[{"id":"4756","date_created":"2025-08-08 12:31:39","date_expiry":"2026-10-10 00:00:00","user_id":"2760","batch_number":"LOT101026JERKYFILLETS","location":"","quantity":"12.0000","quantity_available":"0.0000","units":"1","status":"archived","order_ids":"[28605,28913,29025,31239,31179,31353]","supplier":"Brit","po":{"id":"4720","date_created":"2025-08-08 12:31:40","batch_id":"4756","po_number":"","supplier":"Brit","cost":null,"regular_price":null,"sale_price":null,"price_margin":null,"price_discount":null}},{"id":"5823","date_created":"2025-10-21 08:36:38","date_expiry":"2027-02-13 00:00:00","user_id":"2760","batch_number":"LOT130227JERKYFILLETS","location":"","quantity":"12.0000","quantity_available":"0.0000","units":"1","status":"archived","order_ids":"[31628,31899,32694,33265,34268,34761,37091,37904,38250,38528]","supplier":"Brit","po":{"id":"5772","date_created":"2025-10-21 08:36:38","batch_id":"5823","po_number":"","supplier":"Brit","cost":null,"regular_price":null,"sale_price":null,"price_margin":null,"price_discount":null}},{"id":"8084","date_created":"2026-03-05 11:12:21","date_expiry":"2027-05-30 00:00:00","user_id":"2760","batch_number":"LOT300527JERKYFILLETS","location":"","quantity":"12.0000","quantity_available":"1.0000","units":"1","status":"active","order_ids":"[38751,38870,39173,40125,40985,41275,41755]","supplier":"Brit","po":{"id":"8022","date_created":"2026-03-05 11:12:22","batch_id":"8084","po_number":"","supplier":"Brit","cost":null,"regular_price":null,"sale_price":null,"price_margin":null,"price_discount":null}},{"id":"8446","date_created":"2026-03-23 15:54:59","date_expiry":"2027-05-30 00:00:00","user_id":"2760","batch_number":"LOT300527JERKYFILLETS","location":"","quantity":"12.0000","quantity_available":"12.0000","units":"1","status":"active","order_ids":null,"supplier":"BRIT","po":{"id":"8374","date_created":"2026-03-23 15:55:00","batch_id":"8446","po_number":"","supplier":"BRIT","cost":null,"regular_price":null,"sale_price":null,"price_margin":null,"price_discount":null}},{"id":"8736","date_created":"2026-04-05 13:19:08","date_expiry":"2027-05-30 00:00:00","user_id":"2760","batch_number":"LOT300527JERKYFILLETS","location":"","quantity":"12.0000","quantity_available":"12.0000","units":"1","status":"active","order_ids":null,"supplier":"BRIT","po":{"id":"8663","date_created":"2026-04-05 13:19:08","batch_id":"8736","po_number":"","supplier":"BRIT","cost":null,"regular_price":null,"sale_price":null,"price_margin":null,"price_discount":null}},{"id":"8994","date_created":"2026-04-22 09:39:24","date_expiry":"2027-05-30 00:00:00","user_id":"2760","batch_number":"LOT300527JERKYFILLETS","location":"","quantity":"24.0000","quantity_available":"24.0000","units":"1","status":"active","order_ids":null,"supplier":"BRIT","po":{"id":"8918","date_created":"2026-04-22 09:39:24","batch_id":"8994","po_number":"","supplier":"BRIT","cost":null,"regular_price":null,"sale_price":null,"price_margin":null,"price_discount":null}},{"id":"9281","date_created":"2026-05-02 17:17:19","date_expiry":"2027-05-30 00:00:00","user_id":"2760","batch_number":"LOT300527JERKYFILLETS","location":"","quantity":"12.0000","quantity_available":"12.0000","units":"1","status":"active","order_ids":null,"supplier":"BRIT","po":{"id":"9204","date_created":"2026-05-02 17:17:19","batch_id":"9281","po_number":"","supplier":"BRIT","cost":null,"regular_price":null,"sale_price":null,"price_margin":null,"price_discount":null}}],"_links":{"self":[{"href":"https:\/\/petworld.ma\/index.php\/wp-json\/wp\/v2\/product\/23804","targetHints":{"allow":["GET"]}}],"collection":[{"href":"https:\/\/petworld.ma\/index.php\/wp-json\/wp\/v2\/product"}],"about":[{"href":"https:\/\/petworld.ma\/index.php\/wp-json\/wp\/v2\/types\/product"}],"wp:featuredmedia":[{"embeddable":true,"href":"https:\/\/petworld.ma\/index.php\/wp-json\/wp\/v2\/media\/23805"}],"wp:attachment":[{"href":"https:\/\/petworld.ma\/index.php\/wp-json\/wp\/v2\/media?parent=23804"}],"wp:term":[{"taxonomy":"product_brand","embeddable":true,"href":"https:\/\/petworld.ma\/index.php\/wp-json\/wp\/v2\/product_brand?post=23804"},{"taxonomy":"product_cat","embeddable":true,"href":"https:\/\/petworld.ma\/index.php\/wp-json\/wp\/v2\/product_cat?post=23804"},{"taxonomy":"product_tag","embeddable":true,"href":"https:\/\/petworld.ma\/index.php\/wp-json\/wp\/v2\/product_tag?post=23804"}],"curies":[{"name":"wp","href":"https:\/\/api.w.org\/{rel}","templated":true}]}}