{"id":2390,"date":"2023-05-06T18:58:59","date_gmt":"2023-05-06T18:58:59","guid":{"rendered":"https:\/\/petworld.ma\/?post_type=product&#038;p=2390"},"modified":"2026-03-12T17:09:31","modified_gmt":"2026-03-12T17:09:31","slug":"ownat-ultra-medium-sterilise-pour-chien-12kg","status":"publish","type":"product","link":"https:\/\/petworld.ma\/index.php\/produit\/ownat-ultra-medium-sterilise-pour-chien-12kg\/","title":{"rendered":"Ownat Ultra Medium St\u00e9rilis\u00e9 pour chien 12kg"},"content":{"rendered":"<div class=\"html-output\">Aliment sp\u00e9cial pour chiens st\u00e9rilis\u00e9s de taille moyenne, moins caloriques et plus sujets au surpoids. Sa composition contribue au maintien d&rsquo;un poids id\u00e9al gr\u00e2ce \u00e0 une faible teneur en mati\u00e8res grasses et une forte proportion de prot\u00e9ines, garantissant ainsi une condition physique optimale.<\/div>\n<div><\/div>\n<div><strong>Composition:\u00a0<\/strong><\/div>\n<div>Poulet frais* (15 % min. avant cuisson), dinde fra\u00eeche* (15 % min. avant cuisson), poulet d\u00e9shydrat\u00e9 (14 %), patate douce d\u00e9shydrat\u00e9e* (10 %), riz complet* (9 %), porc d\u00e9shydrat\u00e9 (5 %), racines de manioc* (5 %), petits pois entiers* (4 %), graisse de volaille (conserv\u00e9e avec des antioxydants naturels), avoine compl\u00e8te* (4 %), gousses de caroube* (3 %), pulpe de betterave, l\u00e9gumes et fruits frais avant cuisson (pomme* 1 %, carotte* 0,5 %, brocoli* 0,5 %), saumon d\u00e9shydrat\u00e9, prot\u00e9ines de poulet hydrolys\u00e9es, levure de bi\u00e8re* (1 %), huile de saumon (conserv\u00e9e avec des antioxydants naturels), \u0153uf d\u00e9shydrat\u00e9* (1 %), graines de lin* (1 %), sel gemme*, luzerne d\u00e9shydrat\u00e9e*, racines de chicor\u00e9e (FOS)*, extrait de levure (MOS), algues marines d\u00e9shydrat\u00e9es* (500 mg\/kg), glucosamine (500 mg\/kg), yucca shidigera, sulfate de chondro\u00eftine (100 mg\/kg), canneberges* (100 mg\/kg), th\u00e9 vert* (80 mg\/kg), \u00e9chinac\u00e9e* (80 mg\/kg), fleur de camomille* (80 mg\/kg), fenouil* (80 mg\/kg). *Ingr\u00e9dients naturels<\/div>\n<div class=\"col\"><\/div>\n<div><strong>Composants analytiques:<\/strong><\/div>\n<div>\n<div class=\"container-fluid\">\n<div class=\"row\">\n<div class=\"col-12 col-lg-7 product-bottom-tabs\">\n<div class=\"tab-content\">\n<div id=\"product-tab-custom-2\" class=\"tab-pane active\" role=\"tabpanel\">\n<div id=\"collap-prod-custom-2\" class=\"product-bottom-tab-content collapse\">\n<div class=\"inset-bottom-tab clearfix\">\n<div class=\"html-output\">Prot\u00e9ines : 31 %, mati\u00e8res grasses : 13 %, fibres brutes : 3 %, mati\u00e8res inorganiques : 7,5 %, humidit\u00e9 : 8 %, om\u00e9ga 6 : 2,2 %, om\u00e9ga 3 : 0,4 %, calcium : 1,3 %, phosphore : 0,9 %.<\/div>\n<\/div>\n<\/div>\n<\/div>\n<\/div>\n<\/div>\n<\/div>\n<\/div>\n<\/div>\n<div><\/div>\n<div><strong>Additifs:<\/strong><\/div>\n<div>\n<div class=\"container-fluid\">\n<div class=\"row\">\n<div class=\"col-12 col-lg-7 product-bottom-tabs\">\n<div class=\"tab-content\">\n<div id=\"product-tab-custom-3\" class=\"tab-pane active\" role=\"tabpanel\">\n<div id=\"collap-prod-custom-3\" class=\"product-bottom-tab-content collapse\">\n<div class=\"inset-bottom-tab clearfix\">\n<div class=\"html-output\">Vitamine A 20 000 UI, vitamine D3 1 500 UI, vitamine E 350 UI, taurine 1 000 mg, L-carnitine 380 mg, cuivre (sulfate de cuivre (II) pentahydrat\u00e9) 4 mg, cuivre (ch\u00e9late de cuivre (II) d&rsquo;acides amin\u00e9s hydrat\u00e9) 5 mg, mangan\u00e8se (oxyde de mangan\u00e8se (II)) 50 mg, zinc (oxyde de zinc) 100 mg, fer (sulfate de fer (II) monohydrat\u00e9) 40 mg, zinc (ch\u00e9late de zinc d&rsquo;acides amin\u00e9s hydrat\u00e9) 10 mg, iode (iodure de potassium) 4 mg, s\u00e9l\u00e9nium (s\u00e9l\u00e9nite de sodium) 0,2 mg. kcal\/kg 3700. Avec des antioxydants naturels.<\/div>\n<div><\/div>\n<\/div>\n<div><strong>Instruction:<\/strong><\/div>\n<div>Les quantit\u00e9s indiqu\u00e9es correspondent \u00e0 la dose journali\u00e8re recommand\u00e9e. \u00c0 conserver dans un endroit frais et sec. Toujours garder de l&rsquo;eau propre et fra\u00eeche \u00e0 port\u00e9e de main du chien. \u00c0 consommer de pr\u00e9f\u00e9rence avant le\u00a0: voir la date (18 mois), le num\u00e9ro de lot et le num\u00e9ro d&rsquo;enregistrement au dos de l&#8217;emballage.<\/div>\n<\/div>\n<\/div>\n<\/div>\n<\/div>\n<\/div>\n<\/div>\n<\/div>\n<p>&nbsp;<\/p>\n","protected":false},"excerpt":{"rendered":"<div class=\"html-output\">Aliment sp\u00e9cial pour chiens st\u00e9rilis\u00e9s de taille moyenne, moins caloriques et plus sujets au surpoids. Sa composition contribue au maintien d&rsquo;un poids id\u00e9al gr\u00e2ce \u00e0 une faible teneur en mati\u00e8res grasses et une forte proportion de prot\u00e9ines, garantissant ainsi une condition physique optimale.<\/div>\n<div class=\"row product-row-info-middle\">\n<div class=\"col\"><\/div>\n<\/div>\n","protected":false},"featured_media":27759,"template":"","meta":{"jetpack_publicize_message":"","jetpack_publicize_feature_enabled":true,"jetpack_social_post_already_shared":false,"jetpack_social_options":{"image_generator_settings":{"template":"highway","default_image_id":0,"font":"","enabled":false},"version":2}},"product_brand":[],"product_cat":[26],"product_tag":[],"class_list":{"0":"post-2390","1":"product","2":"type-product","3":"status-publish","4":"has-post-thumbnail","6":"product_cat-croquettes","8":"first","9":"instock","10":"taxable","11":"shipping-taxable","12":"purchasable","13":"product-type-simple"},"supplier_id":5595,"supplier_sku":"605","barcode":null,"atum_controlled":true,"out_stock_date":null,"out_stock_threshold":null,"inheritable":false,"inbound_stock":0,"stock_on_hold":0,"sold_today":0,"sales_last_days":0,"reserved_stock":0,"customer_returns":0,"warehouse_damage":0,"lost_in_post":0,"other_logs":0,"out_stock_days":0,"lost_sales":0,"has_location":false,"update_date":"2026-04-28T17:15:18","atum_locations":[],"atum_stock_status":"instock","restock_status":false,"low_stock_amount":1,"sales_update_date":"2026-04-28T17:15:18","calc_backorders":0,"jetpack_publicize_connections":[],"jetpack_sharing_enabled":true,"batches":[{"id":"5468","date_created":"2025-09-23 10:21:24","date_expiry":"2026-12-30 00:00:00","user_id":"2461","batch_number":"OwnatMediumSteri12kg","location":"","quantity":"1.0000","quantity_available":"0.0000","units":"1","status":"archived","order_ids":"[26999]"},{"id":"5905","date_created":"2025-10-30 11:13:48","date_expiry":"2026-12-30 00:00:00","user_id":"2461","batch_number":"OwnatMediumSteri12kg","location":"","quantity":"1.0000","quantity_available":"1.0000","units":"1","status":"active","order_ids":null}],"_links":{"self":[{"href":"https:\/\/petworld.ma\/index.php\/wp-json\/wp\/v2\/product\/2390","targetHints":{"allow":["GET"]}}],"collection":[{"href":"https:\/\/petworld.ma\/index.php\/wp-json\/wp\/v2\/product"}],"about":[{"href":"https:\/\/petworld.ma\/index.php\/wp-json\/wp\/v2\/types\/product"}],"wp:featuredmedia":[{"embeddable":true,"href":"https:\/\/petworld.ma\/index.php\/wp-json\/wp\/v2\/media\/27759"}],"wp:attachment":[{"href":"https:\/\/petworld.ma\/index.php\/wp-json\/wp\/v2\/media?parent=2390"}],"wp:term":[{"taxonomy":"product_brand","embeddable":true,"href":"https:\/\/petworld.ma\/index.php\/wp-json\/wp\/v2\/product_brand?post=2390"},{"taxonomy":"product_cat","embeddable":true,"href":"https:\/\/petworld.ma\/index.php\/wp-json\/wp\/v2\/product_cat?post=2390"},{"taxonomy":"product_tag","embeddable":true,"href":"https:\/\/petworld.ma\/index.php\/wp-json\/wp\/v2\/product_tag?post=2390"}],"curies":[{"name":"wp","href":"https:\/\/api.w.org\/{rel}","templated":true}]}}