{"id":24170,"date":"2025-07-07T10:45:49","date_gmt":"2025-07-07T10:45:49","guid":{"rendered":"https:\/\/petworld.ma\/?post_type=product&#038;p=24170"},"modified":"2026-05-13T21:11:56","modified_gmt":"2026-05-13T21:11:56","slug":"royal-canin-fit-10kg-2kg-gratuit-2","status":"publish","type":"product","link":"https:\/\/petworld.ma\/index.php\/produit\/royal-canin-fit-10kg-2kg-gratuit-2\/","title":{"rendered":"Royal Canin Fit 10kg +2kg gratuit Promo"},"content":{"rendered":"<div>\n<div>\n<h2>Aliment complet et \u00e9quilibr\u00e9 pour chats adultes de plus de 1 an &#8211; Activit\u00e9 mod\u00e9r\u00e9e, acc\u00e8s \u00e0 l\u2019ext\u00e9rieur.<\/h2>\n<\/div>\n<\/div>\n<div>Sp\u00e9cialement con\u00e7u pour r\u00e9pondre \u00e0 tous les besoins nutritionnels de votre chat afin de le maintenir en bonne sant\u00e9, ROYAL CANIN\u00ae Fit 32 convient aux chats adultes \u00e2g\u00e9s de 1 \u00e0 7 ans. \u00a0 \u00a0Votre chat a besoin d\u2019une nutrition de haute qualit\u00e9 pour r\u00e9pondre \u00e0 tous les besoins de l\u2019\u00e2ge adulte, c\u2019est pourquoi ROYAL CANIN\u00ae Fit 32 pr\u00e9sente un profil nutritionnel optimal contenant un niveau ad\u00e9quat de nutriments b\u00e9n\u00e9fiques pour aider \u00e0 maintenir votre chat adulte en bonne sant\u00e9. \u00a0 De plus, ROYAL CANIN\u00ae Fit 32 est formul\u00e9 \u00e0 partir d\u2019une combinaison de nutriments b\u00e9n\u00e9fiques, dont une grande vari\u00e9t\u00e9 de vitamines et de min\u00e9raux qui contribuent \u00e0 soutenir le bon fonctionnement du syst\u00e8me urinaire des chats adultes tels que le v\u00f4tre. \u00a0 Gr\u00e2ce \u00e0 son apport en fibres alimentaires sp\u00e9cifiques, ROYAL CANIN\u00ae Fit 32 aide \u00e9galement votre chat \u00e0 se d\u00e9barrasser des poils qu\u2019il a pu ing\u00e9rer, r\u00e9duisant ainsi de mani\u00e8re consid\u00e9rable l\u2019apparition de boules de poils.<\/div>\n<div><\/div>\n<div><strong>\u00a0 \u00a0BENEFICES :<\/strong><\/div>\n<div>\n<ul>\n<li>\n<div>Profil nutritif optimal<\/div>\n<div>Pour faire face aux exigences sp\u00e9cifiques de l\u2019\u00e2ge adulte, les chats ont besoin d\u2019une nutrition de haute qualit\u00e9. Fit 32 est un aliment complet et \u00e9quilibr\u00e9 qui contient un niveau optimal de nutriments b\u00e9n\u00e9fiques pour maintenir les chats adultes en bonne sant\u00e9.<\/div>\n<\/li>\n<li>\n<div>Poids id\u00e9al<\/div>\n<div>Teneur adapt\u00e9 en calories pour aider \u00e0 maintenir le poids id\u00e9al des chats adultes.<\/div>\n<\/li>\n<li>\n<div>R\u00e9duction des boules de poils<\/div>\n<div>Aide \u00e0 stimuler l\u2019\u00e9limination des poils ing\u00e9r\u00e9s gr\u00e2ce \u00e0 des fibres sp\u00e9cifiques.<\/div>\n<\/li>\n<li>\n<div>Sant\u00e9 urinaire<\/div>\n<div>Formul\u00e9 pour contribuer \u00e0 la bonne sant\u00e9 du syst\u00e8me urinaire du chat adulte.<\/div>\n<\/li>\n<\/ul>\n<p><strong>\u00a0 \u00a0INFORMATIONS NUTRITIONELLES :<\/strong><\/p>\n<p>Composition: Prot\u00e9ines de volaille d\u00e9shydrat\u00e9es, riz, bl\u00e9, ma\u00efs, graisses animales, prot\u00e9ines de porc d\u00e9shydrat\u00e9es*, fibres v\u00e9g\u00e9tales, farine de bl\u00e9, hydrolysat de prot\u00e9ines animales, gluten de ma\u00efs, levures et composants de levures, pulpe de betterave, huile de soja, huile de poisson, sels min\u00e9raux, t\u00e9guments et graine de psyllium, hydrolysat de levure (source de manno-oligosaccharides), extrait de rose d\u2019Inde (source de lut\u00e9ine).<\/p>\n<p>Additifs (au kg): Additifs nutritionnels: Vitamine A : 13000 UI, Vitamine D3: 700 UI, E1 (Fer): 35 mg, E2 (Iode): 3,5 mg, E4 (Cuivre): 11 mg, E5 (Mangan\u00e8se): 45 mg, E6 (Zinc): 136 mg, E8 (S\u00e9l\u00e9nium): 0,09 mg. Additifs zootechniques: Chlorure d\u2019ammonium : 5 g &#8211; Conservateurs &#8211; Antioxyg\u00e8nes.<\/p>\n<p>Constituants analytiques \u00a0: Prot\u00e9ine : 32 % &#8211; Teneur en mati\u00e8res grasses : 15 % &#8211; Cendres brutes : 7,2 % &#8211; Cellulose brute : 4,6 %.<\/p>\n<p>*L.I.P. : prot\u00e9ines s\u00e9lectionn\u00e9es pour leur tr\u00e8s haute digestibilit\u00e9.<\/p>\n<p>Mode d\u2019emploi : voir tableau. Num\u00e9ro de lot et d\u2019identifiant usine, \u00e0 utiliser de pr\u00e9f\u00e9rence avant : voir sur l\u2019emballage. \u00c0 conserver dans un endroit sec et frais.<\/p>\n<div data-gtm-vis-first-on-screen-40760133_376=\"109596\" data-gtm-vis-first-on-screen-40760133_379=\"109597\" data-gtm-vis-has-fired-40760133_376=\"1\" data-gtm-vis-has-fired-40760133_379=\"1\" data-gtm-vis-recent-on-screen-40760133_376=\"109596\" data-gtm-vis-recent-on-screen-40760133_379=\"109597\" data-gtm-vis-total-visible-time-40760133_376=\"500\" data-gtm-vis-total-visible-time-40760133_379=\"500\" data-tms=\"Product description\">\n<div>\n<div>\n<div>\n<div>\n<div><a href=\"https:\/\/wa.me\/212708052510\" target=\"_blank\" rel=\"noopener noreferrer\"><img loading=\"lazy\" decoding=\"async\" class=\"fr-fic fr-dib aligncenter\" src=\"https:\/\/cdn.youcan.shop\/stores\/d0742d556df94ddbc7ae4c9810aff04b\/others\/9iNwU2djGFnUHc3v67ZGk6hbO2ynyWOVovW0s9MZ.png\" width=\"299\" height=\"79\" data-name=\"stores\/d0742d556df94ddbc7ae4c9810aff04b\/others\/9iNwU2djGFnUHc3v67ZGk6hbO2ynyWOVovW0s9MZ.png\" \/><\/a><\/div>\n<\/div>\n<\/div>\n<\/div>\n<\/div>\n<\/div>\n<\/div>\n","protected":false},"excerpt":{"rendered":"<p>Aliment complet et \u00e9quilibr\u00e9 pour chats adultes de plus de 1 an &#8211; Activit\u00e9 mod\u00e9r\u00e9e, acc\u00e8s \u00e0 l\u2019ext\u00e9rieur. Sp\u00e9cialement con\u00e7u pour r\u00e9pondre \u00e0 tous les besoins nutritionnels de votre chat afin de le maintenir en bonne sant\u00e9, ROYAL CANIN\u00ae Fit 32 convient aux chats adultes \u00e2g\u00e9s de 1 \u00e0 7 ans. \u00a0 \u00a0Votre chat a [&#8230;]\n","protected":false},"featured_media":24173,"template":"","meta":{"jetpack_publicize_message":"","jetpack_publicize_feature_enabled":true,"jetpack_social_post_already_shared":true,"jetpack_social_options":{"image_generator_settings":{"template":"highway","default_image_id":0,"font":"","enabled":false},"version":2}},"product_brand":[],"product_cat":[40,187],"product_tag":[],"class_list":{"0":"post-24170","1":"product","2":"type-product","3":"status-publish","4":"has-post-thumbnail","6":"product_cat-coquettes-pour-chat","7":"product_cat-destockage","9":"first","10":"onbackorder","11":"taxable","12":"shipping-taxable","13":"purchasable","14":"product-type-simple"},"supplier_id":5587,"supplier_sku":"7115-600","barcode":null,"atum_controlled":true,"out_stock_date":null,"out_stock_threshold":null,"inheritable":false,"inbound_stock":0,"stock_on_hold":2,"sold_today":0,"sales_last_days":5,"reserved_stock":0,"customer_returns":0,"warehouse_damage":0,"lost_in_post":0,"other_logs":0,"out_stock_days":0,"lost_sales":0,"has_location":false,"update_date":"2026-05-14T09:00:29","atum_locations":[],"atum_stock_status":"onbackorder","restock_status":false,"low_stock_amount":5,"sales_update_date":"2026-05-14T09:00:28","calc_backorders":-3,"jetpack_publicize_connections":[],"jetpack_sharing_enabled":true,"batches":[{"id":"4273","date_created":"2025-07-07 10:50:10","date_expiry":"2026-04-25 00:00:00","user_id":"9","batch_number":"Royal Canin Fit 10kg +2kg gratuit250426","location":"","quantity":"9.0000","quantity_available":"0.0000","units":"1","status":"archived","order_ids":"[24174,24183,24298,24333,24390,24408,24469]","supplier":"Royal Canin","po":{"id":"4236","date_created":"2025-07-07 10:50:10","batch_id":"4273","po_number":"","supplier":"Royal Canin","cost":null,"regular_price":null,"sale_price":null,"price_margin":null,"price_discount":null}},{"id":"4313","date_created":"2025-07-11 17:19:40","date_expiry":"2026-04-25 00:00:00","user_id":"9","batch_number":"Royal Canin Fit 10kg +2kg gratuit250426","location":"","quantity":"10.0000","quantity_available":"0.0000","units":"1","status":"archived","order_ids":"[24619,24623,24629,24638,24951,24976,25012,25043,25081,25106]","supplier":"Royal Canin","po":{"id":"4276","date_created":"2025-07-11 17:19:41","batch_id":"4313","po_number":"","supplier":"Royal Canin","cost":null,"regular_price":null,"sale_price":null,"price_margin":null,"price_discount":null}},{"id":"4479","date_created":"2025-07-16 17:26:36","date_expiry":"2026-04-25 00:00:00","user_id":"9","batch_number":"Royal Canin Fit 10kg +2kg gratuit250426","location":"","quantity":"5.0000","quantity_available":"0.0000","units":"1","status":"archived","order_ids":"[24786,24824,24834,24882,24930]","supplier":"Royal Canin","po":{"id":"4443","date_created":"2025-07-16 17:26:37","batch_id":"4479","po_number":"","supplier":"Royal Canin","cost":null,"regular_price":null,"sale_price":null,"price_margin":null,"price_discount":null}},{"id":"4607","date_created":"2025-07-31 17:14:41","date_expiry":"2026-04-25 00:00:00","user_id":"9","batch_number":"Royal Canin Fit 10kg +2kg gratuit250426","location":"","quantity":"9.0000","quantity_available":"0.0000","units":"1","status":"archived","order_ids":"[25275,25304,25307,25327,25338,25356,25358]","supplier":"Royal Canin","po":{"id":"4571","date_created":"2025-07-31 17:14:42","batch_id":"4607","po_number":"","supplier":"Royal Canin","cost":null,"regular_price":null,"sale_price":null,"price_margin":null,"price_discount":null}},{"id":"4833","date_created":"2025-08-10 16:22:23","date_expiry":"2026-04-25 00:00:00","user_id":"9","batch_number":"Royal Canin Fit 10kg +2kg gratuit250426","location":"","quantity":"7.0000","quantity_available":"0.0000","units":"1","status":"archived","order_ids":"[25657,25713,25729,25776,25828,25830,25875]","supplier":"Royal Canin","po":{"id":"4797","date_created":"2025-08-10 16:22:24","batch_id":"4833","po_number":"","supplier":"Royal Canin","cost":null,"regular_price":null,"sale_price":null,"price_margin":null,"price_discount":null}},{"id":"4900","date_created":"2025-08-14 16:21:25","date_expiry":"2026-04-25 00:00:00","user_id":"9","batch_number":"Royal Canin Fit 10kg +2kg gratuit250426","location":"","quantity":"4.0000","quantity_available":"0.0000","units":"1","status":"archived","order_ids":"[25875,26011,26054]","supplier":"Royal Canin","po":{"id":"4864","date_created":"2025-08-14 16:21:26","batch_id":"4900","po_number":"","supplier":"Royal Canin","cost":null,"regular_price":null,"sale_price":null,"price_margin":null,"price_discount":null}},{"id":"4909","date_created":"2025-08-14 16:34:23","date_expiry":"2026-04-25 00:00:00","user_id":"9","batch_number":"Royal Canin Fit 10kg +2kg gratuit250426","location":"","quantity":"10.0000","quantity_available":"0.0000","units":"1","status":"archived","order_ids":"[26148,26153,26274,26276,26385,26459,26503,26509,26553,26603]","supplier":"Royal Canin","po":{"id":"4873","date_created":"2025-08-14 16:34:23","batch_id":"4909","po_number":"","supplier":"Royal Canin","cost":null,"regular_price":null,"sale_price":null,"price_margin":null,"price_discount":null}},{"id":"6695","date_created":"2025-12-15 13:52:20","date_expiry":"2026-05-11 00:00:00","user_id":"9","batch_number":"Royal Canin Fit 10kg +2kg gratuit110526","location":"","quantity":"4.0000","quantity_available":"0.0000","units":"1","status":"archived","order_ids":"[32046,32064,32206]","supplier":"Royal Canin","po":{"id":"6641","date_created":"2025-12-15 13:52:20","batch_id":"6695","po_number":"","supplier":"Royal Canin","cost":null,"regular_price":null,"sale_price":null,"price_margin":null,"price_discount":null}},{"id":"6723","date_created":"2025-12-16 20:39:03","date_expiry":"2026-06-17 00:00:00","user_id":"9","batch_number":"Royal Canin Fit 10kg +2kg gratuit170626","location":"","quantity":"10.0000","quantity_available":"0.0000","units":"1","status":"archived","order_ids":"[32303,32371,32641]","supplier":"Royal Canin","po":{"id":"6669","date_created":"2025-12-16 20:39:04","batch_id":"6723","po_number":"","supplier":"Royal Canin","cost":null,"regular_price":null,"sale_price":null,"price_margin":null,"price_discount":null}},{"id":"7143","date_created":"2026-01-13 10:26:22","date_expiry":"2026-09-17 00:00:00","user_id":"9","batch_number":"Royal Canin Fit 10kg +2kg gratuit170926","location":"","quantity":"3.0000","quantity_available":"0.0000","units":"1","status":"archived","order_ids":"[33489,33409,33568]","supplier":"Royal Canin","po":{"id":"7079","date_created":"2026-01-13 10:26:22","batch_id":"7143","po_number":"","supplier":"Royal Canin","cost":null,"regular_price":null,"sale_price":null,"price_margin":null,"price_discount":null}},{"id":"7305","date_created":"2026-01-22 16:40:59","date_expiry":"2026-09-17 00:00:00","user_id":"9","batch_number":"Royal Canin Fit 10kg +2kg gratuit170926","location":"","quantity":"8.0000","quantity_available":"0.0000","units":"1","status":"archived","order_ids":"[34193,34421,34449,34459,34497,34607,34750,36874]","supplier":"Royal Canin","po":{"id":"7241","date_created":"2026-01-22 16:41:00","batch_id":"7305","po_number":"","supplier":"Royal Canin","cost":null,"regular_price":null,"sale_price":null,"price_margin":null,"price_discount":null}},{"id":"7306","date_created":"2026-01-22 16:41:00","date_expiry":"2026-05-11 00:00:00","user_id":"9","batch_number":"Royal Canin Fit 10kg +2kg gratuit110526","location":"","quantity":"1.0000","quantity_available":"0.0000","units":"1","status":"archived","order_ids":"[34012]","supplier":"Royal Canin","po":{"id":"7242","date_created":"2026-01-22 16:41:01","batch_id":"7306","po_number":"","supplier":"Royal Canin","cost":null,"regular_price":null,"sale_price":null,"price_margin":null,"price_discount":null}},{"id":"7348","date_created":"2026-01-26 17:28:02","date_expiry":"2026-09-03 00:00:00","user_id":"9","batch_number":"Royal Canin Fit 10kg +2kg gratuit030926","location":"","quantity":"1.0000","quantity_available":"0.0000","units":"1","status":"archived","order_ids":"[34435]","supplier":"Royal Canin","po":{"id":"7284","date_created":"2026-01-26 17:28:03","batch_id":"7348","po_number":"","supplier":"Royal Canin","cost":null,"regular_price":null,"sale_price":null,"price_margin":null,"price_discount":null}},{"id":"7739","date_created":"2026-02-17 17:43:49","date_expiry":"2026-09-03 00:00:00","user_id":"9","batch_number":"Royal Canin Fit 10kg +2kg gratuit030926","location":"","quantity":"1.0000","quantity_available":"0.0000","units":"1","status":"archived","order_ids":"[35908]","supplier":"Royal Canin","po":{"id":"7674","date_created":"2026-02-17 17:43:49","batch_id":"7739","po_number":"","supplier":"Royal Canin","cost":null,"regular_price":null,"sale_price":null,"price_margin":null,"price_discount":null}},{"id":"7919","date_created":"2026-02-24 20:45:13","date_expiry":"2026-09-03 00:00:00","user_id":"9","batch_number":"Royal Canin Fit 10kg +2kg gratuit030926","location":"","quantity":"5.0000","quantity_available":"0.0000","units":"1","status":"archived","order_ids":"[36470,36552,36633]","supplier":"Royal Canin","po":{"id":"7857","date_created":"2026-02-24 20:45:14","batch_id":"7919","po_number":"","supplier":"Royal Canin","cost":null,"regular_price":null,"sale_price":null,"price_margin":null,"price_discount":null}},{"id":"8739","date_created":"2026-04-06 11:41:13","date_expiry":"2027-01-30 00:00:00","user_id":"9","batch_number":"Royal Canin Fit 10kg +2kg gratuit300127","location":"","quantity":"7.0000","quantity_available":"0.0000","units":"1","status":"archived","order_ids":"[38998,38999,39000,39158,39275,39527]","supplier":"Royal Canin","po":{"id":"8666","date_created":"2026-04-06 11:41:13","batch_id":"8739","po_number":"","supplier":"Royal Canin","cost":null,"regular_price":null,"sale_price":null,"price_margin":null,"price_discount":null}}],"_links":{"self":[{"href":"https:\/\/petworld.ma\/index.php\/wp-json\/wp\/v2\/product\/24170","targetHints":{"allow":["GET"]}}],"collection":[{"href":"https:\/\/petworld.ma\/index.php\/wp-json\/wp\/v2\/product"}],"about":[{"href":"https:\/\/petworld.ma\/index.php\/wp-json\/wp\/v2\/types\/product"}],"wp:featuredmedia":[{"embeddable":true,"href":"https:\/\/petworld.ma\/index.php\/wp-json\/wp\/v2\/media\/24173"}],"wp:attachment":[{"href":"https:\/\/petworld.ma\/index.php\/wp-json\/wp\/v2\/media?parent=24170"}],"wp:term":[{"taxonomy":"product_brand","embeddable":true,"href":"https:\/\/petworld.ma\/index.php\/wp-json\/wp\/v2\/product_brand?post=24170"},{"taxonomy":"product_cat","embeddable":true,"href":"https:\/\/petworld.ma\/index.php\/wp-json\/wp\/v2\/product_cat?post=24170"},{"taxonomy":"product_tag","embeddable":true,"href":"https:\/\/petworld.ma\/index.php\/wp-json\/wp\/v2\/product_tag?post=24170"}],"curies":[{"name":"wp","href":"https:\/\/api.w.org\/{rel}","templated":true}]}}