{"id":24373,"date":"2025-07-11T21:35:13","date_gmt":"2025-07-11T21:35:13","guid":{"rendered":"https:\/\/petworld.ma\/?post_type=product&#038;p=24373"},"modified":"2025-08-20T08:13:18","modified_gmt":"2025-08-20T08:13:18","slug":"pistolet-a-friandises-flamingo-gris-8x35x17cm","status":"publish","type":"product","link":"https:\/\/petworld.ma\/index.php\/produit\/pistolet-a-friandises-flamingo-gris-8x35x17cm\/","title":{"rendered":"Pistolet \u00c0 FRIANDISES Flamingo Gris 8&#215;3,5x17CM"},"content":{"rendered":"<div class=\"row\">\n<div class=\"col\">\n<div class=\"card__header\">\n<div class=\"mb-2\"><span>Envie d&rsquo;\u00e9duquer votre chien sans vous salir les mains ? Le lanceur de friandises est la solution ! Rangez les friandises de votre chien dans le lanceur et lancez-les d&rsquo;une simple pression sur un bouton. Id\u00e9al pour l&rsquo;entra\u00eenement ou les jeux, il est facile \u00e0 transporter et id\u00e9al en d\u00e9placement. R\u00e9compensez votre compagnon \u00e0 quatre pattes de mani\u00e8re amusante et propre !<\/span><\/div>\n<div class=\"cms-element-text\">\n<ul>\n<li><span>Mat\u00e9riau : plastique<\/span><\/li>\n<li><span>Convient aux snacks d&rsquo;un diam\u00e8tre maximum de 10 mm<\/span><\/li>\n<li><span>A remplir via le bouchon amovible<\/span><\/li>\n<li><span>Tire des collations jusqu&rsquo;\u00e0 3 m\u00e8tres<\/span><\/li>\n<\/ul>\n<\/div>\n<\/div>\n<\/div>\n<\/div>\n","protected":false},"excerpt":{"rendered":"<div class=\"p-short-description\" data-testid=\"productCardShortDescr\">\n<div id=\"featurebullets_feature_div\" class=\"celwidget\" data-feature-name=\"featurebullets\" data-csa-c-type=\"widget\" data-csa-c-content-id=\"featurebullets\" data-csa-c-slot-id=\"featurebullets_feature_div\" data-csa-c-asin=\"B0C6MJ3X71\" data-csa-c-is-in-initial-active-row=\"false\" data-csa-c-id=\"w4erff-6qylo2-o9uq9x-6efds\" data-cel-widget=\"featurebullets_feature_div\">\n<div id=\"feature-bullets\" class=\"a-section a-spacing-medium a-spacing-top-small\">\n<ul class=\"a-unordered-list a-vertical a-spacing-mini\">\n<li class=\"a-spacing-mini\"><span class=\"a-list-item\">Convient aux snacks d&rsquo;un diam\u00e8tre maximum de 10 mm<\/span><\/li>\n<li class=\"a-spacing-mini\"><span class=\"a-list-item\">Se remplit par le bouchon amovible<\/span><\/li>\n<li class=\"a-spacing-mini\"><span class=\"a-list-item\">Tire des friandises jusqu&rsquo;\u00e0 3 m\u00e8tres de distance<\/span><\/li>\n<\/ul>\n<\/div>\n<\/div>\n<div id=\"customerReviewsAttribute_feature_div\" class=\"celwidget\" data-feature-name=\"customerReviewsAttribute\" data-csa-c-type=\"widget\" data-csa-c-content-id=\"customerReviewsAttribute\" data-csa-c-slot-id=\"customerReviewsAttribute_feature_div\" data-csa-c-asin=\"B0C6MJ3X71\" data-csa-c-is-in-initial-active-row=\"false\" data-csa-c-id=\"ol5308-cz0t8f-jkvjvl-1qh04c\" data-cel-widget=\"customerReviewsAttribute_feature_div\"><\/div>\n<div id=\"globalStoreInfoBullets_feature_div\" class=\"celwidget\" data-feature-name=\"globalStoreInfoBullets\" data-csa-c-type=\"widget\" data-csa-c-content-id=\"globalStoreInfoBullets\" data-csa-c-slot-id=\"globalStoreInfoBullets_feature_div\" data-csa-c-asin=\"B0C6MJ3X71\" data-csa-c-is-in-initial-active-row=\"false\" data-csa-c-id=\"z2von0-njiwkb-nnf8qq-x65i3y\" data-cel-widget=\"globalStoreInfoBullets_feature_div\"><\/div>\n<div id=\"HLCXComparisonJumplink_feature_div\"><\/div>\n<div id=\"vendorPoweredCoupon_feature_div\" class=\"celwidget\" data-feature-name=\"vendorPoweredCoupon\" data-csa-c-type=\"widget\" data-csa-c-content-id=\"vendorPoweredCoupon\" data-csa-c-slot-id=\"vendorPoweredCoupon_feature_div\" data-csa-c-asin=\"B0C6MJ3X71\" data-csa-c-is-in-initial-active-row=\"false\" data-csa-c-id=\"rl6dfp-fmdyzf-e6pz9r-etqpol\" data-cel-widget=\"vendorPoweredCoupon_feature_div\"><\/div>\n<div id=\"addOnItem_feature_div\" class=\"celwidget\" data-feature-name=\"addOnItem\" data-csa-c-type=\"widget\" data-csa-c-content-id=\"addOnItem\" data-csa-c-slot-id=\"addOnItem_feature_div\" data-csa-c-asin=\"B0C6MJ3X71\" data-csa-c-is-in-initial-active-row=\"false\" data-csa-c-id=\"76vn8j-4ae3tw-ok3tlp-valtu8\" data-cel-widget=\"addOnItem_feature_div\"><\/div>\n<div id=\"giftcard-holiday-availability-messaging_feature_div\" class=\"celwidget\" data-feature-name=\"giftCardHolidayAvailabilityMessaging\" data-csa-c-type=\"widget\" data-csa-c-content-id=\"giftCardHolidayAvailabilityMessaging\" data-csa-c-slot-id=\"giftcard-holiday-availability-messaging_feature_div\" data-csa-c-asin=\"B0C6MJ3X71\" data-csa-c-is-in-initial-active-row=\"false\" data-csa-c-id=\"2az4i-dq0l1e-jc9h5j-mwxp6c\" data-cel-widget=\"giftcard-holiday-availability-messaging_feature_div\"><\/div>\n<div id=\"olp_feature_div\" class=\"celwidget\" data-feature-name=\"olp\" data-csa-c-type=\"widget\" data-csa-c-content-id=\"olp\" data-csa-c-slot-id=\"olp_feature_div\" data-csa-c-asin=\"B0C6MJ3X71\" data-csa-c-is-in-initial-active-row=\"false\" data-csa-c-id=\"pee848-orjzha-1xut54-qgihoh\" data-cel-widget=\"olp_feature_div\">\n<div id=\"all-offers-display\" class=\"a-section\"><\/div>\n<\/div>\n<div id=\"tellAmazon_feature_div\" class=\"celwidget\" data-feature-name=\"tellAmazon\" data-csa-c-type=\"widget\" data-csa-c-content-id=\"tellAmazon\" data-csa-c-slot-id=\"tellAmazon_feature_div\" data-csa-c-asin=\"B0C6MJ3X71\" data-csa-c-is-in-initial-active-row=\"false\" data-csa-c-id=\"ug857t-70tine-w9pern-a6vw5x\" data-cel-widget=\"tellAmazon_feature_div\">\n<div class=\"celwidget c-f\" data-csa-op-log-render=\"\" data-csa-c-content-id=\"DsUnknown\" data-csa-c-slot-id=\"DsUnknown-3\" data-csa-c-type=\"widget\" data-csa-c-painter=\"tell-amazon-desktop-cards\" data-csa-c-id=\"1wn06k-tzud7o-jnf0kp-l9e5l8\" data-cel-widget=\"tell-amazon-desktop_DetailPage_2\">\n<div id=\"CardInstanced4m6gCQfTGyCdw9Ah6EHpg\" data-card-metrics-id=\"tell-amazon-desktop_DetailPage_2\" data-acp-tracking=\"{}\" data-mix-claimed=\"true\">\n<div class=\"_tell-amazon-desktop_style_tell_amazon_div__1YDZk\" data-asin=\"B0C6MJ3X71\" data-marketplace=\"AMEN7PMS3EDWL\" data-logged-in=\"false\"><\/div>\n<\/div>\n<\/div>\n<\/div>\n<\/div>\n","protected":false},"featured_media":24374,"template":"","meta":{"jetpack_publicize_message":"","jetpack_publicize_feature_enabled":true,"jetpack_social_post_already_shared":true,"jetpack_social_options":{"image_generator_settings":{"template":"highway","default_image_id":0,"font":"","enabled":false},"version":2}},"product_brand":[],"product_cat":[39,134,106],"product_tag":[],"class_list":{"0":"post-24373","1":"product","2":"type-product","3":"status-publish","4":"has-post-thumbnail","6":"product_cat-friandises-et-pates-pour-chien","7":"product_cat-gamelles","8":"product_cat-jouet-et-dressage","10":"first","11":"instock","12":"taxable","13":"shipping-taxable","14":"purchasable","15":"product-type-simple"},"supplier_id":null,"supplier_sku":"520852","barcode":"5400585171051","atum_controlled":true,"out_stock_date":null,"out_stock_threshold":null,"inheritable":false,"inbound_stock":0,"stock_on_hold":0,"sold_today":0,"sales_last_days":0,"reserved_stock":0,"customer_returns":0,"warehouse_damage":0,"lost_in_post":0,"other_logs":0,"out_stock_days":0,"lost_sales":0,"has_location":false,"update_date":"2026-05-10T00:20:47","atum_locations":[],"atum_stock_status":"instock","restock_status":false,"low_stock_amount":1,"sales_update_date":"2026-05-10T00:20:47","calc_backorders":null,"jetpack_publicize_connections":[],"jetpack_sharing_enabled":true,"batches":[],"_links":{"self":[{"href":"https:\/\/petworld.ma\/index.php\/wp-json\/wp\/v2\/product\/24373","targetHints":{"allow":["GET"]}}],"collection":[{"href":"https:\/\/petworld.ma\/index.php\/wp-json\/wp\/v2\/product"}],"about":[{"href":"https:\/\/petworld.ma\/index.php\/wp-json\/wp\/v2\/types\/product"}],"wp:featuredmedia":[{"embeddable":true,"href":"https:\/\/petworld.ma\/index.php\/wp-json\/wp\/v2\/media\/24374"}],"wp:attachment":[{"href":"https:\/\/petworld.ma\/index.php\/wp-json\/wp\/v2\/media?parent=24373"}],"wp:term":[{"taxonomy":"product_brand","embeddable":true,"href":"https:\/\/petworld.ma\/index.php\/wp-json\/wp\/v2\/product_brand?post=24373"},{"taxonomy":"product_cat","embeddable":true,"href":"https:\/\/petworld.ma\/index.php\/wp-json\/wp\/v2\/product_cat?post=24373"},{"taxonomy":"product_tag","embeddable":true,"href":"https:\/\/petworld.ma\/index.php\/wp-json\/wp\/v2\/product_tag?post=24373"}],"curies":[{"name":"wp","href":"https:\/\/api.w.org\/{rel}","templated":true}]}}