{"id":24429,"date":"2025-07-12T21:27:59","date_gmt":"2025-07-12T21:27:59","guid":{"rendered":"https:\/\/petworld.ma\/?post_type=product&#038;p=24429"},"modified":"2026-03-13T11:23:29","modified_gmt":"2026-03-13T11:23:29","slug":"lotion-anti-demangeaisons-chat-et-chien-vetocare-200ml","status":"publish","type":"product","link":"https:\/\/petworld.ma\/index.php\/produit\/lotion-anti-demangeaisons-chat-et-chien-vetocare-200ml\/","title":{"rendered":"Lotion Anti D\u00e9mangeaisons Chat et Chien Vetocare 200ml"},"content":{"rendered":"<div class=\"mb-2\">\n<p>La lotion anti-d\u00e9mangeaisons Vetocare est une lotion calmante qui apaise rapidement et efficacement les d\u00e9mangeaisons l\u00e9g\u00e8res et irritations cutan\u00e9es chez le chien et le chat .<\/p>\n<p>Compos\u00e9 d\u2019huiles essentielles et l\u2019huile v\u00e9g\u00e9tale , elle apaise\u00a0 et soulage la peau de votre animal gr\u00e2ce a l\u2019action combin\u00e9e de la calendula , de l\u2019aloe vera et de l\u2019huile essentielle de la lavande BIO.<\/p>\n<p>Formul\u00e9 sans silicone ni parab\u00e8ne pour le plus grand respect de l\u2019animal et de la nature.<\/p>\n<p>Convient aux chatons et Chiots.<\/p>\n<\/div>\n","protected":false},"excerpt":{"rendered":"<p>La lotion anti-d\u00e9mangeaisons Vetocare est une lotion calmante qui apaise rapidement et efficacement les d\u00e9mangeaisons l\u00e9g\u00e8res et irritations cutan\u00e9es chez le chien et le chat . Compos\u00e9 d\u2019huiles essentielles et l\u2019huile v\u00e9g\u00e9tale , elle apaise\u00a0 et soulage la peau de votre animal gr\u00e2ce a l\u2019action combin\u00e9e de la calendula , de l\u2019aloe vera et de [&#8230;]\n","protected":false},"featured_media":24430,"template":"","meta":{"jetpack_publicize_message":"","jetpack_publicize_feature_enabled":true,"jetpack_social_post_already_shared":true,"jetpack_social_options":{"image_generator_settings":{"template":"highway","default_image_id":0,"font":"","enabled":false},"version":2}},"product_brand":[],"product_cat":[225,224],"product_tag":[],"class_list":{"0":"post-24429","1":"product","2":"type-product","3":"status-publish","4":"has-post-thumbnail","6":"product_cat-lingettes-serviettes-hygiene-et-soins-pour-chat","7":"product_cat-lingettes-serviettes","9":"first","10":"instock","11":"taxable","12":"shipping-taxable","13":"purchasable","14":"product-type-simple"},"supplier_id":5588,"supplier_sku":"79592","barcode":"6110201379592","atum_controlled":true,"out_stock_date":null,"out_stock_threshold":null,"inheritable":false,"inbound_stock":0,"stock_on_hold":0,"sold_today":0,"sales_last_days":0,"reserved_stock":0,"customer_returns":0,"warehouse_damage":0,"lost_in_post":0,"other_logs":0,"out_stock_days":0,"lost_sales":0,"has_location":false,"update_date":"2026-05-12T00:20:55","atum_locations":[],"atum_stock_status":"instock","restock_status":false,"low_stock_amount":2,"sales_update_date":"2026-05-12T00:20:55","calc_backorders":null,"jetpack_publicize_connections":[],"jetpack_sharing_enabled":true,"batches":[{"id":"4356","date_created":"2025-07-12 21:31:04","date_expiry":"2027-07-31 00:00:00","user_id":"9","batch_number":"lot072027","location":"","quantity":"10.0000","quantity_available":"2.0000","units":"1","status":"active","order_ids":"[24999,25333,26695,27716,30978,34731,36888,37581]","supplier":"mera","po":{"id":"4321","date_created":"2025-07-12 21:31:05","batch_id":"4356","po_number":"","supplier":"mera","cost":null,"regular_price":null,"sale_price":null,"price_margin":null,"price_discount":null}}],"_links":{"self":[{"href":"https:\/\/petworld.ma\/index.php\/wp-json\/wp\/v2\/product\/24429","targetHints":{"allow":["GET"]}}],"collection":[{"href":"https:\/\/petworld.ma\/index.php\/wp-json\/wp\/v2\/product"}],"about":[{"href":"https:\/\/petworld.ma\/index.php\/wp-json\/wp\/v2\/types\/product"}],"wp:featuredmedia":[{"embeddable":true,"href":"https:\/\/petworld.ma\/index.php\/wp-json\/wp\/v2\/media\/24430"}],"wp:attachment":[{"href":"https:\/\/petworld.ma\/index.php\/wp-json\/wp\/v2\/media?parent=24429"}],"wp:term":[{"taxonomy":"product_brand","embeddable":true,"href":"https:\/\/petworld.ma\/index.php\/wp-json\/wp\/v2\/product_brand?post=24429"},{"taxonomy":"product_cat","embeddable":true,"href":"https:\/\/petworld.ma\/index.php\/wp-json\/wp\/v2\/product_cat?post=24429"},{"taxonomy":"product_tag","embeddable":true,"href":"https:\/\/petworld.ma\/index.php\/wp-json\/wp\/v2\/product_tag?post=24429"}],"curies":[{"name":"wp","href":"https:\/\/api.w.org\/{rel}","templated":true}]}}