{"id":24453,"date":"2025-07-14T10:23:34","date_gmt":"2025-07-14T10:23:34","guid":{"rendered":"https:\/\/petworld.ma\/?post_type=product&#038;p=24453"},"modified":"2026-03-12T17:00:26","modified_gmt":"2026-03-12T17:00:26","slug":"friskies-croquettes-chat-sterilise-saumon-et-thon-avec-des-legumes","status":"publish","type":"product","link":"https:\/\/petworld.ma\/index.php\/produit\/friskies-croquettes-chat-sterilise-saumon-et-thon-avec-des-legumes\/","title":{"rendered":"FRISKIES Croquettes Chat St\u00e9rilis\u00e9 Saumon et Thon avec des L\u00e9gumes 1,5Kg"},"content":{"rendered":"<p>Vos chats sont de v\u00e9ritables aventuriers en qu\u00eate d&rsquo;exploration. Cela fait d&rsquo;eux des membres de la famille captivants qui apportent plein d&rsquo;\u00e9nergie dans votre foyer. Mais quand les chats sont st\u00e9rilis\u00e9s, ils peuvent \u00eatre sujets au surpoids et d\u00e9velopper des probl\u00e8mes urinaires.<\/p>\n<p>C&rsquo;est pour cela que les experts PURINA\u00ae ont d\u00e9velopp\u00e9 la formule FRISKIES\u00ae Pour CHATS ST\u00c9RILIS\u00c9S\u00a0sp\u00e9cialement \u00e9labor\u00e9e pour r\u00e9pondre aux besoins sp\u00e9cifiques des chats st\u00e9rilis\u00e9s.<\/p>\n<p><strong>Caract\u00e9ristiques<\/strong><\/p>\n<ul>\n<li>Sans colorants, ar\u00f4mes et conservateurs artificiels.<\/li>\n<li>Aide \u00e0 maintenir un poids id\u00e9al gr\u00e2ce \u00e0 un ratio prot\u00e9ine\/mati\u00e8res grasses \u00e9quilibr\u00e9.<\/li>\n<li>Aide \u00e0 soutenir un syst\u00e8me urinaire sain gr\u00e2ce \u00e0 un apport \u00e9quilibr\u00e9 en min\u00e9raux.<\/li>\n<li>Aide \u00e0 maintenir un c\u0153ur en bonne sant\u00e9 et une bonne vue gr\u00e2ce \u00e0 de la taurine.<\/li>\n<li>De la vitamine E pour l&rsquo;aider \u00e0 soutenir ses d\u00e9fenses naturelles.<\/li>\n<\/ul>\n<p><strong>Nutrition et constituants analytiques<\/strong><\/p>\n<p>Prot\u00e9ine : 31 %<br \/>\nTeneur en mati\u00e8res grasses : 9 %<br \/>\nCendres brutes : 7 %<br \/>\nCellulose brute : 4,5 %<\/p>\n<p><strong>Guide d&rsquo;alimentation<\/strong><\/p>\n<p>Mode d&#8217;emploi : Ce produit peut \u00eatre servi tout seul ou combin\u00e9 avec les sachets fra\u00eecheur FRISKIES\u00ae.<\/p>\n<p>Sec seulement :<\/p>\n<div class=\"table-wrapper\">\n<table class=\"table table-striped\">\n<tbody>\n<tr>\n<th colspan=\"4\" align=\"center\">Rations Journali\u00e8res Recommand\u00e9es<\/th>\n<\/tr>\n<tr>\n<th>Poids de l&rsquo;animal (kg)<\/th>\n<th>Quantit\u00e9 (g\/jour)<\/th>\n<\/tr>\n<tr>\n<td>3<\/td>\n<td>40<\/td>\n<\/tr>\n<tr>\n<td>4<\/td>\n<td>55<\/td>\n<\/tr>\n<tr>\n<td>5<\/td>\n<td>70<\/td>\n<\/tr>\n<\/tbody>\n<\/table>\n<\/div>\n<p>Sec + Humide :<\/p>\n<div class=\"table-wrapper\">\n<table>\n<tbody>\n<tr>\n<td align=\"center\">4 kg Adulte<\/td>\n<td align=\"center\">40g + 1 sachet fra\u00eecheur* (85g).<br \/>\n*Quel que soit le sachet fra\u00eecheur FRISKIES\u00ae adulte 85g.<\/td>\n<\/tr>\n<\/tbody>\n<\/table>\n<\/div>\n<p>La disponibilit\u00e9 des sachets fra\u00eecheur varie selon le pays. Les rations journali\u00e8res recommand\u00e9es doivent \u00eatre ajust\u00e9es selon les conditions climatiques, le niveau d&rsquo;activit\u00e9 du chat et sa condition physique pour maintenir votre chat \u00e0 son poids de forme. Les besoins nutritionnels peuvent varier selon le chat, il faut donc ajuster ces rations de fa\u00e7on \u00e0 le maintenir \u00e0 son poids de forme. Veillez \u00e0 laisser un bol d\u2019eau propre et fra\u00eeche \u00e0 sa disposition. L\u2019eau favorise la dilution des urines et supporte la sant\u00e9 urinaire de votre chat.<\/p>\n<p>*Conform\u00e9ment aux besoins d&rsquo;un chat adulte de 3kg.<\/p>\n","protected":false},"excerpt":{"rendered":"<p>Vos chats sont de v\u00e9ritables aventuriers en qu\u00eate d&rsquo;exploration. Cela fait d&rsquo;eux des membres de la famille captivants qui apportent plein d&rsquo;\u00e9nergie dans votre foyer. Mais quand les chats sont st\u00e9rilis\u00e9s, ils peuvent \u00eatre sujets au surpoids et d\u00e9velopper des probl\u00e8mes urinaires. C&rsquo;est pour cela que les experts PURINA\u00ae ont d\u00e9velopp\u00e9 la formule FRISKIES\u00ae Pour [&#8230;]\n","protected":false},"featured_media":24454,"template":"","meta":{"jetpack_publicize_message":"","jetpack_publicize_feature_enabled":true,"jetpack_social_post_already_shared":true,"jetpack_social_options":{"image_generator_settings":{"template":"highway","default_image_id":0,"font":"","enabled":false},"version":2}},"product_brand":[],"product_cat":[40],"product_tag":[],"class_list":{"0":"post-24453","1":"product","2":"type-product","3":"status-publish","4":"has-post-thumbnail","6":"product_cat-coquettes-pour-chat","8":"first","9":"instock","10":"taxable","11":"shipping-taxable","12":"purchasable","13":"product-type-simple"},"supplier_id":5598,"supplier_sku":"53174","barcode":"7613036053174","atum_controlled":true,"out_stock_date":null,"out_stock_threshold":null,"inheritable":false,"inbound_stock":0,"stock_on_hold":0,"sold_today":0,"sales_last_days":0,"reserved_stock":0,"customer_returns":0,"warehouse_damage":0,"lost_in_post":0,"other_logs":0,"out_stock_days":0,"lost_sales":0,"has_location":false,"update_date":"2026-04-27T00:12:13","atum_locations":[],"atum_stock_status":"instock","restock_status":false,"low_stock_amount":6,"sales_update_date":"2026-04-27T00:12:12","calc_backorders":null,"jetpack_publicize_connections":[],"jetpack_sharing_enabled":true,"batches":[{"id":"4362","date_created":"2025-07-14 10:32:45","date_expiry":"2026-09-30 00:00:00","user_id":"2461","batch_number":"lot300926","location":"","quantity":"6.0000","quantity_available":"0.0000","units":"1","status":"archived","order_ids":"[25017,25317,25656,28610]","supplier":"Proplan","po":{"id":"4327","date_created":"2025-07-14 10:32:46","batch_id":"4362","po_number":"","supplier":"Proplan","cost":null,"regular_price":null,"sale_price":null,"price_margin":null,"price_discount":null}},{"id":"5799","date_created":"2025-10-18 13:50:50","date_expiry":"2026-11-30 00:00:00","user_id":"2461","batch_number":"lot301126","location":"","quantity":"6.0000","quantity_available":"5.0000","units":"1","status":"active","order_ids":"[33236]","supplier":"Proplan","po":{"id":"5749","date_created":"2025-10-18 13:50:51","batch_id":"5799","po_number":"","supplier":"Proplan","cost":null,"regular_price":null,"sale_price":null,"price_margin":null,"price_discount":null}}],"_links":{"self":[{"href":"https:\/\/petworld.ma\/index.php\/wp-json\/wp\/v2\/product\/24453","targetHints":{"allow":["GET"]}}],"collection":[{"href":"https:\/\/petworld.ma\/index.php\/wp-json\/wp\/v2\/product"}],"about":[{"href":"https:\/\/petworld.ma\/index.php\/wp-json\/wp\/v2\/types\/product"}],"wp:featuredmedia":[{"embeddable":true,"href":"https:\/\/petworld.ma\/index.php\/wp-json\/wp\/v2\/media\/24454"}],"wp:attachment":[{"href":"https:\/\/petworld.ma\/index.php\/wp-json\/wp\/v2\/media?parent=24453"}],"wp:term":[{"taxonomy":"product_brand","embeddable":true,"href":"https:\/\/petworld.ma\/index.php\/wp-json\/wp\/v2\/product_brand?post=24453"},{"taxonomy":"product_cat","embeddable":true,"href":"https:\/\/petworld.ma\/index.php\/wp-json\/wp\/v2\/product_cat?post=24453"},{"taxonomy":"product_tag","embeddable":true,"href":"https:\/\/petworld.ma\/index.php\/wp-json\/wp\/v2\/product_tag?post=24453"}],"curies":[{"name":"wp","href":"https:\/\/api.w.org\/{rel}","templated":true}]}}