{"id":24503,"date":"2025-07-14T22:14:19","date_gmt":"2025-07-14T22:14:19","guid":{"rendered":"https:\/\/petworld.ma\/?post_type=product&#038;p=24503"},"modified":"2026-04-30T08:28:07","modified_gmt":"2026-04-30T08:28:07","slug":"friskies-croquettes-junior-chatons-poulet-et-dinde-avec-du-lait-15kg","status":"publish","type":"product","link":"https:\/\/petworld.ma\/index.php\/produit\/friskies-croquettes-junior-chatons-poulet-et-dinde-avec-du-lait-15kg\/","title":{"rendered":"FRISKIES Croquettes Junior Chatons Poulet et Dinde avec du Lait 1,5Kg"},"content":{"rendered":"<p>Votre chaton a besoin d\u2019une nutrition adapt\u00e9e lui assurant une croissance saine et lui permettant d\u2019\u00eatre heureux. Donnez-lui le meilleur d\u00e9part dans la vie avec FRISKIES \u00ae JUNIOR pour CHATONS pour qu\u2019il puisse continuer \u00e0 vous surprendre et \u00e0 vous rendre heureux, tous les jours, au sein de votre maison !<\/p>\n<p>FRISKIES \u00ae JUNIOR pour CHATONS est une recette sp\u00e9cialement formul\u00e9e pour une croissance saine de votre chaton. Elle lui donne toute la nutrition dont il a besoin pour lui assurer un bon d\u00e9part pour une vie pleine de bonheur. Assure une bonne transition du lait maternel \u00e0 une alimentation solide. Convient \u00e9galement aux chattes en gestation ou en lactation.<\/p>\n<p><strong>Caract\u00e9ristiques<\/strong><\/p>\n<ul>\n<li>Sans colorants, ar\u00f4mes et conservateurs artificiels.<\/li>\n<li>Aide \u00e0 maintenir un poids id\u00e9al gr\u00e2ce \u00e0 un ratio prot\u00e9ine\/mati\u00e8res grasses \u00e9quilibr\u00e9.<\/li>\n<li>Aide \u00e0 soutenir un syst\u00e8me urinaire sain gr\u00e2ce \u00e0 un apport \u00e9quilibr\u00e9 en min\u00e9raux.<\/li>\n<li>Aide \u00e0 maintenir un c\u0153ur en bonne sant\u00e9 et une bonne vue gr\u00e2ce \u00e0 de la taurine.<\/li>\n<li>De la vitamine E pour l&rsquo;aider \u00e0 soutenir ses d\u00e9fenses naturelles.<\/li>\n<\/ul>\n<p><strong>Nutrition et constituants analytiques<\/strong><\/p>\n<p>Prot\u00e9ine : 35 %<br \/>\nTeneur en mati\u00e8res grasses : 12 %<br \/>\nCendres brutes : 8 %<br \/>\nCellulose brute : 2 %<br \/>\nAcides gras essentiels : 1,9<\/p>\n<p><strong>Guide d&rsquo;alimentation<\/strong><\/p>\n<p>Ce produit peut \u00eatre donn\u00e9 seul ou combin\u00e9 avec les sachets fra\u00eecheur FRISKIES\u00ae JUNIOR 85g<sup>(2)<\/sup>.<\/p>\n<p>Sec seulement :<\/p>\n<div class=\"table-wrapper\">\n<table border=\"1\" cellspacing=\"1\" cellpadding=\"1\">\n<tbody>\n<tr>\n<td class=\"text-align-center\" colspan=\"2\"><strong>Rations Journali\u00e8res Recommand\u00e9es<\/strong><\/td>\n<\/tr>\n<tr>\n<td class=\"text-align-center\"><strong>\u00c2ge de l&rsquo;animal<\/strong><\/td>\n<td class=\"text-align-center\"><strong>Quantit\u00e9\u00a0(g\/jour)<\/strong><\/td>\n<\/tr>\n<tr>\n<td class=\"text-align-center\">6 \u00e0 12 semaines<\/td>\n<td class=\"text-align-center\">50-70 g en 2 \u00e0 3 repas*<\/td>\n<\/tr>\n<tr>\n<td class=\"text-align-center\">3 \u00e0 6 mois<\/td>\n<td class=\"text-align-center\">70-80g en 2 repas*<\/td>\n<\/tr>\n<tr>\n<td class=\"text-align-center\">6 \u00e0 12 mois<\/td>\n<td class=\"text-align-center\">80g en 2 repas*<\/td>\n<\/tr>\n<tr>\n<td class=\"text-align-center\">Chatte en gestation<\/td>\n<td class=\"text-align-center\">Pour un chat de 4kg : 80-90g** ou \u00e0 volont\u00e9<\/td>\n<\/tr>\n<tr>\n<td class=\"text-align-center\">Chatte en lactation<\/td>\n<td class=\"text-align-center\">Pour un chat de 4kg: 120-240g** ou \u00e0 volont\u00e9<\/td>\n<\/tr>\n<\/tbody>\n<\/table>\n<\/div>\n<p>Sec + Sachets fra\u00eecheur :<\/p>\n<div class=\"table-wrapper\">\n<table border=\"1\" cellspacing=\"1\" cellpadding=\"1\">\n<tbody>\n<tr>\n<td class=\"text-align-center\" colspan=\"2\"><strong>Rations Journali\u00e8res Recommand\u00e9es<\/strong><\/td>\n<\/tr>\n<tr>\n<td class=\"text-align-center\"><strong>\u00c2ge de l&rsquo;animal<\/strong><\/td>\n<td class=\"text-align-center\"><strong>Quantit\u00e9\u00a0(g\/jour)<\/strong><\/td>\n<\/tr>\n<tr>\n<td class=\"text-align-center\">6 \u00e0 12 semaines<\/td>\n<td class=\"text-align-center\">35-50g* + 1 sachet fra\u00eecheur (85g) en 2 \u00e0 3 repas ou \u00e0 volont\u00e9<\/td>\n<\/tr>\n<tr>\n<td class=\"text-align-center\">3 \u00e0 6 mois<\/td>\n<td class=\"text-align-center\">50-65g* + 1 sachet fra\u00eecheur (85g) en 2 \u00e0 3 repas ou \u00e0 volont\u00e9<\/td>\n<\/tr>\n<tr>\n<td class=\"text-align-center\">6 \u00e0 12 mois<\/td>\n<td class=\"text-align-center\">60-65g* + 1 sachet fra\u00eecheur (85g) en 2 \u00e0 3 repas ou \u00e0 volont\u00e9<\/td>\n<\/tr>\n<tr>\n<td class=\"text-align-center\">Chatte en gestation<\/td>\n<td class=\"text-align-center\">Pour un chat de 4kg en gestation : 65-70g** + 1 sachet fra\u00eecheur (85g) ou \u00e0 volont\u00e9<\/td>\n<\/tr>\n<tr>\n<td class=\"text-align-center\">Chatte en lactation<\/td>\n<td class=\"text-align-center\">Pour un chat de 4kg en lactation: 100-205g** + 1 sachet fra\u00eecheur (85g) ou \u00e0 volont\u00e9<\/td>\n<\/tr>\n<\/tbody>\n<\/table>\n<\/div>\n<p>L\u2019eau favorise la dilution des urines et supporte la sant\u00e9 urinaire de votre chat.Veillez \u00e0 laisser un bol d\u2019eau propre et fra\u00eeche \u00e0 sa disposition. Ce produit peut \u00eatre introduit \u00e0 partir de l&rsquo;\u00e2ge de 3 ou 4 semaines.<\/p>\n<p>*Les croquettes peuvent \u00eatre m\u00e9lang\u00e9es \u00e0 de l&rsquo;eau pour faciliter la mastication. Augmentez la quantit\u00e9 d&rsquo;aliment lorsque le chaton commence \u00e0 manger plus et r\u00e9duisez la quantit\u00e9 d&rsquo;eau ajout\u00e9e lorsque le chaton est capable de manger seul. Chaque chaton est diff\u00e9rent, ajustez les quantit\u00e9s journali\u00e8res et\/ou le nombre de repas selon le niveau d&rsquo;activit\u00e9 et la condition physique du chaton. Convient aussi aux chattes en gestation ou en lactation.<\/p>\n<p>&nbsp;<\/p>\n","protected":false},"excerpt":{"rendered":"<ul>\n<li>Sans colorants, ar\u00f4mes et conservateurs artificiels.<\/li>\n<li>&lt; 1 an.<\/li>\n<li>Convient \u00e9galement aux chattes en gestation ou en lactation.<\/li>\n<li>Soutient une croissance saine.<\/li>\n<\/ul>\n","protected":false},"featured_media":24504,"template":"","meta":{"jetpack_publicize_message":"","jetpack_publicize_feature_enabled":true,"jetpack_social_post_already_shared":true,"jetpack_social_options":{"image_generator_settings":{"template":"highway","default_image_id":0,"font":"","enabled":false},"version":2}},"product_brand":[],"product_cat":[40],"product_tag":[],"class_list":{"0":"post-24503","1":"product","2":"type-product","3":"status-publish","4":"has-post-thumbnail","6":"product_cat-coquettes-pour-chat","8":"first","9":"instock","10":"taxable","11":"shipping-taxable","12":"purchasable","13":"product-type-simple"},"supplier_id":5598,"supplier_sku":"53143","barcode":"7613036053143","atum_controlled":true,"out_stock_date":null,"out_stock_threshold":null,"inheritable":false,"inbound_stock":0,"stock_on_hold":3,"sold_today":3,"sales_last_days":3,"reserved_stock":0,"customer_returns":0,"warehouse_damage":0,"lost_in_post":0,"other_logs":0,"out_stock_days":0,"lost_sales":0,"has_location":false,"update_date":"2026-04-30T15:26:20","atum_locations":[],"atum_stock_status":"instock","restock_status":true,"low_stock_amount":6,"sales_update_date":"2026-04-30T15:26:20","calc_backorders":null,"jetpack_publicize_connections":[],"jetpack_sharing_enabled":true,"batches":[{"id":"4397","date_created":"2025-07-14 22:25:34","date_expiry":"2026-03-31 00:00:00","user_id":"2760","batch_number":"lot032026","location":"","quantity":"6.0000","quantity_available":"0.0000","units":"1","status":"archived","order_ids":"[25837,28290,28723,29575,30520]","supplier":"Proplan","po":{"id":"4362","date_created":"2025-07-14 22:25:35","batch_id":"4397","po_number":"","supplier":"Proplan","cost":null,"regular_price":null,"sale_price":null,"price_margin":null,"price_discount":null}},{"id":"5701","date_created":"2025-10-09 16:00:09","date_expiry":"2026-03-31 00:00:00","user_id":"2760","batch_number":"lot032026","location":"","quantity":"1.0000","quantity_available":"0.0000","units":"1","status":"archived","order_ids":"[29222]","supplier":"Proplan","po":{"id":"5655","date_created":"2025-10-09 16:00:10","batch_id":"5701","po_number":"","supplier":"Proplan","cost":null,"regular_price":null,"sale_price":null,"price_margin":null,"price_discount":null}},{"id":"6184","date_created":"2025-11-14 20:21:38","date_expiry":"2026-08-31 00:00:00","user_id":"2760","batch_number":"lot0826","location":"","quantity":"6.0000","quantity_available":"0.0000","units":"1","status":"archived","order_ids":"[30637,31039,31087,35078,39009,41062]","supplier":"Proplan","po":{"id":"6131","date_created":"2025-11-14 20:21:38","batch_id":"6184","po_number":"","supplier":"Proplan","cost":null,"regular_price":null,"sale_price":null,"price_margin":null,"price_discount":null}},{"id":"7074","date_created":"2026-01-07 10:35:57","date_expiry":"2026-10-31 00:00:00","user_id":"2760","batch_number":"lot1026","location":"","quantity":"6.0000","quantity_available":"5.0000","units":"1","status":"active","order_ids":"[41062]","supplier":"Proplan","po":{"id":"7012","date_created":"2026-01-07 10:35:58","batch_id":"7074","po_number":"","supplier":"Proplan","cost":null,"regular_price":null,"sale_price":null,"price_margin":null,"price_discount":null}}],"_links":{"self":[{"href":"https:\/\/petworld.ma\/index.php\/wp-json\/wp\/v2\/product\/24503","targetHints":{"allow":["GET"]}}],"collection":[{"href":"https:\/\/petworld.ma\/index.php\/wp-json\/wp\/v2\/product"}],"about":[{"href":"https:\/\/petworld.ma\/index.php\/wp-json\/wp\/v2\/types\/product"}],"wp:featuredmedia":[{"embeddable":true,"href":"https:\/\/petworld.ma\/index.php\/wp-json\/wp\/v2\/media\/24504"}],"wp:attachment":[{"href":"https:\/\/petworld.ma\/index.php\/wp-json\/wp\/v2\/media?parent=24503"}],"wp:term":[{"taxonomy":"product_brand","embeddable":true,"href":"https:\/\/petworld.ma\/index.php\/wp-json\/wp\/v2\/product_brand?post=24503"},{"taxonomy":"product_cat","embeddable":true,"href":"https:\/\/petworld.ma\/index.php\/wp-json\/wp\/v2\/product_cat?post=24503"},{"taxonomy":"product_tag","embeddable":true,"href":"https:\/\/petworld.ma\/index.php\/wp-json\/wp\/v2\/product_tag?post=24503"}],"curies":[{"name":"wp","href":"https:\/\/api.w.org\/{rel}","templated":true}]}}