{"id":24526,"date":"2025-07-14T23:49:53","date_gmt":"2025-07-14T23:49:53","guid":{"rendered":"https:\/\/petworld.ma\/?post_type=product&#038;p=24526"},"modified":"2026-03-12T17:00:45","modified_gmt":"2026-03-12T17:00:45","slug":"friskies-croquettes-indoor-chatons-poulet-et-legumes-15kg","status":"publish","type":"product","link":"https:\/\/petworld.ma\/index.php\/produit\/friskies-croquettes-indoor-chatons-poulet-et-legumes-15kg\/","title":{"rendered":"FRISKIES Croquettes Indoor Chatons Poulet et L\u00e9gumes 1,5Kg"},"content":{"rendered":"<p>Les 5 promesses de Friskies\u00ae. D\u00e8s l&rsquo;arriv\u00e9e de votre chat chez vous, vous avez promis de prendre soin de lui, de le nourrir correctement chaque jour et de l&rsquo;aider \u00e0 vivre une vie heureuse et saine. Friskies\u00ae est l\u00e0 pour vous aider \u00e0 tenir cette promesse. Forts de notre exp\u00e9rience et de notre expertise, nous mettons tout en \u0153uvre pour que votre chat et vous-m\u00eame restiez heureux et en bonne sant\u00e9.<\/p>\n<p>5 promesses parce que nous nous soucions d&rsquo;eux :<br \/>\n&#8211; Nutrition : une alimentation savoureuse 100 % compl\u00e8te et \u00e9quilibr\u00e9e pour chaque jour avec des prot\u00e9ines de qualit\u00e9 pour la sant\u00e9 et le bonheur des chats<br \/>\n&#8211; Qualit\u00e9 : plus de 1000 contr\u00f4les quotidiens de la qualit\u00e9 des ingr\u00e9dients et de la production<br \/>\n&#8211; Experts Purina : d\u00e9velopp\u00e9 par des nutritionnistes Purina<br \/>\n&#8211; Fournisseurs de confiance : fabriqu\u00e9 avec des ingr\u00e9dients de haute qualit\u00e9 soigneusement s\u00e9lectionn\u00e9s aupr\u00e8s de fournisseurs connus et de confiance<br \/>\n&#8211; Engagement pour l&rsquo;ann\u00e9e 2025 : notre engagement est d&rsquo;avoir 100 % de nos emballages recyclables ou r\u00e9utilisables d&rsquo;ici 2025<\/p>\n<p>Toutes nos recettes ne contiennent ni colorants, ni ar\u00f4mes, ni conservateurs artificiels.<\/p>\n<p><strong>Caract\u00e9ristiques<\/strong><\/p>\n<ul>\n<li>Sans colorants, ar\u00f4mes et conservateurs artificiels.<\/li>\n<li>Aide \u00e0 maintenir un poids id\u00e9al gr\u00e2ce \u00e0 un ratio prot\u00e9ine\/mati\u00e8res grasses \u00e9quilibr\u00e9.<\/li>\n<li>Aide \u00e0 soutenir un syst\u00e8me urinaire sain gr\u00e2ce \u00e0 un apport \u00e9quilibr\u00e9 en min\u00e9raux.<\/li>\n<li>Aide \u00e0 maintenir un c\u0153ur en bonne sant\u00e9 et une bonne vue gr\u00e2ce \u00e0 de la taurine.<\/li>\n<li>De la vitamine E pour l&rsquo;aider \u00e0 soutenir ses d\u00e9fenses naturelles.<\/li>\n<\/ul>\n<p><strong>Nutrition et constituants analytiques<\/strong><\/p>\n<p>Prot\u00e9ines : 30 %<br \/>\nTeneur en mati\u00e8res grasses : 10 %<br \/>\nCendres brutes : 8 %<br \/>\nFibres brutes : 5 %<\/p>\n<p><strong>Guide d&rsquo;alimentation<\/strong><\/p>\n<p>Poids du chat = Quantit\u00e9 \u00e0 fournir (grammes par jour) :<br \/>\nAdulte 3 kg = 45 g<br \/>\nAdulte 4 kg = 60 g<br \/>\nAdulte 5 kg = 75 g<\/p>\n<p>Les quantit\u00e9s quotidiennes recommand\u00e9es doivent \u00eatre adapt\u00e9es aux conditions m\u00e9t\u00e9orologiques, au niveau d&rsquo;activit\u00e9 du chat et \u00e0 sa condition physique.<\/p>\n<p>De l&rsquo;eau potable fra\u00eeche et propre doit toujours \u00eatre disponible. Une consommation suffisante d&rsquo;eau est un \u00e9l\u00e9ment n\u00e9cessaire d&rsquo;une alimentation quotidienne saine.<\/p>\n","protected":false},"excerpt":{"rendered":"<ul>\n<li>Sp\u00e9cialement formul\u00e9 pour satisfaire les besoins nutritionnels des chats qui passent la plupart de leur temps \u00e0 l&rsquo;int\u00e9rieur.<\/li>\n<li>100% complet et \u00e9quilibr\u00e9.<\/li>\n<li>R\u00e9duit les odeurs de liti\u00e8re car elle contient de la chicor\u00e9e.<\/li>\n<li>Aide \u00e0 r\u00e9duire la formation de boules de poils gr\u00e2ce aux extraits de pulpe de betterave.<\/li>\n<li>Aide \u00e0 soutenir une digestion saine, gr\u00e2ce aux fibres d&rsquo;origine naturelle.<\/li>\n<\/ul>\n","protected":false},"featured_media":24529,"template":"","meta":{"jetpack_publicize_message":"","jetpack_publicize_feature_enabled":true,"jetpack_social_post_already_shared":true,"jetpack_social_options":{"image_generator_settings":{"template":"highway","default_image_id":0,"font":"","enabled":false},"version":2}},"product_brand":[],"product_cat":[40],"product_tag":[],"class_list":{"0":"post-24526","1":"product","2":"type-product","3":"status-publish","4":"has-post-thumbnail","6":"product_cat-coquettes-pour-chat","8":"first","9":"instock","10":"taxable","11":"shipping-taxable","12":"purchasable","13":"product-type-simple"},"supplier_id":5598,"supplier_sku":"53204","barcode":"7613036053204","atum_controlled":true,"out_stock_date":null,"out_stock_threshold":null,"inheritable":false,"inbound_stock":0,"stock_on_hold":0,"sold_today":0,"sales_last_days":0,"reserved_stock":0,"customer_returns":0,"warehouse_damage":0,"lost_in_post":0,"other_logs":0,"out_stock_days":0,"lost_sales":0,"has_location":false,"update_date":"2026-04-22T10:00:54","atum_locations":[],"atum_stock_status":"instock","restock_status":false,"low_stock_amount":2,"sales_update_date":"2026-04-22T10:00:54","calc_backorders":null,"jetpack_publicize_connections":[],"jetpack_sharing_enabled":true,"batches":[{"id":"4403","date_created":"2025-07-14 23:55:04","date_expiry":"2026-07-31 00:00:00","user_id":"9","batch_number":"lot072026","location":"","quantity":"6.0000","quantity_available":"1.0000","units":"1","status":"active","order_ids":"[24878,28270,28934,30306]","supplier":"Proplan","po":{"id":"4368","date_created":"2025-07-14 23:55:05","batch_id":"4403","po_number":"","supplier":"Proplan","cost":null,"regular_price":null,"sale_price":null,"price_margin":null,"price_discount":null}}],"_links":{"self":[{"href":"https:\/\/petworld.ma\/index.php\/wp-json\/wp\/v2\/product\/24526","targetHints":{"allow":["GET"]}}],"collection":[{"href":"https:\/\/petworld.ma\/index.php\/wp-json\/wp\/v2\/product"}],"about":[{"href":"https:\/\/petworld.ma\/index.php\/wp-json\/wp\/v2\/types\/product"}],"wp:featuredmedia":[{"embeddable":true,"href":"https:\/\/petworld.ma\/index.php\/wp-json\/wp\/v2\/media\/24529"}],"wp:attachment":[{"href":"https:\/\/petworld.ma\/index.php\/wp-json\/wp\/v2\/media?parent=24526"}],"wp:term":[{"taxonomy":"product_brand","embeddable":true,"href":"https:\/\/petworld.ma\/index.php\/wp-json\/wp\/v2\/product_brand?post=24526"},{"taxonomy":"product_cat","embeddable":true,"href":"https:\/\/petworld.ma\/index.php\/wp-json\/wp\/v2\/product_cat?post=24526"},{"taxonomy":"product_tag","embeddable":true,"href":"https:\/\/petworld.ma\/index.php\/wp-json\/wp\/v2\/product_tag?post=24526"}],"curies":[{"name":"wp","href":"https:\/\/api.w.org\/{rel}","templated":true}]}}