{"id":24538,"date":"2025-07-15T00:24:22","date_gmt":"2025-07-15T00:24:22","guid":{"rendered":"https:\/\/petworld.ma\/?post_type=product&#038;p=24538"},"modified":"2026-03-12T17:00:52","modified_gmt":"2026-03-12T17:00:52","slug":"friskies-croquettes-chat-adulte-poulet-et-legumes-300g","status":"publish","type":"product","link":"https:\/\/petworld.ma\/index.php\/produit\/friskies-croquettes-chat-adulte-poulet-et-legumes-300g\/","title":{"rendered":"FRISKIES Croquettes Chat Adulte Poulet et L\u00e9gumes 300g"},"content":{"rendered":"<p>Vos chats sont de v\u00e9ritables aventuriers en qu\u00eate d&rsquo;exploration. Cela fait d&rsquo;eux des membres de la famille captivants qui apportent plein d&rsquo;\u00e9nergie dans votre foyer.<\/p>\n<p>C&rsquo;est pour cela que les experts PURINA\u00ae ont d\u00e9velopp\u00e9 la formule FRISKIES\u00aepour chats adultes : de d\u00e9licieuses croquettes de qualit\u00e9, soigneusement \u00e9labor\u00e9es pour nourrir l&rsquo;insatiable app\u00e9tit de d\u00e9couverte de votre chat.<\/p>\n<p>FRISKIES\u00ae Adulte donne \u00e0 votre chat toute la nutrition dont il a besoin, avec un bon go\u00fbt qu&rsquo;il adore, afin de l&rsquo;aider \u00e0 rester heureux et en bonne sant\u00e9.<\/p>\n<p><strong>Caract\u00e9ristiques<\/strong><\/p>\n<ul>\n<li>Sans colorants, ar\u00f4mes et conservateurs artificiels.<\/li>\n<li>Aide \u00e0 maintenir une digestion saine avec des fibres d&rsquo;origine naturelle.<\/li>\n<li>Aide \u00e0 maintenir des dents et des os sains gr\u00e2ce aux min\u00e9raux essentiels et \u00e0 la vitamine D.<\/li>\n<li>Aide \u00e0 maintenir une peau saine et un pelage brillant gr\u00e2ce aux acides gras essentiels.<\/li>\n<li>Aide \u00e0 soutenir un syst\u00e8me urinaire sain par un apport \u00e9quilibr\u00e9 en min\u00e9raux.<\/li>\n<\/ul>\n<p><strong>Nutrition et constituants analytiques<\/strong><\/p>\n<p>Prot\u00e9ine : 30 %<br \/>\nTeneur en mati\u00e8res grasses : 11 %<br \/>\nCendres brutes : 8 %<br \/>\nCellulose brute : 3 %<br \/>\nAcides gras essentiels : 1,8 %<\/p>\n<p><strong>Guide d&rsquo;alimentation<\/strong><\/p>\n<p>Mode d&#8217;emploi :<\/p>\n<p>Ce produit peut \u00eatre servi tout seul ou combin\u00e9 avec les sachets fra\u00eecheur FRISKIES\u00ae.<\/p>\n<p>Sec seulement :<\/p>\n<div class=\"table-wrapper\">\n<table class=\"table table-striped\">\n<tbody>\n<tr>\n<th colspan=\"4\" align=\"center\">Rations Journali\u00e8res Recommand\u00e9es<\/th>\n<\/tr>\n<tr>\n<th>Poids de l&rsquo;animal (kg)<\/th>\n<th>Quantit\u00e9 (g\/jour)<\/th>\n<\/tr>\n<tr>\n<td>Adulte 3 kg<\/td>\n<td>45 g<\/td>\n<\/tr>\n<tr>\n<td>Adulte 4 kg<\/td>\n<td>60 g<\/td>\n<\/tr>\n<tr>\n<td>Adulte 5 kg<\/td>\n<td>75 g<\/td>\n<\/tr>\n<\/tbody>\n<\/table>\n<\/div>\n<p><strong>Rations Journali\u00e8res Recommand\u00e9es<\/strong><\/p>\n<div class=\"table-wrapper\">\n<table>\n<tbody>\n<tr>\n<td>4 kg Adulte<\/td>\n<td align=\"center\">45g + 1 sachet fra\u00eecheur* (85g).<br \/>\n*Quel que soit le sachet fra\u00eecheur FRISKIES\u00ae adulte 85g.<\/td>\n<\/tr>\n<\/tbody>\n<\/table>\n<\/div>\n","protected":false},"excerpt":{"rendered":"<ul>\n<li>Sans colorants, ar\u00f4mes et conservateurs artificiels.<\/li>\n<li>Aide \u00e0 maintenir une digestion saine avec des fibres d&rsquo;origine naturelle.<\/li>\n<li>Aide \u00e0 maintenir des dents et des os sains gr\u00e2ce aux min\u00e9raux essentiels et \u00e0 la vitamine D.<\/li>\n<li>Aide \u00e0 maintenir une peau saine et un pelage brillant gr\u00e2ce aux acides gras essentiels.<\/li>\n<\/ul>\n","protected":false},"featured_media":24549,"template":"","meta":{"jetpack_publicize_message":"","jetpack_publicize_feature_enabled":true,"jetpack_social_post_already_shared":true,"jetpack_social_options":{"image_generator_settings":{"template":"highway","default_image_id":0,"font":"","enabled":false},"version":2}},"product_brand":[],"product_cat":[40],"product_tag":[],"class_list":{"0":"post-24538","1":"product","2":"type-product","3":"status-publish","4":"has-post-thumbnail","6":"product_cat-coquettes-pour-chat","8":"first","9":"instock","10":"taxable","11":"shipping-taxable","12":"purchasable","13":"product-type-simple"},"supplier_id":5598,"supplier_sku":"52726","barcode":"7613036052726","atum_controlled":true,"out_stock_date":null,"out_stock_threshold":null,"inheritable":false,"inbound_stock":0,"stock_on_hold":0,"sold_today":0,"sales_last_days":0,"reserved_stock":0,"customer_returns":0,"warehouse_damage":0,"lost_in_post":0,"other_logs":0,"out_stock_days":0,"lost_sales":0,"has_location":false,"update_date":"2026-04-04T10:31:43","atum_locations":[],"atum_stock_status":"instock","restock_status":false,"low_stock_amount":6,"sales_update_date":"2026-04-04T10:31:43","calc_backorders":null,"jetpack_publicize_connections":[],"jetpack_sharing_enabled":true,"batches":[{"id":"4407","date_created":"2025-07-15 00:28:16","date_expiry":"2026-03-31 00:00:00","user_id":"2461","batch_number":"lot0326","location":"","quantity":"10.0000","quantity_available":"0.0000","units":"1","status":"archived","order_ids":"[25108,25523,25743,25816,26033,26079,26128,26284]","supplier":"Proplan","po":{"id":"4372","date_created":"2025-07-15 00:28:17","batch_id":"4407","po_number":"","supplier":"Proplan","cost":null,"regular_price":null,"sale_price":null,"price_margin":null,"price_discount":null}},{"id":"5195","date_created":"2025-09-08 08:33:35","date_expiry":"2026-05-31 00:00:00","user_id":"2461","batch_number":"lot0526","location":"","quantity":"2.0000","quantity_available":"0.0000","units":"1","status":"archived","order_ids":"[28238,28270]","supplier":"Proplan","po":{"id":"5152","date_created":"2025-09-08 08:33:35","batch_id":"5195","po_number":"","supplier":"Proplan","cost":null,"regular_price":null,"sale_price":null,"price_margin":null,"price_discount":null}},{"id":"5702","date_created":"2025-10-09 16:01:24","date_expiry":"2026-10-30 00:00:00","user_id":"2461","batch_number":"lot1026","location":"","quantity":"10.0000","quantity_available":"3.0000","units":"1","status":"active","order_ids":"[29768,30166,33281,33541,33968,34974,36727]","supplier":"Proplan","po":{"id":"5656","date_created":"2025-10-09 16:01:25","batch_id":"5702","po_number":"","supplier":"Proplan","cost":null,"regular_price":null,"sale_price":null,"price_margin":null,"price_discount":null}}],"_links":{"self":[{"href":"https:\/\/petworld.ma\/index.php\/wp-json\/wp\/v2\/product\/24538","targetHints":{"allow":["GET"]}}],"collection":[{"href":"https:\/\/petworld.ma\/index.php\/wp-json\/wp\/v2\/product"}],"about":[{"href":"https:\/\/petworld.ma\/index.php\/wp-json\/wp\/v2\/types\/product"}],"wp:featuredmedia":[{"embeddable":true,"href":"https:\/\/petworld.ma\/index.php\/wp-json\/wp\/v2\/media\/24549"}],"wp:attachment":[{"href":"https:\/\/petworld.ma\/index.php\/wp-json\/wp\/v2\/media?parent=24538"}],"wp:term":[{"taxonomy":"product_brand","embeddable":true,"href":"https:\/\/petworld.ma\/index.php\/wp-json\/wp\/v2\/product_brand?post=24538"},{"taxonomy":"product_cat","embeddable":true,"href":"https:\/\/petworld.ma\/index.php\/wp-json\/wp\/v2\/product_cat?post=24538"},{"taxonomy":"product_tag","embeddable":true,"href":"https:\/\/petworld.ma\/index.php\/wp-json\/wp\/v2\/product_tag?post=24538"}],"curies":[{"name":"wp","href":"https:\/\/api.w.org\/{rel}","templated":true}]}}