{"id":24541,"date":"2025-07-15T00:43:42","date_gmt":"2025-07-15T00:43:42","guid":{"rendered":"https:\/\/petworld.ma\/?post_type=product&#038;p=24541"},"modified":"2026-03-12T17:00:55","modified_gmt":"2026-03-12T17:00:55","slug":"friskies-croquettes-chat-adulte-saumon-et-legumes-300g","status":"publish","type":"product","link":"https:\/\/petworld.ma\/index.php\/produit\/friskies-croquettes-chat-adulte-saumon-et-legumes-300g\/","title":{"rendered":"FRISKIES Croquettes Chat Adulte Saumon et L\u00e9gumes 300g"},"content":{"rendered":"<p>Vos chats sont de v\u00e9ritables aventuriers en qu\u00eate d&rsquo;exploration. Cela fait d&rsquo;eux des membres de la famille captivants qui apportent plein d&rsquo;\u00e9nergie dans votre foyer.<\/p>\n<p>C&rsquo;est pour cela que les experts PURINA\u00ae ont d\u00e9velopp\u00e9 la formule FRISKIES\u00aepour chats adultes : de d\u00e9licieuses croquettes de qualit\u00e9, soigneusement \u00e9labor\u00e9es pour nourrir l&rsquo;insatiable app\u00e9tit de d\u00e9couverte de votre chat.<\/p>\n<p>FRISKIES\u00ae Adulte donne \u00e0 votre chat toute la nutrition dont il a besoin, avec un bon go\u00fbt qu&rsquo;il adore, afin de l&rsquo;aider \u00e0 rester heureux et en bonne sant\u00e9.<\/p>\n<p><strong>Caract\u00e9ristiques<\/strong><\/p>\n<ul>\n<li>Sans colorants, ar\u00f4mes et conservateurs artificiels.<\/li>\n<li>Aide \u00e0 maintenir une digestion saine avec des fibres d&rsquo;origine naturelle.<\/li>\n<li>Aide \u00e0 maintenir des dents et des os sains gr\u00e2ce aux min\u00e9raux essentiels et \u00e0 la vitamine D.<\/li>\n<li>Aide \u00e0 maintenir une peau saine et un pelage brillant gr\u00e2ce aux acides gras essentiels.<\/li>\n<li>Aide \u00e0 soutenir un syst\u00e8me urinaire sain par un apport \u00e9quilibr\u00e9 en min\u00e9raux.<\/li>\n<\/ul>\n<p><strong>Nutrition et constituants analytiques<\/strong><\/p>\n<p>Prot\u00e9ine : 30 %<br \/>\nTeneur en mati\u00e8res grasses : 11 %<br \/>\nCendres brutes : 8 %<br \/>\nCellulose brute : 3 %<br \/>\nAcides gras essentiels : 1,8 %<\/p>\n","protected":false},"excerpt":{"rendered":"<ul>\n<li>Sans colorants, ar\u00f4mes et conservateurs artificiels.<\/li>\n<li>Aide \u00e0 maintenir une digestion saine avec des fibres d&rsquo;origine naturelle.<\/li>\n<li>Aide \u00e0 maintenir des dents et des os sains gr\u00e2ce aux min\u00e9raux essentiels et \u00e0 la vitamine D.<\/li>\n<li>Aide \u00e0 maintenir une peau saine et un pelage brillant gr\u00e2ce aux acides gras essentiels.<\/li>\n<\/ul>\n","protected":false},"featured_media":24546,"template":"","meta":{"jetpack_publicize_message":"","jetpack_publicize_feature_enabled":true,"jetpack_social_post_already_shared":true,"jetpack_social_options":{"image_generator_settings":{"template":"highway","default_image_id":0,"font":"","enabled":false},"version":2}},"product_brand":[],"product_cat":[40],"product_tag":[],"class_list":{"0":"post-24541","1":"product","2":"type-product","3":"status-publish","4":"has-post-thumbnail","6":"product_cat-coquettes-pour-chat","8":"first","9":"instock","10":"taxable","11":"shipping-taxable","12":"purchasable","13":"product-type-simple"},"supplier_id":5598,"supplier_sku":"52856","barcode":"7613036052856","atum_controlled":true,"out_stock_date":null,"out_stock_threshold":null,"inheritable":false,"inbound_stock":0,"stock_on_hold":0,"sold_today":0,"sales_last_days":0,"reserved_stock":0,"customer_returns":0,"warehouse_damage":0,"lost_in_post":0,"other_logs":0,"out_stock_days":0,"lost_sales":0,"has_location":false,"update_date":"2026-05-01T00:14:00","atum_locations":[],"atum_stock_status":"instock","restock_status":false,"low_stock_amount":6,"sales_update_date":"2026-05-01T00:14:00","calc_backorders":null,"jetpack_publicize_connections":[],"jetpack_sharing_enabled":true,"batches":[{"id":"4409","date_created":"2025-07-15 00:47:13","date_expiry":"2026-07-31 00:00:00","user_id":"2461","batch_number":"LOT072026","location":"","quantity":"10.0000","quantity_available":"0.0000","units":"1","status":"archived","order_ids":"[24949,24964,25065,25306,25399,25443,25506]","supplier":"Proplan","po":{"id":"4374","date_created":"2025-07-15 00:47:14","batch_id":"4409","po_number":"","supplier":"Proplan","cost":null,"regular_price":null,"sale_price":null,"price_margin":null,"price_discount":null}},{"id":"5196","date_created":"2025-09-08 08:38:19","date_expiry":"2026-09-30 00:00:00","user_id":"2461","batch_number":"LOT092026","location":"","quantity":"2.0000","quantity_available":"0.0000","units":"1","status":"archived","order_ids":"[28238,28270]","supplier":"Proplan","po":{"id":"5153","date_created":"2025-09-08 08:38:20","batch_id":"5196","po_number":"","supplier":"Proplan","cost":null,"regular_price":null,"sale_price":null,"price_margin":null,"price_discount":null}},{"id":"5703","date_created":"2025-10-09 16:02:17","date_expiry":"2026-11-30 00:00:00","user_id":"2461","batch_number":"LOT112026","location":"","quantity":"10.0000","quantity_available":"2.0000","units":"1","status":"active","order_ids":"[29768,30335,33851,34621,34974,35816]","supplier":"Proplan","po":{"id":"5657","date_created":"2025-10-09 16:02:19","batch_id":"5703","po_number":"","supplier":"Proplan","cost":null,"regular_price":null,"sale_price":null,"price_margin":null,"price_discount":null}}],"_links":{"self":[{"href":"https:\/\/petworld.ma\/index.php\/wp-json\/wp\/v2\/product\/24541","targetHints":{"allow":["GET"]}}],"collection":[{"href":"https:\/\/petworld.ma\/index.php\/wp-json\/wp\/v2\/product"}],"about":[{"href":"https:\/\/petworld.ma\/index.php\/wp-json\/wp\/v2\/types\/product"}],"wp:featuredmedia":[{"embeddable":true,"href":"https:\/\/petworld.ma\/index.php\/wp-json\/wp\/v2\/media\/24546"}],"wp:attachment":[{"href":"https:\/\/petworld.ma\/index.php\/wp-json\/wp\/v2\/media?parent=24541"}],"wp:term":[{"taxonomy":"product_brand","embeddable":true,"href":"https:\/\/petworld.ma\/index.php\/wp-json\/wp\/v2\/product_brand?post=24541"},{"taxonomy":"product_cat","embeddable":true,"href":"https:\/\/petworld.ma\/index.php\/wp-json\/wp\/v2\/product_cat?post=24541"},{"taxonomy":"product_tag","embeddable":true,"href":"https:\/\/petworld.ma\/index.php\/wp-json\/wp\/v2\/product_tag?post=24541"}],"curies":[{"name":"wp","href":"https:\/\/api.w.org\/{rel}","templated":true}]}}