{"id":24558,"date":"2025-07-15T09:51:51","date_gmt":"2025-07-15T09:51:51","guid":{"rendered":"https:\/\/petworld.ma\/?post_type=product&#038;p=24558"},"modified":"2026-03-12T17:01:14","modified_gmt":"2026-03-12T17:01:14","slug":"friskies-croquettes-chat-adulte-boeuf-et-poulet-avec-legumes-75-kg","status":"publish","type":"product","link":"https:\/\/petworld.ma\/index.php\/produit\/friskies-croquettes-chat-adulte-boeuf-et-poulet-avec-legumes-75-kg\/","title":{"rendered":"FRISKIES Croquettes Chat Adulte Boeuf et Poulet avec L\u00e9gumes 7,5 kg"},"content":{"rendered":"<p>Vos chats sont de v\u00e9ritables aventuriers en qu\u00eate d&rsquo;exploration. Cela fait d&rsquo;eux des membres de la famille captivants qui apportent plein d&rsquo;\u00e9nergie dans votre foyer.<\/p>\n<p>C&rsquo;est pour cela que les experts PURINA\u00ae ont d\u00e9velopp\u00e9 la formule FRISKIES\u00aepour chats adultes : de d\u00e9licieuses croquettes de qualit\u00e9, soigneusement \u00e9labor\u00e9es pour nourrir l&rsquo;insatiable app\u00e9tit de d\u00e9couverte de votre chat.<\/p>\n<p>FRISKIES\u00ae Adulte donne \u00e0 votre chat toute la nutrition dont il a besoin, avec un bon go\u00fbt qu&rsquo;il adore, afin de l&rsquo;aider \u00e0 rester heureux et en bonne sant\u00e9.<\/p>\n<p><strong>Caract\u00e9ristiques<\/strong><\/p>\n<ul>\n<li>Sans colorants, ar\u00f4mes et conservateurs artificiels.<\/li>\n<li>Aide \u00e0 maintenir une digestion saine avec des fibres d&rsquo;origine naturelle.<\/li>\n<li>Aide \u00e0 maintenir des dents et des os sains gr\u00e2ce aux min\u00e9raux essentiels et \u00e0 la vitamine D.<\/li>\n<li>Aide \u00e0 maintenir une peau saine et un pelage brillant gr\u00e2ce aux acides gras essentiels.<\/li>\n<li>Aide \u00e0 soutenir un syst\u00e8me urinaire sain par un apport \u00e9quilibr\u00e9 en min\u00e9raux.<\/li>\n<\/ul>\n<p><strong>Nutrition et constituants analytiques<\/strong><\/p>\n<p>Prot\u00e9ine : 30 %<br \/>\nTeneur en mati\u00e8res grasses : 11 %<br \/>\nCendres brutes : 8 %<br \/>\nCellulose brute : 3 %<br \/>\nAcides gras essentiels : 1,8 %<\/p>\n<p><strong>Guide d&rsquo;alimentation<\/strong><\/p>\n<p>Mode d&#8217;emploi :<\/p>\n<p>Ce produit peut \u00eatre servi tout seul ou combin\u00e9 avec les sachets fra\u00eecheur FRISKIES\u00ae.<\/p>\n<p>Sec seulement :<\/p>\n<div class=\"table-wrapper\">\n<table class=\"table table-striped\">\n<tbody>\n<tr>\n<th colspan=\"4\" align=\"center\">Rations Journali\u00e8res Recommand\u00e9es<\/th>\n<\/tr>\n<tr>\n<th>Poids de l&rsquo;animal (kg)<\/th>\n<th>Quantit\u00e9 (g\/jour)<\/th>\n<\/tr>\n<tr>\n<td>Adulte 3 kg<\/td>\n<td>45 g<\/td>\n<\/tr>\n<tr>\n<td>Adulte 4 kg<\/td>\n<td>60 g<\/td>\n<\/tr>\n<tr>\n<td>Adulte 5 kg<\/td>\n<td>75 g<\/td>\n<\/tr>\n<\/tbody>\n<\/table>\n<\/div>\n<p>Sec + Humide :<\/p>\n<p>Rations Journali\u00e8res Recommand\u00e9es<\/p>\n<div class=\"table-wrapper\">\n<table>\n<tbody>\n<tr>\n<td>4 kg Adulte<\/td>\n<td align=\"center\">45g + 1 sachet fra\u00eecheur* (85g).<br \/>\n*Quel que soit le sachet fra\u00eecheur FRISKIES\u00ae adulte 85g.<\/td>\n<\/tr>\n<\/tbody>\n<\/table>\n<\/div>\n<p>Les rations journali\u00e8res recommand\u00e9es pour l&rsquo;entretien sont calcul\u00e9es pour un chat adulte \u00e0 l&rsquo;activit\u00e9 mod\u00e9r\u00e9e dans des conditions d&rsquo;environnement et de temp\u00e9rature normales. Les besoins nutritionnels peuvent varier selon le chat, il faut donc ajuster ces rations de fa\u00e7on \u00e0 le maintenir \u00e0 son poids de forme. Veillez \u00e0 laisser un bol d\u2019eau propre et fra\u00eeche \u00e0 sa disposition. L\u2019eau favorise la dilution des urines et supporte la sant\u00e9 urinaire de votre chat.<br \/>\n*Conform\u00e9ment aux besoins d&rsquo;un chat adulte de 3kg.<\/p>\n","protected":false},"excerpt":{"rendered":"<div class=\"dsu-product--highlight\">\n<div class=\"field field--name-field-product-highlight field--type-string field--label-hidden field__items\">\n<ul>\n<li>Sans colorants, ar\u00f4mes et conservateurs artificiels.<\/li>\n<li>Aide \u00e0 maintenir une digestion saine avec des fibres d&rsquo;origine naturelle.<\/li>\n<li>Aide \u00e0 maintenir des dents et des os sains gr\u00e2ce aux min\u00e9raux essentiels et \u00e0 la vitamine D.<\/li>\n<li>Aide \u00e0 maintenir une peau saine et un pelage brillant gr\u00e2ce aux acides gras essentiels.<\/li>\n<\/ul>\n<\/div>\n<\/div>\n","protected":false},"featured_media":24560,"template":"","meta":{"jetpack_publicize_message":"","jetpack_publicize_feature_enabled":true,"jetpack_social_post_already_shared":true,"jetpack_social_options":{"image_generator_settings":{"template":"highway","default_image_id":0,"font":"","enabled":false},"version":2}},"product_brand":[],"product_cat":[40],"product_tag":[],"class_list":{"0":"post-24558","1":"product","2":"type-product","3":"status-publish","4":"has-post-thumbnail","6":"product_cat-coquettes-pour-chat","8":"first","9":"outofstock","10":"taxable","11":"shipping-taxable","12":"purchasable","13":"product-type-simple"},"supplier_id":5598,"supplier_sku":"54171","barcode":"07613036054171","atum_controlled":true,"out_stock_date":"2026-03-12 17:01:14","out_stock_threshold":null,"inheritable":false,"inbound_stock":0,"stock_on_hold":0,"sold_today":0,"sales_last_days":0,"reserved_stock":0,"customer_returns":0,"warehouse_damage":0,"lost_in_post":0,"other_logs":0,"out_stock_days":45,"lost_sales":0,"has_location":false,"update_date":"2026-04-27T00:14:10","atum_locations":[],"atum_stock_status":"outofstock","restock_status":false,"low_stock_amount":0,"sales_update_date":"2026-04-27T00:14:09","calc_backorders":null,"jetpack_publicize_connections":[],"jetpack_sharing_enabled":true,"batches":[{"id":"4417","date_created":"2025-07-15 09:53:36","date_expiry":"2026-02-28 00:00:00","user_id":"9","batch_number":"lot022026","location":"","quantity":"2.0000","quantity_available":"0.0000","units":"1","status":"archived","order_ids":"[28934,29161]","supplier":"Proplan","po":{"id":"4382","date_created":"2025-07-15 09:53:37","batch_id":"4417","po_number":"","supplier":"Proplan","cost":null,"regular_price":null,"sale_price":null,"price_margin":null,"price_discount":null}}],"_links":{"self":[{"href":"https:\/\/petworld.ma\/index.php\/wp-json\/wp\/v2\/product\/24558","targetHints":{"allow":["GET"]}}],"collection":[{"href":"https:\/\/petworld.ma\/index.php\/wp-json\/wp\/v2\/product"}],"about":[{"href":"https:\/\/petworld.ma\/index.php\/wp-json\/wp\/v2\/types\/product"}],"wp:featuredmedia":[{"embeddable":true,"href":"https:\/\/petworld.ma\/index.php\/wp-json\/wp\/v2\/media\/24560"}],"wp:attachment":[{"href":"https:\/\/petworld.ma\/index.php\/wp-json\/wp\/v2\/media?parent=24558"}],"wp:term":[{"taxonomy":"product_brand","embeddable":true,"href":"https:\/\/petworld.ma\/index.php\/wp-json\/wp\/v2\/product_brand?post=24558"},{"taxonomy":"product_cat","embeddable":true,"href":"https:\/\/petworld.ma\/index.php\/wp-json\/wp\/v2\/product_cat?post=24558"},{"taxonomy":"product_tag","embeddable":true,"href":"https:\/\/petworld.ma\/index.php\/wp-json\/wp\/v2\/product_tag?post=24558"}],"curies":[{"name":"wp","href":"https:\/\/api.w.org\/{rel}","templated":true}]}}