{"id":24566,"date":"2025-07-15T10:30:38","date_gmt":"2025-07-15T10:30:38","guid":{"rendered":"https:\/\/petworld.ma\/?post_type=product&#038;p=24566"},"modified":"2026-04-17T11:33:26","modified_gmt":"2026-04-17T11:33:26","slug":"camon-friandises-pour-chats-saumon-poulet-et-patate-douce-60g","status":"publish","type":"product","link":"https:\/\/petworld.ma\/index.php\/produit\/camon-friandises-pour-chats-saumon-poulet-et-patate-douce-60g\/","title":{"rendered":"Camon Friandises pour chats Saumon, Poulet et Patate Douce 60g"},"content":{"rendered":"<p>D\u00e9licieux poissons au saumon, au poulet et \u00e0 la patate douce, un aliment compl\u00e9mentaire parfait pour les chats adultes.<\/p>\n<p>&#8211; sans additifs<br \/>\n&#8211; Formule sans gluten<\/p>\n<p><strong>Quantit\u00e9 :<\/strong>\u00a060 g<br \/>\n<strong>Taille de la collation :<\/strong>\u00a03&#215;0,8 cm<\/p>\n","protected":false},"excerpt":{"rendered":"<p>D\u00e9licieux poissons au saumon, au poulet et \u00e0 la patate douce, un aliment compl\u00e9mentaire parfait pour les chats adultes. &#8211; sans additifs &#8211; Formule sans gluten Quantit\u00e9 :\u00a060 g Taille de la collation :\u00a03&#215;0,8 cm<\/p>\n","protected":false},"featured_media":24567,"template":"","meta":{"jetpack_publicize_message":"","jetpack_publicize_feature_enabled":true,"jetpack_social_post_already_shared":true,"jetpack_social_options":{"image_generator_settings":{"template":"highway","default_image_id":0,"font":"","enabled":false},"version":2}},"product_brand":[],"product_cat":[41],"product_tag":[],"class_list":{"0":"post-24566","1":"product","2":"type-product","3":"status-publish","4":"has-post-thumbnail","6":"product_cat-friandises-et-pate-pour-chat","8":"first","9":"instock","10":"taxable","11":"shipping-taxable","12":"purchasable","13":"product-type-simple"},"supplier_id":8770,"supplier_sku":"AF252","barcode":"8019808249001","atum_controlled":true,"out_stock_date":null,"out_stock_threshold":null,"inheritable":false,"inbound_stock":0,"stock_on_hold":0,"sold_today":0,"sales_last_days":0,"reserved_stock":0,"customer_returns":0,"warehouse_damage":0,"lost_in_post":0,"other_logs":0,"out_stock_days":0,"lost_sales":0,"has_location":false,"update_date":"2026-05-10T00:21:25","atum_locations":[],"atum_stock_status":"instock","restock_status":false,"low_stock_amount":2,"sales_update_date":"2026-05-10T00:21:25","calc_backorders":null,"jetpack_publicize_connections":[],"jetpack_sharing_enabled":true,"batches":[{"id":"4421","date_created":"2025-07-15 10:35:07","date_expiry":"2026-10-17 00:00:00","user_id":"1","batch_number":"lot171026","location":"","quantity":"10.0000","quantity_available":"0.0000","units":"1","status":"archived","order_ids":"[25247,25616,25716,26909,28585,32868,34821]","supplier":"GreenTown kennel","po":{"id":"4386","date_created":"2025-07-15 10:35:08","batch_id":"4421","po_number":"","supplier":"GreenTown kennel","cost":null,"regular_price":null,"sale_price":null,"price_margin":null,"price_discount":null}},{"id":"6616","date_created":"2025-12-11 09:22:42","date_expiry":"2026-10-17 00:00:00","user_id":"1","batch_number":"CamonChatSaumonPoulet171026","location":"","quantity":"10.0000","quantity_available":"6.0000","units":"1","status":"active","order_ids":"[36809,37720,38612,39168]","supplier":"GreenTown kennel","po":{"id":"6561","date_created":"2025-12-11 09:22:43","batch_id":"6616","po_number":"","supplier":"GreenTown kennel","cost":null,"regular_price":null,"sale_price":null,"price_margin":null,"price_discount":null}}],"_links":{"self":[{"href":"https:\/\/petworld.ma\/index.php\/wp-json\/wp\/v2\/product\/24566","targetHints":{"allow":["GET"]}}],"collection":[{"href":"https:\/\/petworld.ma\/index.php\/wp-json\/wp\/v2\/product"}],"about":[{"href":"https:\/\/petworld.ma\/index.php\/wp-json\/wp\/v2\/types\/product"}],"wp:featuredmedia":[{"embeddable":true,"href":"https:\/\/petworld.ma\/index.php\/wp-json\/wp\/v2\/media\/24567"}],"wp:attachment":[{"href":"https:\/\/petworld.ma\/index.php\/wp-json\/wp\/v2\/media?parent=24566"}],"wp:term":[{"taxonomy":"product_brand","embeddable":true,"href":"https:\/\/petworld.ma\/index.php\/wp-json\/wp\/v2\/product_brand?post=24566"},{"taxonomy":"product_cat","embeddable":true,"href":"https:\/\/petworld.ma\/index.php\/wp-json\/wp\/v2\/product_cat?post=24566"},{"taxonomy":"product_tag","embeddable":true,"href":"https:\/\/petworld.ma\/index.php\/wp-json\/wp\/v2\/product_tag?post=24566"}],"curies":[{"name":"wp","href":"https:\/\/api.w.org\/{rel}","templated":true}]}}