{"id":24584,"date":"2025-07-15T15:18:13","date_gmt":"2025-07-15T15:18:13","guid":{"rendered":"https:\/\/petworld.ma\/?post_type=product&#038;p=24584"},"modified":"2026-03-12T17:01:30","modified_gmt":"2026-03-12T17:01:30","slug":"camon-stick-de-cheval-80g","status":"publish","type":"product","link":"https:\/\/petworld.ma\/index.php\/produit\/camon-stick-de-cheval-80g\/","title":{"rendered":"Camon Stick de Cheval 80g"},"content":{"rendered":"<p>D\u00e9licieuses friandises \u00e0 base de lani\u00e8res de cheval, une r\u00e9compense id\u00e9ale pour les chiens adultes.<\/p>\n<p>&#8211; Prot\u00e9ine animale unique<br \/>\n&#8211; Formule sans gluten<br \/>\n&#8211; Sans additifs<br \/>\n&#8211; Riche en prot\u00e9ines de premi\u00e8re qualit\u00e9.<\/p>\n<p>Facile \u00e0 offrir au chien gr\u00e2ce \u00e0 son emballage refermable qui pr\u00e9serve sa fra\u00eecheur.<\/p>\n<p><strong>Quantit\u00e9 :<\/strong> 80 g<br \/>\n<strong>Taille :<\/strong> 11 cm<\/p>\n","protected":false},"excerpt":{"rendered":"<p>&#8211; Prot\u00e9ine animale unique<br \/>\n&#8211; Formule sans gluten<br \/>\n&#8211; Sans additifs<br \/>\n&#8211; Riche en prot\u00e9ines de premi\u00e8re qualit\u00e9.<\/p>\n","protected":false},"featured_media":24585,"template":"","meta":{"jetpack_publicize_message":"","jetpack_publicize_feature_enabled":true,"jetpack_social_post_already_shared":true,"jetpack_social_options":{"image_generator_settings":{"template":"highway","default_image_id":0,"font":"","enabled":false},"version":2}},"product_brand":[],"product_cat":[39,106],"product_tag":[],"class_list":{"0":"post-24584","1":"product","2":"type-product","3":"status-publish","4":"has-post-thumbnail","6":"product_cat-friandises-et-pates-pour-chien","7":"product_cat-jouet-et-dressage","9":"first","10":"outofstock","11":"taxable","12":"shipping-taxable","13":"purchasable","14":"product-type-simple"},"supplier_id":8770,"supplier_sku":"AE731","barcode":"8019808226118","atum_controlled":true,"out_stock_date":"2026-03-12 17:01:30","out_stock_threshold":null,"inheritable":false,"inbound_stock":0,"stock_on_hold":0,"sold_today":0,"sales_last_days":0,"reserved_stock":0,"customer_returns":0,"warehouse_damage":0,"lost_in_post":0,"other_logs":0,"out_stock_days":58,"lost_sales":0,"has_location":false,"update_date":"2026-05-10T00:22:13","atum_locations":[],"atum_stock_status":"outofstock","restock_status":false,"low_stock_amount":2,"sales_update_date":"2026-05-10T00:22:13","calc_backorders":null,"jetpack_publicize_connections":[],"jetpack_sharing_enabled":true,"batches":[{"id":"4429","date_created":"2025-07-15 15:21:43","date_expiry":"2027-07-04 00:00:00","user_id":"9","batch_number":"lot040727","location":"","quantity":"12.0000","quantity_available":"0.0000","units":"1","status":"archived","order_ids":"[25100,27131,27895,30045,30257,31375]","supplier":"GreenTown kennel","po":{"id":"4394","date_created":"2025-07-15 15:21:44","batch_id":"4429","po_number":"","supplier":"GreenTown kennel","cost":null,"regular_price":null,"sale_price":null,"price_margin":null,"price_discount":null}}],"_links":{"self":[{"href":"https:\/\/petworld.ma\/index.php\/wp-json\/wp\/v2\/product\/24584","targetHints":{"allow":["GET"]}}],"collection":[{"href":"https:\/\/petworld.ma\/index.php\/wp-json\/wp\/v2\/product"}],"about":[{"href":"https:\/\/petworld.ma\/index.php\/wp-json\/wp\/v2\/types\/product"}],"wp:featuredmedia":[{"embeddable":true,"href":"https:\/\/petworld.ma\/index.php\/wp-json\/wp\/v2\/media\/24585"}],"wp:attachment":[{"href":"https:\/\/petworld.ma\/index.php\/wp-json\/wp\/v2\/media?parent=24584"}],"wp:term":[{"taxonomy":"product_brand","embeddable":true,"href":"https:\/\/petworld.ma\/index.php\/wp-json\/wp\/v2\/product_brand?post=24584"},{"taxonomy":"product_cat","embeddable":true,"href":"https:\/\/petworld.ma\/index.php\/wp-json\/wp\/v2\/product_cat?post=24584"},{"taxonomy":"product_tag","embeddable":true,"href":"https:\/\/petworld.ma\/index.php\/wp-json\/wp\/v2\/product_tag?post=24584"}],"curies":[{"name":"wp","href":"https:\/\/api.w.org\/{rel}","templated":true}]}}