{"id":24590,"date":"2025-07-15T15:43:18","date_gmt":"2025-07-15T15:43:18","guid":{"rendered":"https:\/\/petworld.ma\/?post_type=product&#038;p=24590"},"modified":"2026-03-14T20:54:11","modified_gmt":"2026-03-14T20:54:11","slug":"camon-friandises-de-canard-grille-80g","status":"publish","type":"product","link":"https:\/\/petworld.ma\/index.php\/produit\/camon-friandises-de-canard-grille-80g\/","title":{"rendered":"Camon Friandises pour Chien de Canard Grill\u00e9 80g"},"content":{"rendered":"<p>D\u00e9licieuse collation en forme de pi\u00e8ces de canard grill\u00e9es, un aliment compl\u00e9mentaire savoureux pour chiens adultes.<br \/>\n&#8211; prot\u00e9ine animale unique<br \/>\n&#8211; sans gluten<br \/>\n&#8211; sans additifs<br \/>\n&#8211; riche en prot\u00e9ines de premi\u00e8re qualit\u00e9<\/p>\n<p><strong>Quantit\u00e9 :<\/strong>\u00a0\u00a080 g<br \/>\n<strong>Diam\u00e8tre :<\/strong>\u00a0\u00a03 cm<\/p>\n","protected":false},"excerpt":{"rendered":"<ul>\n<li>Aliment compl\u00e9mentaire pour chiens adultes, \u00e0 base de canard.<\/li>\n<li>Formule sans gluten.<\/li>\n<li>Sans additifs.<\/li>\n<li>Riche en prot\u00e9ines de premi\u00e8re qualit\u00e9.<\/li>\n<\/ul>\n","protected":false},"featured_media":24591,"template":"","meta":{"jetpack_publicize_message":"","jetpack_publicize_feature_enabled":true,"jetpack_social_post_already_shared":true,"jetpack_social_options":{"image_generator_settings":{"template":"highway","default_image_id":0,"font":"","enabled":false},"version":2}},"product_brand":[],"product_cat":[39,106],"product_tag":[],"class_list":{"0":"post-24590","1":"product","2":"type-product","3":"status-publish","4":"has-post-thumbnail","6":"product_cat-friandises-et-pates-pour-chien","7":"product_cat-jouet-et-dressage","9":"first","10":"instock","11":"taxable","12":"shipping-taxable","13":"purchasable","14":"product-type-simple"},"supplier_id":8770,"supplier_sku":"AE509","barcode":"8019808222301","atum_controlled":true,"out_stock_date":null,"out_stock_threshold":null,"inheritable":false,"inbound_stock":0,"stock_on_hold":0,"sold_today":0,"sales_last_days":0,"reserved_stock":0,"customer_returns":0,"warehouse_damage":0,"lost_in_post":0,"other_logs":0,"out_stock_days":0,"lost_sales":0,"has_location":false,"update_date":"2026-05-10T00:21:28","atum_locations":[],"atum_stock_status":"instock","restock_status":false,"low_stock_amount":2,"sales_update_date":"2026-05-10T00:21:28","calc_backorders":null,"jetpack_publicize_connections":[],"jetpack_sharing_enabled":true,"batches":[{"id":"4433","date_created":"2025-07-15 15:51:43","date_expiry":"2027-07-03 00:00:00","user_id":"9","batch_number":"lot030727","location":"","quantity":"12.0000","quantity_available":"0.0000","units":"1","status":"archived","order_ids":"[24821,25870,26454,26791,28221]","supplier":"GreenTown kennel","po":{"id":"4398","date_created":"2025-07-15 15:51:44","batch_id":"4433","po_number":"","supplier":"GreenTown kennel","cost":null,"regular_price":null,"sale_price":null,"price_margin":null,"price_discount":null}},{"id":"7323","date_created":"2026-01-24 12:21:23","date_expiry":"2027-07-03 00:00:00","user_id":"9","batch_number":"camoncanardgrille030727","location":"","quantity":"24.0000","quantity_available":"19.0000","units":"1","status":"active","order_ids":"[35707,36685,37731]","supplier":"GreenTown kennel","po":{"id":"7259","date_created":"2026-01-24 12:21:23","batch_id":"7323","po_number":"","supplier":"GreenTown kennel","cost":null,"regular_price":null,"sale_price":null,"price_margin":null,"price_discount":null}}],"_links":{"self":[{"href":"https:\/\/petworld.ma\/index.php\/wp-json\/wp\/v2\/product\/24590","targetHints":{"allow":["GET"]}}],"collection":[{"href":"https:\/\/petworld.ma\/index.php\/wp-json\/wp\/v2\/product"}],"about":[{"href":"https:\/\/petworld.ma\/index.php\/wp-json\/wp\/v2\/types\/product"}],"wp:featuredmedia":[{"embeddable":true,"href":"https:\/\/petworld.ma\/index.php\/wp-json\/wp\/v2\/media\/24591"}],"wp:attachment":[{"href":"https:\/\/petworld.ma\/index.php\/wp-json\/wp\/v2\/media?parent=24590"}],"wp:term":[{"taxonomy":"product_brand","embeddable":true,"href":"https:\/\/petworld.ma\/index.php\/wp-json\/wp\/v2\/product_brand?post=24590"},{"taxonomy":"product_cat","embeddable":true,"href":"https:\/\/petworld.ma\/index.php\/wp-json\/wp\/v2\/product_cat?post=24590"},{"taxonomy":"product_tag","embeddable":true,"href":"https:\/\/petworld.ma\/index.php\/wp-json\/wp\/v2\/product_tag?post=24590"}],"curies":[{"name":"wp","href":"https:\/\/api.w.org\/{rel}","templated":true}]}}