{"id":24600,"date":"2025-07-15T16:13:25","date_gmt":"2025-07-15T16:13:25","guid":{"rendered":"https:\/\/petworld.ma\/?post_type=product&#038;p=24600"},"modified":"2026-03-12T17:01:47","modified_gmt":"2026-03-12T17:01:47","slug":"camon-snack-barre-pour-chien-canard-100g","status":"publish","type":"product","link":"https:\/\/petworld.ma\/index.php\/produit\/camon-snack-barre-pour-chien-canard-100g\/","title":{"rendered":"Camon Snack barre pour Chien Canard 100g"},"content":{"rendered":"<p><span>D\u00e9licieuse collation portionnable en forme de barre pour chiens, au canard.<\/span><\/p>\n<p><span>&#8211; prot\u00e9ine animale unique<\/span><br \/>\n<span>&#8211; riche en prot\u00e9ines de premi\u00e8re qualit\u00e9<\/span><br \/>\n<span>&#8211; sans additifs<\/span><br \/>\n<span>&#8211; formule sans gluten<\/span><\/p>\n<p><span data-language-for-alternatives=\"en\" data-language-to-translate-into=\"it\" data-phrase-index=\"8\"><strong>Quantit\u00e9 :<\/strong><\/span><span>\u00a0100 g<\/span><br \/>\n<span data-language-for-alternatives=\"en\" data-language-to-translate-into=\"it\" data-phrase-index=\"10\"><strong>Longueur :<\/strong>\u00a012 cm<\/span><\/p>\n","protected":false},"excerpt":{"rendered":"<ul>\n<li>Aliment compl\u00e9mentaire pour chiens adultes, \u00e0 base de canard.<\/li>\n<li>Formule sans gluten.<\/li>\n<li>Sans additifs.<\/li>\n<li>Riche en prot\u00e9ines de premi\u00e8re qualit\u00e9.<\/li>\n<\/ul>\n","protected":false},"featured_media":24601,"template":"","meta":{"jetpack_publicize_message":"","jetpack_publicize_feature_enabled":true,"jetpack_social_post_already_shared":true,"jetpack_social_options":{"image_generator_settings":{"template":"highway","default_image_id":0,"font":"","enabled":false},"version":2}},"product_brand":[],"product_cat":[39,106],"product_tag":[],"class_list":{"0":"post-24600","1":"product","2":"type-product","3":"status-publish","4":"has-post-thumbnail","6":"product_cat-friandises-et-pates-pour-chien","7":"product_cat-jouet-et-dressage","9":"first","10":"outofstock","11":"taxable","12":"shipping-taxable","13":"purchasable","14":"product-type-simple"},"supplier_id":8770,"supplier_sku":"AE442\/C","barcode":"8019808209494","atum_controlled":true,"out_stock_date":"2026-03-12 17:01:47","out_stock_threshold":null,"inheritable":false,"inbound_stock":0,"stock_on_hold":0,"sold_today":0,"sales_last_days":0,"reserved_stock":0,"customer_returns":0,"warehouse_damage":0,"lost_in_post":0,"other_logs":0,"out_stock_days":62,"lost_sales":0,"has_location":false,"update_date":"2026-05-14T00:03:09","atum_locations":[],"atum_stock_status":"outofstock","restock_status":false,"low_stock_amount":2,"sales_update_date":"2026-05-14T00:03:09","calc_backorders":null,"jetpack_publicize_connections":[],"jetpack_sharing_enabled":true,"batches":[{"id":"4439","date_created":"2025-07-15 16:23:08","date_expiry":"2027-04-30 00:00:00","user_id":"9","batch_number":"lot300427","location":"","quantity":"12.0000","quantity_available":"0.0000","units":"1","status":"archived","order_ids":"[25345,26154,26586,26791,27185,28136,28221]","supplier":"GreenTown kennel","po":{"id":"4404","date_created":"2025-07-15 16:23:10","batch_id":"4439","po_number":"","supplier":"GreenTown kennel","cost":null,"regular_price":null,"sale_price":null,"price_margin":null,"price_discount":null}}],"_links":{"self":[{"href":"https:\/\/petworld.ma\/index.php\/wp-json\/wp\/v2\/product\/24600","targetHints":{"allow":["GET"]}}],"collection":[{"href":"https:\/\/petworld.ma\/index.php\/wp-json\/wp\/v2\/product"}],"about":[{"href":"https:\/\/petworld.ma\/index.php\/wp-json\/wp\/v2\/types\/product"}],"wp:featuredmedia":[{"embeddable":true,"href":"https:\/\/petworld.ma\/index.php\/wp-json\/wp\/v2\/media\/24601"}],"wp:attachment":[{"href":"https:\/\/petworld.ma\/index.php\/wp-json\/wp\/v2\/media?parent=24600"}],"wp:term":[{"taxonomy":"product_brand","embeddable":true,"href":"https:\/\/petworld.ma\/index.php\/wp-json\/wp\/v2\/product_brand?post=24600"},{"taxonomy":"product_cat","embeddable":true,"href":"https:\/\/petworld.ma\/index.php\/wp-json\/wp\/v2\/product_cat?post=24600"},{"taxonomy":"product_tag","embeddable":true,"href":"https:\/\/petworld.ma\/index.php\/wp-json\/wp\/v2\/product_tag?post=24600"}],"curies":[{"name":"wp","href":"https:\/\/api.w.org\/{rel}","templated":true}]}}