{"id":24639,"date":"2025-07-16T13:57:52","date_gmt":"2025-07-16T13:57:52","guid":{"rendered":"https:\/\/petworld.ma\/?post_type=product&#038;p=24639"},"modified":"2026-03-12T17:02:01","modified_gmt":"2026-03-12T17:02:01","slug":"camon-cuisses-de-poulet-panes-80g","status":"publish","type":"product","link":"https:\/\/petworld.ma\/index.php\/produit\/camon-cuisses-de-poulet-panes-80g\/","title":{"rendered":"Camon Cuisses de poulet pan\u00e9s 80g"},"content":{"rendered":"<p>D\u00e9licieuses cuisses de poulet pan\u00e9es, une r\u00e9compense id\u00e9ale pour votre chien.<br \/>\nSans additifs.<\/p>\n<p><strong>Quantit\u00e9\u00a0:<\/strong>\u00a080\u00a0g.<br \/>\n<strong>Taille\u00a0:<\/strong>\u00a08,5\u00a0cm.<\/p>\n","protected":false},"excerpt":{"rendered":"<ul>\n<li>Aliment compl\u00e9mentaire pour chiens adultes, \u00e0 base de poulet.<\/li>\n<li>Formule sans gluten.<\/li>\n<li>Sans additifs.<\/li>\n<li>Riche en prot\u00e9ines de premi\u00e8re qualit\u00e9.<\/li>\n<\/ul>\n","protected":false},"featured_media":24640,"template":"","meta":{"jetpack_publicize_message":"","jetpack_publicize_feature_enabled":true,"jetpack_social_post_already_shared":true,"jetpack_social_options":{"image_generator_settings":{"template":"highway","default_image_id":0,"font":"","enabled":false},"version":2}},"product_brand":[],"product_cat":[39,106],"product_tag":[],"class_list":{"0":"post-24639","1":"product","2":"type-product","3":"status-publish","4":"has-post-thumbnail","6":"product_cat-friandises-et-pates-pour-chien","7":"product_cat-jouet-et-dressage","9":"first","10":"outofstock","11":"taxable","12":"shipping-taxable","13":"purchasable","14":"product-type-simple"},"supplier_id":8770,"supplier_sku":"AE013","barcode":"8019808224480","atum_controlled":true,"out_stock_date":"2026-03-12 17:02:01","out_stock_threshold":null,"inheritable":false,"inbound_stock":0,"stock_on_hold":0,"sold_today":0,"sales_last_days":0,"reserved_stock":0,"customer_returns":0,"warehouse_damage":0,"lost_in_post":0,"other_logs":0,"out_stock_days":62,"lost_sales":708,"has_location":false,"update_date":"2026-05-14T00:01:02","atum_locations":[],"atum_stock_status":"outofstock","restock_status":false,"low_stock_amount":2,"sales_update_date":"2026-05-14T00:01:02","calc_backorders":null,"jetpack_publicize_connections":[],"jetpack_sharing_enabled":true,"batches":[{"id":"4450","date_created":"2025-07-16 14:03:37","date_expiry":"2027-05-31 00:00:00","user_id":"9","batch_number":"lot0527","location":"","quantity":"14.0000","quantity_available":"0.0000","units":"1","status":"archived","order_ids":"[29221,30141,31020,33265,34008,35392,37109]","supplier":"GreenTown kennel","po":{"id":"4415","date_created":"2025-07-16 14:03:38","batch_id":"4450","po_number":"","supplier":"GreenTown kennel","cost":null,"regular_price":null,"sale_price":null,"price_margin":null,"price_discount":null}}],"_links":{"self":[{"href":"https:\/\/petworld.ma\/index.php\/wp-json\/wp\/v2\/product\/24639","targetHints":{"allow":["GET"]}}],"collection":[{"href":"https:\/\/petworld.ma\/index.php\/wp-json\/wp\/v2\/product"}],"about":[{"href":"https:\/\/petworld.ma\/index.php\/wp-json\/wp\/v2\/types\/product"}],"wp:featuredmedia":[{"embeddable":true,"href":"https:\/\/petworld.ma\/index.php\/wp-json\/wp\/v2\/media\/24640"}],"wp:attachment":[{"href":"https:\/\/petworld.ma\/index.php\/wp-json\/wp\/v2\/media?parent=24639"}],"wp:term":[{"taxonomy":"product_brand","embeddable":true,"href":"https:\/\/petworld.ma\/index.php\/wp-json\/wp\/v2\/product_brand?post=24639"},{"taxonomy":"product_cat","embeddable":true,"href":"https:\/\/petworld.ma\/index.php\/wp-json\/wp\/v2\/product_cat?post=24639"},{"taxonomy":"product_tag","embeddable":true,"href":"https:\/\/petworld.ma\/index.php\/wp-json\/wp\/v2\/product_tag?post=24639"}],"curies":[{"name":"wp","href":"https:\/\/api.w.org\/{rel}","templated":true}]}}