{"id":24642,"date":"2025-07-16T14:11:37","date_gmt":"2025-07-16T14:11:37","guid":{"rendered":"https:\/\/petworld.ma\/?post_type=product&#038;p=24642"},"modified":"2026-03-12T17:02:36","modified_gmt":"2026-03-12T17:02:36","slug":"camon-cuisses-de-poulet-100g","status":"publish","type":"product","link":"https:\/\/petworld.ma\/index.php\/produit\/camon-cuisses-de-poulet-100g\/","title":{"rendered":"Camon Cuisses de poulet 100g"},"content":{"rendered":"<p><span>D\u00e9licieuses cuisses de poulet, un aliment compl\u00e9mentaire \u00e0 m\u00e2cher utile pour chiens.<\/span><br \/>\n<span>Formule sans gluten.<\/span><br \/>\n<span>Sans additifs.<\/span><\/p>\n<p><strong>Quantit\u00e9\u00a0:<\/strong> 100 g.<br \/>\n<strong>Taille\u00a0:<\/strong>\u00a08,5\u00a0cm.<\/p>\n","protected":false},"excerpt":{"rendered":"<ul>\n<li>Aliment compl\u00e9mentaire pour chiens adultes, \u00e0 base de poulet.<\/li>\n<li>Formule sans gluten.<\/li>\n<li>Sans additifs.<\/li>\n<li>Riche en prot\u00e9ines de premi\u00e8re qualit\u00e9.<\/li>\n<\/ul>\n","protected":false},"featured_media":24643,"template":"","meta":{"jetpack_publicize_message":"","jetpack_publicize_feature_enabled":true,"jetpack_social_post_already_shared":true,"jetpack_social_options":{"image_generator_settings":{"template":"highway","default_image_id":0,"font":"","enabled":false},"version":2}},"product_brand":[],"product_cat":[39,106],"product_tag":[],"class_list":{"0":"post-24642","1":"product","2":"type-product","3":"status-publish","4":"has-post-thumbnail","6":"product_cat-friandises-et-pates-pour-chien","7":"product_cat-jouet-et-dressage","9":"first","10":"outofstock","11":"taxable","12":"shipping-taxable","13":"purchasable","14":"product-type-simple"},"supplier_id":8770,"supplier_sku":"AE012","barcode":"8019808141299","atum_controlled":true,"out_stock_date":"2026-03-12 17:02:35","out_stock_threshold":null,"inheritable":false,"inbound_stock":0,"stock_on_hold":0,"sold_today":0,"sales_last_days":0,"reserved_stock":0,"customer_returns":0,"warehouse_damage":0,"lost_in_post":0,"other_logs":0,"out_stock_days":62,"lost_sales":0,"has_location":false,"update_date":"2026-05-14T00:01:03","atum_locations":[],"atum_stock_status":"outofstock","restock_status":false,"low_stock_amount":2,"sales_update_date":"2026-05-14T00:01:03","calc_backorders":null,"jetpack_publicize_connections":[],"jetpack_sharing_enabled":true,"batches":[{"id":"4452","date_created":"2025-07-16 14:13:30","date_expiry":"2027-06-30 00:00:00","user_id":"9","batch_number":"lot0627","location":"","quantity":"14.0000","quantity_available":"0.0000","units":"1","status":"archived","order_ids":"[28382,29221,29520,30045,30257,30816]","supplier":"GreenTown kennel","po":{"id":"4417","date_created":"2025-07-16 14:13:31","batch_id":"4452","po_number":"","supplier":"GreenTown kennel","cost":null,"regular_price":null,"sale_price":null,"price_margin":null,"price_discount":null}}],"_links":{"self":[{"href":"https:\/\/petworld.ma\/index.php\/wp-json\/wp\/v2\/product\/24642","targetHints":{"allow":["GET"]}}],"collection":[{"href":"https:\/\/petworld.ma\/index.php\/wp-json\/wp\/v2\/product"}],"about":[{"href":"https:\/\/petworld.ma\/index.php\/wp-json\/wp\/v2\/types\/product"}],"wp:featuredmedia":[{"embeddable":true,"href":"https:\/\/petworld.ma\/index.php\/wp-json\/wp\/v2\/media\/24643"}],"wp:attachment":[{"href":"https:\/\/petworld.ma\/index.php\/wp-json\/wp\/v2\/media?parent=24642"}],"wp:term":[{"taxonomy":"product_brand","embeddable":true,"href":"https:\/\/petworld.ma\/index.php\/wp-json\/wp\/v2\/product_brand?post=24642"},{"taxonomy":"product_cat","embeddable":true,"href":"https:\/\/petworld.ma\/index.php\/wp-json\/wp\/v2\/product_cat?post=24642"},{"taxonomy":"product_tag","embeddable":true,"href":"https:\/\/petworld.ma\/index.php\/wp-json\/wp\/v2\/product_tag?post=24642"}],"curies":[{"name":"wp","href":"https:\/\/api.w.org\/{rel}","templated":true}]}}